{"id":950,"date":"2021-06-28T11:58:50","date_gmt":"2021-06-28T09:58:50","guid":{"rendered":"https:\/\/www.homewatch.es\/conditions-holiday-rental"},"modified":"2024-03-06T13:01:08","modified_gmt":"2024-03-06T12:01:08","slug":"conditions-holiday-rental","status":"publish","type":"page","link":"https:\/\/www.homewatch.es\/es\/conditions-holiday-rental","title":{"rendered":"Condiciones para Alquileres"},"content":{"rendered":"<h2>SERVICIOS<\/h2>\n<p><strong>El ARRENDATARIO\u00a0<\/strong>declara haber le\u00eddo las descripciones del apartamento y estar de acuerdo con el estado descrito y los servicios ofrecidos del alojamiento vacacional que ha alquilado.<\/p>\n<p><strong>El ARRENDATARIO<\/strong>\u00a0no tendr\u00e1 derecho de reclamar ning\u00fan servicio que no est\u00e9 especificado en el anuncio donde ha realizado el alquiler.<\/p>\n<h2>OCUPACI\u00d3N<\/h2>\n<p>Las \u00fanicas personas autorizadas a residir en la propiedad, durante el per\u00edodo de alquiler, son las personas registradas a trav\u00e9s de la app de bienvenida. La ocupaci\u00f3n m\u00e1xima ser\u00e1 la declarada en el anuncio por donde el arrendatario ha alquilado el alojamiento.<\/p>\n<p>No se permitir\u00e1 que los Inquilinos tengan m\u00e1s que el n\u00famero de personas indicado para residir o dormir en las instalaciones. Ser\u00e1 imprescindible presentar la documentaci\u00f3n de todos los hu\u00e9spedes para la entrega de las llaves.<\/p>\n<h2>ENTRADA Y SALIDA<\/h2>\n<p>El contrato de arrendamiento comenzar\u00e1 a las 16h\u00a0de la fecha indicada\u00a0como fecha de check-in y expira a las 11h\u00a0en la fecha indicada\u00a0como check-out.<\/p>\n<ul>\n<li>El horario de entrada en el alojamiento ser\u00e1 desde las\u00a016:00 h hasta las 2:00 h.<\/li>\n<li>Las entradas de 16:00h - 21:00h se hacen sin coste adicional<\/li>\n<li>Las entradas de 21:00h - 00:00h tendr\u00e1n un coste adicional de 50\u20ac.<\/li>\n<li>La entrada de 00:00h 02:00h tendr\u00e1 un coste adicional de 100\u20ac.<\/li>\n<li><strong><u>La hora de entrada m\u00e1xima es a las 02:00 h.<\/u><\/strong><\/li>\n<li>La hora m\u00e1xima de salida del alojamiento ser\u00e1 a las 11:00h. Cada hora de retraso no confirmada por escrito por <strong>HOMEWATCH<\/strong> ser\u00e1 cobrada de la fianza a\u00a050\u20ac\/hora.<\/li>\n<\/ul>\n<p><strong>El ARRENDATARIO<\/strong>\u00a0se compromete a comunicarnos su hora de llegada aproximada con un m\u00ednimo de 24 horas de antelaci\u00f3n.<\/p>\n<p>El d\u00eda de llegada el\u00a0<strong>ARRENDATARIO<\/strong>\u00a0confirmar\u00e1 a\u00a0<strong>HOMEWATCH<\/strong>\u00a0una hora antes de su llegada la hora exacta.<\/p>\n<p>Homewatch recibir\u00e1 al\u00a0<strong>ARRENDATARIO<\/strong>\u00a0en el alojamiento tur\u00edstico y le dar\u00e1 todas las instrucciones necesarias.<\/p>\n<p>Imprescindible para la entrega de llaves:<br \/>\n- Presentar\u00a0un documento oficial de Identificaci\u00f3n por cada persona y, si\u00a0la reserva ha sido pagada a trav\u00e9s de tarjeta de cr\u00e9dito, es necesario\u00a0que la persona que haya pagado con la tarjeta est\u00e9 presente en el momento de la entrada y tenga la tarjeta de cr\u00e9dito f\u00edsica junto a su documento de identidad.<\/p>\n<p>- En caso de no poder comprobar la tarjeta, se devolver\u00e1 el importe pagado a la tarjeta no presente y el\u00a0<strong>ARRENDATARIO<\/strong>\u00a0tendr\u00e1 que efectuar el pago \u00edntegro del alquiler en efectivo o con otra tarjeta de cr\u00e9dito. Homewatch cobrar\u00e1 30 \u20ac en concepto de gastos de tarjeta de cr\u00e9dito y el\u00a0<strong>ARRENDATARIO<\/strong>\u00a0no tendr\u00e1 derecho de indemnizaci\u00f3n o descuentos por gastos adicionales por parte de su banco por la devoluci\u00f3n y el nuevo pago.<\/p>\n<h2>RENTA<\/h2>\n<p>El precio total acordado para el contrato de alquiler es el importe indicado en la reserva y\u00a0deber\u00e1 ser pagado por adelantado.<\/p>\n<p><strong>El ARRENDATARIO<\/strong>\u00a0en el momento de reservar pagar\u00e1 50% para el bloqueo\u00a0de la propiedad (incluyendo fianza y limpieza) y el importe pendiente (el otro 50%) se pagar\u00e1 4 semanas antes de la llegada.<\/p>\n<p><strong>HOMEWATCH<\/strong>\u00a0se pondr\u00e1 en contacto\u00a0con el\u00a0<strong>ARRENDATARIO<\/strong> para avisarle del impago de su reserva. Si el\u00a0<strong>ARRENDATARIO<\/strong>\u00a0no realiza el pago en\u00a0<strong>m\u00e1ximo 48<\/strong>\u00a0desde el primer aviso, la reserva ser\u00e1 cancelada autom\u00e1ticamente sin reembolso del primer pago.<\/p>\n<h2>DEP\u00d3SITO DE SEGURIDAD<\/h2>\n<p>El dep\u00f3sito de seguridad se mantendr\u00e1 contra cualquier da\u00f1o causado a la propiedad, el mobiliario y los accesorios existentes en \u00e9l mismo, as\u00ed como para cualquier factura no pagada que deba recaer\u00a0sobre los\u00a0<strong>ARRENDATARIOS<\/strong>.<\/p>\n<p>Si Homewatch no tiene que retener nada del dep\u00f3sito, la devoluci\u00f3n ser\u00e1 efectuada hasta 7 d\u00edas despu\u00e9s de la salida. (Homewatch no es responsable del tiempo que el banco tarda en efectuar la devoluci\u00f3n).<\/p>\n<p>Si el apartamento presenta da\u00f1os despu\u00e9s de la estancia,\u00a0 Homewatch tendr\u00e1 una semana para evaluar los da\u00f1os y comunicarle al\u00a0<strong>ARRENDATARIO<\/strong>\u00a0los costes de reparaci\u00f3n o sustituci\u00f3n que le ser\u00e1n cobrados.<\/p>\n<p>M\u00e9todo de devoluci\u00f3n de la fianza:<\/p>\n<p>- Si el <strong>ARRENDATARIO<\/strong> realiz\u00f3 el pago de la fianza mediante tarjeta, esta ser\u00e1 devuelta a la misma en un plazo\u00a0de 7 d\u00edas.<\/p>\n<p>-\u00a0Si el\u00a0<strong>ARRENDATARIO<\/strong> realiz\u00f3\u00a0el pago de la fianza a trav\u00e9s de transferencia bancaria, ser\u00e1 su responsabilidad comunicar sus datos bancarios, para que\u00a0HOMEWATCH\u00a0realice la devoluci\u00f3n.<\/p>\n<p>Se efectuar\u00e1 la devoluci\u00f3n de la fianza en los 7 d\u00edas despu\u00e9s\u00a0de la recepci\u00f3n de dicha informaci\u00f3n.<\/p>\n<p>Cualquier da\u00f1o causado al edificio como resultado de omisiones, negligencia ser\u00e1 reparado por el propietario a expensas del ARRENDATARIO\u00a0que se sostiene como responsable de la persona que lo causa.<\/p>\n<h2>OBRAS<\/h2>\n<p>Sin el permiso previo por escrito del propietario o agente, no se permitir\u00e1 al\u00a0ARRENDATARIO, bajo ninguna circunstancia, realizar ning\u00fan tipo de obras en la propiedad. Los trabajos autorizados realizados por el turista permanecer\u00e1n en beneficio de la propiedad a la expiraci\u00f3n de este acuerdo, y el turista no tendr\u00e1 derecho a ning\u00fan tipo de reclamaci\u00f3n o indemnizaci\u00f3n. En caso de obras no autorizadas, el turista tiene la obligaci\u00f3n de devolver todo en su estado original y cualquier coste por ello estar\u00e1 a cargo del turista.<\/p>\n<h2>USO DEL ALOJAMIENTO<\/h2>\n<p><strong>El ARRENDATARIO\u00a0<\/strong>no permitir\u00e1 que el alojamiento sea utilizado para ninguna subasta o cualquier prop\u00f3sito inmoral y no sufrir\u00e1 ni permitir\u00e1 que se haga ning\u00fan acto o cosa que pueda ser un da\u00f1o o molestia para el propietario o cualquier ocupante de cualquier adyacente o Propiedad cercana. Tampoco instalar\u00e1 instalaciones comerciales, ni realizar\u00e1 ninguna actividad comercial o profesional. Queda totalmente prohibido realizar fiestas y fumar dentro de el alojamiento. El\u00a0incumplimiento de esta cl\u00e1usula conlleva con la terminaci\u00f3n del contrato por inmediato sin ning\u00fan derecho de reclamaci\u00f3n o indemnizaci\u00f3n del alquiler y p\u00e9rdida todas de la fianza.<\/p>\n<h2>ESTADO DE LA PROPIEDAD<\/h2>\n<p>El alojamiento se alquila libre de cargos y de ocupantes.<strong>\u00a0El ARRENDATARIO<\/strong>\u00a0conoce y acepta la superficie, las circunstancias, el uso, las caracter\u00edsticas y los servicios comunes y privados del alojamiento tur\u00edstico y declara recibir los bienes objeto de este contrato en perfectas condiciones para el uso detallado anteriormente.<\/p>\n<p><strong>EL ARRENDATARIO<\/strong>\u00a0se compromete a devolver el alojamiento en las mismas condiciones al vencimiento del contrato. Cualquier rotura o defecto evidente debe ser notificado a Homewatch al principio del contrato de alquiler a trav\u00e9s del \u00e1rea de cliente con\u00a0fotograf\u00edas demostrativas.<\/p>\n<h2>SUBARRENDAR<\/h2>\n<p>En ning\u00fan caso se permitir\u00e1 al\u00a0<strong>ARRENDATARIO<\/strong>\u00a0subarrendar o ceder la totalidad o parte del inmueble objeto del mismo, ni traer a la propiedad ninguna persona adicional sin el previo consentimiento expreso y por escrito de\u00a0<strong>HOMEWATCH<\/strong>.<\/p>\n<h2>ACCESO<\/h2>\n<p><strong>El ARRENDATARIO\u00a0<\/strong>se compromete a permitir que\u00a0<strong>HOMEWATCH<\/strong> acceda a la propiedad o de acceso a terceros para reparar da\u00f1os o cuando sea necesario por fuerza mayor.\u00a0<strong>HOMEWATCH<\/strong>\u00a0se compromete a avisar por escrito previamente a trav\u00e9s del \u00e1rea de clientes.<\/p>\n<h2>MASCOTAS<\/h2>\n<p>El turista se compromete a no introducir\u00a0animales\u00a0en la\u00a0propiedad\u00a0sin autorizaci\u00f3n espec\u00edfica por escrito. En caso de venir con sus mascotas es obligatorio\u00a0comunicar\u00a0la raza y el peso de las mismas.<\/p>\n<p>A las mascotas\u00a0autorizadas les queda totalmente prohibido subirse a los muebles y\/o ba\u00f1arse en la piscina. <strong>El\u00a0ARRENDATARIO\u00a0<\/strong>se compromete a recoger diariamente las heces del jard\u00edn (si la propiedad dispone) y dejarlo limpio\u00a0antes de la salida. Los gastos adicionales de limpieza por incumplimiento de esta cl\u00e1usula ser\u00e1n cobrados de la fianza y puede conllevar la p\u00e9rdida \u00edntegra de la fianza.<\/p>\n<h2>SEGURIDAD<\/h2>\n<p><strong>El ARRENDATARIO<\/strong> se compromete a no dejar la propiedad desocupada por ning\u00fan per\u00edodo sin que se bloqueen y aseguren todas las puertas, ventanas o cualquier otro medio de entrada a la propiedad y adem\u00e1s, si est\u00e1 disponible siempre conectar\u00e1n la alarma al salir de la propiedad. <strong>HOMEWATCH<\/strong> y\/o el Propietario no se har\u00e1n cargo de p\u00e9rdidas de elementos personales del inquilino, este contrato no incluye ning\u00fan tipo de seguro de p\u00e9rdida o robo de elementos de los\u00a0<strong>ARRENDATARIOS.<\/strong><\/p>\n<p>En caso de robo:<\/p>\n<p>Si la propiedad no estaba cerrada adecuadamente y la alarma (si est\u00e1 disponible) conectada el\u00a0<strong>ARRENDATARIO<\/strong>\u00a0cubrir\u00e1 con la fianza todos los da\u00f1os ocasionados al alojamiento por el robo.<\/p>\n<h2>LLAVES<\/h2>\n<p>Al t\u00e9rmino del per\u00edodo de alquiler, el arrendatario deber\u00e1 dejar las llaves de la propiedad en donde le hayan indicado\u00a0y cerrar\u00e1 todas las puertas y ventanas antes de\u00a0salir.<\/p>\n<p>Los alojamientos de un dormitorio dispondr\u00e1n de una llave, los alojamientos de dos o m\u00e1s dormitorios dispondr\u00e1n de dos llaves. Habr\u00e1\u00a0un mando por plaza de garaje disponible.<\/p>\n<p>Perdida de llaves:<\/p>\n<p>-Sin mando de garaje: Coste de 20 \u20ac por llave en el llavero.<\/p>\n<p>- Mando, im\u00e1n o tarjeta de parking:\u00a0 Coste de 60 \u20ac.<\/p>\n<p><strong>HOMEWATCH<\/strong>\u00a0avisar\u00e1 al\u00a0<strong>ARRENDATARIO<\/strong>\u00a0m\u00e1ximo 24 horas despu\u00e9s de su salida de la falta de una llave y el importe correspondiente ser\u00e1 cobrado de la fianza.<\/p>\n<p>Olvido de llaves dentro del\u00a0alojamiento:<\/p>\n<p>- Si el\u00a0<strong>ARRENDATARIO<\/strong>\u00a0olvida las llaves dentro del apartamento en horario laboral y no puede entrar\u00a0<strong>HOMEWATCH\u00a0<\/strong>le abrir\u00e1 con la llave de Servicio. Este servicio tiene un coste de 30 \u20ac.<\/p>\n<p>- Si la llave est\u00e1 puesta o el\u00a0<strong>ARRENDATARIO<\/strong>\u00a0olvida las llaves fuera de horario laboral el\u00a0<strong>ARRENDATARIO<\/strong>\u00a0tiene que pagar los gastos del cerrajero para la recuperaci\u00f3n de las llaves y en su caso sustituci\u00f3n de la cerradura.<\/p>\n<h2>POL\u00cdTICA DE CANCELACI\u00d3N<\/h2>\n<p>En caso de cancelaci\u00f3n de la reserva por parte de\u00a0<strong>HOMEWATCH<\/strong>, estaremos\u00a0obligado a devolver el importe \u00edntegro pagado por parte del\u00a0<strong>ARRENDATARIO<\/strong>\u00a0hasta ese momento. Adem\u00e1s,\u00a0<strong>HOMEWATCH<\/strong>\u00a0har\u00e1 todo lo posible para reubicar al\u00a0<strong>ARRENDATARIO<\/strong>\u00a0en un alojamiento de las mismas o similares caracter\u00edsticas.<\/p>\n<p>Cancelaci\u00f3n por parte del\u00a0<strong>ARRENDATARIO<\/strong>:<\/p>\n<p>Los pagos realizados en concepto de alquiler realizados por el\u00a0<strong>ARRENDATARIO<\/strong>\u00a0no son reembolsables.<\/p>\n<p>Si el\u00a0<strong>ARRENDATARIO<\/strong>\u00a0cancelar su reserva, por escrito, al menos treinta y un (31) d\u00edas antes de su llegada el cargo por cancelaci\u00f3n ser\u00e1 del 50% del importe total de la reserva de alquiler.<\/p>\n<p>Si el\u00a0<strong>ARRENDATARIO<\/strong>\u00a0cancelar su reserva menos de treinta y un (31) d\u00edas antes de su llegada el cargo por cancelaci\u00f3n ser\u00e1 del 100% del importe total de la reserva en concepto de alquiler.<\/p>\n<p>Si el\u00a0<strong>ARRENDATARIO<\/strong>\u00a0cancela la reserva antes de la entrada al alojamiento siempre se le devolver\u00e1n los pagos realizados en concepto de fianza y limpieza.<\/p>\n<p>Si el\u00a0<strong>ARRENDATARIO<\/strong>\u00a0cancela ya estando en la Propiedad los pagos en concepto de alquiler y limpieza no ser\u00e1n reembolsables y la fianza se devuelve despu\u00e9s de las comprobaciones correspondientes.<\/p>\n","protected":false},"excerpt":{"rendered":"<p>SERVICIOS El ARRENDATARIO\u00a0declara haber le\u00eddo las descripciones del apartamento y estar de acuerdo con el estado descrito y los servicios ofrecidos del alojamiento vacacional que ha alquilado. El ARRENDATARIO\u00a0no tendr\u00e1 derecho de reclamar ning\u00fan servicio que no est\u00e9 especificado en el anuncio donde ha realizado el alquiler. OCUPACI\u00d3N Las \u00fanicas personas autorizadas a residir en&#8230;<\/p>\n","protected":false},"author":1,"featured_media":0,"parent":0,"menu_order":9,"comment_status":"closed","ping_status":"closed","template":"","meta":{"_acf_changed":false,"footnotes":""},"class_list":["post-950","page","type-page","status-publish","hentry"],"acf":[],"_links":{"self":[{"href":"https:\/\/www.homewatch.es\/es\/wp-json\/wp\/v2\/pages\/950","targetHints":{"allow":["GET"]}}],"collection":[{"href":"https:\/\/www.homewatch.es\/es\/wp-json\/wp\/v2\/pages"}],"about":[{"href":"https:\/\/www.homewatch.es\/es\/wp-json\/wp\/v2\/types\/page"}],"author":[{"embeddable":true,"href":"https:\/\/www.homewatch.es\/es\/wp-json\/wp\/v2\/users\/1"}],"replies":[{"embeddable":true,"href":"https:\/\/www.homewatch.es\/es\/wp-json\/wp\/v2\/comments?post=950"}],"version-history":[{"count":0,"href":"https:\/\/www.homewatch.es\/es\/wp-json\/wp\/v2\/pages\/950\/revisions"}],"wp:attachment":[{"href":"https:\/\/www.homewatch.es\/es\/wp-json\/wp\/v2\/media?parent=950"}],"curies":[{"name":"wp","href":"https:\/\/api.w.org\/{rel}","templated":true}]}}