{"id":906,"date":"2020-10-13T08:09:25","date_gmt":"2020-10-13T06:09:25","guid":{"rendered":"https:\/\/www.homewatch.es\/?page_id=906"},"modified":"2024-03-11T12:11:08","modified_gmt":"2024-03-11T11:11:08","slug":"politica-privacidad","status":"publish","type":"page","link":"https:\/\/www.homewatch.es\/es\/politica-privacidad","title":{"rendered":"Pol\u00edtica de privacidad"},"content":{"rendered":"<p>Esta pol\u00edtica de privacidad ha sido recopilada para brindar un mejor servicio a quienes est\u00e1n preocupados por c\u00f3mo se utiliza en l\u00ednea su \"Informaci\u00f3n de identificaci\u00f3n personal\". Lea atentamente nuestra pol\u00edtica de privacidad para comprender claramente c\u00f3mo recopilamos, usamos, protegemos o manejamos sus datos.<\/p>\n<p><strong>Reglamento general de protecci\u00f3n de datos (\"RGPD\").<\/strong><\/p>\n<p>El RGPD es una ley que establece las reglas para el correo electr\u00f3nico comercial, establece requisitos para los mensajes comerciales, otorga a los destinatarios el derecho a que no se les env\u00ede correos electr\u00f3nicos y establece duras sanciones por violaciones. Recopilamos su direcci\u00f3n de correo electr\u00f3nico para:<\/p>\n<p>Enviar informaci\u00f3n, responder consultas y \/ u otras solicitudes o preguntas.<br \/>\nComercializar con nuestra lista de correo o continuar enviando correos electr\u00f3nicos a nuestros clientes despu\u00e9s de que se haya realizado la transacci\u00f3n original.<\/p>\n<p>Para estar de acuerdo con RGPD, aceptamos lo siguiente:<\/p>\n<ul>\n<li>No utilice asuntos o direcciones de correo electr\u00f3nico falsos o enga\u00f1osos.<\/li>\n<li>Identifique el mensaje como un anuncio de alguna manera razonable.<\/li>\n<li>Incluya la direcci\u00f3n f\u00edsica de nuestra empresa o sede del sitio.<\/li>\n<li>Supervise los servicios de marketing por correo electr\u00f3nico de terceros para verificar el cumplimiento, si se utiliza uno.<\/li>\n<li>Respete las solicitudes de cancelaci\u00f3n de suscripci\u00f3n \/ exclusi\u00f3n r\u00e1pidamente.<\/li>\n<li>Permita que los usuarios se den de baja mediante el enlace que se encuentra en la parte inferior de cada correo electr\u00f3nico.<\/li>\n<\/ul>\n<p><strong>\u00bfQu\u00e9 informaci\u00f3n personal recopilamos de las personas que visitan nuestro sitio web?<\/strong><br \/>\nCuando solicite informaci\u00f3n en nuestro sitio, seg\u00fan corresponda, se le puede solicitar que ingrese su nombre, direcci\u00f3n de correo electr\u00f3nico, n\u00famero de tel\u00e9fono u otros detalles para ayudarnos a brindarle la informaci\u00f3n correcta.<\/p>\n<p><strong>\u00bfCu\u00e1ndo recopilamos informaci\u00f3n?<\/strong><\/p>\n<ul>\n<li>Cuando completa un formulario de consulta<\/li>\n<li>Con suscripci\u00f3n a nuestro bolet\u00edn<\/li>\n<li>Nos env\u00eda un email<\/li>\n<\/ul>\n<p><strong>\u00bfC\u00f3mo usamos su informaci\u00f3n?<\/strong><\/p>\n<p>Podemos utilizar la informaci\u00f3n que recopilamos de usted cuando se registra, solicita informaci\u00f3n, se suscribe a nuestro bolet\u00edn informativo, responde a una encuesta o comunicaci\u00f3n de marketing, navega por el sitio web o utiliza otras caracter\u00edsticas del sitio de las siguientes maneras:<\/p>\n<ul>\n<li>Para personalizar su experiencia y permitirnos entregar el tipo de contenido y ofertas de productos en los que est\u00e1 m\u00e1s interesado.<\/li>\n<li>Mejorar nuestro sitio web para brindarle un mejor servicio.<\/li>\n<li>Para enviar correos electr\u00f3nicos peri\u00f3dicos sobre su pedido u otros productos y servicios.<\/li>\n<li>Para hacer un seguimiento con ellos despu\u00e9s de la correspondencia (chat en vivo, correo electr\u00f3nico o consultas telef\u00f3nicas)<\/li>\n<\/ul>\n<p><strong>\u00bfC\u00f3mo protegemos tu informaci\u00f3n?<\/strong><\/p>\n<p>Nuestro sitio web se escanea peri\u00f3dicamente en busca de agujeros de seguridad y vulnerabilidades conocidas para que su visita a nuestro sitio sea lo m\u00e1s segura posible. Usamos escaneo de malware regular.<\/p>\n<ul>\n<li>Su informaci\u00f3n personal est\u00e1 contenida detr\u00e1s de redes seguras y solo es accesible para un n\u00famero limitado de personas que tienen derechos especiales de acceso a dichos sistemas y deben mantener la informaci\u00f3n confidencial. Adem\u00e1s, toda la informaci\u00f3n confidencial \/ crediticia que proporcione est\u00e1 cifrada a trav\u00e9s de la tecnolog\u00eda Secure Socket Layer (SSL).<\/li>\n<li>Implementamos una variedad de medidas de seguridad cuando un usuario ingresa, env\u00eda o accede a su informaci\u00f3n para mantener la seguridad de su informaci\u00f3n personal.<\/li>\n<li>Todas las transacciones se procesan a trav\u00e9s de un proveedor de puerta de enlace y no se almacenan ni procesan en nuestros servidores.<\/li>\n<\/ul>\n<p><strong>\u00bfUsamos 'cookies'?<\/strong><\/p>\n<p>S\u00ed. Las cookies son peque\u00f1os archivos que un sitio o su proveedor de servicios transfieren al disco duro de su computadora a trav\u00e9s de su navegador web (si usted lo permite) que permite que los sistemas del sitio o del proveedor de servicios reconozcan su navegador y capturen y recuerden cierta informaci\u00f3n. Por ejemplo, utilizamos cookies para ayudarnos a recordar y procesar los art\u00edculos en su carrito de compras. Tambi\u00e9n se utilizan para ayudarnos a comprender sus preferencias en funci\u00f3n de la actividad anterior o actual del sitio, lo que nos permite brindarle servicios mejorados. Tambi\u00e9n utilizamos cookies para ayudarnos a recopilar datos agregados sobre el tr\u00e1fico del sitio y la interacci\u00f3n del sitio para que podamos ofrecer mejores experiencias y herramientas del sitio en el futuro.<\/p>\n<p>Usamos cookies para:<\/p>\n<ul>\n<li>Comprender y guardar las preferencias del usuario para futuras visitas.<\/li>\n<\/ul>\n<p>Puede elegir que su computadora le advierta cada vez que se env\u00eda una cookie, o puede optar por desactivar todas las cookies. Haz esto a trav\u00e9s de la configuraci\u00f3n de tu navegador. Dado que cada navegador es un poco diferente, consulte el men\u00fa de ayuda de su navegador para conocer la forma correcta de modificar sus cookies. Si desactiva las cookies, es posible que algunas de las funciones que hacen que la experiencia de su sitio sea m\u00e1s eficiente no funcionen correctamente. No afectar\u00e1 la experiencia del usuario, lo que har\u00e1 que la experiencia de su sitio sea m\u00e1s eficiente y puede que no funcione correctamente.<\/p>\n<p><a href=\"#\">Divulgaci\u00f3n de terceros<\/a><\/p>\n<p>No vendemos, intercambiamos ni transferimos a terceros su informaci\u00f3n de identificaci\u00f3n personal.<\/p>\n<p><strong>Enlaces de terceros<\/strong><\/p>\n<p>Ocasionalmente, a nuestra discreci\u00f3n, podemos incluir u ofrecer productos o servicios de terceros en nuestro sitio web. Estos sitios de terceros tienen pol\u00edticas de privacidad separadas e independientes.<\/p>\n<p>Por lo tanto, no tenemos ninguna responsabilidad por el contenido y las actividades de estos sitios vinculados. No obstante, buscamos proteger la integridad de nuestro sitio y agradecemos cualquier comentario sobre estos sitios.<\/p>\n<p><strong>Google<\/strong><\/p>\n<p>Los requisitos publicitarios de Google se pueden resumir en los Principios publicitarios de Google. Se implementan para brindar una experiencia positiva a los usuarios. ...Lee mas<\/p>\n<ul>\n<li>Usamos Google Tracking Script en nuestro sitio web.<\/li>\n<\/ul>\n<p>Google, como proveedor externo, utiliza cookies para publicar anuncios en nuestro sitio. El uso de Google de la cookie DART le permite mostrar anuncios a nuestros usuarios en funci\u00f3n de visitas anteriores a nuestro sitio y otros sitios en Internet.<\/p>\n<p>Los usuarios pueden optar por no utilizar la cookie de DART visitando la pol\u00edtica de privacidad de la Red de contenido y anuncios de Google.<\/p>\n<p>Hemos implementado lo siguiente:<\/p>\n<ul>\n<li>Remarketing con Google AdSense<\/li>\n<li>Informe de impresiones de la Red de Display de Google<\/li>\n<li>Informes de intereses y datos demogr\u00e1ficos<\/li>\n<li>Integraci\u00f3n de la plataforma DoubleClick<\/li>\n<\/ul>\n<p>Nosotros, junto con proveedores de terceros como Google, utilizamos cookies de origen (como las cookies de Google Analytics) y cookies de terceros (como la cookie de DoubleClick) u otros identificadores de terceros para recopilar datos sobre las interacciones del usuario con impresiones de anuncios y otras funciones del servicio de anuncios en lo que respecta a nuestro sitio web.<\/p>\n<p><a href=\"javascript:void(0)\" class=\"csconsentlink\" rel=\"nofollow\">Configuraci\u00f3n de Cookies<\/a><\/p>\n<div class=\"table-responsive\"><script type=\"text\/javascript\" charset=\"UTF-8\"  data-cookiescriptreport=\"report\" src=\"\/\/report.cookie-script.com\/r\/6d0e2259e2ea8b763c3a3ab9892fe5d3.js\"><\/script><\/div>\n<p>Optar por no participar:<\/p>\n<p>Los usuarios pueden establecer preferencias sobre c\u00f3mo Google le anuncia mediante la p\u00e1gina de configuraci\u00f3n de anuncios de Google. Alternativamente, puede optar por no participar visitando la p\u00e1gina de exclusi\u00f3n voluntaria de la Iniciativa de publicidad en la red o utilizando el complemento del navegador de exclusi\u00f3n voluntaria de Google Analytics.<\/p>\n<p><strong>Protecci\u00f3n de privacidad en l\u00ednea<\/strong><\/p>\n<p>Los usuarios pueden visitar nuestro sitio de forma an\u00f3nima.<\/p>\n<p>Una vez que se crea esta pol\u00edtica de privacidad, agregaremos un enlace a ella en nuestra p\u00e1gina de inicio o, como m\u00ednimo, en la primera p\u00e1gina significativa despu\u00e9s de ingresar a nuestro sitio web.<\/p>\n<p>Nuestro enlace de Pol\u00edtica de privacidad incluye la palabra \"Privacidad\" y se puede encontrar f\u00e1cilmente en la p\u00e1gina especificada anteriormente.<\/p>\n<p>Se le notificar\u00e1 de cualquier cambio en la Pol\u00edtica de privacidad:<br \/>\n\u2022 En nuestra p\u00e1gina de pol\u00edtica de privacidad<\/p>\n<p>Puede cambiar su informaci\u00f3n personal:<br \/>\n\u2022 Envi\u00e1ndonos un correo electr\u00f3nico<\/p>\n<p><strong>\u00bfC\u00f3mo maneja nuestro sitio las se\u00f1ales de No rastrear?<\/strong><\/p>\n<p>Respetamos las se\u00f1ales de No rastrear y No rastrear, colocamos cookies o usamos publicidad cuando hay un mecanismo de navegador de No rastrear (DNT).<\/p>\n<p><strong>\u00bfNuestro sitio permite el seguimiento del comportamiento de terceros?<\/strong><\/p>\n<p>Tambi\u00e9n es importante tener en cuenta que no permitimos el seguimiento del comportamiento de terceros.<\/p>\n<p>Si en alg\u00fan momento desea darse de baja para no recibir correos electr\u00f3nicos futuros<br \/>\n\u2022 Siga las instrucciones en la parte inferior de cada correo electr\u00f3nico de marketing y lo eliminaremos de inmediato de TODA la correspondencia.<\/p>\n<p><strong>Cont\u00e1ctanos<\/strong><\/p>\n<p>Si tiene alguna pregunta con respecto a esta pol\u00edtica de privacidad, comun\u00edquese con nosotros.<\/p>\n","protected":false},"excerpt":{"rendered":"<p>Esta pol\u00edtica de privacidad ha sido recopilada para brindar un mejor servicio a quienes est\u00e1n preocupados por c\u00f3mo se utiliza en l\u00ednea su \u00abInformaci\u00f3n de identificaci\u00f3n personal\u00bb. Lea atentamente nuestra pol\u00edtica de privacidad para comprender claramente c\u00f3mo recopilamos, usamos, protegemos o manejamos sus datos. Reglamento general de protecci\u00f3n de datos (\u00abRGPD\u00bb). El RGPD es una&#8230;<\/p>\n","protected":false},"author":2,"featured_media":0,"parent":0,"menu_order":17,"comment_status":"closed","ping_status":"closed","template":"","meta":{"_acf_changed":false,"footnotes":""},"class_list":["post-906","page","type-page","status-publish","hentry"],"acf":[],"_links":{"self":[{"href":"https:\/\/www.homewatch.es\/es\/wp-json\/wp\/v2\/pages\/906","targetHints":{"allow":["GET"]}}],"collection":[{"href":"https:\/\/www.homewatch.es\/es\/wp-json\/wp\/v2\/pages"}],"about":[{"href":"https:\/\/www.homewatch.es\/es\/wp-json\/wp\/v2\/types\/page"}],"author":[{"embeddable":true,"href":"https:\/\/www.homewatch.es\/es\/wp-json\/wp\/v2\/users\/2"}],"replies":[{"embeddable":true,"href":"https:\/\/www.homewatch.es\/es\/wp-json\/wp\/v2\/comments?post=906"}],"version-history":[{"count":0,"href":"https:\/\/www.homewatch.es\/es\/wp-json\/wp\/v2\/pages\/906\/revisions"}],"wp:attachment":[{"href":"https:\/\/www.homewatch.es\/es\/wp-json\/wp\/v2\/media?parent=906"}],"curies":[{"name":"wp","href":"https:\/\/api.w.org\/{rel}","templated":true}]}}