{"id":900,"date":"2020-10-19T13:47:45","date_gmt":"2020-10-19T11:47:45","guid":{"rendered":"https:\/\/www.homewatch.es\/contact"},"modified":"2024-03-06T10:59:22","modified_gmt":"2024-03-06T09:59:22","slug":"contacto","status":"publish","type":"page","link":"https:\/\/www.homewatch.es\/es\/contacto","title":{"rendered":"Contacto Homewatch"},"content":{"rendered":"\n<p>\u00bfBuscando un nuevo hogar? Nuestros agentes expertos est\u00e1n listos para guiarlo en cada paso del proceso, asegur\u00e1ndose de que encuentre una propiedad que no solo satisfaga sus necesidades sino que tambi\u00e9n supere sus expectativas. Desde acogedoras casas para principiantes hasta lujosas propiedades, tenemos una cartera diversa que se adapta a todos los gustos y estilos de vida.<\/p>\n\n\n<section class=\"hero position-relative max-width mt-6 wp-block-acf-contactform\">\n\t\t\t<div class=\"row align-items-center gx-0 gx-lg-6\">\n\t\t\t<div class=\"col-lg-6\">\n\t\t\t<div class=\"author\">\n\t<div class=\"d-flex align-items-center mb-3\">\n\t\t<picture><source width=\"100\" height=\"100\" srcset=\"https:\/\/media.inmobalia.com\/imgV1\/B8vEv5Xh_V3s1deXc4xxDIQzD0777g_go_0dQsVMXBhbC6mGhKvi4Fv0xVXHCLrVdNIZbeHn~4oFggiZx~256uRPBzyVAN4ZBZK3Tqz8b8Q_0TOlocOp6zkxmOllnxcsC_9JTdQHWkOk9U7E4uSXsVdV_x0guw--.jpg 100w,https:\/\/media.inmobalia.com\/imgV1\/B8vEv5Xh_h23871nDThv9vSw~6WJs6EA1mYe9HqXxieTshCMAk5d2lm0JPWs~AItUJXBzBu9O1h32t_TuZHAn9GG2c2aRGrsYzbPKE6uPpbfKKtbvOcXLqLHtV~zacgertMA5b76ZaQBvoIaXR~aSCxy7hdEJA--.jpg 200w\" type=\"image\/webp\"><img loading=\"lazy\" decoding=\"async\" class=\"rounded-circle me-3\" loading=\"lazy\" width=\"100\" height=\"100\" src=\"https:\/\/media.inmobalia.com\/imgV1\/B8vEv5Xh_V3s1deXc4xm_27gkPKmCcEBmlRXUep9~9dLUBS7eDo6xVJVE~Q0xPq6tBJpozU2wC3XAmaA3cBgFvxMohYd0acyk~1bW0BDRES2fkYqETVawYfvPymjnJVvQ3wLBDjM.jpg\"><\/picture>\t\t<p class=\"mb-0\">\n\t\t\t<a class=\"text-black\" href=\"https:\/\/www.homewatch.es\/es\/agentes\/vivienne-thoennessen\">\n\t\t\t\t<strong class=\"d-block mb-1\">Vivienne Thoennessen<\/strong>\n\t\t\t<\/a>\n\t\t\tCofundadora y CEO\t\t<\/p>\n\t<\/div>\n\t\t<p>\n\t\t<small>Vivienne Th\u00f6nnessen es la directora ejecutiva de Homewatch, especializada en alquileres, ventas e inversiones vacacionales. L\u00edder triling\u00fce, est\u00e1 comprometida con la excelencia y la innovaci\u00f3n en el mercado inmobiliario.<\/small>\n\t<\/p>\n\t<\/div>\n\t\t\t<\/div>\n\t\t\t<div class=\"col-lg-6\">\n\t\t\t<script src=\"https:\/\/www.google.com\/recaptcha\/api.js?render=6LeWOaYZAAAAAGZM7q40J51QMau9I_gs19mp9lZJ&hl=es\" ><\/script>\n<form id=\"block_58a2e9f7fb6cac0faa7eb1a9b70bfeb8\" class=\"w-100 mt-3 needs-validation\" data-contact=\"block_58a2e9f7fb6cac0faa7eb1a9b70bfeb8\" action=\"localhost\" method=\"POST\" novalidate>\n\t<span id=\"block_58a2e9f7fb6cac0faa7eb1a9b70bfeb8-result\" data-redirect=\"\/es\/exito\" data-stext=\"source\" data-source=\"contact\"><\/span>\n\t<input type=\"hidden\" name=\"success\" value=\"\/success\"\/>\n\t<input type=\"hidden\" name=\"agency\" value=\"404\"\/>\n\t<input type=\"hidden\" name=\"source\" value=\"https:\/\/www.homewatch.es\/es\/wp-json\/wp\/v2\/pages\/900\"\/>\n\t<input type=\"hidden\" name=\"subject\" value=\"Contact<web>\" \/>\n\t<input type=\"hidden\" name=\"dry\" value=\"0\">\n\t<input name=\"mail_options\" value=\"CharSet=UTF-8\" type=\"hidden\">\n\t<input type=\"hidden\" name=\"action\" value=\"contact\">\n\t<div class=\"form-group mb-2\">\n\t\t<input name=\"name\" type=\"text\" class=\"form-control\" autocomplete=\"off\" placeholder=\"Nombre\" required data-error=\"Nombre requerido\">\n\t<\/div>\n\t<div class=\"form-group mb-2\">\n\t\t<input name=\"phone\" type=\"tel\" class=\"form-control\" autocomplete=\"off\" placeholder=\"Tel\u00e9fono\" data-error=\"Los n\u00fameros de tel\u00e9fono deben tener entre 8 y 20 d\u00edgitos\">\n\t<\/div>\n\t<div class=\"form-group mb-2\">\n\t\t<input name=\"email\" type=\"email\" class=\"form-control\" autocomplete=\"off\" placeholder=\"Correo electr\u00f3nico\" required data-error=\"Correo electr\u00f3nico requerido\">\n\t<\/div>\n\t<div class=\"form-group mb-2\">\n\t\t\t\t\t<textarea name=\"comment\" class=\"form-control\" rows=\"6\" placeholder=\"\"><\/textarea>\n\t\t\t<\/div>\n\t<div class=\"form-group form-check mb-2\">\n\t\t<input type=\"checkbox\" class= \"form-check-input\" id=\"block_58a2e9f7fb6cac0faa7eb1a9b70bfeb8-customCheck1\" name=\"privacy_policy\" required data-error=\"Campo obligatorio\">\n\t\t<label class=\"mb-0 form-check-label\" for=\"block_58a2e9f7fb6cac0faa7eb1a9b70bfeb8-customCheck1\">Acepto el <a href=\"https:\/\/www.homewatch.es\/privacy-policy\">pol\u00edtica de privacidad<\/a><\/label>\n\t<\/div>\n\t<div class=\"form-group form-check mb-2\">\n\t\t<input type=\"checkbox\" class=\"form-check-input\" id=\"block_58a2e9f7fb6cac0faa7eb1a9b70bfeb8-customCheck2\" name=\"commercial_information\"> \n\t\t<label class=\"form-check-label\" for=\"block_58a2e9f7fb6cac0faa7eb1a9b70bfeb8-customCheck2\">Acepto recibir informaci\u00f3n por correo electr\u00f3nico<\/label>\n\t<\/div>\n\t<button data-ids=\"block_58a2e9f7fb6cac0faa7eb1a9b70bfeb8\" data-lang=\"es\" data-sitekey=\"6LeWOaYZAAAAAGZM7q40J51QMau9I_gs19mp9lZJ\" class=\"btn btn-outline-primary btn-sm text-uppercase ml-auto g-recaptcha\" name=\"Submit\" type=\"submit\">Enviar<\/button>\n<\/form>\n\t\t\t<\/div>\n\t\t<\/div>\n\t<\/section>\n\n\n\n\n\n\n\n<section class=\"portfolio-list position-relative d-flex flex-column align-items-start mt-7 d-none wp-block-inmoba-inmportfolio\">\n\t<span id=\"contactPortfolio\" style=\"top:-100px\" class=\"position-absolute\"><\/span>\n\t<h2 class=\"mb-2\">Lista de favoritos<\/h2>\n\t<div class=\"w-100 row row-cols-1 row-cols-md-2 row-cols-xl-4 gy-4 mt-2\" id=\"prop-list\" data-lang=\"es\"><\/div>\n    <button class=\"btn btn-outline-primary btn-sm mt-3\" id=\"reset-portfolio\">Borrar lista<\/button>\n<\/section>\n\n\n\n\n\n<h2 class=\"wp-block-heading mt-6\">Mas informaci\u00f3n<\/h2>\n\n\n\n<p>Calle Nuestra Se\u00f1ora de Gracia 2,<br>Planta 1, puerta 7<br>29601 Marbella<\/p>\n\n\n\n<p><a href=\"tel:+34952839409\">+34 952 839 409<\/a><br><a href=\"mailto:oficina@homewatch.es\">oficina@homewatch.es<\/a><\/p>\n\n\n\n<p><strong>Horario<\/strong><\/p>\n\n\n\n<p>Lunes 10:00 \u2013 18:00<br>Martes 10:00 \u2013 18:00<br>Mi\u00e9rcoles 10:00 \u2013 18:00<br>Jueves 10:00 \u2013 18:00<br>Viernes 10:00 \u2013 18:00<br>S\u00e1bado 10:00 \u2013 12:00<br>Domingo Cerrado<\/p>\n","protected":false},"excerpt":{"rendered":"<p>\u00bfBuscando un nuevo hogar? Nuestros agentes expertos est\u00e1n listos para guiarlo en cada paso del proceso, asegur\u00e1ndose de que encuentre una propiedad que no solo satisfaga sus necesidades sino que tambi\u00e9n supere sus expectativas. Desde acogedoras casas para principiantes hasta lujosas propiedades, tenemos una cartera diversa que se adapta a todos los gustos y estilos&#8230;<\/p>\n","protected":false},"author":2,"featured_media":0,"parent":0,"menu_order":6,"comment_status":"closed","ping_status":"closed","template":"","meta":{"_acf_changed":false,"footnotes":""},"class_list":["post-900","page","type-page","status-publish","hentry"],"acf":[],"_links":{"self":[{"href":"https:\/\/www.homewatch.es\/es\/wp-json\/wp\/v2\/pages\/900","targetHints":{"allow":["GET"]}}],"collection":[{"href":"https:\/\/www.homewatch.es\/es\/wp-json\/wp\/v2\/pages"}],"about":[{"href":"https:\/\/www.homewatch.es\/es\/wp-json\/wp\/v2\/types\/page"}],"author":[{"embeddable":true,"href":"https:\/\/www.homewatch.es\/es\/wp-json\/wp\/v2\/users\/2"}],"replies":[{"embeddable":true,"href":"https:\/\/www.homewatch.es\/es\/wp-json\/wp\/v2\/comments?post=900"}],"version-history":[{"count":0,"href":"https:\/\/www.homewatch.es\/es\/wp-json\/wp\/v2\/pages\/900\/revisions"}],"wp:attachment":[{"href":"https:\/\/www.homewatch.es\/es\/wp-json\/wp\/v2\/media?parent=900"}],"curies":[{"name":"wp","href":"https:\/\/api.w.org\/{rel}","templated":true}]}}