{"id":695,"date":"2020-10-19T13:47:26","date_gmt":"2020-10-19T11:47:26","guid":{"rendered":"https:\/\/www.homewatch.es\/about-us"},"modified":"2025-10-21T17:51:14","modified_gmt":"2025-10-21T15:51:14","slug":"sobre-nosotros","status":"publish","type":"page","link":"https:\/\/www.homewatch.es\/es\/sobre-nosotros","title":{"rendered":"Sobre Nosotros"},"content":{"rendered":"\n<section class=\"wp-block-inmoba-maincontent row align-items-center justify-content-center pt-5 pt-lg-6 mx-auto\"><div class=\"col-xxl-8 mb-0\"><h1 class=\"text-center\">Sobre Nosotros<\/h1><div class=\"two-columns-text\">\n\t<p>Nuestra larga y prestigiosa trayectoria en el sector inmobiliario ha estado dada por los a\u00f1os de experiencia que atesoramos, la confianza que transmitimos y el conocimiento excepcional que tenemos de la zona, lo que nos ha llevado a grandes \u00e9xitos y a obtener una gran reputaci\u00f3n en el sector inmobiliario.<\/p>\n<p>Nuestros valores y filosof\u00eda de esfuerzo, pasi\u00f3n, empat\u00eda y transparencia han sido transmitidos a todos los profesionales de la empresa, formando un equipo altamente cualificado y experto que se caracteriza por ayudar y dar un servicio personalizado de principio a fin a todos nuestros compradores, inversores. , propietarios y colaboradores.<\/p>\n<p>Escuchamos todas tus peticiones y dedicamos toda la atenci\u00f3n necesaria para que tus expectativas se cumplan. Porque lo que nos importa eres t\u00fa.<\/p>\n<p>&nbsp;<\/p>\n<\/div>\n<\/div><\/section>\n\n\n\n<section class=\"wp-block-inmoba-inmfullwidthcontent\"><section class=\"container-xxl mt-6\">\n\t<div class=\"row row-cols-1 row-cols-sm-2 row-cols-md-3 row-cols-lg-5 justify-content-center\">\n\t\t\t\t<figure class=\"col position-relative mb-3 mb-lg-4\">\n\t\t\t<figure class=\"ratio ratio-3x4\">\n\t\t\t\t<picture><source width=\"334\" height=\"459\" srcset=\"https:\/\/media.inmobalia.com\/imgV1\/B8vEv5Xh_5LUCieSgTSYvZARiyPvaEzBfND84IPhALqOoZGEEwkb3nSBM074aJQBIX5qLSrfKk4YhVlOGK84cwgxaqENtUaz9Qtg~0bYk5evTlkoAVJuOF17qdqazTvoJaTrTmfXcFpZwXvrkH6aY78MoR_XAQ--.jpg 334w\" type=\"image\/webp\"><img fetchpriority=\"high\" decoding=\"async\" class=\"image-fit\" width=\"334\" height=\"459\" src=\"https:\/\/media.inmobalia.com\/imgV1\/B8vEv5Xh_5LUCieSgTSPinP4fW9fI9Ck9uLS1Ug4B2TzSTxI2an9NtsvYx3V27WLzGWsnFoGlQwvqn9rM8mTH0hcEX1F1ONgl48Dox9mD5SSyYdqeo_WoWtbNiWzQi5ck2lLhz9m.jpg\"><\/picture>\t\t\t<\/figure>\n\t\t\t<figcaption class=\"d-flex flex-column mt-3\">\n\t\t\t\t<h3 class=\"h5 mb-1\"><a href=\"https:\/\/www.homewatch.es\/es\/agentes\/vivienne-thoennessen\" class=\"stretched-link text-decoration-none\">Vivienne Thoennessen<\/a><\/h3>\n\t\t\t\t<p>Cofundadora y CEO<\/p>\n\t\t\t<\/figcaption>\n\t\t<\/figure>\n\t\t\t\t<figure class=\"col position-relative mb-3 mb-lg-4\">\n\t\t\t<figure class=\"ratio ratio-3x4\">\n\t\t\t\t<picture><source width=\"334\" height=\"459\" srcset=\"https:\/\/media.inmobalia.com\/imgV1\/B8vEv5Xh_5LUCieSgTSYvZARiyPvaEzBfND84IPhALqOoZGEEwkb3nSBM074aJQBIX5qLSrfKk4YhVlOGK84cwgxaqENtUaz9Qtg~0bYk5evTlkoAVJuOF17pJ5bzev7dj22MdwYnb4BHtMJwBLuDyptqRVrVaw3FRfaMA--.jpg 334w\" type=\"image\/webp\"><img decoding=\"async\" class=\"image-fit\" width=\"334\" height=\"459\" src=\"https:\/\/media.inmobalia.com\/imgV1\/B8vEv5Xh_5LUCieSgTSPinP4fW9fI9Ck9uLS1Ug4B2TzSTxI2an9NtsvYx3V27WLzGWsnFoGlQwvqn9rM8mTH0hcEX1F1ONgl48O_shtwHKC1wogSXEM7yT49p6dnnGLIghl7VWA3M6T0ZBs.jpg\"><\/picture>\t\t\t<\/figure>\n\t\t\t<figcaption class=\"d-flex flex-column mt-3\">\n\t\t\t\t<h3 class=\"h5 mb-1\"><a href=\"https:\/\/www.homewatch.es\/es\/agentes\/felicitas-thoennessen\" class=\"stretched-link text-decoration-none\">Felicitas Thoennessen<\/a><\/h3>\n\t\t\t\t<p>Cofundadora y COO<\/p>\n\t\t\t<\/figcaption>\n\t\t<\/figure>\n\t\t\t\t<figure class=\"col position-relative mb-3 mb-lg-4\">\n\t\t\t<figure class=\"ratio ratio-3x4\">\n\t\t\t\t<picture><source width=\"334\" height=\"459\" srcset=\"https:\/\/media.inmobalia.com\/imgV1\/B8vEv5Xh_5LUCieSgTSYvZARiyPvaEzBfND84IPhALqOoZGEEwkb3nSBM074aJQBIX5qLSrfKk4YhVlOGK84cwgxaqENtUaz9Qtg~0bYk5evTlkoAVJuOF17qdqazTvoJaTrTmfXcFpZwXvszrIb8ou_NhhYDS0-.jpg 334w\" type=\"image\/webp\"><img decoding=\"async\" class=\"image-fit\" width=\"334\" height=\"459\" src=\"https:\/\/media.inmobalia.com\/imgV1\/B8vEv5Xh_5LUCieSgTSPinP4fW9fI9Ck9uLS1Ug4B2TzSTxI2an9NtsvYx3V27WLzGWsnFoGlQwvqn9rM8mTH0hcEX1F1ONgl48Dox9mD5SSyYdqeo_WoWtbNiJYZZDgw082dHTO8Q--.jpg\"><\/picture>\t\t\t<\/figure>\n\t\t\t<figcaption class=\"d-flex flex-column mt-3\">\n\t\t\t\t<h3 class=\"h5 mb-1\"><a href=\"https:\/\/www.homewatch.es\/es\/agentes\/jose-carlos-odonell\" class=\"stretched-link text-decoration-none\">Jose Carlos O&#8217;Donnell<\/a><\/h3>\n\t\t\t\t<p>Desarrollo de estrategias<\/p>\n\t\t\t<\/figcaption>\n\t\t<\/figure>\n\t\t\t\t<figure class=\"col position-relative mb-3 mb-lg-4\">\n\t\t\t<figure class=\"ratio ratio-3x4\">\n\t\t\t\t<picture><source width=\"334\" height=\"459\" srcset=\"https:\/\/media.inmobalia.com\/imgV1\/B8vEv5Xh_5LUCieSgTSYvZARiyPvaEzBfND84IPhALqOoZGEEwkb3nSBM074aJQBIX5qLSrfKk4YhVlOGK84cwgxaqENtUaz9Qtg~0bYk5evTlkoAVJuOF17qdqazTvoJaTrPPq0Oso~RfHrzg6MALI-.jpg 334w\" type=\"image\/webp\"><img loading=\"lazy\" decoding=\"async\" class=\"image-fit\" width=\"334\" height=\"459\" src=\"https:\/\/media.inmobalia.com\/imgV1\/B8vEv5Xh_5LUCieSgTSPinP4fW9fI9Ck9uLS1Ug4B2TzSTxI2an9NtsvYx3V27WLzGWsnFoGlQwvqn9rM8mTH0hcEX1F1ONgl48Dox9mD5SSyYcY6HTlmWehEOlZF7MHnQ--.jpg\"><\/picture>\t\t\t<\/figure>\n\t\t\t<figcaption class=\"d-flex flex-column mt-3\">\n\t\t\t\t<h3 class=\"h5 mb-1\"><a href=\"https:\/\/www.homewatch.es\/es\/agentes\/encarnacion-luque\" class=\"stretched-link text-decoration-none\">Encarnaci\u00f3n Luque<\/a><\/h3>\n\t\t\t\t<p>Gestora de propiedades<\/p>\n\t\t\t<\/figcaption>\n\t\t<\/figure>\n\t\t\t\t<figure class=\"col position-relative mb-3 mb-lg-4\">\n\t\t\t<figure class=\"ratio ratio-3x4\">\n\t\t\t\t<picture><source width=\"334\" height=\"459\" srcset=\"https:\/\/media.inmobalia.com\/imgV1\/B8vEv5Xh_5LUCieSgTSYvZARiyPvaEzBfND84IPhALqOoZGEEwkb3nSBM074aJQBIX5qLSrfKk4YhVlOGK84cwgxaqENtUaz9Qtg~0bYk5evTlkoAVJuOF4mxfqTmZ0_E3aDBPu7vXoJIPWf_a1bj_PU8MNDJj5wsrCTIA--.jpg 334w\" type=\"image\/webp\"><img loading=\"lazy\" decoding=\"async\" class=\"image-fit\" width=\"334\" height=\"459\" src=\"https:\/\/media.inmobalia.com\/imgV1\/B8vEv5Xh_5LUCieSgTSPinP4fW9fI9Ck9uLS1Ug4B2TzSTxI2an9NtsvYx3V27WLzGWsnFoGlQwvqn9rM8mTH0hcEX1F1ONglOw69D4s52spO_JTfgMnHqb8DeMWGg2lEn4G4Z9NeS71XgsG.jpg\"><\/picture>\t\t\t<\/figure>\n\t\t\t<figcaption class=\"d-flex flex-column mt-3\">\n\t\t\t\t<h3 class=\"h5 mb-1\"><a href=\"https:\/\/www.homewatch.es\/es\/agentes\/sandra-kamocsai\" class=\"stretched-link text-decoration-none\">Cristina Moreno<\/a><\/h3>\n\t\t\t\t<p>Gerente de Contabilidad<\/p>\n\t\t\t<\/figcaption>\n\t\t<\/figure>\n\t\t\t\t<figure class=\"col position-relative mb-3 mb-lg-4\">\n\t\t\t<figure class=\"ratio ratio-3x4\">\n\t\t\t\t\t\t\t<\/figure>\n\t\t\t<figcaption class=\"d-flex flex-column mt-3\">\n\t\t\t\t<h3 class=\"h5 mb-1\"><a href=\"https:\/\/www.homewatch.es\/es\/sobre-nosotros\" class=\"stretched-link text-decoration-none\">Sobre Nosotros<\/a><\/h3>\n\t\t\t\t<p><\/p>\n\t\t\t<\/figcaption>\n\t\t<\/figure>\n\t\t\t\t<figure class=\"col position-relative mb-3 mb-lg-4\">\n\t\t\t<figure class=\"ratio ratio-3x4\">\n\t\t\t\t\t\t\t<\/figure>\n\t\t\t<figcaption class=\"d-flex flex-column mt-3\">\n\t\t\t\t<h3 class=\"h5 mb-1\"><a href=\"https:\/\/www.homewatch.es\/es\/sobre-nosotros\" class=\"stretched-link text-decoration-none\">Sobre Nosotros<\/a><\/h3>\n\t\t\t\t<p><\/p>\n\t\t\t<\/figcaption>\n\t\t<\/figure>\n\t\t\t\t<figure class=\"col position-relative mb-3 mb-lg-4\">\n\t\t\t<figure class=\"ratio ratio-3x4\">\n\t\t\t\t\t\t\t<\/figure>\n\t\t\t<figcaption class=\"d-flex flex-column mt-3\">\n\t\t\t\t<h3 class=\"h5 mb-1\"><a href=\"https:\/\/www.homewatch.es\/es\/sobre-nosotros\" class=\"stretched-link text-decoration-none\">Sobre Nosotros<\/a><\/h3>\n\t\t\t\t<p><\/p>\n\t\t\t<\/figcaption>\n\t\t<\/figure>\n\t\t\t\t<figure class=\"col position-relative mb-3 mb-lg-4\">\n\t\t\t<figure class=\"ratio ratio-3x4\">\n\t\t\t\t\t\t\t<\/figure>\n\t\t\t<figcaption class=\"d-flex flex-column mt-3\">\n\t\t\t\t<h3 class=\"h5 mb-1\"><a href=\"https:\/\/www.homewatch.es\/es\/sobre-nosotros\" class=\"stretched-link text-decoration-none\">Sobre Nosotros<\/a><\/h3>\n\t\t\t\t<p><\/p>\n\t\t\t<\/figcaption>\n\t\t<\/figure>\n\t\t\t\t<figure class=\"col position-relative mb-3 mb-lg-4\">\n\t\t\t<figure class=\"ratio ratio-3x4\">\n\t\t\t\t<picture><source width=\"334\" height=\"459\" srcset=\"https:\/\/media.inmobalia.com\/imgV1\/B8vEv5Xh_5LUCieSgTSYvZARiyPvaEzBfND84IPhALqOoZGEEwkb3nSBM074aJQBIX5qLSrfKk4YhVlOGK84cwgxaqENtUaz9Qtg~0bYk5evTlkoAVJuOF17p_J1PnGngB7brfzX3fFW5cS_MamVQcud.jpg 334w\" type=\"image\/webp\"><img loading=\"lazy\" decoding=\"async\" class=\"image-fit\" width=\"334\" height=\"459\" src=\"https:\/\/media.inmobalia.com\/imgV1\/B8vEv5Xh_5LUCieSgTSPinP4fW9fI9Ck9uLS1Ug4B2TzSTxI2an9NtsvYx3V27WLzGWsnFoGlQwvqn9rM8mTH0hcEX1F1ONgl48Nr4XzKu2pp5gOsFFzAR01rxw9Qrb4cJs-.jpg\"><\/picture>\t\t\t<\/figure>\n\t\t\t<figcaption class=\"d-flex flex-column mt-3\">\n\t\t\t\t<h3 class=\"h5 mb-1\"><a href=\"https:\/\/www.homewatch.es\/es\/agentes\/pedro-sanchez\" class=\"stretched-link text-decoration-none\">Pedro S\u00e1nchez<\/a><\/h3>\n\t\t\t\t<p>Gerente de Mantenimiento<\/p>\n\t\t\t<\/figcaption>\n\t\t<\/figure>\n\t\t\t\t<figure class=\"col position-relative mb-3 mb-lg-4\">\n\t\t\t<figure class=\"ratio ratio-3x4\">\n\t\t\t\t\t\t\t<\/figure>\n\t\t\t<figcaption class=\"d-flex flex-column mt-3\">\n\t\t\t\t<h3 class=\"h5 mb-1\"><a href=\"https:\/\/www.homewatch.es\/es\/sobre-nosotros\" class=\"stretched-link text-decoration-none\">Sobre Nosotros<\/a><\/h3>\n\t\t\t\t<p><\/p>\n\t\t\t<\/figcaption>\n\t\t<\/figure>\n\t\t\t\t<figure class=\"col position-relative mb-3 mb-lg-4\">\n\t\t\t<figure class=\"ratio ratio-3x4\">\n\t\t\t\t<picture><source width=\"334\" height=\"459\" srcset=\"https:\/\/media.inmobalia.com\/imgV1\/B8vEv5Xh_5LUCieSgTSYvZARiyPvaEzBfND84IPhALqOoZGEEwkb3nSBM074aJQBIX5qLSrfKk4YhVlOGK84cwgxaqENtUaz9Qtg~0bYk5evTlkoAVNYVwBVwIQiexC0WHNMU4QJpEhX~N7X.jpg 334w\" type=\"image\/webp\"><img loading=\"lazy\" decoding=\"async\" class=\"image-fit\" width=\"334\" height=\"459\" src=\"https:\/\/media.inmobalia.com\/imgV1\/B8vEv5Xh_5LUCieSgTSPinP4fW9fI9Ck9uLS1Ug4B2TzSTxI2an9NtsvYx3V27WLzGWsnFoGlQwvqn9rM8mTH0hcEX1F1ZRnl_d3EhriH88KoQud9su6x1zWw8k-.jpg\"><\/picture>\t\t\t<\/figure>\n\t\t\t<figcaption class=\"d-flex flex-column mt-3\">\n\t\t\t\t<h3 class=\"h5 mb-1\"><a href=\"https:\/\/www.homewatch.es\/es\/agentes\/manuel-picon\" class=\"stretched-link text-decoration-none\">Manuel Pic\u00f3n<\/a><\/h3>\n\t\t\t\t<p>Especialista en Administraci\u00f3n y Contabilidad<\/p>\n\t\t\t<\/figcaption>\n\t\t<\/figure>\n\t\t\t\t<figure class=\"col position-relative mb-3 mb-lg-4\">\n\t\t\t<figure class=\"ratio ratio-3x4\">\n\t\t\t\t<picture><source width=\"334\" height=\"459\" srcset=\"https:\/\/media.inmobalia.com\/imgV1\/B8vEv5Xh_5LUCieSgTSYvZARiyPvaEzBfND84IPhALqOoZGEEwkb3nSBM074aJQBIX5qLSrfKk4YhVlOGK84cwgxaqENtUaz9Qtg~0bYk5evTlkoAVNYVwLL~fz2QF9AGn9RsLP2rF1GJMPID_3Z1Ek3VJfS.jpeg 334w\" type=\"image\/webp\"><img loading=\"lazy\" decoding=\"async\" class=\"image-fit\" width=\"334\" height=\"459\" src=\"https:\/\/media.inmobalia.com\/imgV1\/B8vEv5Xh_5LUCieSgTSPinP4fW9fI9Ck9uLS1Ug4B2TzSTxI2an9NtsvYx3V27WLzGWsnFoGlQwvqn9rM8mTH0hcEX1F1ZRnle9BQ~AFiG~oD1NVAZEEKwDAXEfyhW5Mr~dmP20-.jpeg\"><\/picture>\t\t\t<\/figure>\n\t\t\t<figcaption class=\"d-flex flex-column mt-3\">\n\t\t\t\t<h3 class=\"h5 mb-1\"><a href=\"https:\/\/www.homewatch.es\/es\/agentes\/fatima-montero\" class=\"stretched-link text-decoration-none\">F\u00e1tima Montero<\/a><\/h3>\n\t\t\t\t<p>Asistente de Marketing y Administraci\u00f3n<\/p>\n\t\t\t<\/figcaption>\n\t\t<\/figure>\n\t\t\t\t<figure class=\"col position-relative mb-3 mb-lg-4\">\n\t\t\t<figure class=\"ratio ratio-3x4\">\n\t\t\t\t<picture><source width=\"334\" height=\"459\" srcset=\"https:\/\/media.inmobalia.com\/imgV1\/B8vEv5Xh_5LUCieSgTSYvZARiyPvaEzBfND84IPhALqOoZGEEwkb3nSBM074aJQBIX5qLSrfKk4YhVlOGK84cwgxaqENtUaz9Qtg~0bYk5evTlkoAVNYVwMpRcTRQVfzZD0pW5yH26mf~0g3.jpg 334w\" type=\"image\/webp\"><img loading=\"lazy\" decoding=\"async\" class=\"image-fit\" width=\"334\" height=\"459\" src=\"https:\/\/media.inmobalia.com\/imgV1\/B8vEv5Xh_5LUCieSgTSPinP4fW9fI9Ck9uLS1Ug4B2TzSTxI2an9NtsvYx3V27WLzGWsnFoGlQwvqn9rM8mTH0hcEX1F1ZRnlNPx7WNtFEm98mfowNynKsm2lWg-.jpg\"><\/picture>\t\t\t<\/figure>\n\t\t\t<figcaption class=\"d-flex flex-column mt-3\">\n\t\t\t\t<h3 class=\"h5 mb-1\"><a href=\"https:\/\/www.homewatch.es\/es\/agentes\/yessica-martinez\" class=\"stretched-link text-decoration-none\">Y\u00e9ssica Mart\u00ednez<\/a><\/h3>\n\t\t\t\t<p> Administraci\u00f3n y coordinaci\u00f3n operativa<br \/>\r\n<br \/>\r\n<\/p>\n\t\t\t<\/figcaption>\n\t\t<\/figure>\n\t\t\t<\/div>\t\t\n<\/section>\n\n\n<section class=\"hero position-relative mt-5 mt-lg-7 mt-xxl-10 wp-block-acf-herobox\">\n\t<div class=\"container-fluid max-width\">\n\t\t<div class=\"row align-items-center flex-row-reverse\">\n\t\t\t<div class=\"fadeElem col-lg-6 mb-4 mb-lg-0\">\n\t\t\t\t<figure class=\"ratio ratio-16x9\">\n\t\t\t\t\t<picture><source width=\"868\" height=\"488\" srcset=\"https:\/\/media.inmobalia.com\/imgV1\/B8vEv5Xh8DS9rnERuBEA9cCG6HyaDpGtazXt7GVmSD96uwsZF76O2oJFN4Dq5E6Kg4yW1NM2TCktg1JD0_Y8FXh8PkazxOfT9cRoTA07EGjFKTTXjov3EWY4AUZ0OFn7CBDdKv4Vs38hGEHOisaQig--.jpg 868w\" type=\"image\/webp\"><img loading=\"lazy\" decoding=\"async\" class=\"image-fit w-100 h-100\" width=\"868\" height=\"488\" src=\"https:\/\/media.inmobalia.com\/imgV1\/B8vEv5Xh8DS9rnERuBEXSoCsxmDHOjWb~TDUXqMu3izUBUQ9H1I9FiiIxqj5kf2r80LYnK_quhcLPnbvDsFq~ZANrSTeOaUhWZPLHXiU8YZ6hZNex5dTcDREzui0X2Fv.jpg\"><\/picture>\t\t\t\t<\/figure>\n\t\t\t<\/div>\n\t\t\t<div class=\"col-lg-6 px-xxl-7\">\n\t\t\t\t\t\t\t\t<h2>\n\t\t\t\t\tServicios para Propietarios\t\t\t\t<\/h2>\n\t\t\t\t\t\t\t\t<p>Somos destacados especialistas en gesti\u00f3n inmobiliaria, nos encargamos de todo, desde el proceso burocr\u00e1tico y gesti\u00f3n de la propiedad hasta la selecci\u00f3n de inquilinos, mantenimiento y limpieza de la casa, sin que usted tenga que preocuparse de nada. Descubre todo lo que ofrecemos.<\/p>\n\t\t\t\t<ul class=\"list-unstyled d-flex gap-4 mt-4 mt-lg-5\">\n\t\t\t\t\t\t\t\t\t\t<li>\n\t\t\t\t\t\t<a href=\"https:\/\/www.homewatch.es\/es\/servicios\/propietarios\" class=\"btn btn-inm stretched-link\">\n\t\t\t\t\t\t\tMas info\t\t\t\t\t\t<\/a>\n\t\t\t\t\t<\/li>\n\t\t\t\t\t\t\t\t\t<\/ul>\n\t\t\t\t\t\t\t<\/div>\n\t\t<\/div>\n\t<\/div>\n<\/section>\n\n\n<section class=\"hero position-relative mt-5 mt-lg-7 mt-xxl-10 wp-block-acf-herobox\">\n\t<div class=\"container-fluid max-width\">\n\t\t<div class=\"row align-items-center flex-row-reverse\">\n\t\t\t<div class=\"fadeElem col-lg-6 mb-4 mb-lg-0\">\n\t\t\t\t<figure class=\"ratio ratio-16x9\">\n\t\t\t\t\t<picture><source width=\"868\" height=\"488\" srcset=\"https:\/\/media.inmobalia.com\/imgV1\/B8vEv5Xh8DS9rnERuBEA9cCG6HyaDpGtazXt7GVmSD96uwsZF76O2oJFN4Dq5E6Kg4yW1NM2TCktg1JD0_Y8FXh8PkazxOfT9cRoTA07EGjFKTTXjov3EWY4NllYvO_kDgLQlQ4lU5t9JYOi5eMyyOeaXecGKypDaB~s.jpg 868w\" type=\"image\/webp\"><img loading=\"lazy\" decoding=\"async\" class=\"image-fit w-100 h-100\" width=\"868\" height=\"488\" src=\"https:\/\/media.inmobalia.com\/imgV1\/B8vEv5Xh8DS9rnERuBEXSoCsxmDHOjWb~TDUXqMu3izUBUQ9H1I9FiiIxqj5kf2r80LYnK_quhcLPnbvDsFq~ZANrSTeOaUhWZP8rsBkDyUEwmZT3_6zIqs6uli3k0i8UKEoy4UGKlubkfQ-.jpg\"><\/picture>\t\t\t\t<\/figure>\n\t\t\t<\/div>\n\t\t\t<div class=\"col-lg-6 px-xxl-7\">\n\t\t\t\t\t\t\t\t<h2>\n\t\t\t\t\tServicios para Inquilinos\t\t\t\t<\/h2>\n\t\t\t\t\t\t\t\t<p>Con gran dedicaci\u00f3n y esmero ofrecemos a nuestros clientes la mejor selecci\u00f3n de propiedades y cuidamos cada m\u00ednimo detalle para que nuestros hu\u00e9spedes sean atendidos con mimo. Nos enorgullecemos de brindar un servicio excelente y personalizado. Tu felicidad es nuestra felicidad.<\/p>\n\t\t\t\t<ul class=\"list-unstyled d-flex gap-4 mt-4 mt-lg-5\">\n\t\t\t\t\t\t\t\t\t\t<li>\n\t\t\t\t\t\t<a href=\"https:\/\/www.homewatch.es\/es\/servicios\/inquilinos\" class=\"btn btn-inm stretched-link\">\n\t\t\t\t\t\t\tMas info\t\t\t\t\t\t<\/a>\n\t\t\t\t\t<\/li>\n\t\t\t\t\t\t\t\t\t<\/ul>\n\t\t\t\t\t\t\t<\/div>\n\t\t<\/div>\n\t<\/div>\n<\/section>\n\n\n<section class=\"container-fluid max-width d-flex flex-column align-items-start align-items-lg-center mt-5 mt-lg-7 mt-xxl-10\">\n\t\t<div class=\"col-xl-6 mb-4 mb-lg-5\">\n\t\t<h2 class=\"h1 text-md-center mb-4\">Noticias y art\u00edculos<\/h2>\t<\/div>\n\t\t<div class=\"row w-100 row-cols-1 row-cols-md-2 row-cols-xxl-4\">\n\t\t\t\t<article class=\"col blog-item gy-4\">\n\t\t\t<div class=\"position-relative h-100 d-flex flex-column\">\n\t\t\t\t<picture class=\"ratio ratio-1x1\"><source width=\"868\" height=\"488\" srcset=\"https:\/\/media.inmobalia.com\/imgV1\/B8vEv5Xh8DS9rnERuBEA9cCG6HyaDpGtazXt7GVmSD96uwsZF76O2oJFN4Dq5E6Kg4yW1NM2TCktg1JD0_Y8FXh8PkazxOfT9cRoTA07EGjFKTTXjo1vzviw2u_aGZ2UaQ7Vpw--.jpg 868w\" type=\"image\/webp\"><img loading=\"lazy\" decoding=\"async\" class=\"image-fit\" alt=\"Cabopino\" width=\"868\" height=\"488\" src=\"https:\/\/media.inmobalia.com\/imgV1\/B8vEv5Xh8DS9rnERuBEXSoCsxmDHOjWb~TDUXqMu3izUBUQ9H1I9FiiIxqj5kf2r80LYnK_quhcLPnbvDsFq~ZANrSTeP5bNUE5LIHoVSPXE7PSi.jpg\"><\/picture>\t\t\t\t<div class=\"blog-item__text h-100 d-flex flex-column mt-4\">\n\t\t\t\t\t<h3 class=\"h6 blog-item-title mb-3\">\n\t\t\t\t\t\t<a class=\"stretched-link text-black\" href=\"https:\/\/www.homewatch.es\/es\/6921-cabopino-un-paraiso-natural-en-marbella\">Cabopino, un para\u00edso natural extraordinario en Marbella<\/a>\n\t\t\t\t\t<\/h3>\n\t\t\t\t\t\t\t\t\t\t<span class=\"btn btn-link align-self-start fw-bold p-0\">Leer m\u00e1s<\/span>\n\t\t\t\t<\/div>\n\t\t\t<\/div>\n\t\t<\/article>\n\t\t\t\t<article class=\"col blog-item gy-4\">\n\t\t\t<div class=\"position-relative h-100 d-flex flex-column\">\n\t\t\t\t<picture class=\"ratio ratio-1x1\"><source width=\"868\" height=\"488\" srcset=\"https:\/\/media.inmobalia.com\/imgV1\/B8vEv5Xh8DS9rnERuBEA9cCG6HyaDpGtazXt7GVmSD96uwsZF76O2oJFN4Dq5E6Kg4yW1NM2TCktg1JD0_Y8FXh8PkazxOfT9cRoTA07EGjFKTTXjo1vzvn_xTN2LXRUUc3NxJH3oRoSmY1Nxe_PNihv.png 868w\" type=\"image\/webp\"><img loading=\"lazy\" decoding=\"async\" class=\"image-fit\" width=\"868\" height=\"488\" src=\"https:\/\/media.inmobalia.com\/imgV1\/B8vEv5Xh8DS9rnERuBEA9cCG7NDYXkwUOOGQoqjCU9qryamW1RSk~g4oZYxSA9SsRM2jSFmtPk5ATSZNeQ2SUohtR6i~horAPPmcl8O3pYmwXqZWdlI98vqpzb4TW7bmwUU5cE4GGcpqGDo-.png\"><\/picture>\t\t\t\t<div class=\"blog-item__text h-100 d-flex flex-column mt-4\">\n\t\t\t\t\t<h3 class=\"h6 blog-item-title mb-3\">\n\t\t\t\t\t\t<a class=\"stretched-link text-black\" href=\"https:\/\/www.homewatch.es\/es\/6869-nomadas-digitales-en-espana\">N\u00f3madas digitales en Espa\u00f1a: vivir, trabajar y disfrutar en la Costa del Sol<\/a>\n\t\t\t\t\t<\/h3>\n\t\t\t\t\t\t\t\t\t\t<span class=\"btn btn-link align-self-start fw-bold p-0\">Leer m\u00e1s<\/span>\n\t\t\t\t<\/div>\n\t\t\t<\/div>\n\t\t<\/article>\n\t\t\t\t<article class=\"col blog-item gy-4\">\n\t\t\t<div class=\"position-relative h-100 d-flex flex-column\">\n\t\t\t\t<picture class=\"ratio ratio-1x1\"><source width=\"868\" height=\"488\" srcset=\"https:\/\/media.inmobalia.com\/imgV1\/B8vEv5Xh8DS9rnERuBEA9cCG6HyaDpGtazXt7GVmSD96uwsZF76O2oJFN4Dq5E6Kg4yW1NM2TCktg1JD0_Y8FXh8PkazxOfT9cRoTA07EGjFKTTXjo1vzvn_l7ETzO5V.png 868w\" type=\"image\/webp\"><img loading=\"lazy\" decoding=\"async\" class=\"image-fit\" width=\"868\" height=\"488\" src=\"https:\/\/media.inmobalia.com\/imgV1\/B8vEv5Xh8DS9rnERuBEA9cCG7NDYXkwUOOGQoqjCU9qryamW1RSk~g4oZYxSA9SsRM2jSFmtPk5ATSZNeQ2SUohtR6i~horAPPmcl8O3pYmwXqYEdu6AdvA-.png\"><\/picture>\t\t\t\t<div class=\"blog-item__text h-100 d-flex flex-column mt-4\">\n\t\t\t\t\t<h3 class=\"h6 blog-item-title mb-3\">\n\t\t\t\t\t\t<a class=\"stretched-link text-black\" href=\"https:\/\/www.homewatch.es\/es\/6846-vender-o-alquilar-2\">\u00bfVender o alquilar una vivienda en la Costa del Sol?<\/a>\n\t\t\t\t\t<\/h3>\n\t\t\t\t\t\t\t\t\t\t<span class=\"btn btn-link align-self-start fw-bold p-0\">Leer m\u00e1s<\/span>\n\t\t\t\t<\/div>\n\t\t\t<\/div>\n\t\t<\/article>\n\t\t\t\t<article class=\"col blog-item gy-4\">\n\t\t\t<div class=\"position-relative h-100 d-flex flex-column\">\n\t\t\t\t<picture class=\"ratio ratio-1x1\"><source width=\"868\" height=\"488\" srcset=\"https:\/\/media.inmobalia.com\/imgV1\/B8vEv5Xh8DS9rnERuBEA9cCG6HyaDpGtazXt7GVmSD96uwsZF76O2oJFN4Dq5E6Kg4yW1NM2TCktg1JD0_Y8FXh8PkazxOfT9cRoTA07EGjFKTTXjo1vzvn_xTN2LXRUUc3NxJH3oRoSmY1NxlQ1hw--.png 868w\" type=\"image\/webp\"><img loading=\"lazy\" decoding=\"async\" class=\"image-fit\" width=\"868\" height=\"488\" src=\"https:\/\/media.inmobalia.com\/imgV1\/B8vEv5Xh8DS9rnERuBEA9cCG7NDYXkwUOOGQoqjCU9qryamW1RSk~g4oZYxSA9SsRM2jSFmtPk5ATSZNeQ2SUohtR6i~horAPPmcl8O3pYmwXqZWdlI98vqpzb4TW7bmwUU5cE4F_vZH.png\"><\/picture>\t\t\t\t<div class=\"blog-item__text h-100 d-flex flex-column mt-4\">\n\t\t\t\t\t<h3 class=\"h6 blog-item-title mb-3\">\n\t\t\t\t\t\t<a class=\"stretched-link text-black\" href=\"https:\/\/www.homewatch.es\/es\/6826-almazara-boutique-residences-2\">Almazara Boutique Residences: inversi\u00f3n inmobiliaria en la Costa del Sol<\/a>\n\t\t\t\t\t<\/h3>\n\t\t\t\t\t\t\t\t\t\t<span class=\"btn btn-link align-self-start fw-bold p-0\">Leer m\u00e1s<\/span>\n\t\t\t\t<\/div>\n\t\t\t<\/div>\n\t\t<\/article>\n\t\t\t<\/div>\n\t\t<a class=\"btn btn-inm mt-4 mt-lg-5\" href=\"https:\/\/www.homewatch.es\/es\/blog\">Lee nuestro Blog<\/a>\n\t<\/section>\n<\/section>\n","protected":false},"excerpt":{"rendered":"","protected":false},"author":2,"featured_media":4525,"parent":0,"menu_order":5,"comment_status":"closed","ping_status":"closed","template":"template-pages\/page-landing.php","meta":{"_acf_changed":true,"footnotes":""},"class_list":["post-695","page","type-page","status-publish","has-post-thumbnail","hentry"],"acf":[],"_links":{"self":[{"href":"https:\/\/www.homewatch.es\/es\/wp-json\/wp\/v2\/pages\/695","targetHints":{"allow":["GET"]}}],"collection":[{"href":"https:\/\/www.homewatch.es\/es\/wp-json\/wp\/v2\/pages"}],"about":[{"href":"https:\/\/www.homewatch.es\/es\/wp-json\/wp\/v2\/types\/page"}],"author":[{"embeddable":true,"href":"https:\/\/www.homewatch.es\/es\/wp-json\/wp\/v2\/users\/2"}],"replies":[{"embeddable":true,"href":"https:\/\/www.homewatch.es\/es\/wp-json\/wp\/v2\/comments?post=695"}],"version-history":[{"count":0,"href":"https:\/\/www.homewatch.es\/es\/wp-json\/wp\/v2\/pages\/695\/revisions"}],"wp:featuredmedia":[{"embeddable":true,"href":"https:\/\/www.homewatch.es\/es\/wp-json\/wp\/v2\/media\/4525"}],"wp:attachment":[{"href":"https:\/\/www.homewatch.es\/es\/wp-json\/wp\/v2\/media?parent=695"}],"curies":[{"name":"wp","href":"https:\/\/api.w.org\/{rel}","templated":true}]}}