{"id":4744,"date":"2024-01-22T09:37:05","date_gmt":"2024-01-22T08:37:05","guid":{"rendered":"https:\/\/www.homewatch.es\/servicios\/servicios-para-compradores\/change-in-ownership-supplies"},"modified":"2024-02-06T10:08:26","modified_gmt":"2024-02-06T09:08:26","slug":"cambio-de-suministros-en-la-propeidad","status":"publish","type":"page","link":"https:\/\/www.homewatch.es\/es\/servicios\/servicios-para-compradores\/cambio-de-suministros-en-la-propeidad","title":{"rendered":"Cambio de Suministros en la propiedad"},"content":{"rendered":"\n<p>Nuestro servicio de cambio de suministros para la propiedad est\u00e1 dise\u00f1ado para garantizar una transici\u00f3n fluida y sin estr\u00e9s cuando compra una nueva propiedad. Entendemos que el proceso de transferencia de suministros esenciales como electricidad, agua, gas, internet y sistemas de seguridad puede ser complejo y llevar mucho tiempo. Es por eso que cuidamos cada detalle, desde comunicarnos con las compa\u00f1\u00edas de servicios p\u00fablicos hasta actualizar contratos y configurar cuentas, asegurando que su nueva propiedad est\u00e9 en pleno funcionamiento desde el momento en que recibe las llaves.<\/p>\n\n\n\n<p>Nuestro equipo de expertos coordina y gestiona todos los aspectos del cambio de titularidad de los servicios, como la activaci\u00f3n de nuevos contratos a su nombre. Nos aseguramos de que todos los suministros funcionen de manera eficiente y de acuerdo con las regulaciones locales, liber\u00e1ndolo de problemas administrativos y permiti\u00e9ndole concentrarse en disfrutar de su nueva inversi\u00f3n. Adem\u00e1s, ofrecemos asesoramiento personalizado para seleccionar los proveedores y planes que mejor se adaptan a tus necesidades y al perfil de consumo de la propiedad, garantizando no s\u00f3lo una transici\u00f3n fluida, sino tambi\u00e9n la optimizaci\u00f3n de tus costes a largo plazo.<\/p>\n\n\n\n<p>Nuestro servicio de cambio de suministros para la propiedad es m\u00e1s que un simple tr\u00e1mite; es una soluci\u00f3n integral que refleja nuestro compromiso de brindar una experiencia de compra excepcional, garantizando que cada aspecto de su inversi\u00f3n inmobiliaria se maneje con cuidado, precisi\u00f3n y atenci\u00f3n personalizada. Con nosotros podr\u00e1 estar seguro de que su propiedad estar\u00e1 lista para disfrutarla plenamente desde el primer d\u00eda.<\/p>\n","protected":false},"excerpt":{"rendered":"<p>Nuestro servicio de cambio de suministros para la propiedad est\u00e1 dise\u00f1ado para garantizar una transici\u00f3n fluida y sin estr\u00e9s cuando compra una nueva propiedad. Entendemos que el proceso de transferencia de suministros esenciales como electricidad, agua, gas, internet y sistemas de seguridad puede ser complejo y llevar mucho tiempo. Es por eso que cuidamos cada&#8230;<\/p>\n","protected":false},"author":2,"featured_media":0,"parent":4730,"menu_order":2,"comment_status":"closed","ping_status":"closed","template":"","meta":{"_acf_changed":false,"footnotes":""},"class_list":["post-4744","page","type-page","status-publish","hentry"],"acf":[],"_links":{"self":[{"href":"https:\/\/www.homewatch.es\/es\/wp-json\/wp\/v2\/pages\/4744","targetHints":{"allow":["GET"]}}],"collection":[{"href":"https:\/\/www.homewatch.es\/es\/wp-json\/wp\/v2\/pages"}],"about":[{"href":"https:\/\/www.homewatch.es\/es\/wp-json\/wp\/v2\/types\/page"}],"author":[{"embeddable":true,"href":"https:\/\/www.homewatch.es\/es\/wp-json\/wp\/v2\/users\/2"}],"replies":[{"embeddable":true,"href":"https:\/\/www.homewatch.es\/es\/wp-json\/wp\/v2\/comments?post=4744"}],"version-history":[{"count":0,"href":"https:\/\/www.homewatch.es\/es\/wp-json\/wp\/v2\/pages\/4744\/revisions"}],"up":[{"embeddable":true,"href":"https:\/\/www.homewatch.es\/es\/wp-json\/wp\/v2\/pages\/4730"}],"wp:attachment":[{"href":"https:\/\/www.homewatch.es\/es\/wp-json\/wp\/v2\/media?parent=4744"}],"curies":[{"name":"wp","href":"https:\/\/api.w.org\/{rel}","templated":true}]}}