{"id":4737,"date":"2024-01-19T12:04:52","date_gmt":"2024-01-19T11:04:52","guid":{"rendered":"https:\/\/www.homewatch.es\/servicios\/servicios-para-compradores\/financial-and-mortage-advice"},"modified":"2024-02-06T09:39:33","modified_gmt":"2024-02-06T08:39:33","slug":"asesoramiento-financiero-e-hipotecario","status":"publish","type":"page","link":"https:\/\/www.homewatch.es\/es\/servicios\/servicios-para-compradores\/asesoramiento-financiero-e-hipotecario","title":{"rendered":"Asesoramiento Financiero e Hipotecario"},"content":{"rendered":"\n<p>En nuestro servicio de Asesor\u00eda Financiera e Hipotecaria, nos dedicamos a brindarle un soporte completo y personalizado en cada etapa del proceso de financiamiento, garantizando que su inversi\u00f3n sea tan segura como rentable.<\/p>\n\n\n\n<p>Comenzamos con una evaluaci\u00f3n detallada de su situaci\u00f3n financiera. Esto incluye un an\u00e1lisis de sus ingresos, ahorros, inversiones y cualquier otro activo o pasivo que pueda influir en su poder adquisitivo. Nuestro objetivo es obtener una comprensi\u00f3n completa de su situaci\u00f3n financiera para brindarle las opciones de financiamiento m\u00e1s adecuadas y beneficiosas.<\/p>\n\n\n\n<p>Una vez que entendemos sus necesidades y capacidades, exploramos el mercado para presentarle las mejores opciones hipotecarias disponibles. Nuestra experiencia y conocimiento del sector nos permiten negociar con entidades financieras para conseguirle condiciones favorables y tipos de inter\u00e9s competitivos. Nos aseguramos de que comprenda completamente las caracter\u00edsticas de cada opci\u00f3n, incluidas las tasas de inter\u00e9s, los t\u00e9rminos de pago, las posibles sanciones y cualquier otro factor relevante, lo que le permitir\u00e1 tomar una decisi\u00f3n informada.<\/p>\n\n\n\n<p>Adem\u00e1s, nos encargamos de todos los aspectos administrativos y tr\u00e1mites asociados a la obtenci\u00f3n de una hipoteca. Desde recopilar la documentaci\u00f3n necesaria hasta coordinar con prestamistas, tasadores y otros profesionales involucrados, cuidamos cada detalle para que el proceso sea lo m\u00e1s sencillo y libre de estr\u00e9s posible.<\/p>\n\n\n\n<p>Pero nuestro apoyo no termina una vez firmada la hipoteca. Estamos comprometidos a ofrecer un servicio continuo, asesor\u00e1ndote en estrategias para la gesti\u00f3n de tu hipoteca en el tiempo, como la posibilidad de refinanciar en funci\u00f3n de variaciones del mercado o cambios en tu situaci\u00f3n financiera.<\/p>\n","protected":false},"excerpt":{"rendered":"<p>En nuestro servicio de Asesor\u00eda Financiera e Hipotecaria, nos dedicamos a brindarle un soporte completo y personalizado en cada etapa del proceso de financiamiento, garantizando que su inversi\u00f3n sea tan segura como rentable. Comenzamos con una evaluaci\u00f3n detallada de su situaci\u00f3n financiera. Esto incluye un an\u00e1lisis de sus ingresos, ahorros, inversiones y cualquier otro activo&#8230;<\/p>\n","protected":false},"author":2,"featured_media":0,"parent":4730,"menu_order":0,"comment_status":"closed","ping_status":"closed","template":"","meta":{"_acf_changed":false,"footnotes":""},"class_list":["post-4737","page","type-page","status-publish","hentry"],"acf":[],"_links":{"self":[{"href":"https:\/\/www.homewatch.es\/es\/wp-json\/wp\/v2\/pages\/4737","targetHints":{"allow":["GET"]}}],"collection":[{"href":"https:\/\/www.homewatch.es\/es\/wp-json\/wp\/v2\/pages"}],"about":[{"href":"https:\/\/www.homewatch.es\/es\/wp-json\/wp\/v2\/types\/page"}],"author":[{"embeddable":true,"href":"https:\/\/www.homewatch.es\/es\/wp-json\/wp\/v2\/users\/2"}],"replies":[{"embeddable":true,"href":"https:\/\/www.homewatch.es\/es\/wp-json\/wp\/v2\/comments?post=4737"}],"version-history":[{"count":0,"href":"https:\/\/www.homewatch.es\/es\/wp-json\/wp\/v2\/pages\/4737\/revisions"}],"up":[{"embeddable":true,"href":"https:\/\/www.homewatch.es\/es\/wp-json\/wp\/v2\/pages\/4730"}],"wp:attachment":[{"href":"https:\/\/www.homewatch.es\/es\/wp-json\/wp\/v2\/media?parent=4737"}],"curies":[{"name":"wp","href":"https:\/\/api.w.org\/{rel}","templated":true}]}}