{"id":4730,"date":"2024-01-18T15:28:17","date_gmt":"2024-01-18T14:28:17","guid":{"rendered":"https:\/\/www.homewatch.es\/servicios\/services-for-buyers"},"modified":"2024-02-06T10:18:07","modified_gmt":"2024-02-06T09:18:07","slug":"servicios-para-compradores","status":"publish","type":"page","link":"https:\/\/www.homewatch.es\/es\/servicios\/servicios-para-compradores","title":{"rendered":"Servicios para Compradores"},"content":{"rendered":"\n<section class=\"wp-block-inmoba-maincontent row align-items-center justify-content-center py-5 py-lg-6 mx-auto\"><div class=\"col-xxl-8 mb-0\">\n<h2 class=\"wp-block-heading text-center\">Servicios para Compradores<\/h2>\n\n\n\n<p class=\"has-text-align-center\">Ofrecemos una gu\u00eda completa y personalizada en funci\u00f3n de tu compra, asegurando un proceso claro y eficiente. Nuestro enfoque se centra en comprender sus necesidades espec\u00edficas y sus preferencias comerciales o de estilo de vida para seleccionar propiedades que se alineen perfectamente con sus expectativas. Desde identificar la propiedad ideal hasta gestionar todos los tr\u00e1mites legales y administrativos, nuestro equipo de expertos est\u00e1 aqu\u00ed para facilitar cada paso, garantizando una experiencia de compra fluida y satisfactoria. Con nosotros encontrar\u00e1 m\u00e1s que una propiedad; Descubrir\u00e1s un espacio que cumple con tus criterios, adapt\u00e1ndose a tus necesidades y expectativas.<\/p>\n<\/div><\/section>\n\n\n\n<section class=\"wp-block-inmoba-inmfullwidthcontent\">\n<figure class=\"wp-caption aligncenter\">\n<picture><source width=\"1480\" srcset=\"https:\/\/media.inmobalia.com\/imgV1\/B98Le8~d7M9pwOKhCJcJLIfglZOtvyX13f98gUEkry2AXpxxwVVUW6beaB1CbHQXGOhTMxPEWoq2vSWoPxT0dWUFVpFov6NwmlNzq3qwzpnpHLdLIbYR7l7nczj~6_pc_ZUj2Kw_8ytynUXtvtET2lhLPbqGn0khRsU7BMPkUB9KEw--.jpg 1480w\" type=\"image\/webp\"><img decoding=\"async\" class=\"img-fluid \" width=\"1480\" src=\"https:\/\/media.inmobalia.com\/imgV1\/B98Le8~d7M9pwOKhH98twCJY8~z6ePCZX6v4ZFfOvduhBdeVCpC563TEl9~Gba~ZsCNLt5CSrqfb7qaISBEVv0QdM3N8LXX9i1iJUFH8BBtJyupxJDhcSeuN6YKUtaUlkREeJqslVBszDDbcJeowO6xX.jpg\"><\/picture>\n<figcaption class=\"wp-caption-text\"><\/figcaption>\n<\/figure>\n<\/section>\n\n\n<section class=\"container-fluid max-width d-flex flex-column align-items-start align-items-lg-center mt-5 mt-lg-7 mt-xxl-10\">\n\t<div class=\"col-12 col-xl-10 mb-3 mb-5\">\n\t\t<h2 class=\"h1 text-md-center mb-4\">GESTI\u00d3N DE COMPRA DE PROPIEDADES: Eficiencia y Confiabilidad en Cada Paso<\/h2>\t<\/div>\n\t<div class=\"f-carousel offcanvas-carousel card-images-carousel d-flex w-100\">\n\t\t<article class=\"f-carousel__slide card-image\">\n\t<figure class=\"position-relative mb-0\">\n\t\t<a class=\"d-block text-decoration-none w-100 h-100\" href=\"https:\/\/www.homewatch.es\/es\/servicios\/servicios-para-compradores\/asesoramiento-financiero-e-hipotecario\" title=\"Asesoramiento Financiero e Hipotecario\">\n\t\t\t<picture><source width=\"300\" height=\"400\" srcset=\"https:\/\/media.inmobalia.com\/imgV1\/B8vEv5Xh_5GuTYKbhFfe~tryEQ701Sp0ejy66XMsUMxcB3LHkDlW~LHj3BzP9L1k8w_xfIn18c8HFXQZTSs2db4WTDcM~7vX0wk3sOle0Vbzgc3Wou3k1Uk6~_3S02EdmUYWNl__WBzbGodO7PJDSeUsmH9mA7Frjeorvv_ob8J8d1bZ.jpg 300w\" type=\"image\/webp\"><img fetchpriority=\"high\" decoding=\"async\" class=\"image-fit\" width=\"300\" height=\"400\" src=\"https:\/\/media.inmobalia.com\/imgV1\/B8vEv5Xh_5GuTYKbhFfJYWehvaOcCG_lhebewA~gSNoVX_fusNnFNA7J6aqiY9j1lDXeeYZjupvdERxKPUgYX6GxjGQmn8sXrZyluiamQWaAkqh9Mxzn_PXlk~XMxDDvj1693kjF6g0n7vLL_BGuvDzoc7o-.jpg\"><\/picture>\t\t\t<figcaption class=\"position-relative p-4 fw-bold fs-4 text-white\">\n\t\t\t\t<h3 class=\"h4 mb-0\">Asesoramiento Financiero e Hipotecario<\/h3>\n\t\t\t<\/figcaption>\n\t\t<\/a>\n\t<\/figure>\n<\/article>\n<article class=\"f-carousel__slide card-image\">\n\t<figure class=\"position-relative mb-0\">\n\t\t<a class=\"d-block text-decoration-none w-100 h-100\" href=\"https:\/\/www.homewatch.es\/es\/servicios\/servicios-para-compradores\/soporte-integral-de-compra\" title=\"Soporte integral de compra\">\n\t\t\t<picture><source width=\"300\" height=\"400\" srcset=\"https:\/\/media.inmobalia.com\/imgV1\/B8vEv5Xh_5GuTYKbhFfe~tryEQ701Sp0ejy66XMsUMxcB3LHkDlW~LHj3BzP9L1k8w_xfIn18c8HFXQZTSs2db4WTDcM~7vX0wk3sOle0Vbzgc3Wou3k1Uk698zrMu1S3xSZ1gJCjSxIoDAJYDB6k588o0DAV8yOnysJkhzhqG2M1aCam4EgoghPD9tFfgqfjtIPGMSSmb7Y.jpg 300w\" type=\"image\/webp\"><img decoding=\"async\" class=\"image-fit\" width=\"300\" height=\"400\" src=\"https:\/\/media.inmobalia.com\/imgV1\/B8vEv5Xh_5GuTYKbhFfJYWehvaOcCG_lhebewA~gSNoVX_fusNnFNA7J6aqiY9j1lDXeeYZjupvdERxKPUgYX6GxjGQmn8sXrZytM540wIpaGRH6Xf53JYXJukVxNy4iwVTEO8yfVjcRs4~fo6vqT3ngZ0qoYRwhS9qkHFDktzI_SUPqYaO~4~0-.jpg\"><\/picture>\t\t\t<figcaption class=\"position-relative p-4 fw-bold fs-4 text-white\">\n\t\t\t\t<h3 class=\"h4 mb-0\">Soporte integral de compra<\/h3>\n\t\t\t<\/figcaption>\n\t\t<\/a>\n\t<\/figure>\n<\/article>\n<article class=\"f-carousel__slide card-image\">\n\t<figure class=\"position-relative mb-0\">\n\t\t<a class=\"d-block text-decoration-none w-100 h-100\" href=\"https:\/\/www.homewatch.es\/es\/servicios\/servicios-para-compradores\/cambio-de-suministros-en-la-propeidad\" title=\"Cambio de titularidad de los suministros\">\n\t\t\t<picture><source width=\"300\" height=\"400\" srcset=\"https:\/\/media.inmobalia.com\/imgV1\/B8vEv5Xh_5GuTYKbhFfe~tryEQ701Sp0ejy66XMsUMxcB3LHkDlW~LHj3BzP9L1k8w_xfIn18c8HFXQZTSs2db4WTDcM~7vX0wk3sOle0Vbzgc3Wou3k1Uk69GsSf4j0KM9ZeH~tHH6xcbntC2FHBYXtBl3ed6W1zQy0T~X5.jpg 300w\" type=\"image\/webp\"><img decoding=\"async\" class=\"image-fit\" width=\"300\" height=\"400\" src=\"https:\/\/media.inmobalia.com\/imgV1\/B8vEv5Xh_5GuTYKbhFfJYWehvaOcCG_lhebewA~gSNoVX_fusNnFNA7J6aqiY9j1lDXeeYZjupvdERxKPUgYX6GxjGQmn8sXrZyuK9_WPHsGmK_BtGTRe4hBH7QHPgKouBWDKEx_7DxWUln~dMg-.jpg\"><\/picture>\t\t\t<figcaption class=\"position-relative p-4 fw-bold fs-4 text-white\">\n\t\t\t\t<h3 class=\"h4 mb-0\">Cambio de titularidad de los suministros<\/h3>\n\t\t\t<\/figcaption>\n\t\t<\/a>\n\t<\/figure>\n<\/article>\n\t<\/div>\n\t<\/section>\n\n\n\n<section class=\"wp-block-inmoba-inmfullwidthcontent\"><section class=\"container-fluid px-4 px-lg-6 mt-6 wp-block-acf-grid\">\n\t<div class=\"row row-cols-1 row-cols-md-2 row-cols-xxl-3 g-5 g-xl-6 justify-content-center\">\n\t\t\t\n\t\t<div class=\"col d-flex flex-column align-items-center\">\n\t\t\t<svg class=\"mb-4\" xmlns=\"http:\/\/www.w3.org\/2000\/svg\" height=\"4em\" viewBox=\"0 0 512 512\"style=\"fill: #30add1\"<!--!Font Awesome Free 6.5.1 by @fontawesome - https:\/\/fontawesome.com License - https:\/\/fontawesome.com\/license\/free Copyright 2024 Fonticons, Inc.--><path d=\"M416 208c0 45.9-14.9 88.3-40 122.7L502.6 457.4c12.5 12.5 12.5 32.8 0 45.3s-32.8 12.5-45.3 0L330.7 376c-34.4 25.2-76.8 40-122.7 40C93.1 416 0 322.9 0 208S93.1 0 208 0S416 93.1 416 208zM288 176c0-44.2-35.8-80-80-80s-80 35.8-80 80c0 48.8 46.5 111.6 68.6 138.6c6 7.3 16.8 7.3 22.7 0c22.1-27 68.6-89.8 68.6-138.6zm-112 0a32 32 0 1 1 64 0 32 32 0 1 1 -64 0z\"\/><\/svg>\t\t\t<div class=\"d-flex flex-column align-items-start\">\n\t\t\t\t<h4 class=\"text-center w-100 mb-3\">B\u00fasqueda de Propiedades Personalizadas<\/h4><p>Nos dedicamos a comprender sus necesidades, preferencias y estilo de vida o negocio espec\u00edficos, para brindarle una selecci\u00f3n de propiedades que se alineen perfectamente con sus expectativas. Utilizando amplios recursos, nuestro conocimiento del mercado y una s\u00f3lida red de contactos, filtramos y presentamos opciones que no s\u00f3lo cumplen con sus criterios, sino que tambi\u00e9n ofrecen un potencial excepcional en t\u00e9rminos de calidad, ubicaci\u00f3n y valor de inversi\u00f3n.<\/p>\n<p>Nuestra atenci\u00f3n personalizada garantiza que su b\u00fasqueda sea eficiente, enfocada y exitosa, llev\u00e1ndolo directamente a la propiedad de sus sue\u00f1os o su pr\u00f3xima oportunidad de inversi\u00f3n estrat\u00e9gica.<\/p>\n\t\t\t<\/div>\n\t\t<\/div>\t\n\t\t\t\n\t\t<div class=\"col d-flex flex-column align-items-center\">\n\t\t\t<svg class=\"mb-4\" xmlns=\"http:\/\/www.w3.org\/2000\/svg\" height=\"4em\" viewBox=\"0 0 384 512\"style=\"fill: #30add1\"<!--!Font Awesome Pro 6.5.1 by @fontawesome - https:\/\/fontawesome.com License - https:\/\/fontawesome.com\/license (Commercial License) Copyright 2024 Fonticons, Inc.--><path d=\"M48 448V64c0-8.8 7.2-16 16-16H224v80c0 17.7 14.3 32 32 32h80V448c0 8.8-7.2 16-16 16H64c-8.8 0-16-7.2-16-16zM64 0C28.7 0 0 28.7 0 64V448c0 35.3 28.7 64 64 64H320c35.3 0 64-28.7 64-64V154.5c0-17-6.7-33.3-18.7-45.3L274.7 18.7C262.7 6.7 246.5 0 229.5 0H64zM96 96c-8.8 0-16 7.2-16 16s7.2 16 16 16h80c8.8 0 16-7.2 16-16s-7.2-16-16-16H96zm0 64c-8.8 0-16 7.2-16 16s7.2 16 16 16h80c8.8 0 16-7.2 16-16s-7.2-16-16-16H96zm54.2 221.8L160 349l16.7 55.6c1.9 6.3 7.4 10.8 13.9 11.3s12.8-2.9 15.7-8.8l10.6-21.3c.6-1.2 1.8-1.9 3.1-1.9s2.5 .7 3.1 1.9l10.6 21.3c2.7 5.4 8.3 8.8 14.3 8.8h40c8.8 0 16-7.2 16-16s-7.2-16-16-16H257.9l-6.2-12.4c-6-12-18.3-19.6-31.7-19.6c-8.6 0-16.8 3.1-23.1 8.6l-11.3-37.5C182.2 311.7 171.8 304 160 304s-22.2 7.7-25.6 19.1l-14.9 49.5c-2 6.8-8.3 11.4-15.3 11.4H96c-8.8 0-16 7.2-16 16s7.2 16 16 16h8.2c21.2 0 39.9-13.9 46-34.2z\"\/><\/svg>\t\t\t<div class=\"d-flex flex-column align-items-start\">\n\t\t\t\t<h4 class=\"text-center w-100 mb-3\">Apoyo Legal en Transacciones Inmobiliarias<\/h4><p>Ofrecemos una cobertura integral y experta en todos los aspectos legales relacionados con la compra de una propiedad. Con un equipo de abogados especializados en derecho inmobiliario, aseguramos que cada transacci\u00f3n se realice de forma segura, eficiente y conforme a la legislaci\u00f3n vigente.<\/p>\n<p>Desde la revisi\u00f3n de contratos y la gesti\u00f3n de t\u00edtulos hasta la navegaci\u00f3n por las complejidades de la zonificaci\u00f3n y el cumplimiento normativo, brindamos orientaci\u00f3n clara y soluciones pr\u00e1cticas en cada etapa. Nuestro objetivo es proteger sus intereses, minimizar los riesgos legales y garantizar que cada paso de su transacci\u00f3n inmobiliaria se maneje con la m\u00e1xima diligencia y profesionalismo.<\/p>\n\t\t\t<\/div>\n\t\t<\/div>\t\n\t\t\t\n\t\t<div class=\"col d-flex flex-column align-items-center\">\n\t\t\t<svg class=\"mb-4\" xmlns=\"http:\/\/www.w3.org\/2000\/svg\" height=\"4em\" viewBox=\"0 0 512 512\"style=\"fill: #30add1\"<!--!Font Awesome Free 6.5.1 by @fontawesome - https:\/\/fontawesome.com License - https:\/\/fontawesome.com\/license\/free Copyright 2024 Fonticons, Inc.--><path d=\"M368.4 18.3L312.7 74.1 437.9 199.3l55.7-55.7c21.9-21.9 21.9-57.3 0-79.2L447.6 18.3c-21.9-21.9-57.3-21.9-79.2 0zM288 94.6l-9.2 2.8L134.7 140.6c-19.9 6-35.7 21.2-42.3 41L3.8 445.8c-3.8 11.3-1 23.9 7.3 32.4L164.7 324.7c-3-6.3-4.7-13.3-4.7-20.7c0-26.5 21.5-48 48-48s48 21.5 48 48s-21.5 48-48 48c-7.4 0-14.4-1.7-20.7-4.7L33.7 500.9c8.6 8.3 21.1 11.2 32.4 7.3l264.3-88.6c19.7-6.6 35-22.4 41-42.3l43.2-144.1 2.8-9.2L288 94.6z\"\/><\/svg>\t\t\t<div class=\"d-flex flex-column align-items-start\">\n\t\t\t\t<h4 class=\"text-center w-100 mb-3\">Servicio de Negociaci\u00f3n de Propiedades<\/h4><p>Contamos con un equipo de negociadores expertos que combinan un profundo conocimiento del mercado inmobiliario con habilidades de comunicaci\u00f3n estrat\u00e9gica para representar sus intereses de la manera m\u00e1s efectiva. Desde la primera oferta hasta la firma final, abordamos todos los aspectos de la negociaci\u00f3n, asegurando que las condiciones, precios y t\u00e9rminos sean \u00f3ptimos para usted.<\/p>\n<p>Nos enfocamos en lograr el equilibrio perfecto entre sus expectativas y las realidades del mercado, utilizando nuestro conocimiento y experiencia, resolviendo diferencias y cerrando acuerdos de una manera que cumpla y supere sus objetivos. Cada negociaci\u00f3n se llevar\u00e1 a cabo con la m\u00e1xima dedicaci\u00f3n y profesionalismo.<\/p>\n\t\t\t<\/div>\n\t\t<\/div>\t\n\t\t\t\n\t\t<div class=\"col d-flex flex-column align-items-center\">\n\t\t\t<svg class=\"mb-4\" xmlns=\"http:\/\/www.w3.org\/2000\/svg\" height=\"4em\" viewBox=\"0 0 640 512\"style=\"fill: #30add1\"<!--!Font Awesome Pro 6.5.1 by @fontawesome - https:\/\/fontawesome.com License - https:\/\/fontawesome.com\/license (Commercial License) Copyright 2024 Fonticons, Inc.--><path d=\"M448 80H192c-44.2 0-80 35.8-80 80v40c-12.3-5.1-25.8-8-40-8c-2.7 0-5.4 .1-8 .3V160C64 89.3 121.3 32 192 32H448c70.7 0 128 57.3 128 128v32.3c-2.6-.2-5.3-.3-8-.3c-14.2 0-27.7 2.8-40 8V160c0-44.2-35.8-80-80-80zM568 224c2.7 0 5.4 .1 8 .4c36 4 64 34.5 64 71.6V432c0 26.5-21.5 48-48 48H544c-20.9 0-38.7-13.4-45.3-32H141.3c-6.6 18.6-24.4 32-45.3 32H48c-26.5 0-48-21.5-48-48V296c0-37.1 28-67.6 64-71.6c2.6-.3 5.3-.4 8-.4c15.2 0 29.4 4.7 41 12.8c16.7 11.6 28.2 30 30.5 51.2H496.4c2.3-21.2 13.9-39.6 30.5-51.2c11.6-8.1 25.8-12.8 41-12.8zm-24 72v40 64 32h48V296c0-13.3-10.7-24-24-24s-24 10.7-24 24zM496 400V336H144v64H496zM96 400V336 296c0-13.3-10.7-24-24-24s-24 10.7-24 24l0 136H96V400z\"\/><\/svg>\t\t\t<div class=\"d-flex flex-column align-items-start\">\n\t\t\t\t<h4 class=\"text-center w-100 mb-3\">Servicios de Reforma y Decoraci\u00f3n.<\/h4><p>Transformamos propiedades en espacios que reflejan elegancia, funcionalidad y modernidad. Nuestro enfoque integral combina el dominio de las renovaciones estructurales y el dise\u00f1o de interiores, asegurando que cada proyecto sea tan \u00fanico como los deseos y necesidades de nuestros clientes.<\/p>\n<p>Desde la conceptualizaci\u00f3n hasta la ejecuci\u00f3n final, coordinamos cada detalle, seleccionando materiales de alta calidad, empleando a los mejores artesanos y siguiendo las tendencias de dise\u00f1o m\u00e1s actuales.<\/p>\n\t\t\t<\/div>\n\t\t<\/div>\t\n\t\t\t\n\t\t<div class=\"col d-flex flex-column align-items-center\">\n\t\t\t<svg class=\"mb-4\" xmlns=\"http:\/\/www.w3.org\/2000\/svg\" height=\"4em\" viewBox=\"0 0 512 512\"style=\"fill: #30add1\"<!--!Font Awesome Pro 6.5.1 by @fontawesome - https:\/\/fontawesome.com License - https:\/\/fontawesome.com\/license (Commercial License) Copyright 2024 Fonticons, Inc.--><path d=\"M352 48H64c-8.8 0-16 7.2-16 16v64c0 8.8 7.2 16 16 16H352c8.8 0 16-7.2 16-16V64c0-8.8-7.2-16-16-16zM64 0H352c35.3 0 64 28.7 64 64v8 48 8c0 35.3-28.7 64-64 64H64c-35.3 0-64-28.7-64-64V64C0 28.7 28.7 0 64 0zm96 352c0-17.7 14.3-32 32-32h8V304c0-39.8 32.2-72 72-72H424c22.1 0 40-17.9 40-40V144c0-10.4-6.7-19.3-16-22.6V72.4c36 4 64 34.5 64 71.6v48c0 48.6-39.4 88-88 88H272c-13.3 0-24 10.7-24 24v16h8c17.7 0 32 14.3 32 32V480c0 17.7-14.3 32-32 32H192c-17.7 0-32-14.3-32-32V352z\"\/><\/svg>\t\t\t<div class=\"d-flex flex-column align-items-start\">\n\t\t\t\t<h4 class=\"text-center w-100 mb-3\">Servicios de Mantenimiento, Limpieza y Jardiner\u00eda.<\/h4><p>Especializados en reparaciones e inspecciones peri\u00f3dicas, limpieza profunda y cuidado de jardines. Nuestro equipo de profesionales experimentados garantiza que cada aspecto de su propiedad reciba el tratamiento y la atenci\u00f3n necesaria para preservar su valor y atractivo.<\/p>\n<p>Ya sea que necesite servicios de mantenimiento regular, limpieza exhaustiva o gesti\u00f3n de jardines, nos comprometemos a ofrecer soluciones personalizadas para que su propiedad est\u00e9 siempre lista.<\/p>\n\t\t\t<\/div>\n\t\t<\/div>\t\n\t\t\t\n\t\t<div class=\"col d-flex flex-column align-items-center\">\n\t\t\t<svg class=\"mb-4\" xmlns=\"http:\/\/www.w3.org\/2000\/svg\" height=\"4em\" viewBox=\"0 0 640 512\"style=\"fill: #30add1\"<!--!Font Awesome Pro 6.5.1 by @fontawesome - https:\/\/fontawesome.com License - https:\/\/fontawesome.com\/license (Commercial License) Copyright 2024 Fonticons, Inc.--><path d=\"M224 48a80 80 0 1 1 0 160 80 80 0 1 1 0-160zm0 208A128 128 0 1 0 224 0a128 128 0 1 0 0 256zm-45.7 96h91.4c65.7 0 120.1 48.7 129 112H49.3c8.9-63.3 63.3-112 129-112zm0-48C79.8 304 0 383.8 0 482.3C0 498.7 13.3 512 29.7 512H418.3c16.4 0 29.7-13.3 29.7-29.7C448 383.8 368.2 304 269.7 304H178.3zm431 208c17 0 30.7-13.8 30.7-30.7C640 392.2 567.8 320 478.7 320H417.3c-4.4 0-8.8 .2-13.2 .5c46.4 38.6 75.9 96.7 75.9 161.8c0 10.8-2.8 20.9-7.6 29.7H609.3zM432 256c61.9 0 112-50.1 112-112s-50.1-112-112-112c-24.8 0-47.7 8.1-66.3 21.7C377.4 75.9 384 101.2 384 128c0 35.6-11.6 68.5-31.3 95.1C373 243.4 401 256 432 256z\"\/><\/svg>\t\t\t<div class=\"d-flex flex-column align-items-start\">\n\t\t\t\t<h4 class=\"text-center w-100 mb-3\">Colaboradores de confianza<\/h4><p>Nos hemos asociado con expertos de todos los campos, incluidos electricistas, fontaneros, instaladores de aire acondicionado, entre otros, todos comprometidos con altos est\u00e1ndares. Este enfoque colaborativo nos permite ofrecer una amplia gama de servicios de alta calidad y soluciones integrales, asegurando que cada aspecto de su propiedad sea atendido por manos expertas.<\/p>\n<p>Ya sean reparaciones urgentes, actualizaciones planificadas o mantenimiento regular, nuestro equipo de colaboradores est\u00e1 listo para responder r\u00e1pidamente.<\/p>\n\t\t\t<\/div>\n\t\t<\/div>\t\n\t\t\t<\/div>\n<\/section>\n<\/section>\n","protected":false},"excerpt":{"rendered":"","protected":false},"author":2,"featured_media":4364,"parent":2341,"menu_order":2,"comment_status":"closed","ping_status":"closed","template":"template-pages\/page-landing.php","meta":{"_acf_changed":false,"footnotes":""},"class_list":["post-4730","page","type-page","status-publish","has-post-thumbnail","hentry"],"acf":[],"_links":{"self":[{"href":"https:\/\/www.homewatch.es\/es\/wp-json\/wp\/v2\/pages\/4730","targetHints":{"allow":["GET"]}}],"collection":[{"href":"https:\/\/www.homewatch.es\/es\/wp-json\/wp\/v2\/pages"}],"about":[{"href":"https:\/\/www.homewatch.es\/es\/wp-json\/wp\/v2\/types\/page"}],"author":[{"embeddable":true,"href":"https:\/\/www.homewatch.es\/es\/wp-json\/wp\/v2\/users\/2"}],"replies":[{"embeddable":true,"href":"https:\/\/www.homewatch.es\/es\/wp-json\/wp\/v2\/comments?post=4730"}],"version-history":[{"count":0,"href":"https:\/\/www.homewatch.es\/es\/wp-json\/wp\/v2\/pages\/4730\/revisions"}],"up":[{"embeddable":true,"href":"https:\/\/www.homewatch.es\/es\/wp-json\/wp\/v2\/pages\/2341"}],"wp:featuredmedia":[{"embeddable":true,"href":"https:\/\/www.homewatch.es\/es\/wp-json\/wp\/v2\/media\/4364"}],"wp:attachment":[{"href":"https:\/\/www.homewatch.es\/es\/wp-json\/wp\/v2\/media?parent=4730"}],"curies":[{"name":"wp","href":"https:\/\/api.w.org\/{rel}","templated":true}]}}