{"id":4697,"date":"2023-12-20T15:31:43","date_gmt":"2023-12-20T14:31:43","guid":{"rendered":"https:\/\/www.homewatch.es\/servicios\/propietarios\/optimizar-la-inversion\/optimal-investment-area-search"},"modified":"2024-02-08T08:42:14","modified_gmt":"2024-02-08T07:42:14","slug":"busqueda-de-areas-optimas-para-inversion","status":"publish","type":"page","link":"https:\/\/www.homewatch.es\/es\/servicios\/propietarios\/optimice-su-inversion\/busqueda-de-areas-optimas-para-inversion","title":{"rendered":"B\u00fasqueda de \u00c1reas \u00d3ptimas para Inversi\u00f3n"},"content":{"rendered":"\n<p>La clave de una inversi\u00f3n inmobiliaria exitosa es elegir la ubicaci\u00f3n adecuada. Nuestro servicio especializado se dedica exclusivamente a identificar las \u00e1reas m\u00e1s favorables para sus inversiones inmobiliarias.<\/p>\n\n\n\n<p class=\"mt-5\"><strong>An\u00e1lisis Detallado del Mercado:<\/strong><\/p>\n\n\n\n<p>Utilizamos una combinaci\u00f3n de tecnolog\u00eda punta y experiencia en el mercado local para analizar factores cr\u00edticos como tendencias econ\u00f3micas, desarrollo urbano y proyecciones de crecimiento. Este an\u00e1lisis nos permite identificar \u00e1reas con potencial significativas.<\/p>\n\n\n\n<p class=\"mt-5\"><strong>Evaluaci\u00f3n de Riesgos y Oportunidades:<\/strong><\/p>\n\n\n\n<p>Cada \u00e1rea se eval\u00faa en t\u00e9rminos de riesgo y oportunidad. Examinamos la estabilidad del mercado, la demanda de alquileres y ventas, y otros indicadores que afectan la inversi\u00f3n a largo plazo.<\/p>\n\n\n\n<p class=\"mt-5\"><strong>Selecci\u00f3n Personalizada:<\/strong><\/p>\n\n\n\n<p>Entendemos que cada inversor tiene sus propios objetivos y tolerancia al riesgo. Por lo tanto, adaptamos nuestra b\u00fasqueda para encontrar \u00e1reas que no s\u00f3lo sean \u00f3ptimas en t\u00e9rminos del mercado, sino que tambi\u00e9n se alineen con sus objetivos personales y financieros.<\/p>\n\n\n\n<p class=\"mt-5\"><strong>Consejos de Expertos:<\/strong><\/p>\n\n\n\n<p>Nuestro equipo est\u00e1 formado por expertos inmobiliarios que ofrecen asesoramiento pr\u00e1ctico y estrat\u00e9gico. Desde el principio, trabajamos estrechamente con usted para garantizar que su decisi\u00f3n de inversi\u00f3n est\u00e9 bien informada y sea s\u00f3lida.<\/p>\n","protected":false},"excerpt":{"rendered":"<p>La clave de una inversi\u00f3n inmobiliaria exitosa es elegir la ubicaci\u00f3n adecuada. Nuestro servicio especializado se dedica exclusivamente a identificar las \u00e1reas m\u00e1s favorables para sus inversiones inmobiliarias. An\u00e1lisis Detallado del Mercado: Utilizamos una combinaci\u00f3n de tecnolog\u00eda punta y experiencia en el mercado local para analizar factores cr\u00edticos como tendencias econ\u00f3micas, desarrollo urbano y proyecciones&#8230;<\/p>\n","protected":false},"author":2,"featured_media":0,"parent":4693,"menu_order":0,"comment_status":"closed","ping_status":"closed","template":"","meta":{"_acf_changed":false,"footnotes":""},"class_list":["post-4697","page","type-page","status-publish","hentry"],"acf":[],"_links":{"self":[{"href":"https:\/\/www.homewatch.es\/es\/wp-json\/wp\/v2\/pages\/4697","targetHints":{"allow":["GET"]}}],"collection":[{"href":"https:\/\/www.homewatch.es\/es\/wp-json\/wp\/v2\/pages"}],"about":[{"href":"https:\/\/www.homewatch.es\/es\/wp-json\/wp\/v2\/types\/page"}],"author":[{"embeddable":true,"href":"https:\/\/www.homewatch.es\/es\/wp-json\/wp\/v2\/users\/2"}],"replies":[{"embeddable":true,"href":"https:\/\/www.homewatch.es\/es\/wp-json\/wp\/v2\/comments?post=4697"}],"version-history":[{"count":0,"href":"https:\/\/www.homewatch.es\/es\/wp-json\/wp\/v2\/pages\/4697\/revisions"}],"up":[{"embeddable":true,"href":"https:\/\/www.homewatch.es\/es\/wp-json\/wp\/v2\/pages\/4693"}],"wp:attachment":[{"href":"https:\/\/www.homewatch.es\/es\/wp-json\/wp\/v2\/media?parent=4697"}],"curies":[{"name":"wp","href":"https:\/\/api.w.org\/{rel}","templated":true}]}}