{"id":4689,"date":"2023-11-07T13:13:27","date_gmt":"2023-11-07T12:13:27","guid":{"rendered":"https:\/\/www.homewatch.es\/servicios\/propietarios\/venta-de-propoiedades\/document-and-procedures-management"},"modified":"2024-02-02T15:12:38","modified_gmt":"2024-02-02T14:12:38","slug":"gestion-de-documentos-y-procedimientos","status":"publish","type":"page","link":"https:\/\/www.homewatch.es\/es\/servicios\/propietarios\/venta-de-propoiedades\/gestion-de-documentos-y-procedimientos","title":{"rendered":"Gesti\u00f3n de documentos y procedimientos."},"content":{"rendered":"\n<p>\u00bfPor qu\u00e9 es importante contar con un servicio de gesti\u00f3n de documentos y tr\u00e1mites? La respuesta es sencilla: garantizar que todo se realice correctamente y cumpliendo las leyes y normativas aplicables. En una transacci\u00f3n inmobiliaria existen numerosos documentos, formularios y procedimientos legales que deben manejarse con precisi\u00f3n y eficiencia. Cualquier error o paso en falso puede tener consecuencias costosas y retrasar el cierre de la venta.<\/p>\n\n\n\n<p class=\"mt-5\"><strong>Nuestra Experiencia a Su Servicio:<\/strong><\/p>\n\n\n\n<p>Contamos con un equipo de expertos inmobiliarios con amplia experiencia en gesti\u00f3n documental y de tr\u00e1mites. Hemos perfeccionado nuestros procesos a lo largo de los a\u00f1os para garantizar que cada detalle se maneje sin problemas.<\/p>\n\n\n\n<p class=\"mt-5\"><strong>Que hacemos nosotros por ti:<\/strong><\/p>\n\n\n\n<p><strong>Cobranza y Organizaci\u00f3n:<\/strong> Nos encargamos de reunir todos los documentos necesarios para la transacci\u00f3n. Organizamos meticulosamente toda la informaci\u00f3n para evitar confusiones y retrasos.<\/p>\n\n\n\n<p><strong>Gesti\u00f3n de Documentos Legales: <\/strong>Manejamos y organizamos todos los documentos legales necesarios para la transacci\u00f3n inmobiliaria, incluidos contratos, escrituras y convenios.<\/p>\n\n\n\n<p><strong>Evaluaci\u00f3n de t\u00edtulos de propiedad: <\/strong>verificamos la propiedad de la propiedad y la validez de los t\u00edtulos para garantizar una transacci\u00f3n sin problemas.<\/p>\n\n\n\n<p><strong>Documentaci\u00f3n de la Transacci\u00f3n:<\/strong> Preparamos documentaci\u00f3n completa para cada etapa de la transacci\u00f3n, desde la oferta inicial hasta el cierre final.<\/p>\n\n\n\n<p><strong>Gesti\u00f3n de Contingencias:<\/strong> Identificamos y abordamos contingencias y condiciones en los contratos para minimizar riesgos y asegurar una venta exitosa.<\/p>\n\n\n\n<p><strong>Gesti\u00f3n de Permisos:<\/strong> Coordinamos y gestionamos los permisos necesarios, como inspecciones de propiedad y licencias, para asegurar una venta legal y exitosa.<\/p>\n\n\n\n<p><strong>Organizaci\u00f3n de inspecci\u00f3n:<\/strong> Facilitamos las inspecciones de propiedad requeridas y nos encargamos de cualquier reparaci\u00f3n o mejora necesaria.<\/p>\n\n\n\n<p><strong>Coordinaci\u00f3n de Cierre: <\/strong>Supervisamos la fase final de la transacci\u00f3n, asegurando que todos los documentos est\u00e9n en orden y listos para el cierre.<\/p>\n\n\n\n<p><strong>Comunicaci\u00f3n con entidades externas:<\/strong> mantenemos una comunicaci\u00f3n efectiva con entidades externas, como bancos, tasadores y agencias gubernamentales, para garantizar una transacci\u00f3n sin problemas.<\/p>\n\n\n\n<p><strong>Alivio del estr\u00e9s administrativo: <\/strong>Le quitamos la carga administrativa de sus hombros, permiti\u00e9ndole concentrarse en otros aspectos importantes de la venta.<\/p>\n\n\n\n<p><strong>Gesti\u00f3n de Plazos:<\/strong> Cumplimos estrictamente los plazos estipulados en los contratos para evitar retrasos innecesarios.<\/p>\n\n\n\n<p><strong>Orientaci\u00f3n sobre documentaci\u00f3n:<\/strong> Brindamos orientaci\u00f3n experta sobre la interpretaci\u00f3n de documentos y contratos legales.<\/p>\n\n\n\n<p><strong>Seguridad de las transacciones financieras: <\/strong>Garantizamos la seguridad de las transferencias de fondos y la gesti\u00f3n de los dep\u00f3sitos en garant\u00eda.<\/p>\n\n\n\n<p><strong>Actualizaciones de registros:<\/strong> Nos encargamos de actualizar los registros de propiedad y otros documentos para reflejar los cambios de propiedad.<\/p>\n\n\n\n<p><strong>Gesti\u00f3n de archivos digitales: <\/strong>Mantenemos copias digitales de todos los documentos relevantes para un acceso r\u00e1pido y seguro.<\/p>\n\n\n\n<p><strong>Coordinaci\u00f3n de Firma:<\/strong> Facilitamos la firma de documentos entre las partes involucradas, asegurando una ejecuci\u00f3n oportuna y sin complicaciones.<\/p>\n","protected":false},"excerpt":{"rendered":"<p>\u00bfPor qu\u00e9 es importante contar con un servicio de gesti\u00f3n de documentos y tr\u00e1mites? La respuesta es sencilla: garantizar que todo se realice correctamente y cumpliendo las leyes y normativas aplicables. En una transacci\u00f3n inmobiliaria existen numerosos documentos, formularios y procedimientos legales que deben manejarse con precisi\u00f3n y eficiencia. Cualquier error o paso en falso&#8230;<\/p>\n","protected":false},"author":2,"featured_media":0,"parent":4671,"menu_order":3,"comment_status":"closed","ping_status":"closed","template":"","meta":{"_acf_changed":false,"footnotes":""},"class_list":["post-4689","page","type-page","status-publish","hentry"],"acf":[],"_links":{"self":[{"href":"https:\/\/www.homewatch.es\/es\/wp-json\/wp\/v2\/pages\/4689","targetHints":{"allow":["GET"]}}],"collection":[{"href":"https:\/\/www.homewatch.es\/es\/wp-json\/wp\/v2\/pages"}],"about":[{"href":"https:\/\/www.homewatch.es\/es\/wp-json\/wp\/v2\/types\/page"}],"author":[{"embeddable":true,"href":"https:\/\/www.homewatch.es\/es\/wp-json\/wp\/v2\/users\/2"}],"replies":[{"embeddable":true,"href":"https:\/\/www.homewatch.es\/es\/wp-json\/wp\/v2\/comments?post=4689"}],"version-history":[{"count":0,"href":"https:\/\/www.homewatch.es\/es\/wp-json\/wp\/v2\/pages\/4689\/revisions"}],"up":[{"embeddable":true,"href":"https:\/\/www.homewatch.es\/es\/wp-json\/wp\/v2\/pages\/4671"}],"wp:attachment":[{"href":"https:\/\/www.homewatch.es\/es\/wp-json\/wp\/v2\/media?parent=4689"}],"curies":[{"name":"wp","href":"https:\/\/api.w.org\/{rel}","templated":true}]}}