{"id":4685,"date":"2023-11-07T11:31:25","date_gmt":"2023-11-07T10:31:37","guid":{"rendered":"https:\/\/www.homewatch.es\/servicios\/propietarios\/venta-de-propoiedades\/professional-contract-negotation"},"modified":"2024-02-02T15:07:45","modified_gmt":"2024-02-02T14:07:45","slug":"negociacion-de-contrato-profesional","status":"publish","type":"page","link":"https:\/\/www.homewatch.es\/es\/servicios\/propietarios\/venta-de-propoiedades\/negociacion-de-contrato-profesional","title":{"rendered":"Negociaci\u00f3n de contrato profesional."},"content":{"rendered":"\n<p><strong>\u00bfPor qu\u00e9 es importante la negociaci\u00f3n de contratos profesionales?<\/strong><\/p>\n\n\n\n<p>La respuesta es sencilla: en una transacci\u00f3n inmobiliaria, los contratos son la columna vertebral del proceso. Estos documentos determinan los t\u00e9rminos y condiciones de la venta, desde el precio de compra hasta los plazos de entrega e incluso cl\u00e1usulas de contingencia. Una negociaci\u00f3n eficaz puede marcar la diferencia entre conseguir el mejor trato posible o dejar dinero sobre la mesa.<\/p>\n\n\n\n<p class=\"mt-5\"><strong>Nuestra Experiencia a Su Servicio:<\/strong><\/p>\n\n\n\n<p>Contamos con un equipo de expertos inmobiliarios con profunda experiencia en la negociaci\u00f3n de contratos. Entendemos que cada propiedad y cada transacci\u00f3n es \u00fanica y abordamos cada caso con una estrategia adaptada a sus necesidades y objetivos espec\u00edficos.<\/p>\n\n\n\n<p class=\"mt-5\"><strong>\u00bfQu\u00e9 hacemos por usted?<\/strong><\/p>\n\n\n\n<p><strong>Gesti\u00f3n Integral:<\/strong> Nos ocupamos de todos los aspectos relacionados con la negociaci\u00f3n y formalizaci\u00f3n del contrato. Desde las conversaciones iniciales hasta la firma final, estamos a tu lado protegiendo tus intereses en todo momento.<\/p>\n\n\n\n<p><strong>Maximizaci\u00f3n del valor: <\/strong>Nuestro objetivo es garantizar que usted obtenga el mejor valor posible para su propiedad. Aprovechamos nuestra experiencia en el mercado y nuestras habilidades de negociaci\u00f3n para optimizar los t\u00e9rminos del contrato y garantizar que todos los aspectos est\u00e9n a su favor.<\/p>\n\n\n\n<p><strong>Minimizaci\u00f3n de Riesgos:<\/strong> Adem\u00e1s de maximizar el valor, tambi\u00e9n trabajamos para minimizar los riesgos potenciales. Identificamos y abordamos proactivamente cualquier inquietud o contingencia, garantizando una transacci\u00f3n segura y sin sorpresas desagradables.<\/p>\n\n\n\n<p><strong>Documentaci\u00f3n precisa:<\/strong> la precisi\u00f3n es crucial en la redacci\u00f3n de contratos. Nos aseguramos de que todos los documentos est\u00e9n preparados de manera impecable, evitando posibles malentendidos o disputas futuras.<\/p>\n\n\n\n<p><strong>Orientaci\u00f3n legal:<\/strong> Trabajamos en estrecha colaboraci\u00f3n con abogados inmobiliarios para garantizar que cada contrato cumpla con todas las leyes y regulaciones aplicables.<\/p>\n\n\n\n<p class=\"mt-5\"><strong>Conf\u00eda en nosotros:<\/strong><\/p>\n\n\n\n<p>Estamos orgullosos de ofrecer un servicio de negociaci\u00f3n de contratos integral y profesional. Queremos que se sienta seguro y apoyado durante todo el proceso de venta de su propiedad. Nuestro compromiso es llevar a cabo una negociaci\u00f3n que maximice sus intereses al m\u00e1ximo.<\/p>\n\n\n\n<p><\/p>\n","protected":false},"excerpt":{"rendered":"<p>\u00bfPor qu\u00e9 es importante la negociaci\u00f3n de contratos profesionales? La respuesta es sencilla: en una transacci\u00f3n inmobiliaria, los contratos son la columna vertebral del proceso. Estos documentos determinan los t\u00e9rminos y condiciones de la venta, desde el precio de compra hasta los plazos de entrega e incluso cl\u00e1usulas de contingencia. Una negociaci\u00f3n eficaz puede marcar&#8230;<\/p>\n","protected":false},"author":2,"featured_media":0,"parent":4671,"menu_order":2,"comment_status":"closed","ping_status":"closed","template":"","meta":{"_acf_changed":false,"footnotes":""},"class_list":["post-4685","page","type-page","status-publish","hentry"],"acf":[],"_links":{"self":[{"href":"https:\/\/www.homewatch.es\/es\/wp-json\/wp\/v2\/pages\/4685","targetHints":{"allow":["GET"]}}],"collection":[{"href":"https:\/\/www.homewatch.es\/es\/wp-json\/wp\/v2\/pages"}],"about":[{"href":"https:\/\/www.homewatch.es\/es\/wp-json\/wp\/v2\/types\/page"}],"author":[{"embeddable":true,"href":"https:\/\/www.homewatch.es\/es\/wp-json\/wp\/v2\/users\/2"}],"replies":[{"embeddable":true,"href":"https:\/\/www.homewatch.es\/es\/wp-json\/wp\/v2\/comments?post=4685"}],"version-history":[{"count":0,"href":"https:\/\/www.homewatch.es\/es\/wp-json\/wp\/v2\/pages\/4685\/revisions"}],"up":[{"embeddable":true,"href":"https:\/\/www.homewatch.es\/es\/wp-json\/wp\/v2\/pages\/4671"}],"wp:attachment":[{"href":"https:\/\/www.homewatch.es\/es\/wp-json\/wp\/v2\/media?parent=4685"}],"curies":[{"name":"wp","href":"https:\/\/api.w.org\/{rel}","templated":true}]}}