{"id":4683,"date":"2023-11-07T09:12:25","date_gmt":"2023-11-07T08:12:25","guid":{"rendered":"https:\/\/www.homewatch.es\/servicios\/propietarios\/venta-de-propoiedades\/personalized-marketing-strategies"},"modified":"2024-02-02T13:29:42","modified_gmt":"2024-02-02T12:29:42","slug":"etrategias-de-marketing-personalizadas","status":"publish","type":"page","link":"https:\/\/www.homewatch.es\/es\/servicios\/propietarios\/venta-de-propoiedades\/etrategias-de-marketing-personalizadas","title":{"rendered":"Estrategias de marketing personalizadas"},"content":{"rendered":"\n<p>Entendemos que vender su propiedad es una decisi\u00f3n importante. Queremos asegurarle que est\u00e1 en las mejores manos para lograr el mejor resultado posible. Nuestro compromiso es utilizar las estrategias de marketing m\u00e1s avanzadas y personalizadas para exhibir su propiedad en el competitivo mercado inmobiliario actual.<\/p>\n\n\n\n<p><strong>Fotograf\u00eda profesional:<\/strong><\/p>\n\n\n\n<p>Sabemos que la primera impresi\u00f3n importa y las im\u00e1genes son clave. Los fot\u00f3grafos expertos de nuestro equipo capturar\u00e1n su propiedad de manera excepcional, resaltando sus mejores caracter\u00edsticas y presentando su potencial de una manera atractiva. Utilizamos iluminaci\u00f3n adecuada y equipos de \u00faltima generaci\u00f3n para garantizar que cada rinc\u00f3n de su propiedad luzca impecable.<\/p>\n\n\n\n<p><strong>V\u00eddeo de alta calidad:<\/strong><\/p>\n\n\n\n<p>El v\u00eddeo es una herramienta poderosa para contar la historia de su propiedad. Creamos videos de alta calidad que permiten a los compradores potenciales experimentar su casa de manera inmersiva. Esto ayuda a transmitir la atm\u00f3sfera y el estilo de vida que ofrece su propiedad, lo que puede marcar la diferencia en su proceso de toma de decisiones.<\/p>\n\n\n\n<p><strong>Visitas virtuales de 360 grados:<\/strong><\/p>\n\n\n\n<p>La tecnolog\u00eda avanza constantemente y nosotros nos mantenemos a la vanguardia. Ofrecemos recorridos virtuales de 360 grados que permiten a los compradores potenciales explorar su propiedad desde la comodidad de sus dispositivos, como si realmente estuvieran all\u00ed. Esto ahorra tiempo tanto a los compradores como a los vendedores al proporcionar un primer vistazo detallado antes de una visita f\u00edsica.<\/p>\n\n\n\n<p><strong>Sitio web multiling\u00fce:<\/strong><\/p>\n\n\n\n<p>Entendemos que el mercado inmobiliario atrae a compradores de diferentes partes del mundo. Para llegar a una audiencia global, ofrecemos un sitio web multiling\u00fce que presenta su propiedad en ingl\u00e9s, espa\u00f1ol y alem\u00e1n. Esto ampl\u00eda el alcance de su anuncio y atrae a una audiencia m\u00e1s diversa.<\/p>\n\n\n\n<p>Nuestro equipo de expertos en marketing inmobiliario trabaja estrechamente con usted para dise\u00f1ar una estrategia adaptada a sus necesidades y objetivos. Ya sea que est\u00e9 vendiendo su casa, apartamento, terreno o cualquier otro tipo de propiedad, estamos aqu\u00ed para maximizar su potencial en el mercado.<\/p>\n\n\n\n<p>Nuestra dedicaci\u00f3n a la excelencia y nuestro compromiso con la innovaci\u00f3n en marketing nos distinguen. Queremos ayudarle a vender su propiedad de manera eficiente y exitosa.<\/p>\n\n\n\n<p><\/p>\n","protected":false},"excerpt":{"rendered":"<p>Entendemos que vender su propiedad es una decisi\u00f3n importante. Queremos asegurarle que est\u00e1 en las mejores manos para lograr el mejor resultado posible. Nuestro compromiso es utilizar las estrategias de marketing m\u00e1s avanzadas y personalizadas para exhibir su propiedad en el competitivo mercado inmobiliario actual. Fotograf\u00eda profesional: Sabemos que la primera impresi\u00f3n importa y las&#8230;<\/p>\n","protected":false},"author":2,"featured_media":0,"parent":4671,"menu_order":1,"comment_status":"closed","ping_status":"closed","template":"","meta":{"_acf_changed":false,"footnotes":""},"class_list":["post-4683","page","type-page","status-publish","hentry"],"acf":[],"_links":{"self":[{"href":"https:\/\/www.homewatch.es\/es\/wp-json\/wp\/v2\/pages\/4683","targetHints":{"allow":["GET"]}}],"collection":[{"href":"https:\/\/www.homewatch.es\/es\/wp-json\/wp\/v2\/pages"}],"about":[{"href":"https:\/\/www.homewatch.es\/es\/wp-json\/wp\/v2\/types\/page"}],"author":[{"embeddable":true,"href":"https:\/\/www.homewatch.es\/es\/wp-json\/wp\/v2\/users\/2"}],"replies":[{"embeddable":true,"href":"https:\/\/www.homewatch.es\/es\/wp-json\/wp\/v2\/comments?post=4683"}],"version-history":[{"count":0,"href":"https:\/\/www.homewatch.es\/es\/wp-json\/wp\/v2\/pages\/4683\/revisions"}],"up":[{"embeddable":true,"href":"https:\/\/www.homewatch.es\/es\/wp-json\/wp\/v2\/pages\/4671"}],"wp:attachment":[{"href":"https:\/\/www.homewatch.es\/es\/wp-json\/wp\/v2\/media?parent=4683"}],"curies":[{"name":"wp","href":"https:\/\/api.w.org\/{rel}","templated":true}]}}