{"id":4680,"date":"2023-11-07T08:44:38","date_gmt":"2023-11-07T07:44:38","guid":{"rendered":"https:\/\/www.homewatch.es\/servicios\/propietarios\/venta-de-propoiedades\/market-study-and-property-appraisal"},"modified":"2024-02-02T13:26:59","modified_gmt":"2024-02-02T12:26:59","slug":"estudio-y-valoracion-de-mercado","status":"publish","type":"page","link":"https:\/\/www.homewatch.es\/es\/servicios\/propietarios\/venta-de-propoiedades\/estudio-y-valoracion-de-mercado","title":{"rendered":"Estudio y valoraci\u00f3n de mercado."},"content":{"rendered":"\n<p>Entendemos que vender su propiedad es un paso importante y obtener una valoraci\u00f3n precisa es esencial para una venta exitosa. Por eso ofrecemos un Servicio de An\u00e1lisis de Mercado y Valoraci\u00f3n de Propiedades basado en datos y tendencias locales actualizados.<\/p>\n\n\n\n<p><strong>\u00bfPor qu\u00e9 es esencial un an\u00e1lisis y una valoraci\u00f3n de mercado precisos?<\/strong><\/p>\n\n\n\n<p>Obtener una valoraci\u00f3n precisa basada en datos y tendencias locales es crucial por varias razones cr\u00edticas:<\/p>\n\n\n\n<p><strong>Contexto local:<\/strong> llevamos a cabo un an\u00e1lisis en profundidad de las condiciones locales en su \u00e1rea, teniendo en cuenta las tendencias actuales y las ventas recientes de propiedades comparables en su vecindario.<\/p>\n\n\n\n<p><strong>Competitividad estrat\u00e9gica: <\/strong>Fijar el precio adecuado desde el principio te ayudar\u00e1 a destacar en el mercado y atraer compradores interesados de forma eficaz.<\/p>\n\n\n\n<p><strong>Optimizaci\u00f3n de ganancias: <\/strong>una valoraci\u00f3n precisa basada en datos y tendencias locales le permite maximizar el valor de su propiedad, lo que se traduce en mayores ganancias para usted.<\/p>\n\n\n\n<p><strong>Negociaciones informadas: <\/strong>Tener una base s\u00f3lida respaldada por datos y tendencias locales facilita las negociaciones con los compradores y le ayuda a lograr un acuerdo que beneficie a ambas partes.<\/p>\n\n\n\n<p class=\"mt-5\"><strong>Nuestro Servicio de An\u00e1lisis de Mercado y Valoraci\u00f3n de Propiedades<\/strong><\/p>\n\n\n\n<p>Nuestro enfoque de An\u00e1lisis de Mercado y Valoraci\u00f3n de Propiedades, basado en datos y tendencias locales, se caracteriza por:<\/p>\n\n\n\n<p><strong>An\u00e1lisis detallado: <\/strong>llevamos a cabo un an\u00e1lisis exhaustivo de las condiciones locales, considerando factores como la ubicaci\u00f3n, la demanda actual, las tendencias econ\u00f3micas y las ventas recientes en su \u00e1rea.<\/p>\n\n\n\n<p><strong>Evaluaci\u00f3n profesional:<\/strong> utilizamos herramientas avanzadas respaldadas por tendencias y datos locales actualizados para garantizar una valoraci\u00f3n precisa que refleje el valor real de su propiedad en el mercado local.<\/p>\n\n\n\n<p><strong>Actualizaciones continuas:<\/strong> Actualizamos peri\u00f3dicamente nuestras valoraciones para garantizar que reflejen con precisi\u00f3n las condiciones y tendencias locales cambiantes.<\/p>\n\n\n\n<p><strong>Orientaci\u00f3n experta:<\/strong> Nuestros profesionales brindan orientaci\u00f3n basada en datos s\u00f3lidos y tendencias locales, lo que le permite tomar decisiones informadas sobre el precio y la estrategia de venta de su propiedad.<\/p>\n\n\n\n<p><strong>Transparencia Absoluta:<\/strong> Proporcionamos una valoraci\u00f3n detallada sustentada en datos y tendencias locales, permiti\u00e9ndole comprender completamente el proceso y las cifras involucradas.<\/p>\n\n\n\n<p class=\"mt-5\"><strong>Nuestro compromiso contigo<\/strong><\/p>\n\n\n\n<p>Nuestro compromiso es sencillo: estamos aqu\u00ed para ayudarle a vender su propiedad de la forma m\u00e1s eficaz y rentable posible. No s\u00f3lo nos enfocamos en vender casas, sino que tambi\u00e9n nos esforzamos por comprender sus objetivos y necesidades \u00fanicos. Conf\u00ede en nosotros para brindarle un servicio integral, que incluye una estrategia de marketing personalizada, gesti\u00f3n de visitas de compradores, negociaci\u00f3n de ofertas y m\u00e1s. Estamos dedicados a lograr los mejores resultados para usted y hacer que todo el proceso sea lo m\u00e1s sencillo posible. Su propiedad es valiosa y nuestro compromiso es maximizar su potencial en el mercado. Conf\u00ede en nosotros para guiarle en cada paso del camino y alcanzar con \u00e9xito sus objetivos de ventas.<\/p>\n","protected":false},"excerpt":{"rendered":"<p>Entendemos que vender su propiedad es un paso importante y obtener una valoraci\u00f3n precisa es esencial para una venta exitosa. Por eso ofrecemos un Servicio de An\u00e1lisis de Mercado y Valoraci\u00f3n de Propiedades basado en datos y tendencias locales actualizados. \u00bfPor qu\u00e9 es esencial un an\u00e1lisis y una valoraci\u00f3n de mercado precisos? Obtener una valoraci\u00f3n&#8230;<\/p>\n","protected":false},"author":2,"featured_media":0,"parent":4671,"menu_order":0,"comment_status":"closed","ping_status":"closed","template":"","meta":{"_acf_changed":false,"footnotes":""},"class_list":["post-4680","page","type-page","status-publish","hentry"],"acf":[],"_links":{"self":[{"href":"https:\/\/www.homewatch.es\/es\/wp-json\/wp\/v2\/pages\/4680","targetHints":{"allow":["GET"]}}],"collection":[{"href":"https:\/\/www.homewatch.es\/es\/wp-json\/wp\/v2\/pages"}],"about":[{"href":"https:\/\/www.homewatch.es\/es\/wp-json\/wp\/v2\/types\/page"}],"author":[{"embeddable":true,"href":"https:\/\/www.homewatch.es\/es\/wp-json\/wp\/v2\/users\/2"}],"replies":[{"embeddable":true,"href":"https:\/\/www.homewatch.es\/es\/wp-json\/wp\/v2\/comments?post=4680"}],"version-history":[{"count":0,"href":"https:\/\/www.homewatch.es\/es\/wp-json\/wp\/v2\/pages\/4680\/revisions"}],"up":[{"embeddable":true,"href":"https:\/\/www.homewatch.es\/es\/wp-json\/wp\/v2\/pages\/4671"}],"wp:attachment":[{"href":"https:\/\/www.homewatch.es\/es\/wp-json\/wp\/v2\/media?parent=4680"}],"curies":[{"name":"wp","href":"https:\/\/api.w.org\/{rel}","templated":true}]}}