{"id":4663,"date":"2023-12-21T11:18:29","date_gmt":"2023-12-21T10:18:29","guid":{"rendered":"https:\/\/www.homewatch.es\/servicios\/owners\/property-management\/maximize-exposure-optimize-revenue"},"modified":"2024-02-05T09:23:23","modified_gmt":"2024-02-05T08:23:23","slug":"maximice-exposicion-optimice-ingresos","status":"publish","type":"page","link":"https:\/\/www.homewatch.es\/es\/servicios\/propietarios\/gestion-propiedades\/maximice-exposicion-optimice-ingresos","title":{"rendered":"Maximice la exposici\u00f3n, optimice los ingresos"},"content":{"rendered":"\n<p>Entendemos la importancia de maximizar la exposici\u00f3n de su propiedad de alquiler vacacional y optimizar sus ingresos. Por ello, ofrecemos una gama de servicios especializados dise\u00f1ados para aumentar la visibilidad de su propiedad y maximizar sus beneficios. A continuaci\u00f3n detallamos c\u00f3mo nuestros servicios pueden beneficiarle:<\/p>\n\n\n\n<p class=\"mt-5\"><strong>Marketing Digital Avanzado:<\/strong><\/p>\n\n\n\n<p>Con una s\u00f3lida estrategia de marketing digital, conseguimos que su propiedad gane visibilidad entre el p\u00fablico objetivo. Utilizamos SEO, marketing en redes sociales y campa\u00f1as publicitarias en l\u00ednea para llegar a hu\u00e9spedes potenciales en todo el mundo, aumentando significativamente las oportunidades de reserva.<\/p>\n\n\n\n<p><strong>P\u00e1gina Web:<\/strong> nuestro sitio web est\u00e1 siempre en constante evoluci\u00f3n para brindar al usuario la mejor experiencia y el mejor rendimiento SEO, lo que nos permite estar entre las primeras posiciones en las b\u00fasquedas realizadas en Google y obtener m\u00e1s del <strong>40% en reservas directas.<\/strong><\/p>\n\n\n\n<p><strong>Anuncios en Google Ads, Instagram y Facebook: <\/strong>publicamos constantemente publicidad a nivel nacional e internacional, para lograr el mejor reconocimiento de marca y generar un aumento significativo de nuestras reservas.<\/p>\n\n\n\n<p><strong>Redes sociales: <\/strong>tenemos fuerte presencia en plataformas como YouTube, Instagram y Facebook. Estamos constantemente generando contenido de calidad para lograr el mejor engagement con nuestros usuarios y llegar al m\u00e1ximo n\u00famero de clientes potenciales.<\/p>\n\n\n\n<p><strong>Blog:<\/strong> Nos enorgullecemos de tener posts de referencia que r\u00e1pidamente se han posicionado por su valioso contenido. El equipo trabaja constantemente para crear contenido actual y de vanguardia.<\/p>\n\n\n\n<p class=\"mt-5\"><strong>Presencia en M\u00faltiples Plataformas de Alquiler:<\/strong><\/p>\n\n\n\n<p>Incluimos su propiedad en varias plataformas l\u00edderes de alquiler vacacional: Booking, Airbnb, Vrbo, Holidu, Homeaway, Idealista.<\/p>\n\n\n\n<p>Esto no s\u00f3lo aumenta la exposici\u00f3n de su propiedad sino que tambi\u00e9n diversifica sus fuentes de ingresos.<\/p>\n\n\n\n<p class=\"mt-5\"><strong>Fotograf\u00eda Profesional y Presentaci\u00f3n Virtual:<\/strong><\/p>\n\n\n\n<p>El equipo de fotograf\u00eda y videograf\u00eda se encarga de sacar el mayor potencial de su propiedad, resaltando las caracter\u00edsticas \u00fanicas que la hacen inigualable. En la publicaci\u00f3n de tu propiedad siempre habr\u00e1 un <strong>v\u00eddeo promocional<\/strong>, un<strong> tour 360<\/strong> y una selecci\u00f3n de las <strong>mejores fotos<\/strong> y vistas tomadas con el drone.<\/p>\n\n\n\n<p class=\"mt-5\"><strong>Estrategia din\u00e1mica de precios y tarifas:<\/strong><\/p>\n\n\n\n<p>Implementamos estrategias din\u00e1micas de precios y tarifas para maximizar los ingresos durante las temporadas alta y baja, asegur\u00e1ndonos de que siempre obtenga el mejor rendimiento posible por su propiedad.<\/p>\n\n\n\n<p class=\"mt-5\"><strong>Rese\u00f1as online y gesti\u00f3n de la reputaci\u00f3n:<\/strong><\/p>\n\n\n\n<p>Gestionamos activamente las rese\u00f1as y la reputaci\u00f3n online de su propiedad, fomentando comentarios positivos que aumentan su visibilidad y atractivo.<\/p>\n\n\n\n<p>Con estos servicios, nos comprometemos a maximizar la exposici\u00f3n de su propiedad y optimizar sus ingresos, asegurando que su inversi\u00f3n inmobiliaria alcance su m\u00e1ximo potencial.<\/p>\n","protected":false},"excerpt":{"rendered":"<p>Entendemos la importancia de maximizar la exposici\u00f3n de su propiedad de alquiler vacacional y optimizar sus ingresos. Por ello, ofrecemos una gama de servicios especializados dise\u00f1ados para aumentar la visibilidad de su propiedad y maximizar sus beneficios. A continuaci\u00f3n detallamos c\u00f3mo nuestros servicios pueden beneficiarle: Marketing Digital Avanzado: Con una s\u00f3lida estrategia de marketing digital,&#8230;<\/p>\n","protected":false},"author":2,"featured_media":0,"parent":4643,"menu_order":2,"comment_status":"closed","ping_status":"closed","template":"","meta":{"_acf_changed":false,"footnotes":""},"class_list":["post-4663","page","type-page","status-publish","hentry"],"acf":[],"_links":{"self":[{"href":"https:\/\/www.homewatch.es\/es\/wp-json\/wp\/v2\/pages\/4663","targetHints":{"allow":["GET"]}}],"collection":[{"href":"https:\/\/www.homewatch.es\/es\/wp-json\/wp\/v2\/pages"}],"about":[{"href":"https:\/\/www.homewatch.es\/es\/wp-json\/wp\/v2\/types\/page"}],"author":[{"embeddable":true,"href":"https:\/\/www.homewatch.es\/es\/wp-json\/wp\/v2\/users\/2"}],"replies":[{"embeddable":true,"href":"https:\/\/www.homewatch.es\/es\/wp-json\/wp\/v2\/comments?post=4663"}],"version-history":[{"count":0,"href":"https:\/\/www.homewatch.es\/es\/wp-json\/wp\/v2\/pages\/4663\/revisions"}],"up":[{"embeddable":true,"href":"https:\/\/www.homewatch.es\/es\/wp-json\/wp\/v2\/pages\/4643"}],"wp:attachment":[{"href":"https:\/\/www.homewatch.es\/es\/wp-json\/wp\/v2\/media?parent=4663"}],"curies":[{"name":"wp","href":"https:\/\/api.w.org\/{rel}","templated":true}]}}