{"id":4659,"date":"2023-12-21T10:53:25","date_gmt":"2023-12-21T09:53:25","guid":{"rendered":"https:\/\/www.homewatch.es\/servicios\/owners\/property-management\/stay-connected-anytime-anywhere"},"modified":"2024-02-05T09:04:40","modified_gmt":"2024-02-05T08:04:40","slug":"mantengase-conectado","status":"publish","type":"page","link":"https:\/\/www.homewatch.es\/es\/servicios\/propietarios\/gestion-propiedades\/mantengase-conectado","title":{"rendered":"Mant\u00e9ngase conectado, en cualquier momento y en cualquier lugar"},"content":{"rendered":"\n<p>Con nuestro <strong>Portal del Propietarios<\/strong> podr\u00e1 permanecer conectado con su propiedad en todo momento y desde cualquier lugar. Puedes hacerlo desde tu port\u00e1til o la aplicaci\u00f3n Homewatch.<\/p>\n\n\n\n<p>Es una poderosa herramienta que te ofrece control total y visibilidad en tiempo real de tu inversi\u00f3n inmobiliaria. Aqu\u00ed te detallamos las caracter\u00edsticas y ventajas:<\/p>\n\n\n\n<p class=\"mt-5\"><strong>Portal de Propietarios:<\/strong> acceda a su portal personalizado para ver informaci\u00f3n detallada sobre su propiedad.<\/p>\n\n\n\n<p class=\"mt-5\"><strong>Reservas a su Alcance: <\/strong>consulte reservas actuales, futuras y pasadas. Esta funci\u00f3n le permite realizar un seguimiento completo del uso de su propiedad.<\/p>\n\n\n\n<p class=\"mt-5\"><strong>Calendario Integrado: <\/strong>vea el calendario de ocupaci\u00f3n de su propiedad, lo que le permitir\u00e1 planificar con anticipaci\u00f3n y administrar su tiempo y recursos de manera m\u00e1s eficiente. Tambi\u00e9n puedes bloquear fechas para tu propio disfrute.<\/p>\n\n\n\n<p class=\"mt-5\"><strong>Informaci\u00f3n Financiera Completa: <\/strong>Tenga acceso inmediato a los ingresos totales que genera su propiedad. Esta transparencia financiera es crucial para su tranquilidad y una gesti\u00f3n eficaz.<\/p>\n\n\n\n<p class=\"mt-5\"><strong>Or\u00edgenes de Reserva<\/strong>: identifique de qu\u00e9 plataformas provienen sus invitados.<\/p>\n\n\n\n<p class=\"mt-5\"><strong>M\u00e9tricas Clave:<\/strong> la aplicaci\u00f3n proporciona estad\u00edsticas como la ocupaci\u00f3n promedio, la duraci\u00f3n promedio de la estad\u00eda y la tarifa diaria promedio.<\/p>\n\n\n\n<p class=\"mt-5\"><strong>Facturas y Liquidaciones:<\/strong> Consulta y descarga tus facturas y liquidaciones directamente desde la aplicaci\u00f3n. Esto facilita el seguimiento y gesti\u00f3n de sus finanzas.<\/p>\n\n\n\n<p class=\"mt-5\"><strong>Actualizaciones y Notificaciones:<\/strong> Reciba notificaciones y actualizaciones en tiempo real sobre cualquier cambio o noticia relacionada con su propiedad.<\/p>\n\n\n\n<p class=\"mt-5\">Nuestro portal est\u00e1 dise\u00f1ado para brindarle una experiencia de administraci\u00f3n de propiedades altamente eficiente y sin complicaciones. Le permite mantenerse informado y en control, sin importar d\u00f3nde se encuentre. Desc\u00e1rguelo hoy y experimente una nueva era en la gesti\u00f3n de alquileres vacacionales, donde la comodidad, el control y la claridad son la norma.<\/p>\n","protected":false},"excerpt":{"rendered":"<p>Con nuestro Portal del Propietarios podr\u00e1 permanecer conectado con su propiedad en todo momento y desde cualquier lugar. Puedes hacerlo desde tu port\u00e1til o la aplicaci\u00f3n Homewatch. Es una poderosa herramienta que te ofrece control total y visibilidad en tiempo real de tu inversi\u00f3n inmobiliaria. Aqu\u00ed te detallamos las caracter\u00edsticas y ventajas: Portal de Propietarios:&#8230;<\/p>\n","protected":false},"author":2,"featured_media":0,"parent":4643,"menu_order":1,"comment_status":"closed","ping_status":"closed","template":"","meta":{"_acf_changed":false,"footnotes":""},"class_list":["post-4659","page","type-page","status-publish","hentry"],"acf":[],"_links":{"self":[{"href":"https:\/\/www.homewatch.es\/es\/wp-json\/wp\/v2\/pages\/4659","targetHints":{"allow":["GET"]}}],"collection":[{"href":"https:\/\/www.homewatch.es\/es\/wp-json\/wp\/v2\/pages"}],"about":[{"href":"https:\/\/www.homewatch.es\/es\/wp-json\/wp\/v2\/types\/page"}],"author":[{"embeddable":true,"href":"https:\/\/www.homewatch.es\/es\/wp-json\/wp\/v2\/users\/2"}],"replies":[{"embeddable":true,"href":"https:\/\/www.homewatch.es\/es\/wp-json\/wp\/v2\/comments?post=4659"}],"version-history":[{"count":0,"href":"https:\/\/www.homewatch.es\/es\/wp-json\/wp\/v2\/pages\/4659\/revisions"}],"up":[{"embeddable":true,"href":"https:\/\/www.homewatch.es\/es\/wp-json\/wp\/v2\/pages\/4643"}],"wp:attachment":[{"href":"https:\/\/www.homewatch.es\/es\/wp-json\/wp\/v2\/media?parent=4659"}],"curies":[{"name":"wp","href":"https:\/\/api.w.org\/{rel}","templated":true}]}}