{"id":4637,"date":"2023-10-10T20:25:25","date_gmt":"2023-10-10T18:25:32","guid":{"rendered":"https:\/\/www.homewatch.es\/servicios\/owners"},"modified":"2024-02-08T08:40:50","modified_gmt":"2024-02-08T07:40:50","slug":"propietarios","status":"publish","type":"page","link":"https:\/\/www.homewatch.es\/es\/servicios\/propietarios","title":{"rendered":"Servicios para propietarios"},"content":{"rendered":"<section class=\"hero position-relative mt-5 mt-lg-7 mt-xxl-10 wp-block-acf-herobox\">\n\t<div class=\"container-fluid max-width\">\n\t\t<div class=\"row align-items-center flex-row-reverse\">\n\t\t\t<div class=\"fadeElem col-lg-6 mb-4 mb-lg-0\">\n\t\t\t\t<figure class=\"ratio ratio-16x9\">\n\t\t\t\t\t<picture><source width=\"868\" height=\"488\" srcset=\"https:\/\/media.inmobalia.com\/imgV1\/B8vEv5Xh8DS9rnERuBEA9cCG6HyaDpGtazXt7GVmSD96uwsZF76O2oJFN4Dq5E6Kg4yW1NM2TCktg1JD0_Y8FXh8PkazxOfT9cRoTA07EGjFKTTXjov3EWY4O_uOaIMRMtmgCySMqJeBRP7~72ltxt7s22qXTeYvzLg-.jpg 868w\" type=\"image\/webp\"><img fetchpriority=\"high\" decoding=\"async\" class=\"image-fit w-100 h-100\" width=\"868\" height=\"488\" src=\"https:\/\/media.inmobalia.com\/imgV1\/B8vEv5Xh8DS9rnERuBEXSoCsxmDHOjWb~TDUXqMu3izUBUQ9H1I9FiiIxqj5kf2r80LYnK_quhcLPnbvDsFq~ZANrSTeOaUhWZPxxUNhrm95qN3kOg3eqrOBdqZ55RmsvYnrgdXM6QmF9w--.jpg\"><\/picture>\t\t\t\t<\/figure>\n\t\t\t<\/div>\n\t\t\t<div class=\"col-lg-6 px-xxl-7\">\n\t\t\t\t\t\t\t\t<h2>\n\t\t\t\t\tGesti\u00f3n de Propiedades\t\t\t\t<\/h2>\n\t\t\t\t\t\t\t\t<p>Transformamos la gesti\u00f3n de propiedades de alquiler vacacional en una experiencia sencilla y rentable. Entendemos que cada propiedad es \u00fanica, por eso ofrecemos un enfoque personalizado para garantizar que su inversi\u00f3n alcance su m\u00e1ximo potencial. Desde la promoci\u00f3n eficaz de su propiedad en las principales plataformas hasta la meticulosa gesti\u00f3n de reservas y mantenimiento, nos ocupamos de cada detalle para que usted no tenga que hacerlo. Nuestro equipo de profesionales est\u00e1 dedicado a maximizar la ocupaci\u00f3n y garantizar la satisfacci\u00f3n total de los hu\u00e9spedes, garantizando as\u00ed ingresos \u00f3ptimos y preservando el valor de su propiedad. Conf\u00ede en nosotros para hacer de su propiedad de alquiler vacacional no s\u00f3lo un activo, sino una fuente de tranquilidad y beneficios constantes.<\/p>\n\t\t\t\t<ul class=\"list-unstyled d-flex gap-4 mt-4 mt-lg-5\">\n\t\t\t\t\t\t\t\t\t\t<li>\n\t\t\t\t\t\t<a href=\"https:\/\/www.homewatch.es\/es\/servicios\/propietarios\/gestion-propiedades\" class=\"btn btn-inm stretched-link\">\n\t\t\t\t\t\t\tVER GESTI\u00d3N DE PROPIEDAD\t\t\t\t\t\t<\/a>\n\t\t\t\t\t<\/li>\n\t\t\t\t\t\t\t\t\t<\/ul>\n\t\t\t\t\t\t\t<\/div>\n\t\t<\/div>\n\t<\/div>\n<\/section>\n\n\n<section class=\"hero position-relative mt-5 mt-lg-7 mt-xxl-10 wp-block-acf-herobox\">\n\t<div class=\"container-fluid max-width\">\n\t\t<div class=\"row align-items-center flex-row-reverse\">\n\t\t\t<div class=\"fadeElem col-lg-6 mb-4 mb-lg-0\">\n\t\t\t\t<figure class=\"ratio ratio-16x9\">\n\t\t\t\t\t<picture><source width=\"868\" height=\"488\" srcset=\"https:\/\/media.inmobalia.com\/imgV1\/B8vEv5Xh8DS9rnERuBEA9cCG6HyaDpGtazXt7GVmSD96uwsZF76O2oJFN4Dq5E6Kg4yW1NM2TCktg1JD0_Y8FXh8PkazxOfT9cRoTA07EGjFKTTXjov3EWY4EivBbj6W90tjFNNYFqeUizOEmLMrLZPvPrc-.jpg 868w\" type=\"image\/webp\"><img decoding=\"async\" class=\"image-fit w-100 h-100\" width=\"868\" height=\"488\" src=\"https:\/\/media.inmobalia.com\/imgV1\/B8vEv5Xh8DS9rnERuBEXSoCsxmDHOjWb~TDUXqMu3izUBUQ9H1I9FiiIxqj5kf2r80LYnK_quhcLPnbvDsFq~ZANrSTeOaUhWZPY_KTvKTrY4BnQClZcAq7DPCWKPPgzu6ugmw--.jpg\"><\/picture>\t\t\t\t<\/figure>\n\t\t\t<\/div>\n\t\t\t<div class=\"col-lg-6 px-xxl-7\">\n\t\t\t\t\t\t\t\t<h2>\n\t\t\t\t\tVenta de propiedad\t\t\t\t<\/h2>\n\t\t\t\t\t\t\t\t<p>Vende con confianza y tranquilidad. En Homewatch entendemos que vender tu propiedad es una decisi\u00f3n crucial, por eso te brindamos la experiencia y dedicaci\u00f3n que necesitas para lograrlo con \u00e9xito. Ofreciendo desde una valoraci\u00f3n precisa de su propiedad hasta estrategias de marketing personalizadas y negociaciones expertas, estamos aqu\u00ed para simplificar todo el proceso. Podemos hacer de la venta de su propiedad un proceso sin complicaciones y altamente rentable. \u00a1Comienza tu viaje ahora mismo!<\/p>\n\t\t\t\t<ul class=\"list-unstyled d-flex gap-4 mt-4 mt-lg-5\">\n\t\t\t\t\t\t\t\t\t\t<li>\n\t\t\t\t\t\t<a href=\"https:\/\/www.homewatch.es\/es\/servicios\/propietarios\/venta-de-propoiedades\" class=\"btn btn-inm stretched-link\">\n\t\t\t\t\t\t\tVER TODOS LOS SERVICIOS\t\t\t\t\t\t<\/a>\n\t\t\t\t\t<\/li>\n\t\t\t\t\t\t\t\t\t<\/ul>\n\t\t\t\t\t\t\t<\/div>\n\t\t<\/div>\n\t<\/div>\n<\/section>\n\n\n<section class=\"hero position-relative mt-5 mt-lg-7 mt-xxl-10 wp-block-acf-herobox\">\n\t<div class=\"container-fluid max-width\">\n\t\t<div class=\"row align-items-center flex-row-reverse\">\n\t\t\t<div class=\"fadeElem col-lg-6 mb-4 mb-lg-0\">\n\t\t\t\t<figure class=\"ratio ratio-16x9\">\n\t\t\t\t\t<picture><source width=\"868\" height=\"488\" srcset=\"https:\/\/media.inmobalia.com\/imgV1\/B8vEv5Xh8DS9rnERuBEA9cCG6HyaDpGtazXt7GVmSD96uwsZF76O2oJFN4Dq5E6Kg4yW1NM2TCktg1JD0_Y8FXh8PkazxOfT9cRoTA07EGjFKTTXjov3EWY4BHaSIxlS6ozeMTCdd83NLF2OQBW7qlA-.jpg 868w\" type=\"image\/webp\"><img decoding=\"async\" class=\"image-fit w-100 h-100\" width=\"868\" height=\"488\" src=\"https:\/\/media.inmobalia.com\/imgV1\/B8vEv5Xh8DS9rnERuBEXSoCsxmDHOjWb~TDUXqMu3izUBUQ9H1I9FiiIxqj5kf2r80LYnK_quhcLPnbvDsFq~ZANrSTeOaUhWZPORlW2eKHR2KZZC4dsWG6S2wjKbPMz2A--.jpg\"><\/picture>\t\t\t\t<\/figure>\n\t\t\t<\/div>\n\t\t\t<div class=\"col-lg-6 px-xxl-7\">\n\t\t\t\t\t\t\t\t<h2>\n\t\t\t\t\tOptimizar la inversi\u00f3n \t\t\t\t<\/h2>\n\t\t\t\t\t\t\t\t<p>Emb\u00e1rcate en un viaje perfecto para encontrar la casa de tus sue\u00f1os con Homewatch Marbella, tu aliado en servicios inmobiliarios premium. En el bullicioso coraz\u00f3n de Marbella, nos dedicamos a brindar a los inquilinos una gama de servicios que priorizan la comodidad, la conveniencia y un proceso de arrendamiento sin complicaciones. Ya sea que est\u00e9 buscando el listado de alquiler perfecto o necesite asistencia las 24 horas, nuestro equipo est\u00e1 aqu\u00ed para ayudarlo en cada paso. Elija Homewatch Marbella para disfrutar de una experiencia que destaca por encima del resto. P\u00f3ngase en contacto con nosotros hoy para comenzar su nuevo comienzo en la encantadora ciudad de Marbella.<\/p>\n\t\t\t\t<ul class=\"list-unstyled d-flex gap-4 mt-4 mt-lg-5\">\n\t\t\t\t\t\t\t\t\t\t<li>\n\t\t\t\t\t\t<a href=\"https:\/\/www.homewatch.es\/es\/servicios\/propietarios\/optimice-su-inversion\" class=\"btn btn-inm stretched-link\">\n\t\t\t\t\t\t\tVER TODOS LOS SERVICIOS\t\t\t\t\t\t<\/a>\n\t\t\t\t\t<\/li>\n\t\t\t\t\t\t\t\t\t<\/ul>\n\t\t\t\t\t\t\t<\/div>\n\t\t<\/div>\n\t<\/div>\n<\/section>\n\n\n\n<div class=\"wp-block-group container mt-10\"><div class=\"wp-block-group__inner-container is-layout-flow wp-block-group-is-layout-flow\">\n<h3 class=\"wp-block-heading\">Explore nuestras secciones destacadas<\/h3>\n\n\n\t<div class=\"row row-cols-1 row-cols-xl-3 mt-5\">\n\t\t\t\t\t<div class=\"col mb-5\">\n\t\t\t\t<p><strong>M\u00e1s buscado<\/strong><\/p>\n<ul class=\"list-unstyled lh-lg mb-0\">\n<li><a href=\"\/es\/296-las-mejores-areas-para-invertir-en-marbella\">Las zonas m\u00e1s rentables para invertir<\/a><\/li>\n<li><a href=\"\/es\/703-cuanta-rentabilidad-puedo-conseguir-de-un-inmueble\">\u00bfCu\u00e1nta rentabilidad puedo sacarle a una propiedad?<\/a><\/li>\n<li><a href=\"\/es\/705-analisis-del-mercado-inmobiliario-2021\">An\u00e1lisis del mercado inmobiliario 2021<\/a><\/li>\n<li><a href=\"\/es\/707-calcular-rentabilidad-en-inversion-inmobiliaria\">Calcular la rentabilidad en la inversi\u00f3n inmobiliaria<\/a><\/li>\n<li><a href=\"\/es\/710-marbella-villas-de-lujo-en-venta\">Villas de lujo en venta en Marbella<\/a><\/li>\n<\/ul>\n\t\t\t<\/div>\n\t\t\t\t\t<div class=\"col mb-5\">\n\t\t\t\t<p><strong>Are you searching for real estate?<\/strong><\/p>\n<ul class=\"list-unstyled lh-lg mb-0\">\n<li><a href=\"\/es\/713-viviendas-en-venta-en-costa-del-sol\">Viviendas en venta en la Costa del Sol<\/a><\/li>\n<li><a href=\"\/venta\/marbella\/casas\">Casas en venta en Marbella<\/a><\/li>\n<li><a href=\"\/venta\/marbella\/apartamentos-y-pisos\">Apartamentos en venta en Marbella<\/a><\/li>\n<li><a href=\"\/es\/719-alquiler-vacacional-en-marbella\">Alquiler de vacaciones en Marbella<\/a><\/li>\n<li><a href=\"\/es\/786-alquiler-mensual-en-marbella\">Alquiler mensual Marbella<\/a><\/li>\n<\/ul>\n\t\t\t<\/div>\n\t\t\t\t\t<div class=\"col mb-5\">\n\t\t\t\t<p><strong>Are you already an owner?<\/strong><\/p>\n<ul class=\"list-unstyled lh-lg mb-0\">\n<li><a href=\"\/es\/791-10-pasos-de-como-vender-tu-casa\">10 pasos de c\u00f3mo vender tu casa<\/a><\/li>\n<li><a href=\"\/es\/795-anuncia-tu-vivienda-con-homewatch\">Publica tu casa con Homewatch<\/a><\/li>\n<li><a href=\"\/es\/797-tasacion-de-inmueble-gratuito\">Tasaci\u00f3n de propiedad gratuita<\/a><\/li>\n<li><a href=\"\/es\/921-solicitar-certificado-energetico\">Solicitar certificado energ\u00e9tico<\/a><\/li>\n<li><a href=\"\/es\/924-5-pasos-para-presentar-tu-casa-a-la-venta\">5 pasos para presentar tu casa en venta<\/a><\/li>\n<\/ul>\n\t\t\t<\/div>\n\t\t\t<\/div>\n<\/div><\/div>\n","protected":false},"excerpt":{"rendered":"","protected":false},"author":2,"featured_media":4147,"parent":2341,"menu_order":0,"comment_status":"closed","ping_status":"closed","template":"template-pages\/page-landing.php","meta":{"_acf_changed":false,"footnotes":""},"class_list":["post-4637","page","type-page","status-publish","has-post-thumbnail","hentry"],"acf":[],"_links":{"self":[{"href":"https:\/\/www.homewatch.es\/es\/wp-json\/wp\/v2\/pages\/4637","targetHints":{"allow":["GET"]}}],"collection":[{"href":"https:\/\/www.homewatch.es\/es\/wp-json\/wp\/v2\/pages"}],"about":[{"href":"https:\/\/www.homewatch.es\/es\/wp-json\/wp\/v2\/types\/page"}],"author":[{"embeddable":true,"href":"https:\/\/www.homewatch.es\/es\/wp-json\/wp\/v2\/users\/2"}],"replies":[{"embeddable":true,"href":"https:\/\/www.homewatch.es\/es\/wp-json\/wp\/v2\/comments?post=4637"}],"version-history":[{"count":0,"href":"https:\/\/www.homewatch.es\/es\/wp-json\/wp\/v2\/pages\/4637\/revisions"}],"up":[{"embeddable":true,"href":"https:\/\/www.homewatch.es\/es\/wp-json\/wp\/v2\/pages\/2341"}],"wp:featuredmedia":[{"embeddable":true,"href":"https:\/\/www.homewatch.es\/es\/wp-json\/wp\/v2\/media\/4147"}],"wp:attachment":[{"href":"https:\/\/www.homewatch.es\/es\/wp-json\/wp\/v2\/media?parent=4637"}],"curies":[{"name":"wp","href":"https:\/\/api.w.org\/{rel}","templated":true}]}}