{"id":2499,"date":"2022-08-02T15:10:06","date_gmt":"2022-08-02T13:10:06","guid":{"rendered":"https:\/\/www.homewatch.es\/?page_id=2499"},"modified":"2024-02-05T12:39:06","modified_gmt":"2024-02-05T11:39:06","slug":"restaurantes","status":"publish","type":"page","link":"https:\/\/www.homewatch.es\/es\/servicios\/inquilinos\/restaurantes","title":{"rendered":"Restaurantes"},"content":{"rendered":"\n<p>En HomeWatch aspiramos a hacer de tu estancia en Marbella y la Costa del Sol no s\u00f3lo unas vacaciones, sino un viaje culinario inolvidable. Nos complace ofrecer nuestro exclusivo Servicio de Restaurante, dise\u00f1ado para brindarle acceso perfecto a las mejores experiencias gastron\u00f3micas de la regi\u00f3n.<\/p>\n\n\n\n<p>Nuestra experiencia local y s\u00f3lidas relaciones con los mejores restaurantes de Marbella y de la Costa del Sol nos permiten ofrecerle recomendaciones personalizadas basadas en sus gustos y preferencias \u00fanicos. Ya sea que est\u00e9 buscando una cena rom\u00e1ntica frente a la playa, un animado bar de tapas local, una aventura gastron\u00f3mica en un establecimiento con estrella Michelin o un lugar \u00edntimo y familiar, estamos aqu\u00ed para guiarlo hacia las mejores mesas de la ciudad.<\/p>\n\n\n\n<p>Pero nuestro Servicio de Restaurante va m\u00e1s all\u00e1 de las meras recomendaciones. Tambi\u00e9n nos encargamos de las reservas, asegur\u00e1ndonos de que nunca se pierda un lugar para cenar muy solicitado, incluso durante la temporada alta. Entendemos \u00edntimamente la escena gastron\u00f3mica local y utilizamos este conocimiento para asegurar las mejores reservas en los momentos m\u00e1s codiciados.<\/p>\n\n\n\n<p>Adem\u00e1s, podemos organizar servicios especiales para mejorar a\u00fan m\u00e1s su experiencia gastron\u00f3mica. Ya sea un men\u00fa personalizado para una ocasi\u00f3n especial, un servicio de chef privado o alojamiento por restricciones diet\u00e9ticas, estamos a su disposici\u00f3n para hacer de cada comida una experiencia excepcional.<\/p>\n\n\n\n<p>En HomeWatch estamos comprometidos a hacer que su estancia en Marbella y la Costa del Sol sea lo m\u00e1s c\u00f3moda, lujosa y memorable posible. Con nuestro Servicio de Restaurante podr\u00e1s sumergirte en el rico panorama culinario de esta hermosa regi\u00f3n, mientras nosotros cuidamos todos los detalles. Disfrute de los sabores de Marbella y la Costa del Sol con la exclusividad y comodidad que caracterizan nuestros servicios en HomeWatch.<\/p>\n","protected":false},"excerpt":{"rendered":"<p>En HomeWatch aspiramos a hacer de tu estancia en Marbella y la Costa del Sol no s\u00f3lo unas vacaciones, sino un viaje culinario inolvidable. Nos complace ofrecer nuestro exclusivo Servicio de Restaurante, dise\u00f1ado para brindarle acceso perfecto a las mejores experiencias gastron\u00f3micas de la regi\u00f3n. Nuestra experiencia local y s\u00f3lidas relaciones con los mejores restaurantes&#8230;<\/p>\n","protected":false},"author":2,"featured_media":0,"parent":4590,"menu_order":11,"comment_status":"closed","ping_status":"closed","template":"","meta":{"_acf_changed":false,"footnotes":""},"class_list":["post-2499","page","type-page","status-publish","hentry"],"acf":[],"_links":{"self":[{"href":"https:\/\/www.homewatch.es\/es\/wp-json\/wp\/v2\/pages\/2499","targetHints":{"allow":["GET"]}}],"collection":[{"href":"https:\/\/www.homewatch.es\/es\/wp-json\/wp\/v2\/pages"}],"about":[{"href":"https:\/\/www.homewatch.es\/es\/wp-json\/wp\/v2\/types\/page"}],"author":[{"embeddable":true,"href":"https:\/\/www.homewatch.es\/es\/wp-json\/wp\/v2\/users\/2"}],"replies":[{"embeddable":true,"href":"https:\/\/www.homewatch.es\/es\/wp-json\/wp\/v2\/comments?post=2499"}],"version-history":[{"count":0,"href":"https:\/\/www.homewatch.es\/es\/wp-json\/wp\/v2\/pages\/2499\/revisions"}],"up":[{"embeddable":true,"href":"https:\/\/www.homewatch.es\/es\/wp-json\/wp\/v2\/pages\/4590"}],"wp:attachment":[{"href":"https:\/\/www.homewatch.es\/es\/wp-json\/wp\/v2\/media?parent=2499"}],"curies":[{"name":"wp","href":"https:\/\/api.w.org\/{rel}","templated":true}]}}