{"id":2481,"date":"2022-08-02T11:20:35","date_gmt":"2022-08-02T09:20:35","guid":{"rendered":"https:\/\/www.homewatch.es\/?page_id=2481"},"modified":"2024-02-05T12:17:27","modified_gmt":"2024-02-05T11:17:27","slug":"campos-de-golf","status":"publish","type":"page","link":"https:\/\/www.homewatch.es\/es\/servicios\/inquilinos\/campos-de-golf","title":{"rendered":"Campos de Golf"},"content":{"rendered":"\n<p>Entre el mar y la monta\u00f1a, con 325 d\u00edas de sol al a\u00f1o y un clima mediterr\u00e1neo, la Costa del Sol es un destino incomparable para disfrutar del golf durante todo el a\u00f1o.<\/p>\n\n\n\n<p>Conocida como la Costa del Golf, este enclave se ha convertido en el destino preferido de quienes buscan la excelencia en el golf, estos greens de golf son reconocidos en toda Europa y el mundo por sus infraestructuras, condiciones y servicios.<\/p>\n\n\n\n<p>Homewatch te ayudar\u00e1 y asesorar\u00e1 para reservar un campo de golf que se adapte a tus gustos para que puedas disfrutar de tu Tee Time sin ning\u00fan imprevisto.<\/p>\n\n\n\n<p>Todos nuestros servicios deben solicitarse con 48 horas de antelaci\u00f3n.<\/p>\n\n\n\n<p>Si deseas reservar el servicio del campo de golf con nosotros, por favor d\u00e9janos tus datos y requisitos en el formulario.<\/p>\n\n\n\n<p>Si tienes alguna duda puedes escribirnos a <a href=\"mailto:services@homewatch.es\">services@homewatch.es<\/a>. \u00a1No dude en ponerse en contacto con nosotros!<\/p>\n","protected":false},"excerpt":{"rendered":"<p>Entre el mar y la monta\u00f1a, con 325 d\u00edas de sol al a\u00f1o y un clima mediterr\u00e1neo, la Costa del Sol es un destino incomparable para disfrutar del golf durante todo el a\u00f1o. Conocida como la Costa del Golf, este enclave se ha convertido en el destino preferido de quienes buscan la excelencia en el&#8230;<\/p>\n","protected":false},"author":2,"featured_media":0,"parent":4590,"menu_order":9,"comment_status":"closed","ping_status":"closed","template":"","meta":{"_acf_changed":false,"footnotes":""},"class_list":["post-2481","page","type-page","status-publish","hentry"],"acf":[],"_links":{"self":[{"href":"https:\/\/www.homewatch.es\/es\/wp-json\/wp\/v2\/pages\/2481","targetHints":{"allow":["GET"]}}],"collection":[{"href":"https:\/\/www.homewatch.es\/es\/wp-json\/wp\/v2\/pages"}],"about":[{"href":"https:\/\/www.homewatch.es\/es\/wp-json\/wp\/v2\/types\/page"}],"author":[{"embeddable":true,"href":"https:\/\/www.homewatch.es\/es\/wp-json\/wp\/v2\/users\/2"}],"replies":[{"embeddable":true,"href":"https:\/\/www.homewatch.es\/es\/wp-json\/wp\/v2\/comments?post=2481"}],"version-history":[{"count":0,"href":"https:\/\/www.homewatch.es\/es\/wp-json\/wp\/v2\/pages\/2481\/revisions"}],"up":[{"embeddable":true,"href":"https:\/\/www.homewatch.es\/es\/wp-json\/wp\/v2\/pages\/4590"}],"wp:attachment":[{"href":"https:\/\/www.homewatch.es\/es\/wp-json\/wp\/v2\/media?parent=2481"}],"curies":[{"name":"wp","href":"https:\/\/api.w.org\/{rel}","templated":true}]}}