{"id":2474,"date":"2022-08-02T10:36:22","date_gmt":"2022-08-02T08:36:22","guid":{"rendered":"https:\/\/www.homewatch.es\/?page_id=2474"},"modified":"2024-02-05T12:40:30","modified_gmt":"2024-02-05T11:40:30","slug":"excursiones","status":"publish","type":"page","link":"https:\/\/www.homewatch.es\/es\/servicios\/inquilinos\/excursiones","title":{"rendered":"Excursiones"},"content":{"rendered":"\n<p>En HomeWatch nos dedicamos a hacer de tu estancia en Marbella y la Costa del Sol una aventura inolvidable. Es por eso que estamos orgullosos de ofrecer nuestro exclusivo Servicio de Excursiones y Eventos, creado para ayudarlo a explorar y experimentar lo mejor que esta vibrante regi\u00f3n tiene para ofrecer.<\/p>\n\n\n\n<p>Marbella y la Costa del Sol son reconocidas por sus diversas atracciones y actividades. Desde explorar pueblos hist\u00f3ricos andaluces, disfrutar de catas de vino en vi\u00f1edos locales, hasta emocionantes deportes acu\u00e1ticos y rutas de senderismo inolvidables, hay una aventura esperando para todos.<\/p>\n\n\n\n<p>Con nuestro Servicio de excursiones, seleccionamos itinerarios personalizados seg\u00fan sus intereses y preferencias. Aprovechamos nuestro conocimiento y conexiones locales para garantizar que tenga las experiencias m\u00e1s aut\u00e9nticas y enriquecedoras. Ya sea que busque aventura, cultura, naturaleza o relajaci\u00f3n, dise\u00f1aremos una excursi\u00f3n que satisfaga perfectamente sus expectativas.<\/p>\n\n\n\n<p>M\u00e1s all\u00e1 de las diversas excursiones, la Costa del Sol tambi\u00e9n es conocida por su vibrante calendario de eventos y festivales. Nuestro Servicio de Eventos te mantiene informado sobre los mejores eventos locales, desde fiestas tradicionales y espect\u00e1culos de flamenco hasta conciertos de alto nivel y eventos deportivos.<\/p>\n\n\n\n<p>No s\u00f3lo te informamos sobre estos eventos, sino que tambi\u00e9n gestionamos toda la log\u00edstica por ti. Esto incluye comprar boletos, organizar el transporte e incluso organizar accesos especiales o servicios VIP cuando est\u00e9n disponibles.<\/p>\n\n\n\n<p>En HomeWatch estamos comprometidos a transformar tu estancia en Marbella y la Costa del Sol en un viaje inmersivo y memorable. Nuestro Servicio de Excursiones y Eventos es un testimonio de este compromiso, ya que nos esforzamos por garantizar que experimente al m\u00e1ximo la rica cultura, la impresionante naturaleza y el ambiente animado de la regi\u00f3n. Explora y disfruta de Marbella y la Costa del Sol como nunca antes, con el lujo, la comodidad y el toque personal que te ofrece HomeWatch.es.<\/p>\n","protected":false},"excerpt":{"rendered":"<p>En HomeWatch nos dedicamos a hacer de tu estancia en Marbella y la Costa del Sol una aventura inolvidable. Es por eso que estamos orgullosos de ofrecer nuestro exclusivo Servicio de Excursiones y Eventos, creado para ayudarlo a explorar y experimentar lo mejor que esta vibrante regi\u00f3n tiene para ofrecer. Marbella y la Costa del&#8230;<\/p>\n","protected":false},"author":2,"featured_media":0,"parent":4590,"menu_order":8,"comment_status":"closed","ping_status":"closed","template":"","meta":{"_acf_changed":false,"footnotes":""},"class_list":["post-2474","page","type-page","status-publish","hentry"],"acf":[],"_links":{"self":[{"href":"https:\/\/www.homewatch.es\/es\/wp-json\/wp\/v2\/pages\/2474","targetHints":{"allow":["GET"]}}],"collection":[{"href":"https:\/\/www.homewatch.es\/es\/wp-json\/wp\/v2\/pages"}],"about":[{"href":"https:\/\/www.homewatch.es\/es\/wp-json\/wp\/v2\/types\/page"}],"author":[{"embeddable":true,"href":"https:\/\/www.homewatch.es\/es\/wp-json\/wp\/v2\/users\/2"}],"replies":[{"embeddable":true,"href":"https:\/\/www.homewatch.es\/es\/wp-json\/wp\/v2\/comments?post=2474"}],"version-history":[{"count":0,"href":"https:\/\/www.homewatch.es\/es\/wp-json\/wp\/v2\/pages\/2474\/revisions"}],"up":[{"embeddable":true,"href":"https:\/\/www.homewatch.es\/es\/wp-json\/wp\/v2\/pages\/4590"}],"wp:attachment":[{"href":"https:\/\/www.homewatch.es\/es\/wp-json\/wp\/v2\/media?parent=2474"}],"curies":[{"name":"wp","href":"https:\/\/api.w.org\/{rel}","templated":true}]}}