{"id":2398,"date":"2022-07-29T11:35:09","date_gmt":"2022-07-29T09:35:09","guid":{"rendered":"https:\/\/www.homewatch.es\/?page_id=2398"},"modified":"2024-02-05T10:34:19","modified_gmt":"2024-02-05T09:34:19","slug":"cambio-de-sabanas-y-toallas","status":"publish","type":"page","link":"https:\/\/www.homewatch.es\/es\/servicios\/inquilinos\/cambio-de-sabanas-y-toallas","title":{"rendered":"Cambio de S\u00e1banas y Toallas"},"content":{"rendered":"\n<p>Qu\u00e9 agradable es sentir el tacto de una s\u00e1bana reci\u00e9n planchada o el olor a lavanda de una toalla limpia, peque\u00f1os detalles que pueden hacer de tu d\u00eda un mejor d\u00eda.<\/p>\n\n\n\n<p>Lo sabemos y por eso ofrecemos un servicio de reposici\u00f3n de s\u00e1banas y toallas para nuestros inquilinos.<\/p>\n\n\n\n<p>Con el servicio de reposici\u00f3n ofrecemos un pack de s\u00e1banas que incluye s\u00e1bana bajera, funda n\u00f3rdica y fundas de almohada y con el pack de toallas ofrecemos toallas de ba\u00f1o, toallas de mano y alfombras de ba\u00f1o.<\/p>\n\n\n\n<p>Los precios y packs var\u00edan en funci\u00f3n del n\u00famero de camas o de personas que necesiten reposici\u00f3n.<\/p>\n\n\n\n<p>Todos nuestros servicios deben solicitarse con 48 horas de antelaci\u00f3n.<\/p>\n\n\n\n<p>Si deseas contratar el servicio de cambio de s\u00e1banas y toallas con nosotros, d\u00e9janos tus datos y requisitos en el formulario.<\/p>\n\n\n\n<p>Si tienes alguna duda puedes escribirnos a <a href=\"mailto:services@homewatch.es\">services@homewatch.es<\/a>.. \u00a1No dude en ponerse en contacto con nosotros!<\/p>\n","protected":false},"excerpt":{"rendered":"<p>Qu\u00e9 agradable es sentir el tacto de una s\u00e1bana reci\u00e9n planchada o el olor a lavanda de una toalla limpia, peque\u00f1os detalles que pueden hacer de tu d\u00eda un mejor d\u00eda. Lo sabemos y por eso ofrecemos un servicio de reposici\u00f3n de s\u00e1banas y toallas para nuestros inquilinos. Con el servicio de reposici\u00f3n ofrecemos un&#8230;<\/p>\n","protected":false},"author":2,"featured_media":0,"parent":4590,"menu_order":3,"comment_status":"closed","ping_status":"closed","template":"","meta":{"_acf_changed":false,"footnotes":""},"class_list":["post-2398","page","type-page","status-publish","hentry"],"acf":[],"_links":{"self":[{"href":"https:\/\/www.homewatch.es\/es\/wp-json\/wp\/v2\/pages\/2398","targetHints":{"allow":["GET"]}}],"collection":[{"href":"https:\/\/www.homewatch.es\/es\/wp-json\/wp\/v2\/pages"}],"about":[{"href":"https:\/\/www.homewatch.es\/es\/wp-json\/wp\/v2\/types\/page"}],"author":[{"embeddable":true,"href":"https:\/\/www.homewatch.es\/es\/wp-json\/wp\/v2\/users\/2"}],"replies":[{"embeddable":true,"href":"https:\/\/www.homewatch.es\/es\/wp-json\/wp\/v2\/comments?post=2398"}],"version-history":[{"count":0,"href":"https:\/\/www.homewatch.es\/es\/wp-json\/wp\/v2\/pages\/2398\/revisions"}],"up":[{"embeddable":true,"href":"https:\/\/www.homewatch.es\/es\/wp-json\/wp\/v2\/pages\/4590"}],"wp:attachment":[{"href":"https:\/\/www.homewatch.es\/es\/wp-json\/wp\/v2\/media?parent=2398"}],"curies":[{"name":"wp","href":"https:\/\/api.w.org\/{rel}","templated":true}]}}