{"id":2394,"date":"2022-07-29T09:53:17","date_gmt":"2022-07-29T07:53:17","guid":{"rendered":"https:\/\/www.homewatch.es\/?page_id=2394"},"modified":"2024-02-05T10:41:29","modified_gmt":"2024-02-05T09:41:29","slug":"coches-de-alquiler","status":"publish","type":"page","link":"https:\/\/www.homewatch.es\/es\/servicios\/inquilinos\/coches-de-alquiler","title":{"rendered":"Coches de alquiler"},"content":{"rendered":"\n<p>Si eres de esas personas a las que les gusta tener autonom\u00eda en tus vacaciones, y quieres tomar el control de tus viajes, tu mejor opci\u00f3n es alquilar un coche que te permita esa libertad.<\/p>\n\n\n\n<p>Nuestro equipo encargado de servicios te ofrecer\u00e1 los diferentes modelos con los que trabajamos y se encargar\u00e1 de todos los tr\u00e1mites necesarios para que nada m\u00e1s salir de la puerta del aeropuerto tengas tu coche esper\u00e1ndote.<\/p>\n\n\n\n<p>Los rangos de precios var\u00edan seg\u00fan los modelos de autom\u00f3viles y los d\u00edas de servicios de alquiler.<\/p>\n\n\n\n<p>Todos nuestros servicios deben solicitarse con 48 horas de antelaci\u00f3n.<\/p>\n\n\n\n<p>Si desea reservar el servicio de alquiler de coches con nosotros, por favor deje sus datos en el formulario y el n\u00famero de plazas requeridas. Posteriormente alguien de nuestro equipo se comunicar\u00e1 con usted para discutir sus necesidades.<\/p>\n\n\n\n<p>Si tienes alguna duda puedes escribirnos a <a href=\"mailto:services@homewatch.es\">services@homewatch.es<\/a>. \u00a1No dude en ponerse en contacto con nosotros!<\/p>\n","protected":false},"excerpt":{"rendered":"<p>Si eres de esas personas a las que les gusta tener autonom\u00eda en tus vacaciones, y quieres tomar el control de tus viajes, tu mejor opci\u00f3n es alquilar un coche que te permita esa libertad. Nuestro equipo encargado de servicios te ofrecer\u00e1 los diferentes modelos con los que trabajamos y se encargar\u00e1 de todos los&#8230;<\/p>\n","protected":false},"author":2,"featured_media":0,"parent":4590,"menu_order":4,"comment_status":"closed","ping_status":"closed","template":"","meta":{"_acf_changed":false,"footnotes":""},"class_list":["post-2394","page","type-page","status-publish","hentry"],"acf":[],"_links":{"self":[{"href":"https:\/\/www.homewatch.es\/es\/wp-json\/wp\/v2\/pages\/2394","targetHints":{"allow":["GET"]}}],"collection":[{"href":"https:\/\/www.homewatch.es\/es\/wp-json\/wp\/v2\/pages"}],"about":[{"href":"https:\/\/www.homewatch.es\/es\/wp-json\/wp\/v2\/types\/page"}],"author":[{"embeddable":true,"href":"https:\/\/www.homewatch.es\/es\/wp-json\/wp\/v2\/users\/2"}],"replies":[{"embeddable":true,"href":"https:\/\/www.homewatch.es\/es\/wp-json\/wp\/v2\/comments?post=2394"}],"version-history":[{"count":0,"href":"https:\/\/www.homewatch.es\/es\/wp-json\/wp\/v2\/pages\/2394\/revisions"}],"up":[{"embeddable":true,"href":"https:\/\/www.homewatch.es\/es\/wp-json\/wp\/v2\/pages\/4590"}],"wp:attachment":[{"href":"https:\/\/www.homewatch.es\/es\/wp-json\/wp\/v2\/media?parent=2394"}],"curies":[{"name":"wp","href":"https:\/\/api.w.org\/{rel}","templated":true}]}}