{"id":2341,"date":"2022-07-21T14:50:25","date_gmt":"2022-07-21T12:50:25","guid":{"rendered":"https:\/\/www.homewatch.es\/?page_id=2341"},"modified":"2024-03-06T10:25:52","modified_gmt":"2024-03-06T09:25:52","slug":"servicios","status":"publish","type":"page","link":"https:\/\/www.homewatch.es\/es\/servicios","title":{"rendered":"Servicios"},"content":{"rendered":"<section class=\"hero position-relative mt-5 mt-lg-7 mt-xxl-10 wp-block-acf-herobox\">\n\t<div class=\"container-fluid max-width\">\n\t\t<div class=\"row align-items-center flex-row-reverse\">\n\t\t\t<div class=\"fadeElem col-lg-6 mb-4 mb-lg-0\">\n\t\t\t\t<figure class=\"ratio ratio-16x9\">\n\t\t\t\t\t<picture><source width=\"868\" height=\"488\" srcset=\"https:\/\/media.inmobalia.com\/imgV1\/B8vEv5Xh8DS9rnERuBEA9cCG6HyaDpGtazXt7GVmSD96uwsZF76O2oJFN4Dq5E6Kg4yW1NM2TCktg1JD0_Y8FXh8PkazxOfT9cRoTA07EGjFKTTXjov3EWY4MledZKPTfY5Lvv4YmE0MlOesJX8Uqm1uPj1wpW_1xLmd2zfmIAG3QMZsTfSKyA--.jpg 868w\" type=\"image\/webp\"><img fetchpriority=\"high\" decoding=\"async\" class=\"image-fit w-100 h-100\" width=\"868\" height=\"488\" src=\"https:\/\/media.inmobalia.com\/imgV1\/B8vEv5Xh8DS9rnERuBEXSoCsxmDHOjWb~TDUXqMu3izUBUQ9H1I9FiiIxqj5kf2r80LYnK_quhcLPnbvDsFq~ZANrSTeOaUhWZP4Oj66aykwVTL6tOp8UuIpYOdhuqxO1mapF9V1uqvBVa3pR6al1D_6EUyG9FhG.jpg\"><\/picture>\t\t\t\t<\/figure>\n\t\t\t<\/div>\n\t\t\t<div class=\"col-lg-6 px-xxl-7\">\n\t\t\t\t\t\t\t\t<h2>\n\t\t\t\t\tServicios para propietarios\t\t\t\t<\/h2>\n\t\t\t\t\t\t\t\t<p>Descubra lo mejor de la gesti\u00f3n inmobiliaria con Homewatch Marbella, su socio de confianza en excelencia inmobiliaria. Como propietario en la vibrante zona de Marbella, usted merece un servicio que sea tan \u00fanico y excepcional como su inversi\u00f3n. Desde estrategias de marketing personalizadas hasta an\u00e1lisis de mercado detallados, ofrecemos un conjunto incomparable de servicios dise\u00f1ados para maximizar el potencial de su propiedad. Participe con la experiencia de Homewatch Marbella y experimente la facilidad de ser propietario como nunca antes. Con\u00e9ctese con nosotros hoy para descubrir el verdadero valor de su propiedad en Marbella.<\/p>\n\t\t\t\t<ul class=\"list-unstyled d-flex gap-4 mt-4 mt-lg-5\">\n\t\t\t\t\t\t\t\t\t\t<li>\n\t\t\t\t\t\t<a href=\"https:\/\/www.homewatch.es\/es\/servicios\/propietarios\" class=\"btn btn-inm stretched-link\">\n\t\t\t\t\t\t\tVer todos los servicios\t\t\t\t\t\t<\/a>\n\t\t\t\t\t<\/li>\n\t\t\t\t\t\t\t\t\t<\/ul>\n\t\t\t\t\t\t\t<\/div>\n\t\t<\/div>\n\t<\/div>\n<\/section>\n\n\n<section class=\"hero position-relative mt-5 mt-lg-7 mt-xxl-10 wp-block-acf-herobox\">\n\t<div class=\"container-fluid max-width\">\n\t\t<div class=\"row align-items-center flex-row-reverse\">\n\t\t\t<div class=\"fadeElem col-lg-6 mb-4 mb-lg-0\">\n\t\t\t\t<figure class=\"ratio ratio-16x9\">\n\t\t\t\t\t<picture><source width=\"868\" height=\"488\" srcset=\"https:\/\/media.inmobalia.com\/imgV1\/B8vEv5Xh8DS9rnERuBEA9cCG6HyaDpGtazXt7GVmSD96uwsZF76O2oJFN4Dq5E6Kg4yW1NM2TCktg1JD0_Y8FXh8PkazxOfT9cRoTA07EGjFKTTXjov3EWY4NllYvO_kDgLQlQ4lU5t9JYOi5eMyyOeaXecGKypDaB~s.jpg 868w\" type=\"image\/webp\"><img decoding=\"async\" class=\"image-fit w-100 h-100\" width=\"868\" height=\"488\" src=\"https:\/\/media.inmobalia.com\/imgV1\/B8vEv5Xh8DS9rnERuBEXSoCsxmDHOjWb~TDUXqMu3izUBUQ9H1I9FiiIxqj5kf2r80LYnK_quhcLPnbvDsFq~ZANrSTeOaUhWZP8rsBkDyUEwmZT3_6zIqs6uli3k0i8UKEoy4UGKlubkfQ-.jpg\"><\/picture>\t\t\t\t<\/figure>\n\t\t\t<\/div>\n\t\t\t<div class=\"col-lg-6 px-xxl-7\">\n\t\t\t\t\t\t\t\t<h2>\n\t\t\t\t\tServicios para inquilinos\t\t\t\t<\/h2>\n\t\t\t\t\t\t\t\t<p>Emb\u00e1rcate en un viaje perfecto para encontrar la casa de tus sue\u00f1os con Homewatch Marbella, tu aliado en servicios inmobiliarios premium. En el bullicioso coraz\u00f3n de Marbella, nos dedicamos a brindar a los inquilinos una gama de servicios que priorizan la comodidad, la conveniencia y un proceso de arrendamiento sin complicaciones. Ya sea que est\u00e9 buscando el listado de alquiler perfecto o necesite asistencia las 24 horas, nuestro equipo est\u00e1 aqu\u00ed para ayudarlo en cada paso. Elija Homewatch Marbella para disfrutar de una experiencia de inquilino que destaca por encima del resto. P\u00f3ngase en contacto con nosotros hoy para comenzar su nuevo comienzo en la encantadora ciudad de Marbella.<\/p>\n\t\t\t\t<ul class=\"list-unstyled d-flex gap-4 mt-4 mt-lg-5\">\n\t\t\t\t\t\t\t\t\t\t<li>\n\t\t\t\t\t\t<a href=\"https:\/\/www.homewatch.es\/es\/servicios\/inquilinos\" class=\"btn btn-inm stretched-link\">\n\t\t\t\t\t\t\tVer todos los servicios\t\t\t\t\t\t<\/a>\n\t\t\t\t\t<\/li>\n\t\t\t\t\t\t\t\t\t<\/ul>\n\t\t\t\t\t\t\t<\/div>\n\t\t<\/div>\n\t<\/div>\n<\/section>\n\n\n<section class=\"hero position-relative mt-5 mt-lg-7 mt-xxl-10 wp-block-acf-herobox\">\n\t<div class=\"container-fluid max-width\">\n\t\t<div class=\"row align-items-center flex-row-reverse\">\n\t\t\t<div class=\"fadeElem col-lg-6 mb-4 mb-lg-0\">\n\t\t\t\t<figure class=\"ratio ratio-16x9\">\n\t\t\t\t\t<picture><source width=\"868\" height=\"488\" srcset=\"https:\/\/media.inmobalia.com\/imgV1\/B8vEv5Xh8DS9rnERuBEA9cCG6HyaDpGtazXt7GVmSD96uwsZF76O2oJFN4Dq5E6Kg4yW1NM2TCktg1JD0_Y8FXh8PkazxOfT9cRoTA07EGjFKTTXjov3EWY4J6mSoOty5cMgUnpHCkG9QA--.jpg 868w\" type=\"image\/webp\"><img decoding=\"async\" class=\"image-fit w-100 h-100\" width=\"868\" height=\"488\" src=\"https:\/\/media.inmobalia.com\/imgV1\/B8vEv5Xh8DS9rnERuBEXSoCsxmDHOjWb~TDUXqMu3izUBUQ9H1I9FiiIxqj5kf2r80LYnK_quhcLPnbvDsFq~ZANrSTeOaUhWZPtfP80PfS26tEVwoj3g4ar.jpg\"><\/picture>\t\t\t\t<\/figure>\n\t\t\t<\/div>\n\t\t\t<div class=\"col-lg-6 px-xxl-7\">\n\t\t\t\t\t\t\t\t<h2>\n\t\t\t\t\tServicios para compradores\t\t\t\t<\/h2>\n\t\t\t\t\t\t\t\t<p>Nos dedicamos a brindar una experiencia integral y personalizada para cada comprador. Desde la b\u00fasqueda personalizada de inmuebles que se ajusten a tus deseos y necesidades, hasta el asesoramiento financiero para asegurar las mejores condiciones de financiaci\u00f3n e hipoteca. Nuestro equipo de expertos est\u00e1 disponible para manejar todos los aspectos de la negociaci\u00f3n y el cierre de acuerdos, garantizando un proceso beneficioso y sin complicaciones para usted.<\/p>\n\t\t\t\t<ul class=\"list-unstyled d-flex gap-4 mt-4 mt-lg-5\">\n\t\t\t\t\t\t\t\t\t\t<li>\n\t\t\t\t\t\t<a href=\"https:\/\/www.homewatch.es\/es\/servicios\/servicios-para-compradores\" class=\"btn btn-inm stretched-link\">\n\t\t\t\t\t\t\tVer todos los servicios\t\t\t\t\t\t<\/a>\n\t\t\t\t\t<\/li>\n\t\t\t\t\t\t\t\t\t<\/ul>\n\t\t\t\t\t\t\t<\/div>\n\t\t<\/div>\n\t<\/div>\n<\/section>\n\n\n\n<div class=\"wp-block-group container mt-10\"><div class=\"wp-block-group__inner-container is-layout-flow wp-block-group-is-layout-flow\">\n<h3 class=\"wp-block-heading\">Explore nuestras secciones destacadas<\/h3>\n\n\n\t<div class=\"row row-cols-1 row-cols-xl-3 mt-5\">\n\t\t\t\t\t<div class=\"col mb-5\">\n\t\t\t\t<p><strong>M\u00e1s buscado<\/strong><\/p>\n<ul class=\"list-unstyled lh-lg mb-0\">\n<li><a href=\"\/es\/296-las-mejores-areas-para-invertir-en-marbella\">Las zonas m\u00e1s rentables para invertir<\/a><\/li>\n<li><a href=\"\/es\/703-cuanta-rentabilidad-puedo-conseguir-de-un-inmueble\">\u00bfCu\u00e1nta rentabilidad puedo sacarle a una propiedad?<\/a><\/li>\n<li><a href=\"\/es\/705-analisis-del-mercado-inmobiliario-2021\">An\u00e1lisis del mercado inmobiliario 2021<\/a><\/li>\n<li><a href=\"\/es\/707-calcular-rentabilidad-en-inversion-inmobiliaria\">Calcular la rentabilidad en la inversi\u00f3n inmobiliaria<\/a><\/li>\n<li><a href=\"\/es\/710-marbella-villas-de-lujo-en-venta\">Villas de lujo en venta en Marbella<\/a><\/li>\n<\/ul>\n\t\t\t<\/div>\n\t\t\t\t\t<div class=\"col mb-5\">\n\t\t\t\t<p><strong>Are you searching for real estate?<\/strong><\/p>\n<ul class=\"list-unstyled lh-lg mb-0\">\n<li><a href=\"\/es\/713-viviendas-en-venta-en-costa-del-sol\">Viviendas en venta en la Costa del Sol<\/a><\/li>\n<li><a href=\"\/venta\/marbella\/casas\">Casas en venta en Marbella<\/a><\/li>\n<li><a href=\"\/venta\/marbella\/apartamentos-y-pisos\">Apartamentos en venta en Marbella<\/a><\/li>\n<li><a href=\"\/es\/719-alquiler-vacacional-en-marbella\">Alquiler de vacaciones en Marbella<\/a><\/li>\n<li><a href=\"\/es\/786-alquiler-mensual-en-marbella\">Alquiler mensual Marbella<\/a><\/li>\n<\/ul>\n\t\t\t<\/div>\n\t\t\t\t\t<div class=\"col mb-5\">\n\t\t\t\t<p><strong>Are you already an owner?<\/strong><\/p>\n<ul class=\"list-unstyled lh-lg mb-0\">\n<li><a href=\"\/es\/791-10-pasos-de-como-vender-tu-casa\">10 pasos de c\u00f3mo vender tu casa<\/a><\/li>\n<li><a href=\"\/es\/795-anuncia-tu-vivienda-con-homewatch\">Publica tu casa con Homewatch<\/a><\/li>\n<li><a href=\"\/es\/797-tasacion-de-inmueble-gratuito\">Tasaci\u00f3n de propiedad gratuita<\/a><\/li>\n<li><a href=\"\/es\/921-solicitar-certificado-energetico\">Solicitar certificado energ\u00e9tico<\/a><\/li>\n<li><a href=\"\/es\/924-5-pasos-para-presentar-tu-casa-a-la-venta\">5 pasos para presentar tu casa en venta<\/a><\/li>\n<\/ul>\n\t\t\t<\/div>\n\t\t\t<\/div>\n<\/div><\/div>\n","protected":false},"excerpt":{"rendered":"","protected":false},"author":2,"featured_media":4158,"parent":0,"menu_order":3,"comment_status":"closed","ping_status":"closed","template":"template-pages\/page-landing.php","meta":{"_acf_changed":false,"footnotes":""},"class_list":["post-2341","page","type-page","status-publish","has-post-thumbnail","hentry"],"acf":[],"_links":{"self":[{"href":"https:\/\/www.homewatch.es\/es\/wp-json\/wp\/v2\/pages\/2341","targetHints":{"allow":["GET"]}}],"collection":[{"href":"https:\/\/www.homewatch.es\/es\/wp-json\/wp\/v2\/pages"}],"about":[{"href":"https:\/\/www.homewatch.es\/es\/wp-json\/wp\/v2\/types\/page"}],"author":[{"embeddable":true,"href":"https:\/\/www.homewatch.es\/es\/wp-json\/wp\/v2\/users\/2"}],"replies":[{"embeddable":true,"href":"https:\/\/www.homewatch.es\/es\/wp-json\/wp\/v2\/comments?post=2341"}],"version-history":[{"count":0,"href":"https:\/\/www.homewatch.es\/es\/wp-json\/wp\/v2\/pages\/2341\/revisions"}],"wp:featuredmedia":[{"embeddable":true,"href":"https:\/\/www.homewatch.es\/es\/wp-json\/wp\/v2\/media\/4158"}],"wp:attachment":[{"href":"https:\/\/www.homewatch.es\/es\/wp-json\/wp\/v2\/media?parent=2341"}],"curies":[{"name":"wp","href":"https:\/\/api.w.org\/{rel}","templated":true}]}}