{"id":6245,"date":"2025-04-29T10:39:52","date_gmt":"2025-04-29T08:39:52","guid":{"rendered":"https:\/\/www.homewatch.es\/legal-advice"},"modified":"2025-04-29T11:18:27","modified_gmt":"2025-04-29T09:18:27","slug":"legal-advice","status":"publish","type":"page","link":"https:\/\/www.homewatch.es\/de\/legal-advice","title":{"rendered":"Rechtlicher Hinweis"},"content":{"rendered":"<h2 data-start=\"4254\" data-end=\"4310\"><strong data-start=\"4254\" data-end=\"4310\">Identifikation des Eigent\u00fcmers und Zweck der Website<\/strong><\/h2>\n<p class=\"\" data-start=\"4312\" data-end=\"4827\">In \u00dcbereinstimmung mit Artikel 10 des Gesetzes 34\/2002 vom 11. Juli \u00fcber Dienste der Informationsgesellschaft und des elektronischen Gesch\u00e4ftsverkehrs wird mitgeteilt, dass diese Website Eigentum von Homewatch S.L. ist, mit der Steuernummer (CIF) B92028018, Sitz in Urbanizaci\u00f3n Costabella, Calle Berl\u00edn Nr. 1, 118, 29604 Marbella (M\u00e1laga), eingetragen im Handelsregister M\u00e1laga, Band 2251, Buch 1164, Blatt 92, Seite MA-34364, Eintragung 1; Telefonnummer (+34) 952 83 94 09 und E-Mail-Adresse <a class=\"cursor-pointer\" rel=\"noopener\" data-start=\"4806\" data-end=\"4826\">oficina@homewatch.es<\/a>.<\/p>\n<p class=\"\" data-start=\"4829\" data-end=\"5159\">Dieser rechtliche Hinweis regelt den Zugang, die Navigation und die Nutzung der Website <a class=\"\" href=\"http:\/\/www.homewatch.es\" target=\"_new\" rel=\"noopener\" data-start=\"4917\" data-end=\"4933\">www.homewatch.es<\/a> sowie die daraus resultierenden Verantwortlichkeiten. Der blo\u00dfe Zugriff impliziert die vollst\u00e4ndige und vorbehaltlose Annahme dieser Bedingungen; wenn Sie nicht einverstanden sind, bitten wir Sie, die Website nicht zu nutzen.<\/p>\n<h2 data-start=\"5161\" data-end=\"5195\">Allgemeine Nutzungsbedingungen<\/h2>\n<p class=\"\" data-start=\"5197\" data-end=\"5860\">Der Nutzer verpflichtet sich, die Inhalte und Dienste angemessen zu nutzen und sie nicht f\u00fcr unrechtm\u00e4\u00dfige, illegale oder gegen Treu und Glauben und die \u00f6ffentliche Ordnung versto\u00dfende Handlungen zu verwenden; keine rassistischen, fremdenfeindlichen, pornografischen, terroristisch-apologetischen oder menschenrechtsverletzenden Inhalte zu verbreiten; keine Sch\u00e4den an den Systemen von Homewatch S.L., deren Lieferanten oder Dritten zu verursachen; und keinen Versuch zu unternehmen, auf andere Benutzerkonten zuzugreifen oder diese zu manipulieren. Homewatch S.L. kann Kommentare entfernen, die die W\u00fcrde von Personen verletzen oder gegen diese Regeln versto\u00dfen.<\/p>\n<p class=\"\" data-start=\"5862\" data-end=\"6029\">Homewatch S.L. beh\u00e4lt sich das Recht vor, die Darstellung, Konfiguration und Inhalte der Website sowie diesen rechtlichen Hinweis ohne vorherige Ank\u00fcndigung zu \u00e4ndern.<\/p>\n<h2 data-start=\"6031\" data-end=\"6070\">Geistiges und gewerbliches Eigentum<\/h2>\n<p class=\"\" data-start=\"6072\" data-end=\"6482\">Alle Inhalte der Website \u2013 Design, Logos, Texte, Bilder, Software und alle weiteren Elemente \u2013 sind Eigentum von Homewatch S.L. oder, falls angegeben, ihrer rechtm\u00e4\u00dfigen Inhaber und werden mit ausdr\u00fccklicher Lizenz oder Genehmigung verwendet. Die Reproduktion, Verbreitung, \u00f6ffentliche Wiedergabe, Transformation oder jede andere Form der Nutzung ohne schriftliche Genehmigung des Rechteinhabers ist untersagt.<\/p>\n<h2 data-start=\"6484\" data-end=\"6514\">Haftung und Gew\u00e4hrleistung<\/h2>\n<p class=\"\" data-start=\"6516\" data-end=\"6782\">Homewatch S.L. \u00fcbernimmt keine Haftung f\u00fcr Fehler oder Auslassungen in den Inhalten noch f\u00fcr das Vorhandensein von Schadsoftware, obwohl die notwendigen technologischen Ma\u00dfnahmen ergriffen wurden. Die Nutzung der Website erfolgt auf eigene Verantwortung des Nutzers.<\/p>\n<h2 data-start=\"6784\" data-end=\"6811\">Links zu Drittanbietern<\/h2>\n<p class=\"\" data-start=\"6813\" data-end=\"7065\">Diese Website kann Links zu Webseiten Dritter enthalten. Homewatch S.L. \u00fcbernimmt keine Verantwortung f\u00fcr deren Inhalte, Richtlinien oder Praktiken; die Aufnahme solcher Links impliziert keine Verbindung oder Beteiligung mit den verlinkten Unternehmen.<\/p>\n<h2 data-start=\"7067\" data-end=\"7101\">Pr\u00e4senz in sozialen Netzwerken<\/h2>\n<p class=\"\" data-start=\"7103\" data-end=\"7648\">Homewatch S.L. verf\u00fcgt \u00fcber offizielle Profile in verschiedenen sozialen Netzwerken (z.\u202fB. Facebook, Instagram, LinkedIn, TikTok oder YouTube). Die Interaktion auf diesen Profilen unterliegt sowohl diesem rechtlichen Hinweis als auch den Nutzungsbedingungen und Richtlinien der jeweiligen Plattform. Die Nutzer m\u00fcssen diese Vorschriften respektieren und darauf verzichten, rechtswidrige oder die Rechte Dritter verletzende Inhalte zu ver\u00f6ffentlichen; Homewatch S.L. kann Beitr\u00e4ge moderieren oder l\u00f6schen, die gegen diese Anforderungen versto\u00dfen.<\/p>\n<h2 data-start=\"7650\" data-end=\"7677\">Datenschutz und Cookies<\/h2>\n<p class=\"\" data-start=\"7679\" data-end=\"7867\">Die Verarbeitung personenbezogener Daten wird in unserer <a href=\"https:\/\/www.homewatch.es\/de\/privacy-policy\">Datenschutzerkl\u00e4rung<\/a> erl\u00e4utert und die Verwendung von Cookies in unserer <a href=\"https:\/\/www.homewatch.es\/de\/privacy-policy\">Cookie-Richtlinie<\/a>; der Nutzer kann sie jederzeit einsehen.<\/p>\n<h2 data-start=\"7869\" data-end=\"7906\">Au\u00dfergerichtliche Streitbeilegung<\/h2>\n<p class=\"\" data-start=\"7908\" data-end=\"8095\">Gem\u00e4\u00df der Verordnung (EU) Nr. 524\/2013 kann der Nutzer, wenn er als Verbraucher handelt, die europ\u00e4ische Online-Streitbeilegungsplattform unter <a class=\"\" href=\"https:\/\/ec.europa.eu\/consumers\/odr\/\" target=\"_new\" rel=\"noopener\" data-start=\"8052\" data-end=\"8087\">https:\/\/ec.europa.eu\/consumers\/odr\/<\/a> nutzen.<\/p>\n<h2 data-start=\"8097\" data-end=\"8136\">Anwendbares Recht und Gerichtsstand<\/h2>\n<p class=\"\" data-start=\"8138\" data-end=\"8451\">Dieser rechtliche Hinweis unterliegt dem spanischen Recht. F\u00fcr die Beilegung jeglicher Streitigkeiten im Zusammenhang mit dem Zugang zur Website oder deren Nutzung unterwerfen sich die Parteien ausdr\u00fccklich den Gerichten von Marbella unter ausdr\u00fccklichem Verzicht auf jede andere ihnen zustehende Gerichtsbarkeit.<\/p>\n","protected":false},"excerpt":{"rendered":"<p>Identifikation des Eigent\u00fcmers und Zweck der Website In \u00dcbereinstimmung mit Artikel 10 des Gesetzes 34\/2002 vom 11. Juli \u00fcber Dienste der Informationsgesellschaft und des elektronischen Gesch\u00e4ftsverkehrs wird mitgeteilt, dass diese Website Eigentum von Homewatch S.L. ist, mit der Steuernummer (CIF) B92028018, Sitz in Urbanizaci\u00f3n Costabella, Calle Berl\u00edn Nr. 1, 118, 29604 Marbella (M\u00e1laga), eingetragen im&#8230;<\/p>\n","protected":false},"author":6,"featured_media":0,"parent":0,"menu_order":0,"comment_status":"closed","ping_status":"closed","template":"","meta":{"_acf_changed":false,"footnotes":""},"class_list":["post-6245","page","type-page","status-publish","hentry"],"acf":[],"_links":{"self":[{"href":"https:\/\/www.homewatch.es\/de\/wp-json\/wp\/v2\/pages\/6245","targetHints":{"allow":["GET"]}}],"collection":[{"href":"https:\/\/www.homewatch.es\/de\/wp-json\/wp\/v2\/pages"}],"about":[{"href":"https:\/\/www.homewatch.es\/de\/wp-json\/wp\/v2\/types\/page"}],"author":[{"embeddable":true,"href":"https:\/\/www.homewatch.es\/de\/wp-json\/wp\/v2\/users\/6"}],"replies":[{"embeddable":true,"href":"https:\/\/www.homewatch.es\/de\/wp-json\/wp\/v2\/comments?post=6245"}],"version-history":[{"count":0,"href":"https:\/\/www.homewatch.es\/de\/wp-json\/wp\/v2\/pages\/6245\/revisions"}],"wp:attachment":[{"href":"https:\/\/www.homewatch.es\/de\/wp-json\/wp\/v2\/media?parent=6245"}],"curies":[{"name":"wp","href":"https:\/\/api.w.org\/{rel}","templated":true}]}}