{"id":5135,"date":"2024-01-22T09:37:05","date_gmt":"2024-01-22T08:37:05","guid":{"rendered":"https:\/\/www.homewatch.es\/dienstleistungen\/dienstleistungen-fur-kaufer\/change-in-ownership-supplies"},"modified":"2024-02-12T13:08:57","modified_gmt":"2024-02-12T12:08:57","slug":"anderung-des-eigentums-an-versorgungsleistungen","status":"publish","type":"page","link":"https:\/\/www.homewatch.es\/de\/dienstleistungen\/dienstleistungen-fur-kaufer\/anderung-des-eigentums-an-versorgungsleistungen","title":{"rendered":"Anderung des Eigentums an Versorgungsleistungen"},"content":{"rendered":"\n<p><br>Unser Service f\u00fcr die \u00c4nderung des Eigentums an Versorgungsleistungen ist darauf ausgelegt, einen reibungslosen und stressfreien \u00dcbergang beim Kauf einer neuen Immobilie zu gew\u00e4hrleisten. Wir verstehen, dass der Prozess der \u00dcbertragung wesentlicher Versorgungsleistungen wie Strom, Wasser, Gas, Internet und Sicherheitssysteme komplex und zeitaufwendig sein kann. Deshalb k\u00fcmmern wir uns um jedes Detail, von der Kommunikation mit den Versorgungsunternehmen bis zur Aktualisierung von Vertr\u00e4gen und Einrichtung von Konten, um sicherzustellen, dass Ihre neue Immobilie vom Moment der Schl\u00fcssel\u00fcbergabe an voll betriebsf\u00e4hig ist.<\/p>\n\n\n\n<p>Unser Expertenteam koordiniert und verwaltet alle Aspekte des Eigent\u00fcmerwechsels von Dienstleistungen, wie die Aktivierung neuer unter Ihrem Namen. Wir stellen sicher, dass alle Versorgungsleistungen effizient und gem\u00e4\u00df den lokalen Vorschriften laufen, befreien Sie von administrativen Belastungen und erm\u00f6glichen es Ihnen, sich auf den Genuss Ihrer neuen Investition zu konzentrieren. Zus\u00e4tzlich bieten wir personalisierte Beratung, um die Anbieter und Tarife auszuw\u00e4hlen, die am besten zu Ihren Bed\u00fcrfnissen und dem Verbrauchsprofil der Immobilie passen, und garantieren nicht nur einen reibungslosen \u00dcbergang, sondern auch die Optimierung Ihrer langfristigen Kosten.<\/p>\n\n\n\n<p>Unser Service f\u00fcr die \u00c4nderung des Eigentums an Versorgungsleistungen ist mehr als ein einfaches Verfahren; es ist eine umfassende L\u00f6sung, die unser Engagement f\u00fcr eine au\u00dfergew\u00f6hnliche Kauferfahrung widerspiegelt, und sicherstellt, dass jeder Aspekt Ihrer Immobilieninvestition mit Sorgfalt, Pr\u00e4zision und pers\u00f6nlicher Aufmerksamkeit behandelt wird. Mit uns k\u00f6nnen Sie sicher sein, dass Ihre Immobilie vom ersten Tag an vollst\u00e4ndig genossen werden kann.<\/p>\n","protected":false},"excerpt":{"rendered":"<p>Unser Service f\u00fcr die \u00c4nderung des Eigentums an Versorgungsleistungen ist darauf ausgelegt, einen reibungslosen und stressfreien \u00dcbergang beim Kauf einer neuen Immobilie zu gew\u00e4hrleisten. Wir verstehen, dass der Prozess der \u00dcbertragung wesentlicher Versorgungsleistungen wie Strom, Wasser, Gas, Internet und Sicherheitssysteme komplex und zeitaufwendig sein kann. Deshalb k\u00fcmmern wir uns um jedes Detail, von der Kommunikation&#8230;<\/p>\n","protected":false},"author":2,"featured_media":0,"parent":5102,"menu_order":2,"comment_status":"closed","ping_status":"closed","template":"","meta":{"_acf_changed":false,"footnotes":""},"class_list":["post-5135","page","type-page","status-publish","hentry"],"acf":[],"_links":{"self":[{"href":"https:\/\/www.homewatch.es\/de\/wp-json\/wp\/v2\/pages\/5135","targetHints":{"allow":["GET"]}}],"collection":[{"href":"https:\/\/www.homewatch.es\/de\/wp-json\/wp\/v2\/pages"}],"about":[{"href":"https:\/\/www.homewatch.es\/de\/wp-json\/wp\/v2\/types\/page"}],"author":[{"embeddable":true,"href":"https:\/\/www.homewatch.es\/de\/wp-json\/wp\/v2\/users\/2"}],"replies":[{"embeddable":true,"href":"https:\/\/www.homewatch.es\/de\/wp-json\/wp\/v2\/comments?post=5135"}],"version-history":[{"count":0,"href":"https:\/\/www.homewatch.es\/de\/wp-json\/wp\/v2\/pages\/5135\/revisions"}],"up":[{"embeddable":true,"href":"https:\/\/www.homewatch.es\/de\/wp-json\/wp\/v2\/pages\/5102"}],"wp:attachment":[{"href":"https:\/\/www.homewatch.es\/de\/wp-json\/wp\/v2\/media?parent=5135"}],"curies":[{"name":"wp","href":"https:\/\/api.w.org\/{rel}","templated":true}]}}