{"id":5128,"date":"2024-01-19T14:44:25","date_gmt":"2024-01-19T13:44:25","guid":{"rendered":"https:\/\/www.homewatch.es\/dienstleistungen\/dienstleistungen-fur-kaufer\/comprehensive-purchase-support"},"modified":"2024-02-12T13:03:25","modified_gmt":"2024-02-12T12:03:25","slug":"umfassende-kaufunterstutzung","status":"publish","type":"page","link":"https:\/\/www.homewatch.es\/de\/dienstleistungen\/dienstleistungen-fur-kaufer\/umfassende-kaufunterstutzung","title":{"rendered":"Umfassende Kaufunterst\u00fctzung"},"content":{"rendered":"\n<p><br>Unser umfassender Kaufunterst\u00fctzungsservice ist darauf ausgelegt, Ihnen ein unvergleichliches Immobilienerwerbserlebnis zu bieten, insbesondere an der dynamischen Costa del Sol. Wir verstehen, dass die Suche nach der perfekten Immobilie \u00fcber eine einfache Suche hinausgeht; sie erfordert tiefe Kenntnisse des lokalen Marktes, ein umfangreiches Netzwerk und eine expertenhafte Verhandlungsstrategie. Deshalb sind unsere Immobilienmakler, die \u00fcber gro\u00dfe Erfahrung und Kenntnisse in jeder Ecke der Region verf\u00fcgen, darauf spezialisiert, Sie durch den gesamten Kaufprozess zu f\u00fchren, von der Identifizierung Ihrer idealen Immobilie bis zum Abschluss der Transaktion.<\/p>\n\n\n\n<p>Unser Ansatz beginnt mit einem klaren Verst\u00e4ndnis Ihrer Bed\u00fcrfnisse und Vorlieben, was uns erm\u00f6glicht, effizient in unserem umfangreichen Portfolio von Immobilien und unserem Netzwerk an Kontakten mit anderen Unternehmen zu suchen. Dies stellt sicher, dass Sie Zugang zu einer exklusiven und diversifizierten Auswahl an Immobilien haben, was Ihre Optionen und Chancen erh\u00f6ht, genau das zu finden, wonach Sie suchen.<\/p>\n\n\n\n<p>Zus\u00e4tzlich verf\u00fcgt unser Team \u00fcber au\u00dfergew\u00f6hnliche Verhandlungsf\u00e4higkeiten und stellt sicher, dass Sie den bestm\u00f6glichen Preis erhalten. Wir verpflichten uns nicht nur dazu, Ihnen die richtige Immobilie zu finden, sondern auch sicherzustellen, dass Ihre Investition solide und vorteilhaft ist. Unsere Berater und Anw\u00e4lte, mit ihrem umfangreichen rechtlichen und Marktwissen, stehen Ihnen in jedem Schritt des Weges zur Seite und gew\u00e4hrleisten, dass alle Aspekte des Kaufprozesses transparent und frei von missbr\u00e4uchlichen Klauseln sind. Ihre Ruhe und Zufriedenheit sind unsere Priorit\u00e4ten.<\/p>\n\n\n\n<p>Kurz gesagt, unsere umfassende Kaufunterst\u00fctzung ist ein kompletter Service, der lokale Erfahrung, expertenhafte Verhandlungsf\u00e4higkeiten und einen sorgf\u00e4ltigen Ansatz f\u00fcr jedes rechtliche und administrative Detail kombiniert. Wir sind stolz darauf, den Kaufprozess in eine fl\u00fcssige, sichere und zufriedenstellende Erfahrung zu verwandeln, die es Ihnen erm\u00f6glicht, die aufregende Reise des Kaufs Ihrer neuen Immobilie an der Costa del Sol zu genie\u00dfen.<\/p>\n","protected":false},"excerpt":{"rendered":"<p>Unser umfassender Kaufunterst\u00fctzungsservice ist darauf ausgelegt, Ihnen ein unvergleichliches Immobilienerwerbserlebnis zu bieten, insbesondere an der dynamischen Costa del Sol. Wir verstehen, dass die Suche nach der perfekten Immobilie \u00fcber eine einfache Suche hinausgeht; sie erfordert tiefe Kenntnisse des lokalen Marktes, ein umfangreiches Netzwerk und eine expertenhafte Verhandlungsstrategie. Deshalb sind unsere Immobilienmakler, die \u00fcber gro\u00dfe Erfahrung&#8230;<\/p>\n","protected":false},"author":2,"featured_media":0,"parent":5102,"menu_order":1,"comment_status":"closed","ping_status":"closed","template":"","meta":{"_acf_changed":false,"footnotes":""},"class_list":["post-5128","page","type-page","status-publish","hentry"],"acf":[],"_links":{"self":[{"href":"https:\/\/www.homewatch.es\/de\/wp-json\/wp\/v2\/pages\/5128","targetHints":{"allow":["GET"]}}],"collection":[{"href":"https:\/\/www.homewatch.es\/de\/wp-json\/wp\/v2\/pages"}],"about":[{"href":"https:\/\/www.homewatch.es\/de\/wp-json\/wp\/v2\/types\/page"}],"author":[{"embeddable":true,"href":"https:\/\/www.homewatch.es\/de\/wp-json\/wp\/v2\/users\/2"}],"replies":[{"embeddable":true,"href":"https:\/\/www.homewatch.es\/de\/wp-json\/wp\/v2\/comments?post=5128"}],"version-history":[{"count":0,"href":"https:\/\/www.homewatch.es\/de\/wp-json\/wp\/v2\/pages\/5128\/revisions"}],"up":[{"embeddable":true,"href":"https:\/\/www.homewatch.es\/de\/wp-json\/wp\/v2\/pages\/5102"}],"wp:attachment":[{"href":"https:\/\/www.homewatch.es\/de\/wp-json\/wp\/v2\/media?parent=5128"}],"curies":[{"name":"wp","href":"https:\/\/api.w.org\/{rel}","templated":true}]}}