{"id":5118,"date":"2024-01-19T12:04:52","date_gmt":"2024-01-19T11:04:52","guid":{"rendered":"https:\/\/www.homewatch.es\/dienstleistungen\/dienstleistungen-fur-kaufer\/financial-and-mortage-advice"},"modified":"2024-02-12T13:00:11","modified_gmt":"2024-02-12T12:00:11","slug":"finanz-und-hypothekenberatung","status":"publish","type":"page","link":"https:\/\/www.homewatch.es\/de\/dienstleistungen\/dienstleistungen-fur-kaufer\/finanz-und-hypothekenberatung","title":{"rendered":"Finanz- und Hypothekenberatung"},"content":{"rendered":"\n<p>In unserem Service f\u00fcr Finanz- und Hypothekenberatung widmen wir uns der Bereitstellung einer vollst\u00e4ndigen und personalisierten Unterst\u00fctzung in jeder Phase des Finanzierungsprozesses, um sicherzustellen, dass Ihre Investition sowohl sicher als auch rentabel ist.<\/p>\n\n\n\n<p>Wir beginnen mit einer detaillierten Bewertung Ihrer finanziellen Situation. Dazu geh\u00f6rt eine Analyse Ihres Einkommens, Ihrer Ersparnisse, Investitionen und aller anderen Verm\u00f6genswerte oder Verbindlichkeiten, die Ihre Kaufkraft beeinflussen k\u00f6nnen. Unser Ziel ist es, ein vollst\u00e4ndiges Verst\u00e4ndnis Ihrer finanziellen Lage zu erlangen, um Ihnen die am besten geeigneten und vorteilhaftesten Finanzierungsoptionen anzubieten.<\/p>\n\n\n\n<p>Sobald wir Ihre Bed\u00fcrfnisse und F\u00e4higkeiten verstehen, erkunden wir den Markt, um Ihnen die besten verf\u00fcgbaren Hypothekenoptionen zu pr\u00e4sentieren. Unsere Erfahrung und unser Wissen im Sektor erm\u00f6glichen es uns, mit Finanzinstitutionen zu verhandeln, um Ihnen g\u00fcnstige Bedingungen und wettbewerbsf\u00e4hige Zinss\u00e4tze zu sichern. Wir sorgen daf\u00fcr, dass Sie die Merkmale jeder Option vollst\u00e4ndig verstehen, einschlie\u00dflich Zinss\u00e4tzen, Zahlungsbedingungen, m\u00f6glichen Strafen und allen anderen relevanten Faktoren, die es Ihnen erm\u00f6glichen, eine informierte Entscheidung zu treffen.<\/p>\n\n\n\n<p>Dar\u00fcber hinaus k\u00fcmmern wir uns um alle administrativen und papiergebundenen Aspekte, die mit der Erlangung einer Hypothek verbunden sind. Von der Zusammenstellung der notwendigen Dokumentation bis zur Koordination mit Kreditgebern, Gutachtern und anderen beteiligten Fachleuten k\u00fcmmern wir uns um jedes Detail, um den Prozess so reibungslos und stressfrei wie m\u00f6glich zu gestalten.<\/p>\n\n\n\n<p>Aber unsere Unterst\u00fctzung endet nicht mit der Unterzeichnung der Hypothek. Wir sind bestrebt, einen kontinuierlichen Service zu bieten und beraten Sie \u00fcber Strategien zur Verwaltung Ihrer Hypothek im Laufe der Zeit, wie beispielsweise die M\u00f6glichkeit einer Umschuldung aufgrund von Marktschwankungen oder \u00c4nderungen in Ihrer finanziellen Situation.<\/p>\n","protected":false},"excerpt":{"rendered":"<p>In unserem Service f\u00fcr Finanz- und Hypothekenberatung widmen wir uns der Bereitstellung einer vollst\u00e4ndigen und personalisierten Unterst\u00fctzung in jeder Phase des Finanzierungsprozesses, um sicherzustellen, dass Ihre Investition sowohl sicher als auch rentabel ist. Wir beginnen mit einer detaillierten Bewertung Ihrer finanziellen Situation. Dazu geh\u00f6rt eine Analyse Ihres Einkommens, Ihrer Ersparnisse, Investitionen und aller anderen Verm\u00f6genswerte&#8230;<\/p>\n","protected":false},"author":2,"featured_media":0,"parent":5102,"menu_order":0,"comment_status":"closed","ping_status":"closed","template":"","meta":{"_acf_changed":false,"footnotes":""},"class_list":["post-5118","page","type-page","status-publish","hentry"],"acf":[],"_links":{"self":[{"href":"https:\/\/www.homewatch.es\/de\/wp-json\/wp\/v2\/pages\/5118","targetHints":{"allow":["GET"]}}],"collection":[{"href":"https:\/\/www.homewatch.es\/de\/wp-json\/wp\/v2\/pages"}],"about":[{"href":"https:\/\/www.homewatch.es\/de\/wp-json\/wp\/v2\/types\/page"}],"author":[{"embeddable":true,"href":"https:\/\/www.homewatch.es\/de\/wp-json\/wp\/v2\/users\/2"}],"replies":[{"embeddable":true,"href":"https:\/\/www.homewatch.es\/de\/wp-json\/wp\/v2\/comments?post=5118"}],"version-history":[{"count":0,"href":"https:\/\/www.homewatch.es\/de\/wp-json\/wp\/v2\/pages\/5118\/revisions"}],"up":[{"embeddable":true,"href":"https:\/\/www.homewatch.es\/de\/wp-json\/wp\/v2\/pages\/5102"}],"wp:attachment":[{"href":"https:\/\/www.homewatch.es\/de\/wp-json\/wp\/v2\/media?parent=5118"}],"curies":[{"name":"wp","href":"https:\/\/api.w.org\/{rel}","templated":true}]}}