{"id":5102,"date":"2024-01-18T15:28:17","date_gmt":"2024-01-18T14:28:17","guid":{"rendered":"https:\/\/www.homewatch.es\/dienstleistungen\/services-for-buyers"},"modified":"2024-02-12T13:11:06","modified_gmt":"2024-02-12T12:11:06","slug":"dienstleistungen-fur-kaufer","status":"publish","type":"page","link":"https:\/\/www.homewatch.es\/de\/dienstleistungen\/dienstleistungen-fur-kaufer","title":{"rendered":"Dienstleistungen f\u00fcr K\u00e4ufer"},"content":{"rendered":"\n<section class=\"wp-block-inmoba-maincontent row align-items-center justify-content-center py-5 py-lg-6 mx-auto\"><div class=\"col-xxl-8 mb-0\">\n<h2 class=\"wp-block-heading text-center\">Dienstleistungen f\u00fcr K\u00e4ufer<\/h2>\n\n\n\n<p class=\"has-text-align-center\"><br>Wir bieten eine vollst\u00e4ndige und pers\u00f6nliche Anleitung basierend auf Ihrem Kauf, um einen klaren und effizienten Prozess zu gew\u00e4hrleisten. Unser Ansatz konzentriert sich darauf, Ihre spezifischen Bed\u00fcrfnisse und Lebensstil- oder Gesch\u00e4ftsvorlieben zu verstehen, um Immobilien auszuw\u00e4hlen, die perfekt Ihren Erwartungen entsprechen. Von der Identifizierung der idealen Immobilie bis zur Verwaltung aller rechtlichen und administrativen Formalit\u00e4ten ist unser Expertenteam hier, um jeden Schritt zu erleichtern und ein reibungsloses und zufriedenstellendes Kaufserlebnis zu gew\u00e4hrleisten. Mit uns finden Sie mehr als eine Immobilie; Sie entdecken einen Raum, der Ihren Kriterien entspricht, sich Ihren Bed\u00fcrfnissen und Erwartungen anpasst.<\/p>\n<\/div><\/section>\n\n\n\n<section class=\"wp-block-inmoba-inmfullwidthcontent\">\n<figure class=\"wp-caption aligncenter\">\n<picture><source width=\"1480\" srcset=\"https:\/\/media.inmobalia.com\/imgV1\/B98Le8~d7M9pwOKhCJcJLIfglZOtvyX13f98gUEkry2AXpxxwVVUW6beaB1CbHQXGOhTMxPEWoq2vSWoPxT0dWUFVpFov6NwmlNzq3qwzpnpHLdLIbYR7l7nczj~6_pc_ZUj2Kw_8ytynUXtvtET2lhLPbqGn0khRsU7BMPkUB9KEw--.jpg 1480w\" type=\"image\/webp\"><img decoding=\"async\" class=\"img-fluid \" width=\"1480\" src=\"https:\/\/media.inmobalia.com\/imgV1\/B98Le8~d7M9pwOKhH98twCJY8~z6ePCZX6v4ZFfOvduhBdeVCpC563TEl9~Gba~ZsCNLt5CSrqfb7qaISBEVv0QdM3N8LXX9i1iJUFH8BBtJyupxJDhcSeuN6YKUtaUlkREeJqslVBszDDbcJeowO6xX.jpg\"><\/picture>\n<figcaption class=\"wp-caption-text\"><\/figcaption>\n<\/figure>\n<\/section>\n\n\n<section class=\"container-fluid max-width d-flex flex-column align-items-start align-items-lg-center mt-5 mt-lg-7 mt-xxl-10\">\n\t<div class=\"col-12 col-xl-10 mb-3 mb-5\">\n\t\t<h2 class=\"h1 text-md-center mb-4\">IMMOBILIENKAUFMANAGEMENT: Effizienz und Zuverl\u00e4ssigkeit in jedem Schritt<\/h2>\t<\/div>\n\t<div class=\"f-carousel offcanvas-carousel card-images-carousel d-flex w-100\">\n\t\t<article class=\"f-carousel__slide card-image\">\n\t<figure class=\"position-relative mb-0\">\n\t\t<a class=\"d-block text-decoration-none w-100 h-100\" href=\"https:\/\/www.homewatch.es\/de\/dienstleistungen\/dienstleistungen-fur-kaufer\/finanz-und-hypothekenberatung\" title=\" Finanz- und Hypothekenberatung\">\n\t\t\t<picture><source width=\"300\" height=\"400\" srcset=\"https:\/\/media.inmobalia.com\/imgV1\/B8vEv5Xh_5GuTYKbhFfe~tryEQ701Sp0ejy66XMsUMxcB3LHkDlW~LHj3BzP9L1k8w_xfIn18c8HFXQZTSs2db4WTDcM~7vX0wk3sOle0Vbzgc3Wou3k1Uk6~_3S02EdmUYWNl__WBzbGodO7PJDSeUsmH9mA7Frjeorvv_ob8J8d1bZ.jpg 300w\" type=\"image\/webp\"><img fetchpriority=\"high\" decoding=\"async\" class=\"image-fit\" width=\"300\" height=\"400\" src=\"https:\/\/media.inmobalia.com\/imgV1\/B8vEv5Xh_5GuTYKbhFfJYWehvaOcCG_lhebewA~gSNoVX_fusNnFNA7J6aqiY9j1lDXeeYZjupvdERxKPUgYX6GxjGQmn8sXrZyluiamQWaAkqh9Mxzn_PXlk~XMxDDvj1693kjF6g0n7vLL_BGuvDzoc7o-.jpg\"><\/picture>\t\t\t<figcaption class=\"position-relative p-4 fw-bold fs-4 text-white\">\n\t\t\t\t<h3 class=\"h4 mb-0\"> Finanz- und Hypothekenberatung<\/h3>\n\t\t\t<\/figcaption>\n\t\t<\/a>\n\t<\/figure>\n<\/article>\n<article class=\"f-carousel__slide card-image\">\n\t<figure class=\"position-relative mb-0\">\n\t\t<a class=\"d-block text-decoration-none w-100 h-100\" href=\"https:\/\/www.homewatch.es\/de\/dienstleistungen\/dienstleistungen-fur-kaufer\/umfassende-kaufunterstutzung\" title=\" Umfassende Kaufunterst\u00fctzung\">\n\t\t\t<picture><source width=\"300\" height=\"400\" srcset=\"https:\/\/media.inmobalia.com\/imgV1\/B8vEv5Xh_5GuTYKbhFfe~tryEQ701Sp0ejy66XMsUMxcB3LHkDlW~LHj3BzP9L1k8w_xfIn18c8HFXQZTSs2db4WTDcM~7vX0wk3sOle0Vbzgc3Wou3k1Uk698zrMu1S3xSZ1gJCjSxIoDAJYDB6k588o0DAV8yOnysJkhzhqG2M1aCam4EgoghPD9tFfgqfjtIPGMSSmb7Y.jpg 300w\" type=\"image\/webp\"><img decoding=\"async\" class=\"image-fit\" width=\"300\" height=\"400\" src=\"https:\/\/media.inmobalia.com\/imgV1\/B8vEv5Xh_5GuTYKbhFfJYWehvaOcCG_lhebewA~gSNoVX_fusNnFNA7J6aqiY9j1lDXeeYZjupvdERxKPUgYX6GxjGQmn8sXrZytM540wIpaGRH6Xf53JYXJukVxNy4iwVTEO8yfVjcRs4~fo6vqT3ngZ0qoYRwhS9qkHFDktzI_SUPqYaO~4~0-.jpg\"><\/picture>\t\t\t<figcaption class=\"position-relative p-4 fw-bold fs-4 text-white\">\n\t\t\t\t<h3 class=\"h4 mb-0\"> Umfassende Kaufunterst\u00fctzung<\/h3>\n\t\t\t<\/figcaption>\n\t\t<\/a>\n\t<\/figure>\n<\/article>\n<article class=\"f-carousel__slide card-image\">\n\t<figure class=\"position-relative mb-0\">\n\t\t<a class=\"d-block text-decoration-none w-100 h-100\" href=\"https:\/\/www.homewatch.es\/de\/dienstleistungen\/dienstleistungen-fur-kaufer\/anderung-des-eigentums-an-versorgungsleistungen\" title=\" \u00c4nderung des Eigentums an Versorgungsleistungen\">\n\t\t\t<picture><source width=\"300\" height=\"400\" srcset=\"https:\/\/media.inmobalia.com\/imgV1\/B8vEv5Xh_5GuTYKbhFfe~tryEQ701Sp0ejy66XMsUMxcB3LHkDlW~LHj3BzP9L1k8w_xfIn18c8HFXQZTSs2db4WTDcM~7vX0wk3sOle0Vbzgc3Wou3k1Uk69GsSf4j0KM9ZeH~tHH6xcbntC2FHBYXtBl3ed6W1zQy0T~X5.jpg 300w\" type=\"image\/webp\"><img decoding=\"async\" class=\"image-fit\" width=\"300\" height=\"400\" src=\"https:\/\/media.inmobalia.com\/imgV1\/B8vEv5Xh_5GuTYKbhFfJYWehvaOcCG_lhebewA~gSNoVX_fusNnFNA7J6aqiY9j1lDXeeYZjupvdERxKPUgYX6GxjGQmn8sXrZyuK9_WPHsGmK_BtGTRe4hBH7QHPgKouBWDKEx_7DxWUln~dMg-.jpg\"><\/picture>\t\t\t<figcaption class=\"position-relative p-4 fw-bold fs-4 text-white\">\n\t\t\t\t<h3 class=\"h4 mb-0\"> \u00c4nderung des Eigentums an Versorgungsleistungen<\/h3>\n\t\t\t<\/figcaption>\n\t\t<\/a>\n\t<\/figure>\n<\/article>\n\t<\/div>\n\t<\/section>\n\n\n\n<section class=\"wp-block-inmoba-inmfullwidthcontent\"><section class=\"container-fluid px-4 px-lg-6 mt-6 wp-block-acf-grid\">\n\t<div class=\"row row-cols-1 row-cols-md-2 row-cols-xxl-3 g-5 g-xl-6 justify-content-center\">\n\t\t\t\n\t\t<div class=\"col d-flex flex-column align-items-center\">\n\t\t\t<svg class=\"mb-4\" xmlns=\"http:\/\/www.w3.org\/2000\/svg\" height=\"4em\" viewBox=\"0 0 512 512\"style=\"fill: #30add1\"<!--!Font Awesome Free 6.5.1 by @fontawesome - https:\/\/fontawesome.com License - https:\/\/fontawesome.com\/license\/free Copyright 2024 Fonticons, Inc.--><path d=\"M416 208c0 45.9-14.9 88.3-40 122.7L502.6 457.4c12.5 12.5 12.5 32.8 0 45.3s-32.8 12.5-45.3 0L330.7 376c-34.4 25.2-76.8 40-122.7 40C93.1 416 0 322.9 0 208S93.1 0 208 0S416 93.1 416 208zM288 176c0-44.2-35.8-80-80-80s-80 35.8-80 80c0 48.8 46.5 111.6 68.6 138.6c6 7.3 16.8 7.3 22.7 0c22.1-27 68.6-89.8 68.6-138.6zm-112 0a32 32 0 1 1 64 0 32 32 0 1 1 -64 0z\"\/><\/svg>\t\t\t<div class=\"d-flex flex-column align-items-start\">\n\t\t\t\t<h4 class=\"text-center w-100 mb-3\"> Individuelle Immobiliensuche<\/h4><p>Wir widmen uns dem Verst\u00e4ndnis Ihrer spezifischen Bed\u00fcrfnisse, Vorlieben sowie Ihres Lebensstils oder Gesch\u00e4fts, um Ihnen eine Auswahl an Immobilien zu bieten, die perfekt Ihren Erwartungen entsprechen. Mit umfangreichen Ressourcen, unserem Marktverst\u00e4ndnis und einem starken Netzwerk an Kontakten filtern und pr\u00e4sentieren wir Optionen, die nicht nur Ihren Kriterien entsprechen, sondern auch hinsichtlich Qualit\u00e4t, Lage und Investitionswert au\u00dfergew\u00f6hnliches Potenzial bieten.<\/p>\n<p>Unsere pers\u00f6nliche Aufmerksamkeit stellt sicher, dass Ihre Suche effizient, fokussiert und erfolgreich ist und f\u00fchrt Sie direkt zu Ihrer Traumimmobilie oder Ihrer n\u00e4chsten strategischen Investitionsm\u00f6glichkeit.<\/p>\n\t\t\t<\/div>\n\t\t<\/div>\t\n\t\t\t\n\t\t<div class=\"col d-flex flex-column align-items-center\">\n\t\t\t<svg class=\"mb-4\" xmlns=\"http:\/\/www.w3.org\/2000\/svg\" height=\"4em\" viewBox=\"0 0 384 512\"style=\"fill: #30add1\"<!--!Font Awesome Pro 6.5.1 by @fontawesome - https:\/\/fontawesome.com License - https:\/\/fontawesome.com\/license (Commercial License) Copyright 2024 Fonticons, Inc.--><path d=\"M48 448V64c0-8.8 7.2-16 16-16H224v80c0 17.7 14.3 32 32 32h80V448c0 8.8-7.2 16-16 16H64c-8.8 0-16-7.2-16-16zM64 0C28.7 0 0 28.7 0 64V448c0 35.3 28.7 64 64 64H320c35.3 0 64-28.7 64-64V154.5c0-17-6.7-33.3-18.7-45.3L274.7 18.7C262.7 6.7 246.5 0 229.5 0H64zM96 96c-8.8 0-16 7.2-16 16s7.2 16 16 16h80c8.8 0 16-7.2 16-16s-7.2-16-16-16H96zm0 64c-8.8 0-16 7.2-16 16s7.2 16 16 16h80c8.8 0 16-7.2 16-16s-7.2-16-16-16H96zm54.2 221.8L160 349l16.7 55.6c1.9 6.3 7.4 10.8 13.9 11.3s12.8-2.9 15.7-8.8l10.6-21.3c.6-1.2 1.8-1.9 3.1-1.9s2.5 .7 3.1 1.9l10.6 21.3c2.7 5.4 8.3 8.8 14.3 8.8h40c8.8 0 16-7.2 16-16s-7.2-16-16-16H257.9l-6.2-12.4c-6-12-18.3-19.6-31.7-19.6c-8.6 0-16.8 3.1-23.1 8.6l-11.3-37.5C182.2 311.7 171.8 304 160 304s-22.2 7.7-25.6 19.1l-14.9 49.5c-2 6.8-8.3 11.4-15.3 11.4H96c-8.8 0-16 7.2-16 16s7.2 16 16 16h8.2c21.2 0 39.9-13.9 46-34.2z\"\/><\/svg>\t\t\t<div class=\"d-flex flex-column align-items-start\">\n\t\t\t\t<h4 class=\"text-center w-100 mb-3\">Rechtliche Unterst\u00fctzung bei Immobilientransaktionen<\/h4><p>Wir bieten umfassende und fachkundige Unterst\u00fctzung in allen rechtlichen Aspekten, die mit dem Kauf einer Immobilie zusammenh\u00e4ngen. Mit einem Team von auf Immobilienrecht spezialisierten Anw\u00e4lten stellen wir sicher, dass jede Transaktion sicher, effizient und in \u00dcbereinstimmung mit der aktuellen Gesetzgebung durchgef\u00fchrt wird.<\/p>\n<p>Von der \u00dcberpr\u00fcfung von Vertr\u00e4gen und der Verwaltung von Eigentumstiteln bis hin zur Bew\u00e4ltigung der Komplexit\u00e4t von Zonierung und regulatorischer Konformit\u00e4t bieten wir in jeder Phase klare Anleitungen und praktische L\u00f6sungen. Unser Ziel ist es, Ihre Interessen zu sch\u00fctzen, rechtliche Risiken zu minimieren und sicherzustellen, dass jeder Schritt Ihrer Immobilientransaktion mit gr\u00f6\u00dfter Sorgfalt und Professionalit\u00e4t behandelt wird.<\/p>\n\t\t\t<\/div>\n\t\t<\/div>\t\n\t\t\t\n\t\t<div class=\"col d-flex flex-column align-items-center\">\n\t\t\t<svg class=\"mb-4\" xmlns=\"http:\/\/www.w3.org\/2000\/svg\" height=\"4em\" viewBox=\"0 0 512 512\"style=\"fill: #30add1\"<!--!Font Awesome Free 6.5.1 by @fontawesome - https:\/\/fontawesome.com License - https:\/\/fontawesome.com\/license\/free Copyright 2024 Fonticons, Inc.--><path d=\"M368.4 18.3L312.7 74.1 437.9 199.3l55.7-55.7c21.9-21.9 21.9-57.3 0-79.2L447.6 18.3c-21.9-21.9-57.3-21.9-79.2 0zM288 94.6l-9.2 2.8L134.7 140.6c-19.9 6-35.7 21.2-42.3 41L3.8 445.8c-3.8 11.3-1 23.9 7.3 32.4L164.7 324.7c-3-6.3-4.7-13.3-4.7-20.7c0-26.5 21.5-48 48-48s48 21.5 48 48s-21.5 48-48 48c-7.4 0-14.4-1.7-20.7-4.7L33.7 500.9c8.6 8.3 21.1 11.2 32.4 7.3l264.3-88.6c19.7-6.6 35-22.4 41-42.3l43.2-144.1 2.8-9.2L288 94.6z\"\/><\/svg>\t\t\t<div class=\"d-flex flex-column align-items-start\">\n\t\t\t\t<h4 class=\"text-center w-100 mb-3\">Immobilienverhandlungsdienst<\/h4><p>Wir verf\u00fcgen \u00fcber ein Team von erfahrenen Verhandlungsf\u00fchrern, die tiefgreifendes Wissen \u00fcber den Immobilienmarkt mit strategischen Kommunikationsf\u00e4higkeiten kombinieren, um Ihre Interessen auf effektivste Weise zu vertreten. Vom ersten Angebot bis zur endg\u00fcltigen Unterschrift adressieren wir jeden Aspekt der Verhandlung und stellen sicher, dass die Bedingungen, Preise und Konditionen f\u00fcr Sie optimal sind.<\/p>\n<p>Wir konzentrieren uns darauf, das perfekte Gleichgewicht zwischen Ihren Erwartungen und den Marktrealit\u00e4ten zu finden, indem wir unser Wissen und unsere Erfahrung nutzen, Differenzen l\u00f6sen und Gesch\u00e4fte auf eine Weise abschlie\u00dfen, die Ihre Ziele erf\u00fcllt und \u00fcbertrifft. Jede Verhandlung wird mit gr\u00f6\u00dfter Hingabe und Professionalit\u00e4t durchgef\u00fchrt.<\/p>\n\t\t\t<\/div>\n\t\t<\/div>\t\n\t\t\t\n\t\t<div class=\"col d-flex flex-column align-items-center\">\n\t\t\t<svg class=\"mb-4\" xmlns=\"http:\/\/www.w3.org\/2000\/svg\" height=\"4em\" viewBox=\"0 0 640 512\"style=\"fill: #30add1\"<!--!Font Awesome Pro 6.5.1 by @fontawesome - https:\/\/fontawesome.com License - https:\/\/fontawesome.com\/license (Commercial License) Copyright 2024 Fonticons, Inc.--><path d=\"M448 80H192c-44.2 0-80 35.8-80 80v40c-12.3-5.1-25.8-8-40-8c-2.7 0-5.4 .1-8 .3V160C64 89.3 121.3 32 192 32H448c70.7 0 128 57.3 128 128v32.3c-2.6-.2-5.3-.3-8-.3c-14.2 0-27.7 2.8-40 8V160c0-44.2-35.8-80-80-80zM568 224c2.7 0 5.4 .1 8 .4c36 4 64 34.5 64 71.6V432c0 26.5-21.5 48-48 48H544c-20.9 0-38.7-13.4-45.3-32H141.3c-6.6 18.6-24.4 32-45.3 32H48c-26.5 0-48-21.5-48-48V296c0-37.1 28-67.6 64-71.6c2.6-.3 5.3-.4 8-.4c15.2 0 29.4 4.7 41 12.8c16.7 11.6 28.2 30 30.5 51.2H496.4c2.3-21.2 13.9-39.6 30.5-51.2c11.6-8.1 25.8-12.8 41-12.8zm-24 72v40 64 32h48V296c0-13.3-10.7-24-24-24s-24 10.7-24 24zM496 400V336H144v64H496zM96 400V336 296c0-13.3-10.7-24-24-24s-24 10.7-24 24l0 136H96V400z\"\/><\/svg>\t\t\t<div class=\"d-flex flex-column align-items-start\">\n\t\t\t\t<h4 class=\"text-center w-100 mb-3\"> Renovierungs- und Dekorationsservices<\/h4><p>Wir verwandeln Immobilien in R\u00e4ume, die Eleganz, Funktionalit\u00e4t und Modernit\u00e4t widerspiegeln. Unser umfassender Ansatz verbindet die Meisterschaft in strukturellen Renovierungen und Innenarchitektur, um sicherzustellen, dass jedes Projekt so einzigartig ist wie die W\u00fcnsche und Bed\u00fcrfnisse unserer Kunden.<\/p>\n<p>Von der Konzeption bis zur endg\u00fcltigen Ausf\u00fchrung koordinieren wir jedes Detail, w\u00e4hlen hochwertige Materialien aus, besch\u00e4ftigen die besten Handwerker und folgen den aktuellsten Designtrends.<\/p>\n\t\t\t<\/div>\n\t\t<\/div>\t\n\t\t\t\n\t\t<div class=\"col d-flex flex-column align-items-center\">\n\t\t\t<svg class=\"mb-4\" xmlns=\"http:\/\/www.w3.org\/2000\/svg\" height=\"4em\" viewBox=\"0 0 512 512\"style=\"fill: #30add1\"<!--!Font Awesome Pro 6.5.1 by @fontawesome - https:\/\/fontawesome.com License - https:\/\/fontawesome.com\/license (Commercial License) Copyright 2024 Fonticons, Inc.--><path d=\"M352 48H64c-8.8 0-16 7.2-16 16v64c0 8.8 7.2 16 16 16H352c8.8 0 16-7.2 16-16V64c0-8.8-7.2-16-16-16zM64 0H352c35.3 0 64 28.7 64 64v8 48 8c0 35.3-28.7 64-64 64H64c-35.3 0-64-28.7-64-64V64C0 28.7 28.7 0 64 0zm96 352c0-17.7 14.3-32 32-32h8V304c0-39.8 32.2-72 72-72H424c22.1 0 40-17.9 40-40V144c0-10.4-6.7-19.3-16-22.6V72.4c36 4 64 34.5 64 71.6v48c0 48.6-39.4 88-88 88H272c-13.3 0-24 10.7-24 24v16h8c17.7 0 32 14.3 32 32V480c0 17.7-14.3 32-32 32H192c-17.7 0-32-14.3-32-32V352z\"\/><\/svg>\t\t\t<div class=\"d-flex flex-column align-items-start\">\n\t\t\t\t<h4 class=\"text-center w-100 mb-3\">Wartungs-, Reinigungs- und Gartenservices<\/h4><p>Spezialisiert auf Reparaturen und regelm\u00e4\u00dfige Inspektionen, Tiefenreinigung und Gartenpflege. Unser Team aus erfahrenen Fachleuten stellt sicher, dass jeder Aspekt Ihres Eigentums die notwendige Behandlung und Aufmerksamkeit erh\u00e4lt, um seinen Wert und seine Attraktivit\u00e4t zu bewahren.<\/p>\n<p>Ob Sie regelm\u00e4\u00dfige Wartungsdienste, umfangreiche Reinigungen oder Gartenmanagement ben\u00f6tigen, wir sind dazu verpflichtet, individuelle L\u00f6sungen anzubieten, damit Ihr Eigentum immer bereit ist.<\/p>\n\t\t\t<\/div>\n\t\t<\/div>\t\n\t\t\t\n\t\t<div class=\"col d-flex flex-column align-items-center\">\n\t\t\t<svg class=\"mb-4\" xmlns=\"http:\/\/www.w3.org\/2000\/svg\" height=\"4em\" viewBox=\"0 0 640 512\"style=\"fill: #30add1\"<!--!Font Awesome Pro 6.5.1 by @fontawesome - https:\/\/fontawesome.com License - https:\/\/fontawesome.com\/license (Commercial License) Copyright 2024 Fonticons, Inc.--><path d=\"M224 48a80 80 0 1 1 0 160 80 80 0 1 1 0-160zm0 208A128 128 0 1 0 224 0a128 128 0 1 0 0 256zm-45.7 96h91.4c65.7 0 120.1 48.7 129 112H49.3c8.9-63.3 63.3-112 129-112zm0-48C79.8 304 0 383.8 0 482.3C0 498.7 13.3 512 29.7 512H418.3c16.4 0 29.7-13.3 29.7-29.7C448 383.8 368.2 304 269.7 304H178.3zm431 208c17 0 30.7-13.8 30.7-30.7C640 392.2 567.8 320 478.7 320H417.3c-4.4 0-8.8 .2-13.2 .5c46.4 38.6 75.9 96.7 75.9 161.8c0 10.8-2.8 20.9-7.6 29.7H609.3zM432 256c61.9 0 112-50.1 112-112s-50.1-112-112-112c-24.8 0-47.7 8.1-66.3 21.7C377.4 75.9 384 101.2 384 128c0 35.6-11.6 68.5-31.3 95.1C373 243.4 401 256 432 256z\"\/><\/svg>\t\t\t<div class=\"d-flex flex-column align-items-start\">\n\t\t\t\t<h4 class=\"text-center w-100 mb-3\">Vertrauensw\u00fcrdige Mitarbeiter<\/h4><p>Wir haben Partnerschaften mit Experten aus allen Bereichen geschlossen, einschlie\u00dflich Elektrikern, Klempnern, Klimaanlageninstallateuren und anderen, die alle hohen Standards verpflichtet sind. Dieser kooperative Ansatz erm\u00f6glicht es uns, eine breite Palette von hochwertigen Dienstleistungen und umfassenden L\u00f6sungen anzubieten, um sicherzustellen, dass jeder Aspekt Ihres Eigentums von Expertenh\u00e4nden betreut wird.<\/p>\n<p>Ob dringende Reparaturen, geplante Upgrades oder regelm\u00e4\u00dfige Wartung, unser Team von Mitarbeitern ist bereit, schnell zu reagieren.<\/p>\n\t\t\t<\/div>\n\t\t<\/div>\t\n\t\t\t<\/div>\n<\/section>\n<\/section>\n","protected":false},"excerpt":{"rendered":"","protected":false},"author":2,"featured_media":4363,"parent":4825,"menu_order":2,"comment_status":"closed","ping_status":"closed","template":"template-pages\/page-landing.php","meta":{"_acf_changed":false,"footnotes":""},"class_list":["post-5102","page","type-page","status-publish","has-post-thumbnail","hentry"],"acf":[],"_links":{"self":[{"href":"https:\/\/www.homewatch.es\/de\/wp-json\/wp\/v2\/pages\/5102","targetHints":{"allow":["GET"]}}],"collection":[{"href":"https:\/\/www.homewatch.es\/de\/wp-json\/wp\/v2\/pages"}],"about":[{"href":"https:\/\/www.homewatch.es\/de\/wp-json\/wp\/v2\/types\/page"}],"author":[{"embeddable":true,"href":"https:\/\/www.homewatch.es\/de\/wp-json\/wp\/v2\/users\/2"}],"replies":[{"embeddable":true,"href":"https:\/\/www.homewatch.es\/de\/wp-json\/wp\/v2\/comments?post=5102"}],"version-history":[{"count":0,"href":"https:\/\/www.homewatch.es\/de\/wp-json\/wp\/v2\/pages\/5102\/revisions"}],"up":[{"embeddable":true,"href":"https:\/\/www.homewatch.es\/de\/wp-json\/wp\/v2\/pages\/4825"}],"wp:featuredmedia":[{"embeddable":true,"href":"https:\/\/www.homewatch.es\/de\/wp-json\/wp\/v2\/media\/4363"}],"wp:attachment":[{"href":"https:\/\/www.homewatch.es\/de\/wp-json\/wp\/v2\/media?parent=5102"}],"curies":[{"name":"wp","href":"https:\/\/api.w.org\/{rel}","templated":true}]}}