{"id":5094,"date":"2022-08-02T12:27:11","date_gmt":"2022-08-02T10:27:11","guid":{"rendered":"https:\/\/www.homewatch.es\/dienstleistungen\/mieter\/supermarket"},"modified":"2024-02-12T12:22:15","modified_gmt":"2024-02-12T11:22:15","slug":"supermarkt","status":"publish","type":"page","link":"https:\/\/www.homewatch.es\/de\/dienstleistungen\/mieter\/supermarkt","title":{"rendered":"Supermarkt"},"content":{"rendered":"\n<p><br>Bei HomeWatch glauben wir, dass Ihr Urlaub in Marbella und der Costa del Sol eine Zeit der Entspannung und des Genusses sein sollte, frei von den allt\u00e4glichen Aufgaben, die Ihre Freizeit beeintr\u00e4chtigen k\u00f6nnen. Deshalb bieten wir stolz unseren exklusiven Supermarkt-Service an, eine Annehmlichkeit, die darauf ausgelegt ist, Ihren Aufenthalt so bequem und angenehm wie m\u00f6glich zu gestalten.<\/p>\n\n\n\n<p>Mit unserem Supermarkt-Service m\u00fcssen Sie sich w\u00e4hrend Ihres Aufenthalts keine Gedanken mehr \u00fcber den Einkauf von Lebensmitteln machen. Ob Sie bei Ihrer Ankunft einen gef\u00fcllten K\u00fchlschrank w\u00fcnschen oder regelm\u00e4\u00dfige Lieferungen w\u00e4hrend Ihres Aufenthalts bevorzugen, unser Team steht Ihnen zur Verf\u00fcgung, um Ihre Bed\u00fcrfnisse zu erf\u00fcllen.<\/p>\n\n\n\n<p>Wir arbeiten mit lokalen Superm\u00e4rkten zusammen, um eine breite Auswahl an hochwertigen Produkten anzubieten, von frischem Obst und Gem\u00fcse, lokalen und internationalen K\u00f6stlichkeiten bis hin zu Haushaltsnotwendigkeiten. Alles, was Sie tun m\u00fcssen, ist uns Ihre Einkaufsliste zu geben, und wir k\u00fcmmern uns um den Rest - so haben Sie mehr Zeit, die sonnenverw\u00f6hnten Str\u00e4nde und atemberaubenden Aussichten von Marbella und der Costa del Sol zu genie\u00dfen.<\/p>\n\n\n\n<p>Unser Team ist auch geschickt darin, besondere Ern\u00e4hrungsanforderungen, Allergien oder Vorlieben zu ber\u00fccksichtigen. Wir bem\u00fchen uns, sicherzustellen, dass Ihre kulinarischen Bed\u00fcrfnisse mit gr\u00f6\u00dfter Sorgfalt und Aufmerksamkeit erf\u00fcllt werden, und so Ihr gesamtes Urlaubserlebnis zu verbessern.<\/p>\n\n\n\n<p>Bei HomeWatch sind wir darauf bedacht, den h\u00f6chsten Servicestandard zu liefern, der auf Ihren Komfort und Ihre Bequemlichkeit ausgerichtet ist. Unser Supermarkt-Service ist ein Beweis f\u00fcr dieses Engagement und erm\u00f6glicht es Ihnen, die Luxusangebote und den Charme von Marbella und der Costa del Sol in vollen Z\u00fcgen zu genie\u00dfen, w\u00e4hrend wir uns um die Details k\u00fcmmern. Erleben Sie einen Urlaub wie keinen anderen mit den personalisierten und exklusiven Dienstleistungen von HomeWatch.<\/p>\n","protected":false},"excerpt":{"rendered":"<p>Bei HomeWatch glauben wir, dass Ihr Urlaub in Marbella und der Costa del Sol eine Zeit der Entspannung und des Genusses sein sollte, frei von den allt\u00e4glichen Aufgaben, die Ihre Freizeit beeintr\u00e4chtigen k\u00f6nnen. Deshalb bieten wir stolz unseren exklusiven Supermarkt-Service an, eine Annehmlichkeit, die darauf ausgelegt ist, Ihren Aufenthalt so bequem und angenehm wie m\u00f6glich&#8230;<\/p>\n","protected":false},"author":2,"featured_media":0,"parent":5036,"menu_order":12,"comment_status":"closed","ping_status":"closed","template":"","meta":{"_acf_changed":false,"footnotes":""},"class_list":["post-5094","page","type-page","status-publish","hentry"],"acf":[],"_links":{"self":[{"href":"https:\/\/www.homewatch.es\/de\/wp-json\/wp\/v2\/pages\/5094","targetHints":{"allow":["GET"]}}],"collection":[{"href":"https:\/\/www.homewatch.es\/de\/wp-json\/wp\/v2\/pages"}],"about":[{"href":"https:\/\/www.homewatch.es\/de\/wp-json\/wp\/v2\/types\/page"}],"author":[{"embeddable":true,"href":"https:\/\/www.homewatch.es\/de\/wp-json\/wp\/v2\/users\/2"}],"replies":[{"embeddable":true,"href":"https:\/\/www.homewatch.es\/de\/wp-json\/wp\/v2\/comments?post=5094"}],"version-history":[{"count":0,"href":"https:\/\/www.homewatch.es\/de\/wp-json\/wp\/v2\/pages\/5094\/revisions"}],"up":[{"embeddable":true,"href":"https:\/\/www.homewatch.es\/de\/wp-json\/wp\/v2\/pages\/5036"}],"wp:attachment":[{"href":"https:\/\/www.homewatch.es\/de\/wp-json\/wp\/v2\/media?parent=5094"}],"curies":[{"name":"wp","href":"https:\/\/api.w.org\/{rel}","templated":true}]}}