{"id":5090,"date":"2022-08-02T15:10:06","date_gmt":"2022-08-02T13:10:06","guid":{"rendered":"https:\/\/www.homewatch.es\/dienstleistungen\/mieter\/restaurants"},"modified":"2024-02-12T11:01:38","modified_gmt":"2024-02-12T10:01:38","slug":"restaurants","status":"publish","type":"page","link":"https:\/\/www.homewatch.es\/de\/dienstleistungen\/mieter\/restaurants","title":{"rendered":"Restaurants"},"content":{"rendered":"\n<p>Bei HomeWatch ist es unser Ziel, Ihren Aufenthalt in Marbella und an der Costa del Sol nicht nur zu einem Urlaub, sondern zu einer unvergesslichen kulinarischen Reise zu machen. Wir freuen uns, unseren exklusiven Restaurantservice anbieten zu k\u00f6nnen, der Ihnen einen nahtlosen Zugang zu den feinsten Essenserlebnissen in der Region erm\u00f6glicht.<\/p>\n\n\n\n<p>Unsere lokale Expertise und die starken Beziehungen zu den besten Restaurants in Marbella und entlang der Costa del Sol erm\u00f6glichen es uns, Ihnen ma\u00dfgeschneiderte Empfehlungen basierend auf Ihren individuellen Geschm\u00e4ckern und Vorlieben zu bieten. Ob Sie ein romantisches Abendessen am Strand, eine lebhafte lokale Tapas-Bar, ein gastronomisches Abenteuer in einem mit Michelin-Stern ausgezeichneten Restaurant oder einen gem\u00fctlichen familienfreundlichen Ort suchen, wir sind hier, um Sie zu den besten Tischen in der Stadt zu f\u00fchren.<\/p>\n\n\n\n<p>Unser Restaurantservice geht jedoch \u00fcber blo\u00dfe Empfehlungen hinaus. Wir k\u00fcmmern uns auch um Reservierungen und stellen sicher, dass Sie nie einen begehrten Essplatz verpassen, selbst in der Hochsaison. Wir verstehen die lokale Essensszene intim und nutzen dieses Wissen, um die besten Reservierungen zu den begehrtesten Zeiten zu sichern.<\/p>\n\n\n\n<p>Zus\u00e4tzlich k\u00f6nnen wir besondere Dienstleistungen arrangieren, um Ihr Essenserlebnis weiter zu verbessern. Ob es sich um ein personalisiertes Men\u00fc f\u00fcr einen besonderen Anlass, einen privaten Kochservice oder um Unterbringungen f\u00fcr di\u00e4tetische Einschr\u00e4nkungen handelt, wir stehen Ihnen zur Verf\u00fcgung, um jede Mahlzeit zu einem au\u00dfergew\u00f6hnlichen Erlebnis zu machen.<\/p>\n\n\n\n<p>Bei HomeWatch sind wir dazu verpflichtet, Ihren Aufenthalt in Marbella und an der Costa del Sol so komfortabel, luxuri\u00f6s und denkw\u00fcrdig wie m\u00f6glich zu gestalten. Mit unserem Restaurantservice k\u00f6nnen Sie sich in die reiche kulinarische Szene dieser wundersch\u00f6nen Region vertiefen, w\u00e4hrend wir uns um alle Details k\u00fcmmern. Genie\u00dfen Sie die Aromen von Marbella und der Costa del Sol mit der Exklusivit\u00e4t und Bequemlichkeit, die das Markenzeichen unserer Dienstleistungen bei HomeWatch ist.<\/p>\n","protected":false},"excerpt":{"rendered":"<p>Bei HomeWatch ist es unser Ziel, Ihren Aufenthalt in Marbella und an der Costa del Sol nicht nur zu einem Urlaub, sondern zu einer unvergesslichen kulinarischen Reise zu machen. Wir freuen uns, unseren exklusiven Restaurantservice anbieten zu k\u00f6nnen, der Ihnen einen nahtlosen Zugang zu den feinsten Essenserlebnissen in der Region erm\u00f6glicht. Unsere lokale Expertise und&#8230;<\/p>\n","protected":false},"author":2,"featured_media":0,"parent":5036,"menu_order":11,"comment_status":"closed","ping_status":"closed","template":"","meta":{"_acf_changed":false,"footnotes":""},"class_list":["post-5090","page","type-page","status-publish","hentry"],"acf":[],"_links":{"self":[{"href":"https:\/\/www.homewatch.es\/de\/wp-json\/wp\/v2\/pages\/5090","targetHints":{"allow":["GET"]}}],"collection":[{"href":"https:\/\/www.homewatch.es\/de\/wp-json\/wp\/v2\/pages"}],"about":[{"href":"https:\/\/www.homewatch.es\/de\/wp-json\/wp\/v2\/types\/page"}],"author":[{"embeddable":true,"href":"https:\/\/www.homewatch.es\/de\/wp-json\/wp\/v2\/users\/2"}],"replies":[{"embeddable":true,"href":"https:\/\/www.homewatch.es\/de\/wp-json\/wp\/v2\/comments?post=5090"}],"version-history":[{"count":0,"href":"https:\/\/www.homewatch.es\/de\/wp-json\/wp\/v2\/pages\/5090\/revisions"}],"up":[{"embeddable":true,"href":"https:\/\/www.homewatch.es\/de\/wp-json\/wp\/v2\/pages\/5036"}],"wp:attachment":[{"href":"https:\/\/www.homewatch.es\/de\/wp-json\/wp\/v2\/media?parent=5090"}],"curies":[{"name":"wp","href":"https:\/\/api.w.org\/{rel}","templated":true}]}}