{"id":5084,"date":"2022-08-02T11:20:35","date_gmt":"2022-08-02T09:20:35","guid":{"rendered":"https:\/\/www.homewatch.es\/dienstleistungen\/mieter\/golf-courses"},"modified":"2024-02-12T10:44:33","modified_gmt":"2024-02-12T09:44:33","slug":"golfplatze","status":"publish","type":"page","link":"https:\/\/www.homewatch.es\/de\/dienstleistungen\/mieter\/golfplatze","title":{"rendered":"Golfpl\u00e4tze"},"content":{"rendered":"\n<p><br>Zwischen dem Meer und den Bergen, mit 325 Sonnentagen im Jahr und einem mediterranen Klima, ist die Costa del Sol ein unvergleichliches Ziel, um das ganze Jahr \u00fcber Golf zu genie\u00dfen.<\/p>\n\n\n\n<p>Bekannt als die Costa del Golf, ist dieses Gebiet zum bevorzugten Ziel f\u00fcr diejenigen geworden, die Exzellenz im Golf suchen. Diese Golfpl\u00e4tze sind in ganz Europa und der Welt f\u00fcr ihre Infrastrukturen, Bedingungen und Dienstleistungen bekannt.<\/p>\n\n\n\n<p>Homewatch wird Ihnen helfen und Sie beraten, einen Golfplatz zu buchen, der Ihren Geschmack trifft, damit Sie Ihre Tee Time ohne unvorhergesehene Umst\u00e4nde genie\u00dfen k\u00f6nnen.<\/p>\n\n\n\n<p>Alle unsere Dienstleistungen m\u00fcssen 48 Stunden im Voraus angefordert werden.<\/p>\n\n\n\n<p>Wenn Sie den Golfplatzservice bei uns buchen m\u00f6chten, hinterlassen Sie bitte Ihre Daten und Anforderungen im Formular.<\/p>\n\n\n\n<p>Wenn Sie Fragen haben, k\u00f6nnen Sie uns unter <a>services@homewatch.es<\/a> schreiben. Z\u00f6gern Sie nicht, uns zu kontaktieren!<\/p>\n","protected":false},"excerpt":{"rendered":"<p>Zwischen dem Meer und den Bergen, mit 325 Sonnentagen im Jahr und einem mediterranen Klima, ist die Costa del Sol ein unvergleichliches Ziel, um das ganze Jahr \u00fcber Golf zu genie\u00dfen. Bekannt als die Costa del Golf, ist dieses Gebiet zum bevorzugten Ziel f\u00fcr diejenigen geworden, die Exzellenz im Golf suchen. Diese Golfpl\u00e4tze sind in&#8230;<\/p>\n","protected":false},"author":2,"featured_media":0,"parent":5036,"menu_order":9,"comment_status":"closed","ping_status":"closed","template":"","meta":{"_acf_changed":false,"footnotes":""},"class_list":["post-5084","page","type-page","status-publish","hentry"],"acf":[],"_links":{"self":[{"href":"https:\/\/www.homewatch.es\/de\/wp-json\/wp\/v2\/pages\/5084","targetHints":{"allow":["GET"]}}],"collection":[{"href":"https:\/\/www.homewatch.es\/de\/wp-json\/wp\/v2\/pages"}],"about":[{"href":"https:\/\/www.homewatch.es\/de\/wp-json\/wp\/v2\/types\/page"}],"author":[{"embeddable":true,"href":"https:\/\/www.homewatch.es\/de\/wp-json\/wp\/v2\/users\/2"}],"replies":[{"embeddable":true,"href":"https:\/\/www.homewatch.es\/de\/wp-json\/wp\/v2\/comments?post=5084"}],"version-history":[{"count":0,"href":"https:\/\/www.homewatch.es\/de\/wp-json\/wp\/v2\/pages\/5084\/revisions"}],"up":[{"embeddable":true,"href":"https:\/\/www.homewatch.es\/de\/wp-json\/wp\/v2\/pages\/5036"}],"wp:attachment":[{"href":"https:\/\/www.homewatch.es\/de\/wp-json\/wp\/v2\/media?parent=5084"}],"curies":[{"name":"wp","href":"https:\/\/api.w.org\/{rel}","templated":true}]}}