{"id":5082,"date":"2022-08-02T10:36:22","date_gmt":"2022-08-02T08:36:22","guid":{"rendered":"https:\/\/www.homewatch.es\/dienstleistungen\/mieter\/excursions"},"modified":"2024-02-12T10:41:06","modified_gmt":"2024-02-12T09:41:06","slug":"ausfluge","status":"publish","type":"page","link":"https:\/\/www.homewatch.es\/de\/dienstleistungen\/mieter\/ausfluge","title":{"rendered":"Ausfl\u00fcge"},"content":{"rendered":"\n<p><br>Bei HomeWatch widmen wir uns der Gestaltung Ihres Aufenthalts in Marbella und an der Costa del Sol zu einem unvergesslichen Abenteuer. Deshalb sind wir stolz, unseren exklusiven Ausflugs- und Veranstaltungsservice anzubieten, der darauf ausgerichtet ist, Ihnen zu helfen, das Beste, was diese lebhafte Region zu bieten hat, zu erkunden und zu erleben.<\/p>\n\n\n\n<p>Marbella und die Costa del Sol sind bekannt f\u00fcr ihre vielf\u00e4ltigen Attraktionen und Aktivit\u00e4ten. Von der Erkundung historischer andalusischer D\u00f6rfer, dem Genuss von Weinproben in lokalen Weinbergen, bis hin zu aufregenden Wassersportarten und unvergesslichen Wanderwegen \u2013 es wartet ein Abenteuer auf jeden.<\/p>\n\n\n\n<p>Mit unserem Ausflugsservice erstellen wir personalisierte Reiserouten basierend auf Ihren Interessen und Vorlieben. Wir nutzen unser lokales Wissen und unsere Verbindungen, um sicherzustellen, dass Sie die authentischsten und bereicherndsten Erfahrungen machen. Ob Sie Abenteuer, Kultur, Natur oder Entspannung suchen, wir werden einen Ausflug ma\u00dfschneidern, der Ihre Erwartungen perfekt erf\u00fcllt.<\/p>\n\n\n\n<p>Neben den vielf\u00e4ltigen Ausfl\u00fcgen ist die Costa del Sol auch f\u00fcr ihren lebendigen Veranstaltungskalender und ihre Festivals bekannt. Unser Veranstaltungsservice h\u00e4lt Sie \u00fcber die besten lokalen Events auf dem Laufenden, von traditionellen Festen und Flamenco-Shows bis hin zu hochkar\u00e4tigen Konzerten und Sportveranstaltungen.<\/p>\n\n\n\n<p>Wir informieren Sie nicht nur \u00fcber diese Events, sondern k\u00fcmmern uns auch um die gesamte Logistik f\u00fcr Sie. Dazu geh\u00f6ren der Kauf von Tickets, die Organisation von Transport und sogar die Organisation von speziellem Zugang oder VIP-Services, wo verf\u00fcgbar.<\/p>\n\n\n\n<p>Bei HomeWatch haben wir uns dem Ziel verschrieben, Ihren Aufenthalt in Marbella und an der Costa del Sol in eine umfassende, unvergessliche Reise zu verwandeln. Unser Ausflugs- und Veranstaltungsservice ist ein Beweis f\u00fcr dieses Engagement, da wir sicherstellen m\u00f6chten, dass Sie die reiche Kultur, die atemberaubende Natur und die lebendige Atmosph\u00e4re der Region in vollem Umfang erleben. Erkunden und genie\u00dfen Sie Marbella und die Costa del Sol wie nie zuvor, mit dem Luxus, der Bequemlichkeit und der pers\u00f6nlichen Note, die HomeWatch bietet.<\/p>\n","protected":false},"excerpt":{"rendered":"<p>Bei HomeWatch widmen wir uns der Gestaltung Ihres Aufenthalts in Marbella und an der Costa del Sol zu einem unvergesslichen Abenteuer. Deshalb sind wir stolz, unseren exklusiven Ausflugs- und Veranstaltungsservice anzubieten, der darauf ausgerichtet ist, Ihnen zu helfen, das Beste, was diese lebhafte Region zu bieten hat, zu erkunden und zu erleben. Marbella und die&#8230;<\/p>\n","protected":false},"author":2,"featured_media":0,"parent":5036,"menu_order":8,"comment_status":"closed","ping_status":"closed","template":"","meta":{"_acf_changed":false,"footnotes":""},"class_list":["post-5082","page","type-page","status-publish","hentry"],"acf":[],"_links":{"self":[{"href":"https:\/\/www.homewatch.es\/de\/wp-json\/wp\/v2\/pages\/5082","targetHints":{"allow":["GET"]}}],"collection":[{"href":"https:\/\/www.homewatch.es\/de\/wp-json\/wp\/v2\/pages"}],"about":[{"href":"https:\/\/www.homewatch.es\/de\/wp-json\/wp\/v2\/types\/page"}],"author":[{"embeddable":true,"href":"https:\/\/www.homewatch.es\/de\/wp-json\/wp\/v2\/users\/2"}],"replies":[{"embeddable":true,"href":"https:\/\/www.homewatch.es\/de\/wp-json\/wp\/v2\/comments?post=5082"}],"version-history":[{"count":0,"href":"https:\/\/www.homewatch.es\/de\/wp-json\/wp\/v2\/pages\/5082\/revisions"}],"up":[{"embeddable":true,"href":"https:\/\/www.homewatch.es\/de\/wp-json\/wp\/v2\/pages\/5036"}],"wp:attachment":[{"href":"https:\/\/www.homewatch.es\/de\/wp-json\/wp\/v2\/media?parent=5082"}],"curies":[{"name":"wp","href":"https:\/\/api.w.org\/{rel}","templated":true}]}}