{"id":5074,"date":"2023-07-14T17:04:28","date_gmt":"2023-07-14T15:04:28","guid":{"rendered":"https:\/\/www.homewatch.es\/dienstleistungen\/mieter\/extra-cleaning-with-sheets-towels-change"},"modified":"2024-02-12T10:00:24","modified_gmt":"2024-02-12T09:00:24","slug":"zusatzliche-reinigung-mit-bettwasche-und-handtuchwechsel","status":"publish","type":"page","link":"https:\/\/www.homewatch.es\/de\/dienstleistungen\/mieter\/zusatzliche-reinigung-mit-bettwasche-und-handtuchwechsel","title":{"rendered":"Zus\u00e4tzliche Reinigung mit Bettw\u00e4sche- und Handtuchwechsel"},"content":{"rendered":"\n<p><br>Bei HomeWatch.es ist Ihr Komfort und Ihre Zufriedenheit w\u00e4hrend Ihres Aufenthalts in Marbella und an der Costa del Sol unsere oberste Priorit\u00e4t. Um Ihr Erlebnis zu verbessern, bieten wir einen exklusiven Service f\u00fcr zus\u00e4tzliche Reinigung und W\u00e4schewechsel an, der darauf abzielt, Ihre Mietimmobilie in makellosem Zustand zu halten und so eine wirklich luxuri\u00f6se und entspannende Umgebung zu schaffen.<\/p>\n\n\n\n<p>Wir verstehen, dass Sie w\u00e4hrend Ihres Urlaubs die Sch\u00f6nheit und Freizeitangebote von Marbella und der Costa del Sol genie\u00dfen sollten, ohne sich um Haushaltspflichten k\u00fcmmern zu m\u00fcssen. Unser Service f\u00fcr zus\u00e4tzliche Reinigung und W\u00e4schewechsel stellt sicher, dass Ihr Zuhause ein Hort der Sauberkeit und des Komforts bleibt. Unser professionelles Reinigungsteam wird Ihre Immobilie makellos und frisch hinterlassen und sich auch um den Wechsel der Bettw\u00e4sche k\u00fcmmern. Genie\u00dfen Sie den Komfort frischer Bettlaken und Handt\u00fccher sowie die Ruhe, die ein sauberes und gut gepflegtes Umfeld bietet.<\/p>\n\n\n\n<p>Dieser Service erm\u00f6glicht es Ihnen, zus\u00e4tzliche Reinigungen und W\u00e4schewechsel nach Ihrem Belieben zu planen, zus\u00e4tzlich zu den standardm\u00e4\u00dfig zu Beginn und Ende Ihres Aufenthalts bereitgestellten. Ob Sie t\u00e4glichen, w\u00f6chentlichen oder einmaligen Service ben\u00f6tigen, wir stehen Ihnen zur Verf\u00fcgung, um Ihre einzigartigen Bed\u00fcrfnisse und Vorlieben zu erf\u00fcllen.<\/p>\n\n\n\n<p>Bei HomeWatch.es bem\u00fchen wir uns, Ihren Aufenthalt in Marbella und an der Costa del Sol so komfortabel und angenehm wie m\u00f6glich zu gestalten. Mit unserem Service f\u00fcr zus\u00e4tzliche Reinigung und W\u00e4schewechsel gehen wir die extra Meile, um eine Umgebung zu schaffen, die nicht nur sauber und einladend ist, sondern sich wirklich wie zu Hause anf\u00fchlt. Genie\u00dfen Sie das exquisite Erlebnis von Marbella und der Costa del Sol mit dem Komfort, Luxus und der Liebe zum Detail, die das Markenzeichen unserer Dienstleistungen sind.<\/p>\n","protected":false},"excerpt":{"rendered":"<p>Bei HomeWatch.es ist Ihr Komfort und Ihre Zufriedenheit w\u00e4hrend Ihres Aufenthalts in Marbella und an der Costa del Sol unsere oberste Priorit\u00e4t. Um Ihr Erlebnis zu verbessern, bieten wir einen exklusiven Service f\u00fcr zus\u00e4tzliche Reinigung und W\u00e4schewechsel an, der darauf abzielt, Ihre Mietimmobilie in makellosem Zustand zu halten und so eine wirklich luxuri\u00f6se und entspannende&#8230;<\/p>\n","protected":false},"author":7,"featured_media":0,"parent":5036,"menu_order":5,"comment_status":"closed","ping_status":"closed","template":"","meta":{"_acf_changed":false,"footnotes":""},"class_list":["post-5074","page","type-page","status-publish","hentry"],"acf":[],"_links":{"self":[{"href":"https:\/\/www.homewatch.es\/de\/wp-json\/wp\/v2\/pages\/5074","targetHints":{"allow":["GET"]}}],"collection":[{"href":"https:\/\/www.homewatch.es\/de\/wp-json\/wp\/v2\/pages"}],"about":[{"href":"https:\/\/www.homewatch.es\/de\/wp-json\/wp\/v2\/types\/page"}],"author":[{"embeddable":true,"href":"https:\/\/www.homewatch.es\/de\/wp-json\/wp\/v2\/users\/7"}],"replies":[{"embeddable":true,"href":"https:\/\/www.homewatch.es\/de\/wp-json\/wp\/v2\/comments?post=5074"}],"version-history":[{"count":0,"href":"https:\/\/www.homewatch.es\/de\/wp-json\/wp\/v2\/pages\/5074\/revisions"}],"up":[{"embeddable":true,"href":"https:\/\/www.homewatch.es\/de\/wp-json\/wp\/v2\/pages\/5036"}],"wp:attachment":[{"href":"https:\/\/www.homewatch.es\/de\/wp-json\/wp\/v2\/media?parent=5074"}],"curies":[{"name":"wp","href":"https:\/\/api.w.org\/{rel}","templated":true}]}}