{"id":5051,"date":"2022-07-29T11:35:09","date_gmt":"2022-07-29T09:35:09","guid":{"rendered":"https:\/\/www.homewatch.es\/dienstleistungen\/mieter\/change-of-sheets-towels"},"modified":"2024-02-12T09:43:23","modified_gmt":"2024-02-12T08:43:23","slug":"wechsel-von-bettwasche-handtuchern","status":"publish","type":"page","link":"https:\/\/www.homewatch.es\/de\/dienstleistungen\/mieter\/wechsel-von-bettwasche-handtuchern","title":{"rendered":"Wechsel von Bettw\u00e4sche &amp; Handt\u00fcchern"},"content":{"rendered":"\n<p>Wie angenehm es ist, die Ber\u00fchrung eines frisch geb\u00fcgelten Bettlakens zu sp\u00fcren oder den Duft von Lavendel eines sauberen Handtuchs zu riechen, kleine Details, die Ihren Tag besser machen k\u00f6nnen.<\/p>\n\n\n\n<p>Das wissen wir und deshalb bieten wir unseren Mietern einen Bettw\u00e4sche- und Handtuchwechselservice an.<\/p>\n\n\n\n<p>Mit dem Austauschservice bieten wir ein Bettw\u00e4schepaket an, das ein Spannbetttuch, einen Bettbezug und Kissenbez\u00fcge umfasst, und mit dem Handtuchpaket bieten wir Badet\u00fccher, Handt\u00fccher und Badematten an.<\/p>\n\n\n\n<p>Preise und Pakete variieren je nach Anzahl der Betten oder Personen, die einen Ersatz ben\u00f6tigen.<\/p>\n\n\n\n<p>Alle unsere Dienstleistungen m\u00fcssen 48 Stunden im Voraus angefordert werden.<\/p>\n\n\n\n<p>Wenn Sie den Bettw\u00e4sche- und Handtuchwechselservice bei uns buchen m\u00f6chten, hinterlassen Sie bitte Ihre Daten und Anforderungen im Formular.<\/p>\n\n\n\n<p>Wenn Sie Fragen haben, k\u00f6nnen Sie uns unter <a href=\"mailto:services@homewatch.es\">services@homewatch.es<\/a>. schreiben. Z\u00f6gern Sie nicht, uns zu kontaktieren!<\/p>\n\n\n\n<p>Wenn Sie Fragen haben, k\u00f6nnen Sie uns unter <a><a href=\"mailto:services@homewatch.es\">services@homewatch.es<\/a>.<\/a> schreiben. Z\u00f6gern Sie nicht, uns zu kontaktieren!<\/p>\n","protected":false},"excerpt":{"rendered":"<p>Wie angenehm es ist, die Ber\u00fchrung eines frisch geb\u00fcgelten Bettlakens zu sp\u00fcren oder den Duft von Lavendel eines sauberen Handtuchs zu riechen, kleine Details, die Ihren Tag besser machen k\u00f6nnen. Das wissen wir und deshalb bieten wir unseren Mietern einen Bettw\u00e4sche- und Handtuchwechselservice an. Mit dem Austauschservice bieten wir ein Bettw\u00e4schepaket an, das ein Spannbetttuch,&#8230;<\/p>\n","protected":false},"author":2,"featured_media":0,"parent":5036,"menu_order":3,"comment_status":"closed","ping_status":"closed","template":"","meta":{"_acf_changed":false,"footnotes":""},"class_list":["post-5051","page","type-page","status-publish","hentry"],"acf":[],"_links":{"self":[{"href":"https:\/\/www.homewatch.es\/de\/wp-json\/wp\/v2\/pages\/5051","targetHints":{"allow":["GET"]}}],"collection":[{"href":"https:\/\/www.homewatch.es\/de\/wp-json\/wp\/v2\/pages"}],"about":[{"href":"https:\/\/www.homewatch.es\/de\/wp-json\/wp\/v2\/types\/page"}],"author":[{"embeddable":true,"href":"https:\/\/www.homewatch.es\/de\/wp-json\/wp\/v2\/users\/2"}],"replies":[{"embeddable":true,"href":"https:\/\/www.homewatch.es\/de\/wp-json\/wp\/v2\/comments?post=5051"}],"version-history":[{"count":0,"href":"https:\/\/www.homewatch.es\/de\/wp-json\/wp\/v2\/pages\/5051\/revisions"}],"up":[{"embeddable":true,"href":"https:\/\/www.homewatch.es\/de\/wp-json\/wp\/v2\/pages\/5036"}],"wp:attachment":[{"href":"https:\/\/www.homewatch.es\/de\/wp-json\/wp\/v2\/media?parent=5051"}],"curies":[{"name":"wp","href":"https:\/\/api.w.org\/{rel}","templated":true}]}}