{"id":5048,"date":"2022-07-29T15:16:50","date_gmt":"2022-07-29T13:16:50","guid":{"rendered":"https:\/\/www.homewatch.es\/dienstleistungen\/mieter\/boat-and-jet-ski-rentals"},"modified":"2024-02-09T13:16:20","modified_gmt":"2024-02-09T12:16:20","slug":"boots-und-jet-ski-verleih","status":"publish","type":"page","link":"https:\/\/www.homewatch.es\/de\/dienstleistungen\/mieter\/boots-und-jet-ski-verleih","title":{"rendered":"Boots- und Jet-Ski-Verleih"},"content":{"rendered":"\n<p>Die Gegend von Marbella und Puerto Banus ist bekannt f\u00fcr ihren Glanz und Luxus, und auch ihre H\u00e4fen stehen dem nicht nach. Unser Team im Bereich der Vermietung liebt es, unsere Kunden gl\u00fccklich zu machen, daher helfen sie Ihnen gerne dabei, jedes Boot zu mieten, das Sie w\u00fcnschen, von Sportbooten bis hin zu Yachten oder Jet-Skis. Dar\u00fcber hinaus k\u00f6nnen Sie von speziellen Rabatten profitieren, die nur Sie als Kunde genie\u00dfen k\u00f6nnen.<\/p>\n\n\n\n<p>Mit Homewatch k\u00f6nnen Sie das volle Erlebnis genie\u00dfen, wir verf\u00fcgen \u00fcber eine vielf\u00e4ltige Flotte von Booten und Jet-Skis, um einen perfekten Tag voller Adrenalin oder den Sonnenuntergang zu genie\u00dfen.<\/p>\n\n\n\n<p>Alle unsere Dienstleistungen m\u00fcssen 48 Stunden im Voraus angefordert werden.<\/p>\n\n\n\n<p>Wenn Sie den Service f\u00fcr Boote und Jet-Skis bei uns buchen m\u00f6chten, hinterlassen Sie uns bitte Ihre Details und Anforderungen im Formular.<\/p>\n\n\n\n<p>Wenn Sie Fragen haben, k\u00f6nnen Sie uns unter <a href=\"mailto:services@homewatch.es\">services@homewatch.es<\/a>. schreiben. Z\u00f6gern Sie nicht, uns zu kontaktieren!<\/p>\n\n\n\n<p><\/p>\n\n\n\n<h4 class=\"wp-block-heading\">Ungef\u00e4hre Preise f\u00fcr Jet-Skis:<\/h4>\n\n\n\n<p><br>15 Minuten: 50 \u20ac<\/p>\n\n\n\n<p>30 Minuten: 100 \u20ac<\/p>\n\n\n\n<p>1 Stunde: 160 \u20ac<\/p>\n","protected":false},"excerpt":{"rendered":"<p>Die Gegend von Marbella und Puerto Banus ist bekannt f\u00fcr ihren Glanz und Luxus, und auch ihre H\u00e4fen stehen dem nicht nach. Unser Team im Bereich der Vermietung liebt es, unsere Kunden gl\u00fccklich zu machen, daher helfen sie Ihnen gerne dabei, jedes Boot zu mieten, das Sie w\u00fcnschen, von Sportbooten bis hin zu Yachten oder&#8230;<\/p>\n","protected":false},"author":2,"featured_media":0,"parent":5036,"menu_order":2,"comment_status":"closed","ping_status":"closed","template":"","meta":{"_acf_changed":false,"footnotes":""},"class_list":["post-5048","page","type-page","status-publish","hentry"],"acf":[],"_links":{"self":[{"href":"https:\/\/www.homewatch.es\/de\/wp-json\/wp\/v2\/pages\/5048","targetHints":{"allow":["GET"]}}],"collection":[{"href":"https:\/\/www.homewatch.es\/de\/wp-json\/wp\/v2\/pages"}],"about":[{"href":"https:\/\/www.homewatch.es\/de\/wp-json\/wp\/v2\/types\/page"}],"author":[{"embeddable":true,"href":"https:\/\/www.homewatch.es\/de\/wp-json\/wp\/v2\/users\/2"}],"replies":[{"embeddable":true,"href":"https:\/\/www.homewatch.es\/de\/wp-json\/wp\/v2\/comments?post=5048"}],"version-history":[{"count":0,"href":"https:\/\/www.homewatch.es\/de\/wp-json\/wp\/v2\/pages\/5048\/revisions"}],"up":[{"embeddable":true,"href":"https:\/\/www.homewatch.es\/de\/wp-json\/wp\/v2\/pages\/5036"}],"wp:attachment":[{"href":"https:\/\/www.homewatch.es\/de\/wp-json\/wp\/v2\/media?parent=5048"}],"curies":[{"name":"wp","href":"https:\/\/api.w.org\/{rel}","templated":true}]}}