{"id":5042,"date":"2023-10-30T12:01:05","date_gmt":"2023-10-30T11:01:05","guid":{"rendered":"https:\/\/www.homewatch.es\/dienstleistungen\/mieter\/babysitting"},"modified":"2024-02-09T12:23:54","modified_gmt":"2024-02-09T11:23:54","slug":"kinderbetreuung","status":"publish","type":"page","link":"https:\/\/www.homewatch.es\/de\/dienstleistungen\/mieter\/kinderbetreuung","title":{"rendered":"Kinderbetreuung"},"content":{"rendered":"\n<p>Nehmen Sie sich etwas Zeit f\u00fcr sich und Ihren Partner und \u00fcberlassen Sie die Kleinen qualifizierten Experten, die sich um sie k\u00fcmmern, w\u00e4hrend Sie den Moment genie\u00dfen, den Sie schon lange geplant haben.<\/p>\n\n\n\n<p>Unsere Babysitter verf\u00fcgen \u00fcber jahrelange Erfahrung und werden sich um die beste Spielzeit sowie um das Mittag- oder Abendessen mit Ihren Kindern k\u00fcmmern.<\/p>\n\n\n\n<p>Die Babysitter-Services stehen f\u00fcr 25 \u20ac pro Stunde zur Verf\u00fcgung, mit einem Mindestaufenthalt von 3 Stunden und maximal 2 Kindern pro Babysitter.<\/p>\n\n\n\n<p>Alle unsere Dienstleistungen m\u00fcssen 48 Stunden im Voraus angefordert werden.<\/p>\n\n\n\n<p>Wenn Sie den Babysitter-Service bei uns buchen m\u00f6chten, hinterlassen Sie uns bitte Ihre Details im Formular und die Anzahl der zu betreuenden Kinder, den Rest erledigen wir.<\/p>\n\n\n\n<p>Wenn Sie Fragen haben, k\u00f6nnen Sie uns unter <a href=\"mailto:services@homewatch.es\">services@homewatch.es<\/a> schreiben. Z\u00f6gern Sie nicht, uns zu kontaktieren!<\/p>\n","protected":false},"excerpt":{"rendered":"<p>Nehmen Sie sich etwas Zeit f\u00fcr sich und Ihren Partner und \u00fcberlassen Sie die Kleinen qualifizierten Experten, die sich um sie k\u00fcmmern, w\u00e4hrend Sie den Moment genie\u00dfen, den Sie schon lange geplant haben. Unsere Babysitter verf\u00fcgen \u00fcber jahrelange Erfahrung und werden sich um die beste Spielzeit sowie um das Mittag- oder Abendessen mit Ihren Kindern&#8230;<\/p>\n","protected":false},"author":2,"featured_media":0,"parent":5036,"menu_order":0,"comment_status":"closed","ping_status":"closed","template":"","meta":{"_acf_changed":false,"footnotes":""},"class_list":["post-5042","page","type-page","status-publish","hentry"],"acf":[],"_links":{"self":[{"href":"https:\/\/www.homewatch.es\/de\/wp-json\/wp\/v2\/pages\/5042","targetHints":{"allow":["GET"]}}],"collection":[{"href":"https:\/\/www.homewatch.es\/de\/wp-json\/wp\/v2\/pages"}],"about":[{"href":"https:\/\/www.homewatch.es\/de\/wp-json\/wp\/v2\/types\/page"}],"author":[{"embeddable":true,"href":"https:\/\/www.homewatch.es\/de\/wp-json\/wp\/v2\/users\/2"}],"replies":[{"embeddable":true,"href":"https:\/\/www.homewatch.es\/de\/wp-json\/wp\/v2\/comments?post=5042"}],"version-history":[{"count":0,"href":"https:\/\/www.homewatch.es\/de\/wp-json\/wp\/v2\/pages\/5042\/revisions"}],"up":[{"embeddable":true,"href":"https:\/\/www.homewatch.es\/de\/wp-json\/wp\/v2\/pages\/5036"}],"wp:attachment":[{"href":"https:\/\/www.homewatch.es\/de\/wp-json\/wp\/v2\/media?parent=5042"}],"curies":[{"name":"wp","href":"https:\/\/api.w.org\/{rel}","templated":true}]}}