{"id":5036,"date":"2023-07-17T17:02:38","date_gmt":"2023-07-17T15:02:38","guid":{"rendered":"https:\/\/www.homewatch.es\/dienstleistungen\/tenants"},"modified":"2024-02-12T12:39:09","modified_gmt":"2024-02-12T11:39:09","slug":"mieter","status":"publish","type":"page","link":"https:\/\/www.homewatch.es\/de\/dienstleistungen\/mieter","title":{"rendered":"Dienstleistungen f\u00fcr Mieter"},"content":{"rendered":"\n<section class=\"wp-block-inmoba-maincontent row align-items-center justify-content-center py-5 py-lg-6 mx-auto\"><div class=\"col-xxl-8 mb-0\">\n<h2 class=\"wp-block-heading text-center\"><br>Dienstleistungen f\u00fcr Mieter<\/h2>\n\n\n\n<p class=\"has-text-align-center\"><br>Das Leben in Marbella ist eine einzigartige Erfahrung, und bei Homewatch sind wir darauf bedacht, Ihren Aufenthalt so komfortabel und unvergesslich wie m\u00f6glich zu gestalten. Unsere Dienstleistungen f\u00fcr Mieter umfassen:<\/p>\n<\/div><\/section>\n\n\n\n<section class=\"wp-block-inmoba-inmfullwidthcontent\"><section class=\"container-fluid px-4 px-lg-6 mt-6 wp-block-acf-grid\">\n\t<div class=\"row row-cols-1 row-cols-md-2 row-cols-xxl-3 g-5 g-xl-6 justify-content-center\">\n\t\t\t\n\t\t<div class=\"col d-flex flex-column align-items-center\">\n\t\t\t<svg class=\"mb-4\" xmlns=\"http:\/\/www.w3.org\/2000\/svg\" height=\"4em\" viewBox=\"0 0 512 512\"style=\"fill: #30add1\"<!--! Font Awesome Pro 6.4.2 by @fontawesome - https:\/\/fontawesome.com License - https:\/\/fontawesome.com\/license (Commercial License) Copyright 2023 Fonticons, Inc. --><path d=\"M123 0L256 192H400V120 96h24 64 24v48H488 448v48 32c0 28-6.1 55.6-17.7 81.1c-11.6 25.5-28.6 48.4-49.5 67.5c-21 19.1-45.6 34-72.5 44.1S252.8 432 224 432s-57.4-5.2-84.3-15.3s-51.5-25-72.5-44.1s-37.9-42-49.5-67.5C6.1 279.6 0 252 0 224V192H.1C3.1 108 52.3 35.8 123 0zM80 416a48 48 0 1 1 0 96 48 48 0 1 1 0-96zm240 48a48 48 0 1 1 96 0 48 48 0 1 1 -96 0zM56.1 272c1.5 4.5 3.3 8.9 5.3 13.2c8.8 19.4 21.8 37 38.2 51.9s35.7 26.6 57.1 34.7s44.2 12.2 67.4 12.2s46-4.1 67.4-12.2s40.8-19.8 57.1-34.7s29.3-32.5 38.2-51.9c2-4.3 3.7-8.8 5.3-13.2c3.6-10.4 6-21.1 7.2-32H48.9c1.2 10.9 3.6 21.6 7.2 32z\"\/><\/svg>\t\t\t<div class=\"d-flex flex-column align-items-start\">\n\t\t\t\t<h4 class=\"text-center w-100 mb-3\">Kinderbetreuung<\/h4><p>Unsere Babysitter verf\u00fcgen \u00fcber jahrelange Erfahrung und werden sich um die beste Spielzeit sowie um das Mittag- oder Abendessen mit Ihren Kindern k\u00fcmmern.<\/p>\n<a href=\"https:\/\/www.homewatch.es\/de\/dienstleistungen\/mieter\/kinderbetreuung\" class=\"btn btn-link p-0 mt-auto\"> Mehr Informationen<\/a>\t\t\t<\/div>\n\t\t<\/div>\t\n\t\t\t\n\t\t<div class=\"col d-flex flex-column align-items-center\">\n\t\t\t<svg class=\"mb-4\" xmlns=\"http:\/\/www.w3.org\/2000\/svg\" height=\"4em\" viewBox=\"0 0 448 512\"style=\"fill: #30add1\"<!--! Font Awesome Pro 6.4.2 by @fontawesome - https:\/\/fontawesome.com License - https:\/\/fontawesome.com\/license (Commercial License) Copyright 2023 Fonticons, Inc. --><path d=\"M224 112a32 32 0 1 0 0-64 32 32 0 1 0 0 64zM224 0a80 80 0 1 1 0 160A80 80 0 1 1 224 0zM96 101.5l17 17 28.3 28.3L186.5 192h75l45.3-45.3L335 118.5l17-17 17 17L425.5 175l17 17-17 17-28.3 28.3L336 298.5v1.3l44.4 63.5 11.8 16.9 7.1 10.2-4.2 11.7-7 19.5-24 67.2-8.1 22.6-22.6-8.1-75.3-26.9-22.6-8.1 8.1-22.6 12.9-36.1-6.7-9.6H198.1l-6.7 9.6 12.9 36.1 8.1 22.6-22.6 8.1-75.3 26.9-22.6 8.1-8.1-22.6-24-67.2-7-19.5-4.2-11.7 7.1-10.2 11.9-16.9L112 299.8v-1.3L50.7 237.3 22.5 209l-17-17 17-17L79 118.5l17-17zM84.7 203.3l64 64 4.3 4.3 7 7V288H288v-9.4l7-7 4.3-4.3 64-64L374.6 192 352 169.4l-11.3 11.3L288.4 233l-7 7h-9.9H176.6h-9.9l-7-7-52.3-52.3L96 169.4 73.4 192l11.3 11.3zM305.8 340.4l-24.2 21.2 .4 .6 21 30 7.1 10.2L306 414.1l-9 25.1L327.1 450l15.9-44.6 2.8-7.8-4.7-6.8-35.3-50.4zM166.4 361.6l-24.2-21.2-35.3 50.4-4.7 6.8 2.8 7.8L120.9 450 151 439.2l-9-25.1-4.2-11.7 7.1-10.2 21-30 .4-.6z\"\/><\/svg>\t\t\t<div class=\"d-flex flex-column align-items-start\">\n\t\t\t\t<h4 class=\"text-center w-100 mb-3\"> Baby-Paket<\/h4><p>Unser Baby-Paket beinhaltet Bettw\u00e4sche f\u00fcr das Kinderbett, und das Homewatch-Team wird daf\u00fcr sorgen, dass alles vor Ihrer Ankunft bereit ist.<\/p>\n<a href=\"https:\/\/www.homewatch.es\/de\/dienstleistungen\/mieter\/baby-paket\" class=\"btn btn-link p-0 mt-auto\"> Mehr Informationen<\/a>\t\t\t<\/div>\n\t\t<\/div>\t\n\t\t\t\n\t\t<div class=\"col d-flex flex-column align-items-center\">\n\t\t\t<svg class=\"mb-4\" xmlns=\"http:\/\/www.w3.org\/2000\/svg\" height=\"4em\" viewBox=\"0 0 576 512\"style=\"fill: #30add1\"<!--! Font Awesome Pro 6.4.2 by @fontawesome - https:\/\/fontawesome.com License - https:\/\/fontawesome.com\/license (Commercial License) Copyright 2023 Fonticons, Inc. --><path d=\"M256 320H528L256 0V320zM56 352H0l28.8 48L96 512H480l67.2-112L576 352H520 56zm28.8 48H491.2l-38.4 64H123.2L84.8 400zM224 64L48 320H224V64z\"\/><\/svg>\t\t\t<div class=\"d-flex flex-column align-items-start\">\n\t\t\t\t<h4 class=\"text-center w-100 mb-3\">Boots- und Jetski-Verleih<\/h4><p>Mit Homewatch k\u00f6nnen Sie die volle Erfahrung leben. Wir verf\u00fcgen \u00fcber eine vielf\u00e4ltige Flotte von Booten und Jetskis, um einen perfekten Tag voller Adrenalin zu verbringen oder den Sonnenuntergang zu beobachten.<\/p>\n<a href=\"https:\/\/www.homewatch.es\/de\/dienstleistungen\/mieter\/boots-und-jet-ski-verleih\" class=\"btn btn-link p-0 mt-auto\"> Mehr Informationen<\/a>\t\t\t<\/div>\n\t\t<\/div>\t\n\t\t\t\n\t\t<div class=\"col d-flex flex-column align-items-center\">\n\t\t\t<svg class=\"mb-4\" xmlns=\"http:\/\/www.w3.org\/2000\/svg\" height=\"4em\" viewBox=\"0 0 512 512\"style=\"fill: #30add1\"<!--! Font Awesome Pro 6.4.2 by @fontawesome - https:\/\/fontawesome.com License - https:\/\/fontawesome.com\/license (Commercial License) Copyright 2023 Fonticons, Inc. --><path d=\"M32 32V192H80V128H240v64h32V128H432v64h48V32H32zM24 224H0v24V392v64 24H48V456 416H464v40 24h48V456 392 248 224H488 24zM464 368H48V272H464v96z\"\/><\/svg>\t\t\t<div class=\"d-flex flex-column align-items-start\">\n\t\t\t\t<h4 class=\"text-center w-100 mb-3\">Wechsel von Bettw\u00e4sche & Handt\u00fcchern<\/h4><p>Wir bieten einen Service zum Wechsel von Bettw\u00e4sche und Handt\u00fcchern f\u00fcr unsere Mieter an<\/p>\n<a href=\"https:\/\/www.homewatch.es\/de\/dienstleistungen\/mieter\/wechsel-von-bettwasche-handtuchern\" class=\"btn btn-link p-0 mt-auto\"> Mehr Informationen<\/a>\t\t\t<\/div>\n\t\t<\/div>\t\n\t\t\t\n\t\t<div class=\"col d-flex flex-column align-items-center\">\n\t\t\t<svg class=\"mb-4\" xmlns=\"http:\/\/www.w3.org\/2000\/svg\" height=\"4em\" viewBox=\"0 0 512 512\"style=\"fill: #30add1\"<!--! Font Awesome Pro 6.4.2 by @fontawesome - https:\/\/fontawesome.com License - https:\/\/fontawesome.com\/license (Commercial License) Copyright 2023 Fonticons, Inc. --><path d=\"M120 32H102.7L97.2 48.4 54.7 176H48 0v48V352v48 80H48V400H464v80h48V400 352 224 176H464h-6.7L414.8 48.4 409.3 32H392 120zM406.7 176H105.3l32-96H374.7l32 96zM464 224V352H48V224H464zM144 288a32 32 0 1 0 -64 0 32 32 0 1 0 64 0zm256 32a32 32 0 1 0 0-64 32 32 0 1 0 0 64z\"\/><\/svg>\t\t\t<div class=\"d-flex flex-column align-items-start\">\n\t\t\t\t<h4 class=\"text-center w-100 mb-3\">Autovermietung<\/h4><p>Wenn Sie zu den Personen geh\u00f6ren, die auf Urlaub ihre Autonomie sch\u00e4tzen und die Kontrolle \u00fcber Ihre Reisen behalten m\u00f6chten, ist die beste Option f\u00fcr Sie, ein Auto zu mieten, das Ihnen diese Freiheit bietet.<\/p>\n<a href=\"https:\/\/www.homewatch.es\/de\/dienstleistungen\/mieter\/autovermietungen\" class=\"btn btn-link p-0 mt-auto\">More info<\/a>\t\t\t<\/div>\n\t\t<\/div>\t\n\t\t\t\n\t\t<div class=\"col d-flex flex-column align-items-center\">\n\t\t\t<svg class=\"mb-4\" xmlns=\"http:\/\/www.w3.org\/2000\/svg\" height=\"4em\" viewBox=\"0 0 512 512\"style=\"fill: #30add1\"<!--! Font Awesome Pro 6.4.2 by @fontawesome - https:\/\/fontawesome.com License - https:\/\/fontawesome.com\/license (Commercial License) Copyright 2023 Fonticons, Inc. --><path d=\"M32 32V192H80V128H240v64h32V128H432v64h48V32H32zM24 224H0v24V392v64 24H48V456 416H464v40 24h48V456 392 248 224H488 24zM464 368H48V272H464v96z\"\/><\/svg>\t\t\t<div class=\"d-flex flex-column align-items-start\">\n\t\t\t\t<h4 class=\"text-center w-100 mb-3\"> Zus\u00e4tzliche Reinigung<\/h4><p>Wir bieten einen exklusiven Service f\u00fcr Zus\u00e4tzliche Reinigung und W\u00e4schewechsel an, der darauf ausgelegt ist, Ihre Mietimmobilie in einwandfreiem Zustand zu halten und so eine wahrhaft luxuri\u00f6se und entspannende Umgebung zu bieten.<\/p>\n<a href=\"https:\/\/www.homewatch.es\/de\/dienstleistungen\/mieter\/zusatzliche-reinigung-mit-bettwasche-und-handtuchwechsel\" class=\"btn btn-link p-0 mt-auto\">More info<\/a>\t\t\t<\/div>\n\t\t<\/div>\t\n\t\t\t\n\t\t<div class=\"col d-flex flex-column align-items-center\">\n\t\t\t<svg class=\"mb-4\" xmlns=\"http:\/\/www.w3.org\/2000\/svg\" height=\"4em\" viewBox=\"0 0 576 512\"style=\"fill: #30add1\"<!--! Font Awesome Pro 6.4.2 by @fontawesome - https:\/\/fontawesome.com License - https:\/\/fontawesome.com\/license (Commercial License) Copyright 2023 Fonticons, Inc. --><path d=\"M572.1 268.8c-.5 16.2-2.6 32.5-6.3 48.8l-45.5-16.6-77.6-28.3 0 0L214.9 189.9l0 0L134 160.4 88.4 143.9C96 129 104.9 115.2 115 102.4c66.5-84.6 182.2-121 288.8-82.2s171.8 141 168.4 248.6zM473 124.2c.4 35-4.5 69.8-14.5 103.3L524 251.3c-2.2-47-20.3-91.9-51-127.2zM396.3 68.9c-3-1.2-5.9-2.4-9-3.5c-1-.4-1.9-.7-2.9-1c-18.2-5.9-38.3-.9-51.5 13.1c-23.3 24.6-42.2 53.1-55.9 84L413.3 211c9.4-32.5 13.2-66.4 11.2-100.2c-1.1-18.2-12-34.2-28.2-41.9zM288.8 54.6c-48 6.4-92.7 29.5-125.8 65.4l68.8 25c14.2-32.9 33.4-63.4 57-90.4zM552 464l24 0 0 48-24 0L24 512 0 512l0-48 24 0 192.7 0 76.9-211.4L338.7 269l-71 195L552 464z\"\/><\/svg>\t\t\t<div class=\"d-flex flex-column align-items-start\">\n\t\t\t\t<h4 class=\"text-center w-100 mb-3\">Zus\u00e4tzliche Strand- und Poolhandt\u00fccher<\/h4><p>Wir freuen uns, unseren exklusiven Strand- und Poolhandtuchservice anbieten zu k\u00f6nnen, der darauf ausgelegt ist, die atemberaubenden Str\u00e4nde und einladenden Pools von Marbella und der Costa del Sol zu erg\u00e4nzen.<\/p>\n<a href=\"https:\/\/www.homewatch.es\/de\/dienstleistungen\/mieter\/zusatzliche-strand-und-poolhandtucher\" class=\"btn btn-link p-0 mt-auto\">More info<\/a>\t\t\t<\/div>\n\t\t<\/div>\t\n\t\t\t\n\t\t<div class=\"col d-flex flex-column align-items-center\">\n\t\t\t<svg class=\"mb-4\" xmlns=\"http:\/\/www.w3.org\/2000\/svg\" height=\"4em\" viewBox=\"0 0 640 512\"style=\"fill: #30add1\"<!--! Font Awesome Pro 6.4.2 by @fontawesome - https:\/\/fontawesome.com License - https:\/\/fontawesome.com\/license (Commercial License) Copyright 2023 Fonticons, Inc. --><path d=\"M280 0H256V24v8h0H200 176V56 261.5l-7.5-7.5-28.3-28.3-17-17-17 17L71 260.9l-7 7v9.9 42.7 9.9l7 7 6.9 6.9L170.5 437c48 48 113.1 75 181 75H360c46.3 0 88.6-17.1 120.9-45.3l-51.2-21.9C409.4 457 385.5 464 360 464h-8.5c-55.2 0-108.1-21.9-147.1-60.9L112 310.6V287.8l11.2-11.2 11.3 11.3 40.8 40.8 17 17 17-17L217 321l7-7V304 80h32V232v24h48V232 80h0V56 48h32v8V232v24h48V232 80h32v8h0v24V232v24h48V232 144h32V280h0v24 24c0 26.3-7.4 50.8-20.3 71.6l37.2-15.9L544 311v-7V120 96H520 464V56 32H440 384V24l0-24H360 280zM56 88L0 112l56 24 24 56 24-56 40-17.1V105.1L104 88 80 32 56 88zM304 320l-16 32-32 16 32 16 16 32 16-32 32-16-32-16-16-32zm232 88l-56 24 56 24 24 56 24-56 56-24-56-24-24-56-24 56z\"\/><\/svg>\t\t\t<div class=\"d-flex flex-column align-items-start\">\n\t\t\t\t<h4 class=\"text-center w-100 mb-3\">Zus\u00e4tzliche Reinigungen<\/h4><p>Unser professionelles Reinigungsteam ist hochqualifiziert und vertrauensw\u00fcrdig.<\/p>\n<a href=\"https:\/\/www.homewatch.es\/de\/dienstleistungen\/mieter\/zusatzliche-reinigungem\" class=\"btn btn-link p-0 mt-auto\">More info<\/a>\t\t\t<\/div>\n\t\t<\/div>\t\n\t\t\t\n\t\t<div class=\"col d-flex flex-column align-items-center\">\n\t\t\t<svg class=\"mb-4\" xmlns=\"http:\/\/www.w3.org\/2000\/svg\" height=\"4em\" viewBox=\"0 0 640 512\"style=\"fill: #30add1\"<!--! Font Awesome Pro 6.4.2 by @fontawesome - https:\/\/fontawesome.com License - https:\/\/fontawesome.com\/license (Commercial License) Copyright 2023 Fonticons, Inc. --><path d=\"M352 48a48 48 0 1 1 96 0 48 48 0 1 1 -96 0zm-24.5 59.2l13.4 8.5L423 168h57 24v48H480 416h-7l-5.9-3.8-74.6-47.5-59 40.6c-10 6.9-9 22 1.9 27.5l67.4 33.7 13.3 6.6V288 416v24H304V416 302.8l-54.1-27c-43.6-21.8-47.8-82.4-7.6-110l72.1-49.6 13.1-9zM96 256h64v20.6c7.4 2.2 14.6 5.2 21.3 8.8l14.6-14.6 45.3 45.3-14.6 14.6c3.6 6.7 6.6 13.8 8.8 21.3H256v64H235.4c-2.2 7.4-5.2 14.6-8.8 21.3l14.6 14.6-45.3 45.3-14.6-14.6c-6.7 3.6-13.8 6.6-21.3 8.8V512H96V491.4c-7.4-2.2-14.6-5.2-21.3-8.8L60.1 497.1 14.9 451.9l14.6-14.6c-3.6-6.7-6.6-13.8-8.8-21.3H0V352H20.6c2.2-7.4 5.2-14.6 8.8-21.3L14.9 316.1l45.3-45.3 14.6 14.6c6.7-3.6 13.8-6.6 21.3-8.8V256zm96 128A64 64 0 1 0 64 384a64 64 0 1 0 128 0zM544 256v20.6c7.4 2.2 14.6 5.2 21.3 8.8l14.6-14.6 45.3 45.3-14.6 14.6c3.6 6.7 6.6 13.8 8.8 21.3H640v64H619.4c-2.2 7.4-5.2 14.6-8.8 21.3l14.6 14.6-45.3 45.3-14.6-14.6c-6.7 3.6-13.8 6.6-21.3 8.8V512H480V491.4c-7.4-2.2-14.6-5.2-21.3-8.8l-14.6 14.6-45.3-45.3 14.6-14.6c-3.6-6.7-6.6-13.8-8.8-21.3H384V352h20.6c2.2-7.4 5.2-14.6 8.8-21.3l-14.6-14.6 45.3-45.3 14.6 14.6c6.7-3.6 13.8-6.6 21.3-8.8V256h64zM512 448a64 64 0 1 0 0-128 64 64 0 1 0 0 128zM176 176L112 96 213.3 20H256l48 60L176 176z\"\/><\/svg>\t\t\t<div class=\"d-flex flex-column align-items-start\">\n\t\t\t\t<h4 class=\"text-center w-100 mb-3\">Ausfl\u00fcge und Aktivit\u00e4ten<\/h4><p>Marbella und die Costa del Sol sind bekannt f\u00fcr ihre vielf\u00e4ltigen Sehensw\u00fcrdigkeiten und Aktivit\u00e4ten.<\/p>\n<a href=\"https:\/\/www.homewatch.es\/de\/dienstleistungen\/mieter\/ausfluge\" class=\"btn btn-link p-0 mt-auto\">More info<\/a>\t\t\t<\/div>\n\t\t<\/div>\t\n\t\t\t\n\t\t<div class=\"col d-flex flex-column align-items-center\">\n\t\t\t<svg class=\"mb-4\" xmlns=\"http:\/\/www.w3.org\/2000\/svg\" height=\"4em\" viewBox=\"0 0 512 512\"style=\"fill: #30add1\"<!--! Font Awesome Pro 6.4.2 by @fontawesome - https:\/\/fontawesome.com License - https:\/\/fontawesome.com\/license (Commercial License) Copyright 2023 Fonticons, Inc. --><path d=\"M161.4 17.9L128 3.8V40 160v56 8 28.2 34.9 49.8V384c0 .7 0 1.5 .1 2.2c-.1 .6-.1 1.2-.1 1.8c0 19.9 35.8 36 80 36s80-16.1 80-36s-35.8-36-80-36c-11.4 0-22.2 1.1-32 3V326.2c24.6-3.9 51.5-6.2 80-6.2c61.7 0 116.4 10.4 154.9 26.3c19.3 8 33.3 16.9 42.1 25.5c8.7 8.6 11 15.4 11 20.2s-2.3 11.7-11 20.2c-8.8 8.6-22.8 17.5-42.1 25.5C372.4 453.6 317.7 464 256 464s-116.4-10.4-154.9-26.3c-19.3-8-33.3-16.9-42.1-25.5c-8.7-8.6-11-15.4-11-20.2s2.3-11.7 11-20.2c8-7.9 20.3-15.9 37-23.3V296.8c-4.5 1.6-9 3.3-13.2 5.1c-22.7 9.4-42.7 21.2-57.3 35.5C10.7 351.9 0 370.3 0 392s10.7 40.1 25.4 54.5c14.7 14.3 34.6 26.1 57.3 35.5C128.3 500.9 189.6 512 256 512s127.7-11.1 173.2-29.9c22.7-9.4 42.7-21.2 57.3-35.5C501.3 432.1 512 413.7 512 392s-10.7-40.1-25.4-54.5c-14.6-14.3-34.6-26.1-57.3-35.5C383.7 283.1 322.4 272 256 272c-27.8 0-54.8 1.9-80 5.6V231.9l193.4-81.8L421.6 128l-52.2-22.1-208-88zM176 179.8V76.2L298.4 128 176 179.8z\"\/><\/svg>\t\t\t<div class=\"d-flex flex-column align-items-start\">\n\t\t\t\t<h4 class=\"text-center w-100 mb-3\"> Golfpl\u00e4tze<\/h4><p>Zwischen Meer und Bergen, mit 325 Sonnentagen im Jahr und einem mediterranen Klima, ist die Costa del Sol ein unvergleichliches Reiseziel, um das ganze Jahr \u00fcber Golf zu genie\u00dfen.<\/p>\n<a href=\"https:\/\/www.homewatch.es\/de\/dienstleistungen\/mieter\/golfplatze\" class=\"btn btn-link p-0 mt-auto\">More info<\/a>\t\t\t<\/div>\n\t\t<\/div>\t\n\t\t\t\n\t\t<div class=\"col d-flex flex-column align-items-center\">\n\t\t\t<svg class=\"mb-4\" xmlns=\"http:\/\/www.w3.org\/2000\/svg\" height=\"4em\" viewBox=\"0 0 640 512\"style=\"fill: #30add1\"<!--! Font Awesome Pro 6.4.2 by @fontawesome - https:\/\/fontawesome.com License - https:\/\/fontawesome.com\/license (Commercial License) Copyright 2023 Fonticons, Inc. --><path d=\"M16 32H0V48 368v16H16 64c0 53 43 96 96 96s96-43 96-96H384c0 53 43 96 96 96s96-43 96-96h48 16V368 208v-6.1l-4.1-4.6-144-160L487.1 32H480 368 176 16zM480 288c-41.8 0-77.4 26.7-90.5 64H250.5c-13.2-37.3-48.7-64-90.5-64s-77.4 26.7-90.5 64H32V224H176 368 608V352H570.5c-13.2-37.3-48.7-64-90.5-64zM32 192V64H160V192H32zm160 0V64H352V192H192zm192 0V64h88.9L588.1 192H384zm32 192a64 64 0 1 1 128 0 64 64 0 1 1 -128 0zM160 320a64 64 0 1 1 0 128 64 64 0 1 1 0-128z\"\/><\/svg>\t\t\t<div class=\"d-flex flex-column align-items-start\">\n\t\t\t\t<h4 class=\"text-center w-100 mb-3\">Transfers<\/h4><p>Wir bieten unseren Kunden einen privaten Transfer-Service an. Sie m\u00fcssen sich keine Gedanken dar\u00fcber machen, nach der Landung ein Auto zu finden.<\/p>\n<a href=\"https:\/\/www.homewatch.es\/de\/dienstleistungen\/mieter\/transfer\" class=\"btn btn-link p-0 mt-auto\">More info<\/a>\t\t\t<\/div>\n\t\t<\/div>\t\n\t\t\t\n\t\t<div class=\"col d-flex flex-column align-items-center\">\n\t\t\t<svg class=\"mb-4\" xmlns=\"http:\/\/www.w3.org\/2000\/svg\" height=\"4em\" viewBox=\"0 0 448 512\"style=\"fill: #30add1\"<!--! Font Awesome Pro 6.4.2 by @fontawesome - https:\/\/fontawesome.com License - https:\/\/fontawesome.com\/license (Commercial License) Copyright 2023 Fonticons, Inc. --><path d=\"M8.1 165.3L26.5 0H74.8L56 169.3V184c0 22.1 17.9 40 40 40h8 48 8c22.1 0 40-17.9 40-40V169.3L184.1 26.7 181.2 0h48.3l2.4 21.3 16 144 .1 1.3V168v16c0 48.6-39.4 88-88 88h-8V488v24H104V488 272H96c-48.6 0-88-39.4-88-88V168v-1.3l.1-1.3zM104 24V0h48V24 168v24H104V168 24zM336 176V304h64V248 224 55.1c-7.1 3.6-14.9 8.5-22.6 15.2C357.7 87.4 336 118.3 336 176zm64 176H336 288V304 176C288 57.1 364.4 14.5 400 3.3C407.5 1 413.2 0 416 0h32V48 224v24 56 48V488v24H400V488 352z\"\/><\/svg>\t\t\t<div class=\"d-flex flex-column align-items-start\">\n\t\t\t\t<h4 class=\"text-center w-100 mb-3\">Restaurants<\/h4><p>Wir freuen uns, unseren exklusiven Restaurant-Service anzubieten, der Ihnen nahtlosen Zugang zu den besten gastronomischen Erlebnissen der Region erm\u00f6glicht.<\/p>\n<a href=\"https:\/\/www.homewatch.es\/de\/dienstleistungen\/mieter\/restaurants\" class=\"btn btn-link p-0 mt-auto\">More info<\/a>\t\t\t<\/div>\n\t\t<\/div>\t\n\t\t\t\n\t\t<div class=\"col d-flex flex-column align-items-center\">\n\t\t\t<svg class=\"mb-4\" xmlns=\"http:\/\/www.w3.org\/2000\/svg\" height=\"4em\" viewBox=\"0 0 576 512\"style=\"fill: #30add1\"<!--! Font Awesome Pro 6.4.2 by @fontawesome - https:\/\/fontawesome.com License - https:\/\/fontawesome.com\/license (Commercial License) Copyright 2023 Fonticons, Inc. --><path d=\"M483.4 224c-19.6 0-37.6-6.5-52.1-17.2c-4.7-3.5-9.1-7.4-13-11.8c-3.9 4.3-8.2 8.2-12.9 11.7c-14.5 10.8-32.5 17.3-52.3 17.3c-19.6 0-37.5-6.4-52-17c-4.8-3.5-9.2-7.5-13.2-11.9c-4 4.4-8.4 8.4-13.2 12c-14.4 10.6-32.4 17-52 17c-19.6 0-37.5-6.4-52-17c-4.8-3.5-9.2-7.5-13.2-11.9c-4 4.4-8.4 8.4-13.2 11.9c-14.4 10.6-32.4 17-52 17c0 0 0 0 0 0c-4 0-8.1-.3-12.1-.8c-55.3-7.4-81.5-72.6-51.9-119.4L96 0H480l67.6 103.8c29.7 46.9 3.4 112-52.1 119.4c-4 .5-7.9 .8-12.1 .8c0 0 0 0 0 0zm-391-48c11.8 0 22.3-5.1 29.6-13.2l35.6-39.4 35.6 39.4c7.3 8.1 17.8 13.2 29.6 13.2c11.8 0 22.3-5.1 29.6-13.2l35.6-39.4 35.6 39.4c7.3 8.1 17.8 13.2 29.6 13.2c11.9 0 22.3-5.1 29.6-13.2l35.5-39.3 35.6 39.2c7.4 8.2 18 13.2 29.7 13.2c2 0 3.8-.1 5.8-.4c9-1.2 16.1-6.8 20.1-16c4.1-9.5 3.6-20.7-2.1-29.9L454 48H122L68.8 129.7c-5.7 9.1-6.2 20.3-2.1 29.9c3.9 9.3 11 14.8 19.9 16c2 .3 4 .4 5.8 .4zM112 336H464V254.4c6.3 1 12.8 1.6 19.4 1.6c5.6 0 10.9-.4 16.2-1.1l.1 0c4.2-.6 8.3-1.3 12.3-2.3V336v48 80 48H464 112 64V464 384 336 252.6c3.9 1 7.9 1.7 12 2.3l.1 0c5.3 .7 10.7 1.1 16.3 1.1c6.7 0 13.3-.6 19.6-1.6V336zm352 48H112v80H464V384z\"\/><\/svg>\t\t\t<div class=\"d-flex flex-column align-items-start\">\n\t\t\t\t<h4 class=\"text-center w-100 mb-3\"> Supermarkt<\/h4><p>Mit unserem Supermarkt-Service m\u00fcssen Sie sich w\u00e4hrend Ihres Aufenthalts keine Sorgen mehr um den Lebensmitteleinkauf machen.<\/p>\n<a href=\"https:\/\/www.homewatch.es\/de\/dienstleistungen\/mieter\/supermarkt\" class=\"btn btn-link p-0 mt-auto\">More info<\/a>\t\t\t<\/div>\n\t\t<\/div>\t\n\t\t\t<\/div>\n<\/section>\n\n\n<section class=\"container-fluid px-4 px-lg-6 mt-6 wp-block-acf-grid\">\n\t<div class=\"row row-cols-1 row-cols-md-2 row-cols-xxl-3 g-5 g-xl-6 justify-content-center\">\n\t\t\t<\/div>\n<\/section>\n<\/section>\n","protected":false},"excerpt":{"rendered":"","protected":false},"author":2,"featured_media":2757,"parent":4825,"menu_order":1,"comment_status":"closed","ping_status":"closed","template":"template-pages\/page-landing.php","meta":{"_acf_changed":false,"footnotes":""},"class_list":["post-5036","page","type-page","status-publish","has-post-thumbnail","hentry"],"acf":[],"_links":{"self":[{"href":"https:\/\/www.homewatch.es\/de\/wp-json\/wp\/v2\/pages\/5036","targetHints":{"allow":["GET"]}}],"collection":[{"href":"https:\/\/www.homewatch.es\/de\/wp-json\/wp\/v2\/pages"}],"about":[{"href":"https:\/\/www.homewatch.es\/de\/wp-json\/wp\/v2\/types\/page"}],"author":[{"embeddable":true,"href":"https:\/\/www.homewatch.es\/de\/wp-json\/wp\/v2\/users\/2"}],"replies":[{"embeddable":true,"href":"https:\/\/www.homewatch.es\/de\/wp-json\/wp\/v2\/comments?post=5036"}],"version-history":[{"count":0,"href":"https:\/\/www.homewatch.es\/de\/wp-json\/wp\/v2\/pages\/5036\/revisions"}],"up":[{"embeddable":true,"href":"https:\/\/www.homewatch.es\/de\/wp-json\/wp\/v2\/pages\/4825"}],"wp:featuredmedia":[{"embeddable":true,"href":"https:\/\/www.homewatch.es\/de\/wp-json\/wp\/v2\/media\/2757"}],"wp:attachment":[{"href":"https:\/\/www.homewatch.es\/de\/wp-json\/wp\/v2\/media?parent=5036"}],"curies":[{"name":"wp","href":"https:\/\/api.w.org\/{rel}","templated":true}]}}