{"id":5032,"date":"2024-01-18T10:21:39","date_gmt":"2024-01-18T09:21:39","guid":{"rendered":"https:\/\/www.homewatch.es\/dienstleistungen\/diensleistungen-fur-eigentumer\/optimise-investment\/property-inspection-and-evaluation"},"modified":"2024-02-09T11:59:19","modified_gmt":"2024-02-09T10:59:19","slug":"immobilieninspektion-und-bewertung","status":"publish","type":"page","link":"https:\/\/www.homewatch.es\/de\/dienstleistungen\/diensleistungen-fur-eigentumer\/optimise-investment\/immobilieninspektion-und-bewertung","title":{"rendered":"Immobilieninspektion und Bewertung"},"content":{"rendered":"\n<p>Die Inspektions- und Bewertungsphase ist eine kritische Komponente im Prozess der Investition in Ferienvermietungsimmobilien. Dieser Schritt stellt sicher, dass die Immobilie nicht nur Ihren Investitionserwartungen entspricht, sondern auch bereit ist, Ihren zuk\u00fcnftigen G\u00e4sten ein au\u00dfergew\u00f6hnliches Erlebnis zu bieten. Hier erkl\u00e4ren wir, wie wir diesen wichtigen Prozess angehen:<\/p>\n\n\n\n<p><strong>Detaillierte Inspektion:<\/strong><\/p>\n\n\n\n<p>Wir f\u00fchren eine gr\u00fcndliche Inspektion der Immobilie durch, bewerten ihren allgemeinen Zustand, die Struktur, elektrische Systeme, Sanit\u00e4rinstallationen und m\u00f6gliche Probleme, die Aufmerksamkeit ben\u00f6tigen k\u00f6nnten. Wir arbeiten mit professionellen Immobilieninspektoren zusammen, um sicherzustellen, dass jeder Aspekt, sichtbar und unsichtbar, sorgf\u00e4ltig \u00fcberpr\u00fcft wird.<\/p>\n\n\n\n<p><strong>Bewertung von Renovierungen und Verbesserungen:<\/strong><\/p>\n\n\n\n<p>Wir identifizieren Bereiche, die einer Renovierung oder Verbesserung bed\u00fcrfen, um die Attraktivit\u00e4t der Immobilie zu erh\u00f6hen und ihr Mieteinnahmenpotenzial zu maximieren. Wir bieten Kosten- und Zeitabsch\u00e4tzungen f\u00fcr vorgeschlagene Renovierungen, um sicherzustellen, dass diese in Ihr Budget und Ihren Zeitplan passen.<\/p>\n\n\n\n<p><strong>Analyse der \u00dcbereinstimmung mit Standards:<\/strong><\/p>\n\n\n\n<p>Wir \u00fcberpr\u00fcfen, ob die Immobilie allen Sicherheitsstandards und lokalen Vorschriften entspricht, was f\u00fcr Ferienvermietungen unerl\u00e4sslich ist. Wir bewerten die Notwendigkeit von Aktualisierungen oder \u00c4nderungen, um diese Standards zu erf\u00fcllen und bieten einen klaren Weg zur Einhaltung.<\/p>\n\n\n\n<p><strong>Bewertung des Mietpotenzials:<\/strong><\/p>\n\n\n\n<p>Wir analysieren das Design, die Gr\u00f6\u00dfe und die Eigenschaften der Immobilie in Bezug auf die Erwartungen und Vorlieben des Ferienvermietungsmarktes. Wir geben Empfehlungen, wie die Immobilie pr\u00e4sentiert und vermarktet werden kann, um ein breites und profitables Segment von G\u00e4sten anzuziehen.<\/p>\n\n\n\n<p><strong>Detaillierter Bericht und Empfehlungen:<\/strong><\/p>\n\n\n\n<p>Wir pr\u00e4sentieren einen vollst\u00e4ndigen Bericht, der die Ergebnisse der Inspektion, die Bewertung der Renovierungsbed\u00fcrfnisse, die Analyse der Einhaltung und Kostensch\u00e4tzungen umfasst. Wir bieten personalisierte Empfehlungen auf Basis der Analyse, um Ihnen zu helfen, informierte Entscheidungen dar\u00fcber zu treffen, wie Sie mit dem Kauf und der Vorbereitung der Immobilie f\u00fcr die Ferienvermietung fortfahren k\u00f6nnen.<\/p>\n","protected":false},"excerpt":{"rendered":"<p>Die Inspektions- und Bewertungsphase ist eine kritische Komponente im Prozess der Investition in Ferienvermietungsimmobilien. Dieser Schritt stellt sicher, dass die Immobilie nicht nur Ihren Investitionserwartungen entspricht, sondern auch bereit ist, Ihren zuk\u00fcnftigen G\u00e4sten ein au\u00dfergew\u00f6hnliches Erlebnis zu bieten. Hier erkl\u00e4ren wir, wie wir diesen wichtigen Prozess angehen: Detaillierte Inspektion: Wir f\u00fchren eine gr\u00fcndliche Inspektion der&#8230;<\/p>\n","protected":false},"author":2,"featured_media":0,"parent":4974,"menu_order":2,"comment_status":"closed","ping_status":"closed","template":"","meta":{"_acf_changed":false,"footnotes":""},"class_list":["post-5032","page","type-page","status-publish","hentry"],"acf":[],"_links":{"self":[{"href":"https:\/\/www.homewatch.es\/de\/wp-json\/wp\/v2\/pages\/5032","targetHints":{"allow":["GET"]}}],"collection":[{"href":"https:\/\/www.homewatch.es\/de\/wp-json\/wp\/v2\/pages"}],"about":[{"href":"https:\/\/www.homewatch.es\/de\/wp-json\/wp\/v2\/types\/page"}],"author":[{"embeddable":true,"href":"https:\/\/www.homewatch.es\/de\/wp-json\/wp\/v2\/users\/2"}],"replies":[{"embeddable":true,"href":"https:\/\/www.homewatch.es\/de\/wp-json\/wp\/v2\/comments?post=5032"}],"version-history":[{"count":0,"href":"https:\/\/www.homewatch.es\/de\/wp-json\/wp\/v2\/pages\/5032\/revisions"}],"up":[{"embeddable":true,"href":"https:\/\/www.homewatch.es\/de\/wp-json\/wp\/v2\/pages\/4974"}],"wp:attachment":[{"href":"https:\/\/www.homewatch.es\/de\/wp-json\/wp\/v2\/media?parent=5032"}],"curies":[{"name":"wp","href":"https:\/\/api.w.org\/{rel}","templated":true}]}}