{"id":5027,"date":"2024-01-18T10:43:03","date_gmt":"2024-01-18T09:43:03","guid":{"rendered":"https:\/\/www.homewatch.es\/dienstleistungen\/diensleistungen-fur-eigentumer\/optimise-investment\/analysis-of-rentability"},"modified":"2024-02-09T11:41:09","modified_gmt":"2024-02-09T10:41:09","slug":"analyse-der-rentabilitat","status":"publish","type":"page","link":"https:\/\/www.homewatch.es\/de\/dienstleistungen\/diensleistungen-fur-eigentumer\/optimise-investment\/analyse-der-rentabilitat","title":{"rendered":"Analyse der Rentabilit\u00e4t"},"content":{"rendered":"\n<p><br>Die Rentabilit\u00e4tsanalyse ist ein wesentlicher Schritt f\u00fcr jeden Investor, der die Rendite einer zur Ferienvermietung bestimmten Immobilie maximieren m\u00f6chte. Dieser detaillierte Prozess bewertet die finanzielle Tragf\u00e4higkeit und das Einkommenspotenzial der Immobilie und stellt sicher, dass Ihre Investition solide und profitabel ist. So gehen wir bei diesem entscheidenden Service vor:<\/p>\n\n\n\n<p class=\"mt-5\"><strong>Einsch\u00e4tzung des Einkommenspotenzials:<\/strong><\/p>\n\n\n\n<p>Wir f\u00fchren eine Analyse des Ferienvermietungsmarktes in der Gegend durch, einschlie\u00dflich durchschnittlicher \u00dcbernachtungspreise, Saisonalit\u00e4t und Nachfragemuster. Wir vergleichen \u00e4hnliche Immobilien in der Gegend, um eine realistische Erwartung an das potenzielle Einkommen, das Ihre Immobilie generieren k\u00f6nnte, zu etablieren.<\/p>\n\n\n\n<p class=\"mt-5\"><strong>Sch\u00e4tzung der Betriebskosten:<\/strong><\/p>\n\n\n\n<p>Wir detaillieren alle Kosten, die mit der Erhaltung der Immobilie in optimalem Vermietungszustand verbunden sind, einschlie\u00dflich Reinigung, Nebenkosten, Versicherung, Steuern und Verwaltungsgeb\u00fchren. Wir bieten einen klaren \u00dcberblick \u00fcber wiederkehrende Kosten, damit Sie den Nettogeldfluss und die Rendite auf Investition berechnen k\u00f6nnen.<\/p>\n\n\n\n<p class=\"mt-5\"><strong>Langfristige Rentabilit\u00e4tsanalyse:<\/strong><\/p>\n\n\n\n<p>Wir ber\u00fccksichtigen Faktoren wie das Potenzial der Immobilienwertsteigerung, Ver\u00e4nderungen auf dem lokalen Immobilienmarkt und Tourismustrends, um die langfristige Rentabilit\u00e4t zu bewerten. Wir verwenden Finanzmodelle, um zuk\u00fcnftige Eink\u00fcnfte zu projizieren und die Investition in verschiedenen Szenarien zu bewerten.<\/p>\n\n\n\n<p class=\"mt-5\"><strong>Strategien zur Einnahmenoptimierung:<\/strong><\/p>\n\n\n\n<p>Wir bieten Beratung, wie Sie die Rentabilit\u00e4t Ihrer Immobilie optimieren k\u00f6nnen, von Anpassungen der \u00dcbernachtungspreise bis hin zu Vorschl\u00e4gen zur Verbesserung der Belegung in der Nebensaison. Wir analysieren die Marketingstrategie und die Online-Pr\u00e4senz der Immobilie, um maximale Sichtbarkeit und Attraktivit\u00e4t auf Ferienvermietungsplattformen zu gew\u00e4hrleisten.<\/p>\n\n\n\n<p class=\"mt-5\"><strong>Personalisierter Bericht und Empfehlungen:<\/strong><\/p>\n\n\n\n<p>Wir stellen Ihnen einen detaillierten Bericht zur Verf\u00fcgung, der die Ergebnisse unserer Analyse zusammenfasst, einschlie\u00dflich einer Einnahmenprognose und einer Zusammenfassung der Betriebskosten. Wir bieten spezifische Empfehlungen, die darauf abzielen, die Rentabilit\u00e4t Ihrer Immobilie zu erh\u00f6hen und sicherzustellen, dass Ihre Investition ihr volles Potenzial erreicht.<\/p>\n\n\n\n<p>Unser Ansatz zur Rentabilit\u00e4tsanalyse soll Ihnen ein klares und tiefgreifendes Verst\u00e4ndnis des finanziellen Potenzials Ihrer Ferienvermietungsimmobilie bieten. Wir sind darauf ausgerichtet, Sie bei der Treffung informierter und strategischer Entscheidungen zu unterst\u00fctzen, um Ihre Renditen zu maximieren und den Erfolg Ihrer Immobilieninvestition zu gew\u00e4hrleisten.<\/p>\n","protected":false},"excerpt":{"rendered":"<p>Die Rentabilit\u00e4tsanalyse ist ein wesentlicher Schritt f\u00fcr jeden Investor, der die Rendite einer zur Ferienvermietung bestimmten Immobilie maximieren m\u00f6chte. Dieser detaillierte Prozess bewertet die finanzielle Tragf\u00e4higkeit und das Einkommenspotenzial der Immobilie und stellt sicher, dass Ihre Investition solide und profitabel ist. So gehen wir bei diesem entscheidenden Service vor: Einsch\u00e4tzung des Einkommenspotenzials: Wir f\u00fchren eine&#8230;<\/p>\n","protected":false},"author":2,"featured_media":0,"parent":4974,"menu_order":1,"comment_status":"closed","ping_status":"closed","template":"","meta":{"_acf_changed":false,"footnotes":""},"class_list":["post-5027","page","type-page","status-publish","hentry"],"acf":[],"_links":{"self":[{"href":"https:\/\/www.homewatch.es\/de\/wp-json\/wp\/v2\/pages\/5027","targetHints":{"allow":["GET"]}}],"collection":[{"href":"https:\/\/www.homewatch.es\/de\/wp-json\/wp\/v2\/pages"}],"about":[{"href":"https:\/\/www.homewatch.es\/de\/wp-json\/wp\/v2\/types\/page"}],"author":[{"embeddable":true,"href":"https:\/\/www.homewatch.es\/de\/wp-json\/wp\/v2\/users\/2"}],"replies":[{"embeddable":true,"href":"https:\/\/www.homewatch.es\/de\/wp-json\/wp\/v2\/comments?post=5027"}],"version-history":[{"count":0,"href":"https:\/\/www.homewatch.es\/de\/wp-json\/wp\/v2\/pages\/5027\/revisions"}],"up":[{"embeddable":true,"href":"https:\/\/www.homewatch.es\/de\/wp-json\/wp\/v2\/pages\/4974"}],"wp:attachment":[{"href":"https:\/\/www.homewatch.es\/de\/wp-json\/wp\/v2\/media?parent=5027"}],"curies":[{"name":"wp","href":"https:\/\/api.w.org\/{rel}","templated":true}]}}