{"id":5022,"date":"2023-12-20T15:31:43","date_gmt":"2023-12-20T14:31:43","guid":{"rendered":"https:\/\/www.homewatch.es\/dienstleistungen\/diensleistungen-fur-eigentumer\/optimise-investment\/optimal-investment-area-search"},"modified":"2024-02-09T11:35:40","modified_gmt":"2024-02-09T10:35:40","slug":"optimale-suche-nach-investitionsgebieten","status":"publish","type":"page","link":"https:\/\/www.homewatch.es\/de\/dienstleistungen\/diensleistungen-fur-eigentumer\/optimise-investment\/optimale-suche-nach-investitionsgebieten","title":{"rendered":"Optimale Suche nach Investitionsgebieten"},"content":{"rendered":"\n<p><br>Im Mittelpunkt einer erfolgreichen Immobilieninvestition steht die Wahl des richtigen Standorts. Unser spezialisierter Dienst widmet sich ausschlie\u00dflich der Identifizierung der g\u00fcnstigsten Bereiche f\u00fcr Ihre Immobilieninvestitionen.<\/p>\n\n\n\n<p class=\"mt-5\"><strong>Detaillierte Marktanalyse:<\/strong><\/p>\n\n\n\n<p>Wir nutzen eine Kombination aus modernster Technologie und lokalem Marktwissen, um kritische Faktoren wie wirtschaftliche Trends, Stadtentwicklung und Wachstumsprognosen zu analysieren. Diese Analyse erm\u00f6glicht es uns, Gebiete mit Potenzial f\u00fcr eine signifikante Wertsteigerung zu identifizieren.<\/p>\n\n\n\n<p class=\"mt-5\"><strong>Risiko- und Chancenbewertung:<\/strong><\/p>\n\n\n\n<p>Jedes Gebiet wird hinsichtlich Risiko und Chance bewertet. Wir untersuchen die Markstabilit\u00e4t, die Nachfrage nach Miet- und Verkaufsimmobilien sowie andere Indikatoren, die die langfristige Investition beeinflussen.<\/p>\n\n\n\n<p class=\"mt-5\"><strong>Personalisierte Auswahl:<\/strong><\/p>\n\n\n\n<p>Wir verstehen, dass jeder Investor eigene Ziele und Risikotoleranz hat. Daher passen wir unsere Suche an, um Gebiete zu finden, die nicht nur hinsichtlich des Marktes optimal sind, sondern auch mit Ihren pers\u00f6nlichen und finanziellen Zielen \u00fcbereinstimmen.<\/p>\n\n\n\n<p class=\"mt-5\"><strong>Fachberatung:<\/strong><\/p>\n\n\n\n<p>Unser Team besteht aus Immobilienexperten, die praktische und strategische Beratung bieten. Von Anfang an arbeiten wir eng mit Ihnen zusammen, um sicherzustellen, dass Ihre Investitionsentscheidung wohl\u00fcberlegt und fundiert ist.<\/p>\n","protected":false},"excerpt":{"rendered":"<p>Im Mittelpunkt einer erfolgreichen Immobilieninvestition steht die Wahl des richtigen Standorts. Unser spezialisierter Dienst widmet sich ausschlie\u00dflich der Identifizierung der g\u00fcnstigsten Bereiche f\u00fcr Ihre Immobilieninvestitionen. Detaillierte Marktanalyse: Wir nutzen eine Kombination aus modernster Technologie und lokalem Marktwissen, um kritische Faktoren wie wirtschaftliche Trends, Stadtentwicklung und Wachstumsprognosen zu analysieren. Diese Analyse erm\u00f6glicht es uns, Gebiete mit&#8230;<\/p>\n","protected":false},"author":2,"featured_media":0,"parent":4974,"menu_order":0,"comment_status":"closed","ping_status":"closed","template":"","meta":{"_acf_changed":false,"footnotes":""},"class_list":["post-5022","page","type-page","status-publish","hentry"],"acf":[],"_links":{"self":[{"href":"https:\/\/www.homewatch.es\/de\/wp-json\/wp\/v2\/pages\/5022","targetHints":{"allow":["GET"]}}],"collection":[{"href":"https:\/\/www.homewatch.es\/de\/wp-json\/wp\/v2\/pages"}],"about":[{"href":"https:\/\/www.homewatch.es\/de\/wp-json\/wp\/v2\/types\/page"}],"author":[{"embeddable":true,"href":"https:\/\/www.homewatch.es\/de\/wp-json\/wp\/v2\/users\/2"}],"replies":[{"embeddable":true,"href":"https:\/\/www.homewatch.es\/de\/wp-json\/wp\/v2\/comments?post=5022"}],"version-history":[{"count":0,"href":"https:\/\/www.homewatch.es\/de\/wp-json\/wp\/v2\/pages\/5022\/revisions"}],"up":[{"embeddable":true,"href":"https:\/\/www.homewatch.es\/de\/wp-json\/wp\/v2\/pages\/4974"}],"wp:attachment":[{"href":"https:\/\/www.homewatch.es\/de\/wp-json\/wp\/v2\/media?parent=5022"}],"curies":[{"name":"wp","href":"https:\/\/api.w.org\/{rel}","templated":true}]}}