{"id":4917,"date":"2023-11-07T11:31:25","date_gmt":"2023-11-07T10:31:37","guid":{"rendered":"https:\/\/www.homewatch.es\/dienstleistungen\/diensleistungen-fur-eigentumer\/eigentumsverkauf\/professional-contract-negotation"},"modified":"2024-02-08T15:30:20","modified_gmt":"2024-02-08T14:30:20","slug":"professionelle-vertragsverhandlungen","status":"publish","type":"page","link":"https:\/\/www.homewatch.es\/de\/dienstleistungen\/diensleistungen-fur-eigentumer\/eigentumsverkauf\/professionelle-vertragsverhandlungen","title":{"rendered":"Professionelle Vertragsverhandlungen"},"content":{"rendered":"\n<p><strong>Warum sind professionelle Vertragsverhandlungen wichtig?<\/strong><\/p>\n\n\n\n<p>Die Antwort ist einfach: In einer Immobilientransaktion bilden Vertr\u00e4ge das R\u00fcckgrat des Prozesses. Diese Dokumente bestimmen die Bedingungen des Verkaufs, vom Kaufpreis bis zu Lieferzeitpl\u00e4nen und sogar Eventualklauseln. Eine effektive Verhandlung kann den Unterschied zwischen dem Erhalt des bestm\u00f6glichen Angebots oder dem Verlassen von Geld auf dem Tisch ausmachen.<\/p>\n\n\n\n<p class=\"mt-5\"><strong>Unsere Erfahrung zu Ihren Diensten:<\/strong><\/p>\n\n\n\n<p>Wir verf\u00fcgen \u00fcber ein Team von Immobilienexperten mit langj\u00e4hriger Erfahrung in der Vertragsverhandlung. Wir verstehen, dass jede Immobilie und jede Transaktion einzigartig ist, und wir gehen jeden Fall mit einer auf Ihre spezifischen Bed\u00fcrfnisse und Ziele zugeschnittenen Strategie an.<\/p>\n\n\n\n<p class=\"mt-5\"><strong>Was tun wir f\u00fcr Sie?<\/strong><\/p>\n\n\n\n<p><strong>Umfassendes Management:<\/strong> Wir k\u00fcmmern uns um alle Aspekte im Zusammenhang mit der Verhandlung und Formalisierung des Vertrags. Von den ersten Diskussionen bis zur endg\u00fcltigen Unterschrift stehen wir an Ihrer Seite und sch\u00fctzen Ihre Interessen zu jeder Zeit.<\/p>\n\n\n\n<p><strong>Maximierung des Werts: <\/strong>Unser Ziel ist es, sicherzustellen, dass Sie den bestm\u00f6glichen Wert f\u00fcr Ihre Immobilie erhalten. Wir nutzen unsere Markterfahrung und Verhandlungsf\u00e4higkeiten, um die Vertragsbedingungen zu optimieren und sicherzustellen, dass jeder Aspekt in Ihrem Sinne ist.<\/p>\n\n\n\n<p><strong>Risikominimierung:<\/strong> Neben der Maximierung des Werts arbeiten wir auch daran, potenzielle Risiken zu minimieren. Wir identifizieren und adressieren proaktiv alle Bedenken oder Eventualit\u00e4ten und gew\u00e4hrleisten einen sicheren Transaktionsverlauf ohne unangenehme \u00dcberraschungen.<\/p>\n\n\n\n<p><strong>Genauigkeit bei der Dokumentation:<\/strong> Pr\u00e4zision ist entscheidend bei der Vertragsausarbeitung. Wir stellen sicher, dass alle Dokumente einwandfrei vorbereitet sind, um m\u00f6gliche Missverst\u00e4ndnisse oder zuk\u00fcnftige Streitigkeiten zu vermeiden.<\/p>\n\n\n\n<p><strong>Rechtliche Beratung:<\/strong> Wir arbeiten eng mit Immobilienanw\u00e4lten zusammen, um sicherzustellen, dass jeder Vertrag allen geltenden Gesetzen und Vorschriften entspricht.<\/p>\n\n\n\n<p class=\"mt-5\"><strong>Vertrauen Sie uns:<\/strong><\/p>\n\n\n\n<p>Wir sind stolz darauf, einen umfassenden und professionellen Vertragsverhandlungsservice anzubieten. Wir m\u00f6chten, dass Sie sich w\u00e4hrend des gesamten Prozesses des Verkaufs Ihrer Immobilie sicher und unterst\u00fctzt f\u00fchlen. Unser Engagement besteht darin, Verhandlungen durchzuf\u00fchren, die Ihre Interessen maximal wahren.<\/p>\n\n\n\n<p><\/p>\n","protected":false},"excerpt":{"rendered":"<p>Warum sind professionelle Vertragsverhandlungen wichtig? Die Antwort ist einfach: In einer Immobilientransaktion bilden Vertr\u00e4ge das R\u00fcckgrat des Prozesses. Diese Dokumente bestimmen die Bedingungen des Verkaufs, vom Kaufpreis bis zu Lieferzeitpl\u00e4nen und sogar Eventualklauseln. Eine effektive Verhandlung kann den Unterschied zwischen dem Erhalt des bestm\u00f6glichen Angebots oder dem Verlassen von Geld auf dem Tisch ausmachen. Unsere&#8230;<\/p>\n","protected":false},"author":2,"featured_media":0,"parent":4889,"menu_order":2,"comment_status":"closed","ping_status":"closed","template":"","meta":{"_acf_changed":false,"footnotes":""},"class_list":["post-4917","page","type-page","status-publish","hentry"],"acf":[],"_links":{"self":[{"href":"https:\/\/www.homewatch.es\/de\/wp-json\/wp\/v2\/pages\/4917","targetHints":{"allow":["GET"]}}],"collection":[{"href":"https:\/\/www.homewatch.es\/de\/wp-json\/wp\/v2\/pages"}],"about":[{"href":"https:\/\/www.homewatch.es\/de\/wp-json\/wp\/v2\/types\/page"}],"author":[{"embeddable":true,"href":"https:\/\/www.homewatch.es\/de\/wp-json\/wp\/v2\/users\/2"}],"replies":[{"embeddable":true,"href":"https:\/\/www.homewatch.es\/de\/wp-json\/wp\/v2\/comments?post=4917"}],"version-history":[{"count":0,"href":"https:\/\/www.homewatch.es\/de\/wp-json\/wp\/v2\/pages\/4917\/revisions"}],"up":[{"embeddable":true,"href":"https:\/\/www.homewatch.es\/de\/wp-json\/wp\/v2\/pages\/4889"}],"wp:attachment":[{"href":"https:\/\/www.homewatch.es\/de\/wp-json\/wp\/v2\/media?parent=4917"}],"curies":[{"name":"wp","href":"https:\/\/api.w.org\/{rel}","templated":true}]}}