{"id":4912,"date":"2023-11-07T09:12:25","date_gmt":"2023-11-07T08:12:25","guid":{"rendered":"https:\/\/www.homewatch.es\/dienstleistungen\/diensleistungen-fur-eigentumer\/eigentumsverkauf\/personalized-marketing-strategies"},"modified":"2024-02-08T13:16:40","modified_gmt":"2024-02-08T12:16:40","slug":"personalisierte-marketingstrategien","status":"publish","type":"page","link":"https:\/\/www.homewatch.es\/de\/dienstleistungen\/diensleistungen-fur-eigentumer\/eigentumsverkauf\/personalisierte-marketingstrategien","title":{"rendered":"Personalisierte Marketingstrategien"},"content":{"rendered":"\n<p><br>Wir verstehen, dass der Verkauf Ihrer Immobilie eine bedeutende Entscheidung ist. Wir m\u00f6chten Ihnen versichern, dass Sie in den besten H\u00e4nden sind, um das bestm\u00f6gliche Ergebnis zu erzielen. Unser Engagement besteht darin, die fortschrittlichsten und personalisiertesten Marketingstrategien zu nutzen, um Ihre Immobilie auf dem heutigen wettbewerbsintensiven Immobilienmarkt zu pr\u00e4sentieren.<\/p>\n\n\n\n<p><strong>Professionelle Fotografie:<\/strong><\/p>\n\n\n\n<p>Wir wissen, dass der erste Eindruck z\u00e4hlt und Bilder entscheidend sind. Die erfahrenen Fotografen in unserem Team werden Ihre Immobilie au\u00dfergew\u00f6hnlich erfassen, ihre besten Merkmale hervorheben und ihr Potenzial auf attraktive Weise pr\u00e4sentieren. Wir verwenden geeignetes Licht und hochmoderne Ausr\u00fcstung, um sicherzustellen, dass jeder Winkel Ihrer Immobilie makellos aussieht.<\/p>\n\n\n\n<p><strong>Hochwertige Videos:<\/strong><\/p>\n\n\n\n<p>Video ist ein m\u00e4chtiges Werkzeug, um die Geschichte Ihrer Immobilie zu erz\u00e4hlen. Wir erstellen hochwertige Videos, die potenziellen K\u00e4ufern erm\u00f6glichen, Ihr Zuhause auf immersive Weise zu erleben. Dies hilft dabei, die Atmosph\u00e4re und den Lebensstil Ihrer Immobilie zu vermitteln, was den Entscheidungsprozess der K\u00e4ufer beeinflussen kann.<\/p>\n\n\n\n<p><strong>360-Grad-Virtuelle Touren:<\/strong><\/p>\n\n\n\n<p>Die Technologie entwickelt sich st\u00e4ndig weiter, und wir bleiben an vorderster Front. Wir bieten 360-Grad-virtuelle Touren an, die es potenziellen K\u00e4ufern erm\u00f6glichen, Ihre Immobilie bequem von ihren Ger\u00e4ten aus zu erkunden, als w\u00e4ren sie tats\u00e4chlich dort. Dies spart Zeit f\u00fcr K\u00e4ufer und Verk\u00e4ufer, indem es einen detaillierten ersten Eindruck vor einem physischen Besuch bietet.<\/p>\n\n\n\n<p><strong>Mehrsprachige Website:<\/strong><\/p>\n\n\n\n<p>Wir verstehen, dass der Immobilienmarkt K\u00e4ufer aus verschiedenen Teilen der Welt anzieht. Um ein globales Publikum zu erreichen, bieten wir eine mehrsprachige Website an, die Ihre Immobilie auf Englisch, Spanisch und Deutsch pr\u00e4sentiert. Dies erweitert die Reichweite Ihres Angebots und zieht ein vielf\u00e4ltigeres Publikum an.<\/p>\n\n\n\n<p>Unser Team von Experten f\u00fcr Immobilienmarketing arbeitet eng mit Ihnen zusammen, um eine auf Ihre Bed\u00fcrfnisse und Ziele zugeschnittene Strategie zu entwickeln. Egal, ob Sie Ihr Haus, Ihre Wohnung, Ihr Grundst\u00fcck oder eine andere Art von Immobilie verkaufen m\u00f6chten, wir sind hier, um ihr Potenzial auf dem Markt zu maximieren.<\/p>\n\n\n\n<p>Unser Engagement f\u00fcr Exzellenz und unser Streben nach Innovation im Marketing zeichnen uns aus. Wir m\u00f6chten Ihnen dabei helfen, Ihre Immobilie effizient und erfolgreich zu verkaufen.<\/p>\n\n\n\n<p><\/p>\n","protected":false},"excerpt":{"rendered":"<p>Wir verstehen, dass der Verkauf Ihrer Immobilie eine bedeutende Entscheidung ist. Wir m\u00f6chten Ihnen versichern, dass Sie in den besten H\u00e4nden sind, um das bestm\u00f6gliche Ergebnis zu erzielen. Unser Engagement besteht darin, die fortschrittlichsten und personalisiertesten Marketingstrategien zu nutzen, um Ihre Immobilie auf dem heutigen wettbewerbsintensiven Immobilienmarkt zu pr\u00e4sentieren. Professionelle Fotografie: Wir wissen, dass der&#8230;<\/p>\n","protected":false},"author":2,"featured_media":0,"parent":4889,"menu_order":1,"comment_status":"closed","ping_status":"closed","template":"","meta":{"_acf_changed":false,"footnotes":""},"class_list":["post-4912","page","type-page","status-publish","hentry"],"acf":[],"_links":{"self":[{"href":"https:\/\/www.homewatch.es\/de\/wp-json\/wp\/v2\/pages\/4912","targetHints":{"allow":["GET"]}}],"collection":[{"href":"https:\/\/www.homewatch.es\/de\/wp-json\/wp\/v2\/pages"}],"about":[{"href":"https:\/\/www.homewatch.es\/de\/wp-json\/wp\/v2\/types\/page"}],"author":[{"embeddable":true,"href":"https:\/\/www.homewatch.es\/de\/wp-json\/wp\/v2\/users\/2"}],"replies":[{"embeddable":true,"href":"https:\/\/www.homewatch.es\/de\/wp-json\/wp\/v2\/comments?post=4912"}],"version-history":[{"count":0,"href":"https:\/\/www.homewatch.es\/de\/wp-json\/wp\/v2\/pages\/4912\/revisions"}],"up":[{"embeddable":true,"href":"https:\/\/www.homewatch.es\/de\/wp-json\/wp\/v2\/pages\/4889"}],"wp:attachment":[{"href":"https:\/\/www.homewatch.es\/de\/wp-json\/wp\/v2\/media?parent=4912"}],"curies":[{"name":"wp","href":"https:\/\/api.w.org\/{rel}","templated":true}]}}