{"id":4906,"date":"2023-11-07T08:44:38","date_gmt":"2023-11-07T07:44:38","guid":{"rendered":"https:\/\/www.homewatch.es\/dienstleistungen\/diensleistungen-fur-eigentumer\/eigentumsverkauf\/market-study-and-property-appraisal"},"modified":"2024-02-08T13:12:20","modified_gmt":"2024-02-08T12:12:20","slug":"markstudie-und-bewertung","status":"publish","type":"page","link":"https:\/\/www.homewatch.es\/de\/dienstleistungen\/diensleistungen-fur-eigentumer\/eigentumsverkauf\/markstudie-und-bewertung","title":{"rendered":"Marktstudie und Bewertung"},"content":{"rendered":"\n<p>Wir verstehen, dass der Verkauf Ihrer Immobilie ein bedeutender Schritt ist und eine genaue Bewertung f\u00fcr einen erfolgreichen Verkauf unerl\u00e4sslich ist. Aus diesem Grund bieten wir einen Marktanalysen- und Immobilienbewertungsdienst an, der auf aktuellen lokalen Daten und Trends basiert.<\/p>\n\n\n\n<p class=\"mt-5\"><strong>Warum ist eine genaue Marktanalyse und Bewertung entscheidend?<\/strong><\/p>\n\n\n\n<p>Eine pr\u00e4zise Bewertung auf der Grundlage lokaler Daten und Trends ist aus mehreren wichtigen Gr\u00fcnden entscheidend:<\/p>\n\n\n\n<p><strong>Lokaler Kontext:<\/strong> Wir f\u00fchren eine eingehende Analyse der \u00f6rtlichen Gegebenheiten in Ihrer Region durch und ber\u00fccksichtigen dabei aktuelle Trends und k\u00fcrzlich erfolgte Verk\u00e4ufe vergleichbarer Immobilien in Ihrer Nachbarschaft.<\/p>\n\n\n\n<p><strong>Strategische Wettbewerbsf\u00e4higkeit: <\/strong>Durch die Festlegung des richtigen Preises von Anfang an k\u00f6nnen Sie sich im Markt positiv abheben und effektiv interessierte K\u00e4ufer ansprechen.<\/p>\n\n\n\n<p><strong>Gewinnoptimierung:<\/strong> Eine genaue Bewertung auf der Grundlage lokaler Daten und Trends erm\u00f6glicht es Ihnen, den Wert Ihrer Immobilie zu maximieren, was wiederum zu h\u00f6heren Gewinnen f\u00fcr Sie f\u00fchrt.<\/p>\n\n\n\n<p><strong>Informierte Verhandlungen:<\/strong> Eine solide Basis, gest\u00fctzt auf lokale Daten und Trends, erleichtert die Verhandlungen mit K\u00e4ufern und hilft Ihnen, eine Einigung zu erzielen, die beiden Parteien zugutekommt.<\/p>\n\n\n\n<p class=\"mt-5\"><strong>Unser Marktanalysen- und Immobilienbewertungsdienst<\/strong><\/p>\n\n\n\n<p>Unser Ansatz zur Marktanalyse und Immobilienbewertung basiert auf lokalen Daten und Trends und zeichnet sich durch folgende Merkmale aus:<\/p>\n\n\n\n<p><strong>Detaillierte Analyse: <\/strong>Wir f\u00fchren eine gr\u00fcndliche Analyse der \u00f6rtlichen Gegebenheiten durch und ber\u00fccksichtigen dabei Faktoren wie Standort, aktuelle Nachfrage, wirtschaftliche Trends und k\u00fcrzlich erfolgte Verk\u00e4ufe in Ihrer Region.<\/p>\n\n\n\n<p><strong>Professionelle Bewertung:<\/strong> Wir verwenden fortschrittliche Tools, die von aktuellen lokalen Daten und Trends unterst\u00fctzt werden, um eine genaue Bewertung sicherzustellen, die den wahren Wert Ihrer Immobilie auf dem \u00f6rtlichen Markt widerspiegelt.<\/p>\n\n\n\n<p><strong>Regelm\u00e4\u00dfige Updates: <\/strong>Wir aktualisieren unsere Bewertungen regelm\u00e4\u00dfig, um sicherzustellen, dass sie sich genau an ver\u00e4ndernde lokale Gegebenheiten und Trends anpassen.<\/p>\n\n\n\n<p><strong>Expertenberatung:<\/strong> Unsere Fachleute bieten eine Beratung auf der Grundlage solider Daten und lokaler Trends an, die es Ihnen erm\u00f6glicht, fundierte Entscheidungen \u00fcber den Preis und die Verkaufsstrategie f\u00fcr Ihre Immobilie zu treffen.<\/p>\n\n\n\n<p><strong>Absolute Transparenz:<\/strong> Wir stellen eine detaillierte Bewertung zur Verf\u00fcgung, die von lokalen Daten und Trends unterst\u00fctzt wird, damit Sie den Prozess und die beteiligten Zahlen vollst\u00e4ndig verstehen k\u00f6nnen.<\/p>\n\n\n\n<p class=\"mt-5\"><strong>Unser Engagement f\u00fcr Sie<\/strong><\/p>\n\n\n\n<p>Unser Engagement ist einfach: Wir sind hier, um Ihnen dabei zu helfen, Ihre Immobilie so effektiv und profitabel wie m\u00f6glich zu verkaufen. Wir konzentrieren uns nicht nur auf den Verkauf von H\u00e4usern, sondern bem\u00fchen uns auch, Ihre einzigartigen Ziele und Bed\u00fcrfnisse zu verstehen. Vertrauen Sie uns, Ihnen einen umfassenden Service anzubieten, einschlie\u00dflich einer personalisierten Marketingstrategie, der Verwaltung von Besichtigungen durch potenzielle K\u00e4ufer, der Verhandlung von Angeboten und vielem mehr. Wir sind darauf bedacht, die besten Ergebnisse f\u00fcr Sie zu erzielen und den gesamten Prozess so unkompliziert wie m\u00f6glich zu gestalten. Ihre Immobilie ist wertvoll, und unser Ziel ist es, ihr Potenzial auf dem Markt zu maximieren. Vertrauen Sie uns, Sie bei jedem Schritt des Weges zu f\u00fchren und erfolgreich Ihre Verkaufsziele zu erreichen.<\/p>\n","protected":false},"excerpt":{"rendered":"<p>Wir verstehen, dass der Verkauf Ihrer Immobilie ein bedeutender Schritt ist und eine genaue Bewertung f\u00fcr einen erfolgreichen Verkauf unerl\u00e4sslich ist. Aus diesem Grund bieten wir einen Marktanalysen- und Immobilienbewertungsdienst an, der auf aktuellen lokalen Daten und Trends basiert. Warum ist eine genaue Marktanalyse und Bewertung entscheidend? Eine pr\u00e4zise Bewertung auf der Grundlage lokaler Daten&#8230;<\/p>\n","protected":false},"author":2,"featured_media":0,"parent":4889,"menu_order":0,"comment_status":"closed","ping_status":"closed","template":"","meta":{"_acf_changed":false,"footnotes":""},"class_list":["post-4906","page","type-page","status-publish","hentry"],"acf":[],"_links":{"self":[{"href":"https:\/\/www.homewatch.es\/de\/wp-json\/wp\/v2\/pages\/4906","targetHints":{"allow":["GET"]}}],"collection":[{"href":"https:\/\/www.homewatch.es\/de\/wp-json\/wp\/v2\/pages"}],"about":[{"href":"https:\/\/www.homewatch.es\/de\/wp-json\/wp\/v2\/types\/page"}],"author":[{"embeddable":true,"href":"https:\/\/www.homewatch.es\/de\/wp-json\/wp\/v2\/users\/2"}],"replies":[{"embeddable":true,"href":"https:\/\/www.homewatch.es\/de\/wp-json\/wp\/v2\/comments?post=4906"}],"version-history":[{"count":0,"href":"https:\/\/www.homewatch.es\/de\/wp-json\/wp\/v2\/pages\/4906\/revisions"}],"up":[{"embeddable":true,"href":"https:\/\/www.homewatch.es\/de\/wp-json\/wp\/v2\/pages\/4889"}],"wp:attachment":[{"href":"https:\/\/www.homewatch.es\/de\/wp-json\/wp\/v2\/media?parent=4906"}],"curies":[{"name":"wp","href":"https:\/\/api.w.org\/{rel}","templated":true}]}}