{"id":4884,"date":"2023-12-21T11:39:44","date_gmt":"2023-12-21T10:39:44","guid":{"rendered":"https:\/\/www.homewatch.es\/dienstleistungen\/diensleistungen-fur-eigentumer\/immobilienverwaltung\/maximize-profits-minimize-fees"},"modified":"2024-02-08T11:55:35","modified_gmt":"2024-02-08T10:55:35","slug":"maximieren-sie-gewinne-minimieren-sie-gebuhren","status":"publish","type":"page","link":"https:\/\/www.homewatch.es\/de\/dienstleistungen\/diensleistungen-fur-eigentumer\/immobilienverwaltung\/maximieren-sie-gewinne-minimieren-sie-gebuhren","title":{"rendered":"Maximieren Sie Gewinne, minimieren Sie Geb\u00fchren"},"content":{"rendered":"\n<p>Als Eigent\u00fcmer von Ferienwohnungen ist Ihr Hauptziel, die Gewinne zu maximieren und die damit verbundenen Kosten zu minimieren. Wir verstehen diese Herausforderung und sind entschlossen, Ihnen dabei zu helfen, sie zu bew\u00e4ltigen. Im Folgenden zeigen wir, wie unser Ansatz und unsere Dienstleistungen darauf ausgelegt sind, Ihre Einnahmen zu steigern und die Kosten zu senken.<\/p>\n\n\n\n<p class=\"mt-5\"><strong>Optimierung der Mietpreise:<\/strong><\/p>\n\n\n\n<p>Wir setzen dynamische Preisstrategien basierend auf Marktanalysen, Nachfrage und saisonalen Trends um. Dadurch sind Ihre Mietpreise wettbewerbsf\u00e4hig, maximieren die Einnahmen w\u00e4hrend der Spitzenzeiten und gew\u00e4hrleisten eine gleichm\u00e4\u00dfige Belegung w\u00e4hrend der Nebensaison.<\/p>\n\n\n\n<p class=\"mt-5\"><strong>Reduzierung der Betriebskosten:<\/strong><\/p>\n\n\n\n<p>Unser effizientes Managementmodell senkt die Betriebskosten. Wir konzentrieren uns auf die Optimierung von Prozessen und den Einsatz fortschrittlicher Technologien, um Ihre Immobilie effizienter zu verwalten, was zu niedrigeren Ausgaben f\u00fcr Sie f\u00fchrt.<\/p>\n\n\n\n<p class=\"mt-5\"><strong>Effektives und erschwingliches Marketing:<\/strong><\/p>\n\n\n\n<p>Wir bieten kosteng\u00fcnstige und effektive Marketingl\u00f6sungen. Unser Ansatz konzentriert sich darauf, maximale Sichtbarkeit bei minimalen Kosten zu erreichen, indem digitale Kan\u00e4le und hochwirksame Marketingstrategien genutzt werden.<\/p>\n\n\n\n<p class=\"mt-5\"><strong>Transparente Verwaltung und keine versteckten Kosten:<\/strong><\/p>\n\n\n\n<p>Wir glauben an totale Transparenz in unserer Verwaltung. Das bedeutet null versteckte Kosten und eine klare Geb\u00fchrenstruktur. Sie werden immer genau wissen, wof\u00fcr Sie bezahlen und wie jeder Cent dazu beitr\u00e4gt, Ihre Gewinne zu maximieren.<\/p>\n\n\n\n<p class=\"mt-5\"><strong>Effiziente und wirtschaftliche Instandhaltung:<\/strong><\/p>\n\n\n\n<p>Wir k\u00fcmmern uns effizient und wirtschaftlich um die Instandhaltung Ihrer Immobilie. Unser Instandhaltungsteam f\u00fchrt regelm\u00e4\u00dfige Inspektionen und rechtzeitige Reparaturen durch, um gr\u00f6\u00dfere und kostspielige Probleme in der Zukunft zu vermeiden.<\/p>\n\n\n\n<p class=\"mt-5\"><strong>Au\u00dfergew\u00f6hnlicher Kundenservice und Unterst\u00fctzung:<\/strong><\/p>\n\n\n\n<p>Unser Kundenserviceteam ist immer verf\u00fcgbar, um sowohl Kunden als auch Eigent\u00fcmern zu helfen und sicherzustellen, dass etwaige Anliegen oder Bed\u00fcrfnisse schnell und effektiv bearbeitet werden, wodurch Zeit- und Aufwandkosten reduziert werden.<\/p>\n","protected":false},"excerpt":{"rendered":"<p>Als Eigent\u00fcmer von Ferienwohnungen ist Ihr Hauptziel, die Gewinne zu maximieren und die damit verbundenen Kosten zu minimieren. Wir verstehen diese Herausforderung und sind entschlossen, Ihnen dabei zu helfen, sie zu bew\u00e4ltigen. Im Folgenden zeigen wir, wie unser Ansatz und unsere Dienstleistungen darauf ausgelegt sind, Ihre Einnahmen zu steigern und die Kosten zu senken. Optimierung&#8230;<\/p>\n","protected":false},"author":2,"featured_media":0,"parent":4865,"menu_order":3,"comment_status":"closed","ping_status":"closed","template":"","meta":{"_acf_changed":false,"footnotes":""},"class_list":["post-4884","page","type-page","status-publish","hentry"],"acf":[],"_links":{"self":[{"href":"https:\/\/www.homewatch.es\/de\/wp-json\/wp\/v2\/pages\/4884","targetHints":{"allow":["GET"]}}],"collection":[{"href":"https:\/\/www.homewatch.es\/de\/wp-json\/wp\/v2\/pages"}],"about":[{"href":"https:\/\/www.homewatch.es\/de\/wp-json\/wp\/v2\/types\/page"}],"author":[{"embeddable":true,"href":"https:\/\/www.homewatch.es\/de\/wp-json\/wp\/v2\/users\/2"}],"replies":[{"embeddable":true,"href":"https:\/\/www.homewatch.es\/de\/wp-json\/wp\/v2\/comments?post=4884"}],"version-history":[{"count":0,"href":"https:\/\/www.homewatch.es\/de\/wp-json\/wp\/v2\/pages\/4884\/revisions"}],"up":[{"embeddable":true,"href":"https:\/\/www.homewatch.es\/de\/wp-json\/wp\/v2\/pages\/4865"}],"wp:attachment":[{"href":"https:\/\/www.homewatch.es\/de\/wp-json\/wp\/v2\/media?parent=4884"}],"curies":[{"name":"wp","href":"https:\/\/api.w.org\/{rel}","templated":true}]}}