{"id":4879,"date":"2023-12-21T11:18:29","date_gmt":"2023-12-21T10:18:29","guid":{"rendered":"https:\/\/www.homewatch.es\/dienstleistungen\/diensleistungen-fur-eigentumer\/immobilienverwaltung\/maximize-exposure-optimize-revenue"},"modified":"2024-02-08T11:42:45","modified_gmt":"2024-02-08T10:42:45","slug":"maximieren-sie-die-sichtbarkeit-optimieren-sie-die-einnahmen","status":"publish","type":"page","link":"https:\/\/www.homewatch.es\/de\/dienstleistungen\/diensleistungen-fur-eigentumer\/immobilienverwaltung\/maximieren-sie-die-sichtbarkeit-optimieren-sie-die-einnahmen","title":{"rendered":"Maximieren Sie die Sichtbarkeit, optimieren Sie die Einnahmen"},"content":{"rendered":"\n<p><br>Wir verstehen die Bedeutung, die Sichtbarkeit Ihrer Ferienimmobilie zu maximieren und Ihre Einnahmen zu optimieren. Daher bieten wir eine Reihe spezialisierter Dienstleistungen an, die darauf abzielen, die Sichtbarkeit Ihrer Immobilie zu erh\u00f6hen und Ihre Gewinne zu maximieren. Im Folgenden erl\u00e4utern wir, wie unsere Dienstleistungen Ihnen zugutekommen k\u00f6nnen:<\/p>\n\n\n\n<p class=\"mt-5\"><strong>Fortgeschrittene digitale Marketingstrategien: <\/strong><\/p>\n\n\n\n<p>Durch eine solide digitale Marketingstrategie gew\u00e4hrleisten wir, dass Ihre Immobilie bei der Zielgruppe Sichtbarkeit erlangt. Wir nutzen SEO, Social-Media-Marketing und Online-Werbekampagnen, um potenzielle G\u00e4ste weltweit zu erreichen und so die Buchungschancen erheblich zu erh\u00f6hen.<\/p>\n\n\n\n<p><strong>Website:<\/strong> Unsere Website befindet sich st\u00e4ndig in stetiger Weiterentwicklung, um dem Benutzer das beste Erlebnis und die beste SEO-Leistung zu bieten. Dadurch k\u00f6nnen wir uns unter den Top-Positionen in den Google-Suchen positionieren und mehr als 40% direkte Buchungen generieren.<\/p>\n\n\n\n<p><strong>Anzeigen auf Google Ads, Instagram und Facebook:<\/strong> Wir ver\u00f6ffentlichen st\u00e4ndig Werbung national und international, um die beste Markenerkennung zu erzielen und eine signifikante Steigerung unserer Buchungen zu erzielen.<\/p>\n\n\n\n<p><strong>Soziale Netzwerke:<\/strong> Wir haben eine starke Pr\u00e4senz auf Plattformen wie YouTube, Instagram und Facebook. Wir generieren st\u00e4ndig hochwertigen Inhalt, um das beste Engagement mit unseren Benutzern zu erreichen und die maximale Anzahl potenzieller Kunden zu erreichen.<\/p>\n\n\n\n<p><strong>Blog:<\/strong> Wir sind stolz darauf, Referenzbeitr\u00e4ge zu haben, die sich schnell aufgrund ihres wertvollen Inhalts positioniert haben. Das Team arbeitet st\u00e4ndig daran, aktuellen und innovativen Inhalt zu erstellen.<\/p>\n\n\n\n<p class=\"mt-5\"><strong>Pr\u00e4senz auf mehreren Vermietungsplattformen: <\/strong><\/p>\n\n\n\n<p>Wir listen Ihre Immobilie auf mehreren f\u00fchrenden Ferienvermietungsplattformen auf: Booking, Airbnb, Vrbo, Holidu, Homeaway, Idealista. Dies erh\u00f6ht nicht nur die Sichtbarkeit Ihrer Immobilie, sondern diversifiziert auch Ihre Einnahmequellen.<\/p>\n\n\n\n<p class=\"mt-5\"><strong>Professionelle Fotografie und virtuelle Pr\u00e4sentation:<\/strong> <\/p>\n\n\n\n<p>Das Fotografie- und Videoteam ist daf\u00fcr verantwortlich, das gr\u00f6\u00dfte Potenzial Ihrer Immobilie herauszuarbeiten und die einzigartigen Merkmale hervorzuheben, die sie unvergleichlich machen.<\/p>\n\n\n\n<p class=\"mt-5\"><strong>Dynamische Preisgestaltung und Tarifstrategie:<\/strong> <\/p>\n\n\n\n<p>Wir implementieren dynamische Preisgestaltung und Tarifstrategien, um die Einnahmen w\u00e4hrend Spitzen- und Nebensaisons zu maximieren und sicherzustellen, dass Sie stets die bestm\u00f6gliche Rendite f\u00fcr Ihre Immobilie erzielen.<\/p>\n\n\n\n<p class=\"mt-5\"><strong>Online-Bewertungen und Rufmanagement: <\/strong><\/p>\n\n\n\n<p>Wir verwalten aktiv die Bewertungen Ihrer Immobilie und Ihren Online-Ruf, um positives Feedback zu f\u00f6rdern, das die Sichtbarkeit und Attraktivit\u00e4t erh\u00f6ht.<\/p>\n\n\n\n<p class=\"mt-5\">Mit diesen Dienstleistungen verpflichten wir uns, die Sichtbarkeit Ihrer Immobilie zu maximieren und Ihre Einnahmen zu optimieren, um sicherzustellen, dass Ihre Immobilieninvestition ihr volles Potenzial erreicht.<\/p>\n","protected":false},"excerpt":{"rendered":"<p>Wir verstehen die Bedeutung, die Sichtbarkeit Ihrer Ferienimmobilie zu maximieren und Ihre Einnahmen zu optimieren. Daher bieten wir eine Reihe spezialisierter Dienstleistungen an, die darauf abzielen, die Sichtbarkeit Ihrer Immobilie zu erh\u00f6hen und Ihre Gewinne zu maximieren. Im Folgenden erl\u00e4utern wir, wie unsere Dienstleistungen Ihnen zugutekommen k\u00f6nnen: Fortgeschrittene digitale Marketingstrategien: Durch eine solide digitale Marketingstrategie&#8230;<\/p>\n","protected":false},"author":2,"featured_media":0,"parent":4865,"menu_order":2,"comment_status":"closed","ping_status":"closed","template":"","meta":{"_acf_changed":false,"footnotes":""},"class_list":["post-4879","page","type-page","status-publish","hentry"],"acf":[],"_links":{"self":[{"href":"https:\/\/www.homewatch.es\/de\/wp-json\/wp\/v2\/pages\/4879","targetHints":{"allow":["GET"]}}],"collection":[{"href":"https:\/\/www.homewatch.es\/de\/wp-json\/wp\/v2\/pages"}],"about":[{"href":"https:\/\/www.homewatch.es\/de\/wp-json\/wp\/v2\/types\/page"}],"author":[{"embeddable":true,"href":"https:\/\/www.homewatch.es\/de\/wp-json\/wp\/v2\/users\/2"}],"replies":[{"embeddable":true,"href":"https:\/\/www.homewatch.es\/de\/wp-json\/wp\/v2\/comments?post=4879"}],"version-history":[{"count":0,"href":"https:\/\/www.homewatch.es\/de\/wp-json\/wp\/v2\/pages\/4879\/revisions"}],"up":[{"embeddable":true,"href":"https:\/\/www.homewatch.es\/de\/wp-json\/wp\/v2\/pages\/4865"}],"wp:attachment":[{"href":"https:\/\/www.homewatch.es\/de\/wp-json\/wp\/v2\/media?parent=4879"}],"curies":[{"name":"wp","href":"https:\/\/api.w.org\/{rel}","templated":true}]}}