{"id":4876,"date":"2023-12-21T10:53:25","date_gmt":"2023-12-21T09:53:25","guid":{"rendered":"https:\/\/www.homewatch.es\/dienstleistungen\/diensleistungen-fur-eigentumer\/immobilienverwaltung\/stay-connected-anytime-anywhere"},"modified":"2024-02-08T11:33:37","modified_gmt":"2024-02-08T10:33:37","slug":"bleiben-sie-verbunden-jederzeit-und-uberall","status":"publish","type":"page","link":"https:\/\/www.homewatch.es\/de\/dienstleistungen\/diensleistungen-fur-eigentumer\/immobilienverwaltung\/bleiben-sie-verbunden-jederzeit-und-uberall","title":{"rendered":"Bleiben Sie verbunden, jederzeit und \u00fcberall"},"content":{"rendered":"\n<p>Mit unserem <strong>Owners' Portal<\/strong> k\u00f6nnen Sie jederzeit und von \u00fcberall aus mit Ihrer Immobilie verbunden bleiben. Sie k\u00f6nnen dies von Ihrem Laptop oder der Homewatch-App aus tun.<\/p>\n\n\n\n<p>Es ist ein leistungsstarkes Tool, das Ihnen die totale Kontrolle und Echtzeit-Sichtbarkeit Ihrer Immobilieninvestition bietet. Hier erl\u00e4utern wir die Funktionen und Vorteile:<\/p>\n\n\n\n<p class=\"mt-5\"><strong>Owners' Portal:<\/strong> Greifen Sie auf Ihr personalisiertes Portal zu, um detaillierte Informationen zu Ihrer Immobilie anzuzeigen.<\/p>\n\n\n\n<p class=\"mt-5\"><strong>Reservierungen auf einen Blick:<\/strong> \u00dcberpr\u00fcfen Sie aktuelle, zuk\u00fcnftige und vergangene Reservierungen. Diese Funktion erm\u00f6glicht es Ihnen, die Nutzung Ihrer Immobilie vollst\u00e4ndig nachzuverfolgen.<\/p>\n\n\n\n<p class=\"mt-5\"><strong>Integrierter Kalender:<\/strong> Sehen Sie sich den Belegungskalender Ihrer Immobilie an, um im Voraus zu planen und Ihre Zeit und Ressourcen effizienter zu verwalten. Sie k\u00f6nnen auch Termine f\u00fcr Ihre eigene Nutzung blockieren.<\/p>\n\n\n\n<p class=\"mt-5\"><strong>Komplette Finanzinformationen:<\/strong> Greifen Sie sofort auf das von Ihrer Immobilie generierte Gesamteinkommen zu. Diese finanzielle Transparenz ist entscheidend f\u00fcr Ihre Ruhe und effektive Verwaltung.<\/p>\n\n\n\n<p>Reservierungsherkunft: Identifizieren Sie, von welchen Plattformen Ihre G\u00e4ste kommen.<\/p>\n\n\n\n<p class=\"mt-5\"><strong>Schl\u00fcsselkennzahlen:<\/strong> Die App liefert Statistiken wie durchschnittliche Belegung, durchschnittliche Aufenthaltsdauer und durchschnittlichen Tagespreis.<\/p>\n\n\n\n<p class=\"mt-5\"><strong>Rechnungen und Abrechnungen:<\/strong> Konsultieren und laden Sie Ihre Rechnungen und Abrechnungen direkt aus der Anwendung herunter. Dies erleichtert die Verfolgung und Verwaltung Ihrer Finanzen.<\/p>\n\n\n\n<p class=\"mt-5\"><strong>Updates und Benachrichtigungen: <\/strong>Erhalten Sie Echtzeitbenachrichtigungen und Updates \u00fcber alle \u00c4nderungen oder Neuigkeiten im Zusammenhang mit Ihrer Immobilie.<\/p>\n\n\n\n<p class=\"mt-5\">Unser Portal wurde entwickelt, um Ihnen ein problemloses und \u00e4u\u00dferst effizientes Immobilienmanagement-Erlebnis zu bieten. Es erm\u00f6glicht es Ihnen, informiert und unter Kontrolle zu bleiben, egal wo Sie sich befinden. Laden Sie es noch heute herunter und erleben Sie eine neue \u00c4ra im Management von Ferienvermietungen, in der Bequemlichkeit, Kontrolle und Klarheit die Norm sind.<\/p>\n","protected":false},"excerpt":{"rendered":"<p>Mit unserem Owners&#8216; Portal k\u00f6nnen Sie jederzeit und von \u00fcberall aus mit Ihrer Immobilie verbunden bleiben. Sie k\u00f6nnen dies von Ihrem Laptop oder der Homewatch-App aus tun. Es ist ein leistungsstarkes Tool, das Ihnen die totale Kontrolle und Echtzeit-Sichtbarkeit Ihrer Immobilieninvestition bietet. Hier erl\u00e4utern wir die Funktionen und Vorteile: Owners&#8216; Portal: Greifen Sie auf Ihr&#8230;<\/p>\n","protected":false},"author":2,"featured_media":0,"parent":4865,"menu_order":1,"comment_status":"closed","ping_status":"closed","template":"","meta":{"_acf_changed":false,"footnotes":""},"class_list":["post-4876","page","type-page","status-publish","hentry"],"acf":[],"_links":{"self":[{"href":"https:\/\/www.homewatch.es\/de\/wp-json\/wp\/v2\/pages\/4876","targetHints":{"allow":["GET"]}}],"collection":[{"href":"https:\/\/www.homewatch.es\/de\/wp-json\/wp\/v2\/pages"}],"about":[{"href":"https:\/\/www.homewatch.es\/de\/wp-json\/wp\/v2\/types\/page"}],"author":[{"embeddable":true,"href":"https:\/\/www.homewatch.es\/de\/wp-json\/wp\/v2\/users\/2"}],"replies":[{"embeddable":true,"href":"https:\/\/www.homewatch.es\/de\/wp-json\/wp\/v2\/comments?post=4876"}],"version-history":[{"count":0,"href":"https:\/\/www.homewatch.es\/de\/wp-json\/wp\/v2\/pages\/4876\/revisions"}],"up":[{"embeddable":true,"href":"https:\/\/www.homewatch.es\/de\/wp-json\/wp\/v2\/pages\/4865"}],"wp:attachment":[{"href":"https:\/\/www.homewatch.es\/de\/wp-json\/wp\/v2\/media?parent=4876"}],"curies":[{"name":"wp","href":"https:\/\/api.w.org\/{rel}","templated":true}]}}