{"id":4861,"date":"2023-10-10T20:25:25","date_gmt":"2023-10-10T18:25:32","guid":{"rendered":"https:\/\/www.homewatch.es\/dienstleistungen\/owners"},"modified":"2024-02-12T13:19:04","modified_gmt":"2024-02-12T12:19:04","slug":"diensleistungen-fur-eigentumer","status":"publish","type":"page","link":"https:\/\/www.homewatch.es\/de\/dienstleistungen\/diensleistungen-fur-eigentumer","title":{"rendered":"Dienstleistungen f\u00fcr Eigent\u00fcmer"},"content":{"rendered":"<section class=\"hero position-relative mt-5 mt-lg-7 mt-xxl-10 wp-block-acf-herobox\">\n\t<div class=\"container-fluid max-width\">\n\t\t<div class=\"row align-items-center flex-row-reverse\">\n\t\t\t<div class=\"fadeElem col-lg-6 mb-4 mb-lg-0\">\n\t\t\t\t<figure class=\"ratio ratio-16x9\">\n\t\t\t\t\t<picture><source width=\"868\" height=\"488\" srcset=\"https:\/\/media.inmobalia.com\/imgV1\/B8vEv5Xh8DS9rnERuBEA9cCG6HyaDpGtazXt7GVmSD96uwsZF76O2oJFN4Dq5E6Kg4yW1NM2TCktg1JD0_Y8FXh8PkazxOfT9cRoTA07EGjFKTTXjov3EWY4O_uOaIMRMtmgCySMqJeBRP7~72ltxt7s22qXTeYvzLg-.jpg 868w\" type=\"image\/webp\"><img fetchpriority=\"high\" decoding=\"async\" class=\"image-fit w-100 h-100\" width=\"868\" height=\"488\" src=\"https:\/\/media.inmobalia.com\/imgV1\/B8vEv5Xh8DS9rnERuBEXSoCsxmDHOjWb~TDUXqMu3izUBUQ9H1I9FiiIxqj5kf2r80LYnK_quhcLPnbvDsFq~ZANrSTeOaUhWZPxxUNhrm95qN3kOg3eqrOBdqZ55RmsvYnrgdXM6QmF9w--.jpg\"><\/picture>\t\t\t\t<\/figure>\n\t\t\t<\/div>\n\t\t\t<div class=\"col-lg-6 px-xxl-7\">\n\t\t\t\t\t\t\t\t<h2>\n\t\t\t\t\tImmobilienmanagement\t\t\t\t<\/h2>\n\t\t\t\t\t\t\t\t<p>Wir verwandeln das Management von Ferienwohnungsimmobilien in eine einfache und profitable Erfahrung. Wir verstehen, dass jede Immobilie einzigartig ist, daher bieten wir einen personalisierten Ansatz, um sicherzustellen, dass Ihre Investition ihr volles Potenzial erreicht. Von der effektiven Bewerbung Ihrer Immobilie auf f\u00fchrenden Plattformen bis hin zur akribischen Buchungs- und Wartungsverwaltung k\u00fcmmern wir uns um jedes Detail, damit Sie es nicht m\u00fcssen. Unser Team von Fachleuten ist darauf spezialisiert, die Belegung zu maximieren und eine vollst\u00e4ndige Zufriedenheit der G\u00e4ste sicherzustellen, um so einen optimalen Ertrag zu garantieren und den Wert Ihrer Immobilie zu erhalten. Vertrauen Sie uns, um Ihre Ferienwohnungsimmobilie nicht nur zu einem Verm\u00f6genswert, sondern zu einer Quelle von Ruhe und st\u00e4ndigen Vorteilen zu machen.<\/p>\n\t\t\t\t<ul class=\"list-unstyled d-flex gap-4 mt-4 mt-lg-5\">\n\t\t\t\t\t\t\t\t\t\t<li>\n\t\t\t\t\t\t<a href=\"\/de\/dienstleistungen\/diensleistungen-fur-eigentumer\/immobilienverwaltung\" class=\"btn btn-inm stretched-link\">\n\t\t\t\t\t\t\tImmobilienverwaltung ansehen\t\t\t\t\t\t<\/a>\n\t\t\t\t\t<\/li>\n\t\t\t\t\t\t\t\t\t<\/ul>\n\t\t\t\t\t\t\t<\/div>\n\t\t<\/div>\n\t<\/div>\n<\/section>\n\n\n<section class=\"hero position-relative mt-5 mt-lg-7 mt-xxl-10 wp-block-acf-herobox\">\n\t<div class=\"container-fluid max-width\">\n\t\t<div class=\"row align-items-center flex-row-reverse\">\n\t\t\t<div class=\"fadeElem col-lg-6 mb-4 mb-lg-0\">\n\t\t\t\t<figure class=\"ratio ratio-16x9\">\n\t\t\t\t\t<picture><source width=\"868\" height=\"488\" srcset=\"https:\/\/media.inmobalia.com\/imgV1\/B8vEv5Xh8DS9rnERuBEA9cCG6HyaDpGtazXt7GVmSD96uwsZF76O2oJFN4Dq5E6Kg4yW1NM2TCktg1JD0_Y8FXh8PkazxOfT9cRoTA07EGjFKTTXjov3EWY4EivBbj6W90tjFNNYFqeUizOEmLMrLZPvPrc-.jpg 868w\" type=\"image\/webp\"><img decoding=\"async\" class=\"image-fit w-100 h-100\" width=\"868\" height=\"488\" src=\"https:\/\/media.inmobalia.com\/imgV1\/B8vEv5Xh8DS9rnERuBEXSoCsxmDHOjWb~TDUXqMu3izUBUQ9H1I9FiiIxqj5kf2r80LYnK_quhcLPnbvDsFq~ZANrSTeOaUhWZPY_KTvKTrY4BnQClZcAq7DPCWKPPgzu6ugmw--.jpg\"><\/picture>\t\t\t\t<\/figure>\n\t\t\t<\/div>\n\t\t\t<div class=\"col-lg-6 px-xxl-7\">\n\t\t\t\t\t\t\t\t<h2>\n\t\t\t\t\tImmobilienverkauf\t\t\t\t<\/h2>\n\t\t\t\t\t\t\t\t<p>Verkaufen Sie mit Zuversicht und Seelenfrieden. Wir bei Homewatch verstehen, dass der Verkauf Ihrer Immobilie eine entscheidende Entscheidung ist. Deshalb stellen wir Ihnen die Erfahrung und das Engagement zur Verf\u00fcgung, die Sie f\u00fcr eine erfolgreiche Umsetzung ben\u00f6tigen. Von einer genauen Bewertung Ihrer Immobilie bis hin zu personalisierten Marketingstrategien und fachm\u00e4nnischen Verhandlungen sind wir hier, um den gesamten Prozess zu vereinfachen. Wir k\u00f6nnen den Verkauf Ihrer Immobilie zu einem problemlosen und \u00e4u\u00dferst profitablen Prozess machen. Beginnen Sie jetzt Ihre Reise!<\/p>\n\t\t\t\t<ul class=\"list-unstyled d-flex gap-4 mt-4 mt-lg-5\">\n\t\t\t\t\t\t\t\t\t\t<li>\n\t\t\t\t\t\t<a href=\"\/de\/dienstleistungen\/diensleistungen-fur-eigentumer\/eigentumsverkauf\" class=\"btn btn-inm stretched-link\">\n\t\t\t\t\t\t\tAlle Dienste anzeigen\t\t\t\t\t\t<\/a>\n\t\t\t\t\t<\/li>\n\t\t\t\t\t\t\t\t\t<\/ul>\n\t\t\t\t\t\t\t<\/div>\n\t\t<\/div>\n\t<\/div>\n<\/section>\n\n\n<section class=\"hero position-relative mt-5 mt-lg-7 mt-xxl-10 wp-block-acf-herobox\">\n\t<div class=\"container-fluid max-width\">\n\t\t<div class=\"row align-items-center flex-row-reverse\">\n\t\t\t<div class=\"fadeElem col-lg-6 mb-4 mb-lg-0\">\n\t\t\t\t<figure class=\"ratio ratio-16x9\">\n\t\t\t\t\t<picture><source width=\"868\" height=\"488\" srcset=\"https:\/\/media.inmobalia.com\/imgV1\/B8vEv5Xh8DS9rnERuBEA9cCG6HyaDpGtazXt7GVmSD96uwsZF76O2oJFN4Dq5E6Kg4yW1NM2TCktg1JD0_Y8FXh8PkazxOfT9cRoTA07EGjFKTTXjov3EWY4BHaSIxlS6ozeMTCdd83NLF2OQBW7qlA-.jpg 868w\" type=\"image\/webp\"><img decoding=\"async\" class=\"image-fit w-100 h-100\" width=\"868\" height=\"488\" src=\"https:\/\/media.inmobalia.com\/imgV1\/B8vEv5Xh8DS9rnERuBEXSoCsxmDHOjWb~TDUXqMu3izUBUQ9H1I9FiiIxqj5kf2r80LYnK_quhcLPnbvDsFq~ZANrSTeOaUhWZPORlW2eKHR2KZZC4dsWG6S2wjKbPMz2A--.jpg\"><\/picture>\t\t\t\t<\/figure>\n\t\t\t<\/div>\n\t\t\t<div class=\"col-lg-6 px-xxl-7\">\n\t\t\t\t\t\t\t\t<h2>\n\t\t\t\t\tOptimise investment \t\t\t\t<\/h2>\n\t\t\t\t\t\t\t\t<p>Begib dich auf eine nahtlose Reise, um dein Traumhaus mit Homewatch Marbella zu finden, deinem Verb\u00fcndeten in Premium-Immobilien. Im pulsierenden Herzen von Marbella widmen wir uns der Bereitstellung von Dienstleistungen f\u00fcr Mieter, die Komfort, Bequemlichkeit und einen reibungslosen Mietprozess priorisieren. Ob du nach der perfekten Mietangebot suchst oder rund um die Uhr Unterst\u00fctzung ben\u00f6tigst, unser Team steht dir bei jedem Schritt zur Seite. W\u00e4hle Homewatch Marbella f\u00fcr eine Mieterfahrung, die sich von anderen abhebt. Kontaktiere uns noch heute, um einen neuen Anfang in der bezaubernden Stadt Marbella zu starten.<\/p>\n\t\t\t\t<ul class=\"list-unstyled d-flex gap-4 mt-4 mt-lg-5\">\n\t\t\t\t\t\t\t\t\t\t<li>\n\t\t\t\t\t\t<a href=\"https:\/\/www.homewatch.es\/de\/dienstleistungen\/diensleistungen-fur-eigentumer\/optimise-investment\" class=\"btn btn-inm stretched-link\">\n\t\t\t\t\t\t\tAlle Dienste anzeigen\t\t\t\t\t\t<\/a>\n\t\t\t\t\t<\/li>\n\t\t\t\t\t\t\t\t\t<\/ul>\n\t\t\t\t\t\t\t<\/div>\n\t\t<\/div>\n\t<\/div>\n<\/section>\n\n\n\n<div class=\"wp-block-group container mt-10\"><div class=\"wp-block-group__inner-container is-layout-flow wp-block-group-is-layout-flow\">\n<h3 class=\"wp-block-heading\">Explore the most popular topics DE<\/h3>\n\n\n\t<div class=\"row row-cols-1 row-cols-xl-3 mt-5\">\n\t\t\t\t\t<div class=\"col mb-5\">\n\t\t\t\t<p><strong>Most searchedf<\/strong><\/p>\n<ul class=\"list-unstyled lh-lg mb-0\">\n<li><a href=\"\/de\/5266-die-rentabelsten-gebiete-fur-investitionen-in-marbella\">Die rentabelsten Investitionsgebiete in Marbella<\/a><\/li>\n<li><a href=\" \/297-how-much-profitability-can-i-get-from-a-property\">Wie viel Rentabilit\u00e4t kann ich aus einer Immobilie erzielen<\/a><\/li>\n<li><a href=\"\/309-analysis-of-the-real-estate-market-2021\">Analyse des Immobilienmarktes 2021<\/a><\/li>\n<li><a href=\"\/301-calculate-profitability-in-real-estate-investment\">Berechnen Sie die Rentabilit\u00e4t einer Immobilieninvestition<\/a><\/li>\n<li><a href=\"\/321-luxury-villas-for-sale-in-marbella\">Luxusvillen zum Verkauf in Marbella<\/a><\/li>\n<\/ul>\n\t\t\t<\/div>\n\t\t\t\t\t<div class=\"col mb-5\">\n\t\t\t\t<p><strong>Are you searching for real estate?<\/strong><\/p>\n<ul class=\"list-unstyled lh-lg mb-0\">\n<li><a href=\"\/469-homes-for-sale-in-costa-de-sol\">Wohnungen\/H\u00e4user zum Verkauf an der Costa del Sol<\/a><\/li>\n<li><a href=\"\/verkaufen\/marbella\/hauser\">H\u00e4user zum Verkauf in Marbella<\/a><\/li>\n<li><a href=\"\/verkaufen\/marbella\/wohnungen\">Appartements zum Verkauf in Marbella<\/a><\/li>\n<li><a href=\"\/313-marbella-rentals-holiday\">Ferienwohnungen in Marbella<\/a><\/li>\n<li><a href=\"\/340-monthly-rental-marbella\">Mietwohnungen auf Monatsbasis in Marbella<\/a><\/li>\n<\/ul>\n\t\t\t<\/div>\n\t\t\t\t\t<div class=\"col mb-5\">\n\t\t\t\t<p><strong>Are you already an owner?<\/strong><\/p>\n<ul class=\"list-unstyled lh-lg mb-0\">\n<li><a href=\"\/563-10-steps-on-how-to-sell-your-house\">10 Schritte, wie man sein Haus verkauft<\/a><\/li>\n<li><a href=\"\/576-advertise-your-home-with-homewatch\">Ver\u00f6ffentlichen Sie Ihr Zuhause mit Homewatch<\/a><\/li>\n<li><a href=\"\/564-free-real-estate-appraisals\">Kostenlose Immobilienbewertung<\/a><\/li>\n<li><a href=\"\/583-request-energy-certificates\">Anforderung eines Energiezertifikats<\/a><\/li>\n<li><a href=\"\/455-5-steps-to-present-your-house-for-sale\">5 Schritte, um Ihr Zuhause zum Verkauf vorzubereiten<\/a><\/li>\n<\/ul>\n\t\t\t<\/div>\n\t\t\t<\/div>\n<\/div><\/div>\n","protected":false},"excerpt":{"rendered":"","protected":false},"author":2,"featured_media":4146,"parent":4825,"menu_order":0,"comment_status":"closed","ping_status":"closed","template":"template-pages\/page-landing.php","meta":{"_acf_changed":false,"footnotes":""},"class_list":["post-4861","page","type-page","status-publish","has-post-thumbnail","hentry"],"acf":[],"_links":{"self":[{"href":"https:\/\/www.homewatch.es\/de\/wp-json\/wp\/v2\/pages\/4861","targetHints":{"allow":["GET"]}}],"collection":[{"href":"https:\/\/www.homewatch.es\/de\/wp-json\/wp\/v2\/pages"}],"about":[{"href":"https:\/\/www.homewatch.es\/de\/wp-json\/wp\/v2\/types\/page"}],"author":[{"embeddable":true,"href":"https:\/\/www.homewatch.es\/de\/wp-json\/wp\/v2\/users\/2"}],"replies":[{"embeddable":true,"href":"https:\/\/www.homewatch.es\/de\/wp-json\/wp\/v2\/comments?post=4861"}],"version-history":[{"count":0,"href":"https:\/\/www.homewatch.es\/de\/wp-json\/wp\/v2\/pages\/4861\/revisions"}],"up":[{"embeddable":true,"href":"https:\/\/www.homewatch.es\/de\/wp-json\/wp\/v2\/pages\/4825"}],"wp:featuredmedia":[{"embeddable":true,"href":"https:\/\/www.homewatch.es\/de\/wp-json\/wp\/v2\/media\/4146"}],"wp:attachment":[{"href":"https:\/\/www.homewatch.es\/de\/wp-json\/wp\/v2\/media?parent=4861"}],"curies":[{"name":"wp","href":"https:\/\/api.w.org\/{rel}","templated":true}]}}