{"id":4825,"date":"2022-07-21T14:50:25","date_gmt":"2022-07-21T12:50:25","guid":{"rendered":"https:\/\/www.homewatch.es\/services"},"modified":"2024-03-06T10:25:51","modified_gmt":"2024-03-06T09:25:51","slug":"dienstleistungen","status":"publish","type":"page","link":"https:\/\/www.homewatch.es\/de\/dienstleistungen","title":{"rendered":"Dienstleistungen"},"content":{"rendered":"<section class=\"hero position-relative mt-5 mt-lg-7 mt-xxl-10 wp-block-acf-herobox\">\n\t<div class=\"container-fluid max-width\">\n\t\t<div class=\"row align-items-center flex-row-reverse\">\n\t\t\t<div class=\"fadeElem col-lg-6 mb-4 mb-lg-0\">\n\t\t\t\t<figure class=\"ratio ratio-16x9\">\n\t\t\t\t\t<picture><source width=\"868\" height=\"488\" srcset=\"https:\/\/media.inmobalia.com\/imgV1\/B8vEv5Xh8DS9rnERuBEA9cCG6HyaDpGtazXt7GVmSD96uwsZF76O2oJFN4Dq5E6Kg4yW1NM2TCktg1JD0_Y8FXh8PkazxOfT9cRoTA07EGjFKTTXjov3EWY4MledZKPTfY5Lvv4YmE0MlOesJX8Uqm1uPj1wpW_1xLmd2zfmIAG3QMZsTfSKyA--.jpg 868w\" type=\"image\/webp\"><img fetchpriority=\"high\" decoding=\"async\" class=\"image-fit w-100 h-100\" width=\"868\" height=\"488\" src=\"https:\/\/media.inmobalia.com\/imgV1\/B8vEv5Xh8DS9rnERuBEXSoCsxmDHOjWb~TDUXqMu3izUBUQ9H1I9FiiIxqj5kf2r80LYnK_quhcLPnbvDsFq~ZANrSTeOaUhWZP4Oj66aykwVTL6tOp8UuIpYOdhuqxO1mapF9V1uqvBVa3pR6al1D_6EUyG9FhG.jpg\"><\/picture>\t\t\t\t<\/figure>\n\t\t\t<\/div>\n\t\t\t<div class=\"col-lg-6 px-xxl-7\">\n\t\t\t\t\t\t\t\t<h2>\n\t\t\t\t\tDienstleistungen f\u00fcr Eigent\u00fcmer\t\t\t\t<\/h2>\n\t\t\t\t\t\t\t\t<p>Entdecken Sie mit Homewatch Marbella die Spitze des Immobilienmanagements, Ihren vertrauensw\u00fcrdigen Partner f\u00fcr Immobilienexzellenz. Als Immobilienbesitzer im lebendigen Ort Marbella verdienen Sie einen Service, der so einzigartig und au\u00dfergew\u00f6hnlich ist wie Ihre Investition. Von personalisierten Marketingstrategien bis hin zu fundierten Marktanalysen bieten wir Ihnen eine beispiellose Palette von Dienstleistungen, die darauf abzielen, das Potenzial Ihrer Immobilie zu maximieren. Nutzen Sie das Fachwissen von Homewatch Marbella und erleben Sie die Leichtigkeit des Immobilieneigentums wie nie zuvor. Kontaktieren Sie uns noch heute, um den wahren Wert Ihrer Immobilie in Marbella zu erschlie\u00dfen.<\/p>\n\t\t\t\t<ul class=\"list-unstyled d-flex gap-4 mt-4 mt-lg-5\">\n\t\t\t\t\t\t\t\t\t\t<li>\n\t\t\t\t\t\t<a href=\"https:\/\/www.homewatch.es\/de\/dienstleistungen\/diensleistungen-fur-eigentumer\" class=\"btn btn-inm stretched-link\">\n\t\t\t\t\t\t\t Alle Dienstleistungen anzeigen\t\t\t\t\t\t<\/a>\n\t\t\t\t\t<\/li>\n\t\t\t\t\t\t\t\t\t<\/ul>\n\t\t\t\t\t\t\t<\/div>\n\t\t<\/div>\n\t<\/div>\n<\/section>\n\n\n<section class=\"hero position-relative mt-5 mt-lg-7 mt-xxl-10 wp-block-acf-herobox\">\n\t<div class=\"container-fluid max-width\">\n\t\t<div class=\"row align-items-center flex-row-reverse\">\n\t\t\t<div class=\"fadeElem col-lg-6 mb-4 mb-lg-0\">\n\t\t\t\t<figure class=\"ratio ratio-16x9\">\n\t\t\t\t\t<picture><source width=\"868\" height=\"488\" srcset=\"https:\/\/media.inmobalia.com\/imgV1\/B8vEv5Xh8DS9rnERuBEA9cCG6HyaDpGtazXt7GVmSD96uwsZF76O2oJFN4Dq5E6Kg4yW1NM2TCktg1JD0_Y8FXh8PkazxOfT9cRoTA07EGjFKTTXjov3EWY4NllYvO_kDgLQlQ4lU5t9JYOi5eMyyOeaXecGKypDaB~s.jpg 868w\" type=\"image\/webp\"><img decoding=\"async\" class=\"image-fit w-100 h-100\" width=\"868\" height=\"488\" src=\"https:\/\/media.inmobalia.com\/imgV1\/B8vEv5Xh8DS9rnERuBEXSoCsxmDHOjWb~TDUXqMu3izUBUQ9H1I9FiiIxqj5kf2r80LYnK_quhcLPnbvDsFq~ZANrSTeOaUhWZP8rsBkDyUEwmZT3_6zIqs6uli3k0i8UKEoy4UGKlubkfQ-.jpg\"><\/picture>\t\t\t\t<\/figure>\n\t\t\t<\/div>\n\t\t\t<div class=\"col-lg-6 px-xxl-7\">\n\t\t\t\t\t\t\t\t<h2>\n\t\t\t\t\t Dienstleistungen f\u00fcr Mieter\t\t\t\t<\/h2>\n\t\t\t\t\t\t\t\t<p>Begib dich auf eine nahtlose Reise, um dein Traumhaus mit Homewatch Marbella zu finden, deinem Verb\u00fcndeten in Premium-Immobilien. Im pulsierenden Herzen von Marbella widmen wir uns der Bereitstellung von Dienstleistungen f\u00fcr Mieter, die Komfort, Bequemlichkeit und einen reibungslosen Mietprozess priorisieren. Ob du nach der perfekten Mietangebot suchst oder rund um die Uhr Unterst\u00fctzung ben\u00f6tigst, unser Team steht dir bei jedem Schritt zur Seite. W\u00e4hle Homewatch Marbella f\u00fcr eine Mieterfahrung, die sich von anderen abhebt. Kontaktiere uns noch heute, um einen neuen Anfang in der bezaubernden Stadt Marbella zu starten.<\/p>\n\t\t\t\t<ul class=\"list-unstyled d-flex gap-4 mt-4 mt-lg-5\">\n\t\t\t\t\t\t\t\t\t\t<li>\n\t\t\t\t\t\t<a href=\"https:\/\/www.homewatch.es\/de\/dienstleistungen\/mieter\" class=\"btn btn-inm stretched-link\">\n\t\t\t\t\t\t\t Alle Dienstleistungen anzeigen\t\t\t\t\t\t<\/a>\n\t\t\t\t\t<\/li>\n\t\t\t\t\t\t\t\t\t<\/ul>\n\t\t\t\t\t\t\t<\/div>\n\t\t<\/div>\n\t<\/div>\n<\/section>\n\n\n<section class=\"hero position-relative mt-5 mt-lg-7 mt-xxl-10 wp-block-acf-herobox\">\n\t<div class=\"container-fluid max-width\">\n\t\t<div class=\"row align-items-center flex-row-reverse\">\n\t\t\t<div class=\"fadeElem col-lg-6 mb-4 mb-lg-0\">\n\t\t\t\t<figure class=\"ratio ratio-16x9\">\n\t\t\t\t\t<picture><source width=\"868\" height=\"488\" srcset=\"https:\/\/media.inmobalia.com\/imgV1\/B8vEv5Xh8DS9rnERuBEA9cCG6HyaDpGtazXt7GVmSD96uwsZF76O2oJFN4Dq5E6Kg4yW1NM2TCktg1JD0_Y8FXh8PkazxOfT9cRoTA07EGjFKTTXjov3EWY4J6mSoOty5cMgUnpHCkG9QA--.jpg 868w\" type=\"image\/webp\"><img decoding=\"async\" class=\"image-fit w-100 h-100\" width=\"868\" height=\"488\" src=\"https:\/\/media.inmobalia.com\/imgV1\/B8vEv5Xh8DS9rnERuBEXSoCsxmDHOjWb~TDUXqMu3izUBUQ9H1I9FiiIxqj5kf2r80LYnK_quhcLPnbvDsFq~ZANrSTeOaUhWZPtfP80PfS26tEVwoj3g4ar.jpg\"><\/picture>\t\t\t\t<\/figure>\n\t\t\t<\/div>\n\t\t\t<div class=\"col-lg-6 px-xxl-7\">\n\t\t\t\t\t\t\t\t<h2>\n\t\t\t\t\t Dienstleistungen f\u00fcr K\u00e4ufer\t\t\t\t<\/h2>\n\t\t\t\t\t\t\t\t<p>Wir sind bestrebt, jedem K\u00e4ufer eine umfassende, ma\u00dfgeschneiderte Erfahrung zu bieten. Von der personalisierten Suche nach Immobilien, die Ihren W\u00fcnschen und Bed\u00fcrfnissen entsprechen, bis hin zur finanziellen Beratung, um die besten Finanzierungs- und Hypothekenbedingungen sicherzustellen. Unser Team von Experten steht Ihnen zur Verf\u00fcgung, um alle Aspekte der Verhandlung und des Abschlusses von Deals zu \u00fcbernehmen und einen reibungslosen und vorteilhaften Prozess f\u00fcr Sie zu gew\u00e4hrleisten.<\/p>\n\t\t\t\t<ul class=\"list-unstyled d-flex gap-4 mt-4 mt-lg-5\">\n\t\t\t\t\t\t\t\t\t\t<li>\n\t\t\t\t\t\t<a href=\"https:\/\/www.homewatch.es\/de\/dienstleistungen\/dienstleistungen-fur-kaufer\" class=\"btn btn-inm stretched-link\">\n\t\t\t\t\t\t\t Alle Dienstleistungen anzeigen\t\t\t\t\t\t<\/a>\n\t\t\t\t\t<\/li>\n\t\t\t\t\t\t\t\t\t<\/ul>\n\t\t\t\t\t\t\t<\/div>\n\t\t<\/div>\n\t<\/div>\n<\/section>\n\n\n\n<div class=\"wp-block-group container mt-10\"><div class=\"wp-block-group__inner-container is-layout-flow wp-block-group-is-layout-flow\">\n<h3 class=\"wp-block-heading\">Explore the most popular topics DE<\/h3>\n\n\n\t<div class=\"row row-cols-1 row-cols-xl-3 mt-5\">\n\t\t\t\t\t<div class=\"col mb-5\">\n\t\t\t\t<p><strong>Most searchedf<\/strong><\/p>\n<ul class=\"list-unstyled lh-lg mb-0\">\n<li><a href=\"\/de\/5266-die-rentabelsten-gebiete-fur-investitionen-in-marbella\">Die rentabelsten Investitionsgebiete in Marbella<\/a><\/li>\n<li><a href=\" \/297-how-much-profitability-can-i-get-from-a-property\">Wie viel Rentabilit\u00e4t kann ich aus einer Immobilie erzielen<\/a><\/li>\n<li><a href=\"\/309-analysis-of-the-real-estate-market-2021\">Analyse des Immobilienmarktes 2021<\/a><\/li>\n<li><a href=\"\/301-calculate-profitability-in-real-estate-investment\">Berechnen Sie die Rentabilit\u00e4t einer Immobilieninvestition<\/a><\/li>\n<li><a href=\"\/321-luxury-villas-for-sale-in-marbella\">Luxusvillen zum Verkauf in Marbella<\/a><\/li>\n<\/ul>\n\t\t\t<\/div>\n\t\t\t\t\t<div class=\"col mb-5\">\n\t\t\t\t<p><strong>Are you searching for real estate?<\/strong><\/p>\n<ul class=\"list-unstyled lh-lg mb-0\">\n<li><a href=\"\/469-homes-for-sale-in-costa-de-sol\">Wohnungen\/H\u00e4user zum Verkauf an der Costa del Sol<\/a><\/li>\n<li><a href=\"\/verkaufen\/marbella\/hauser\">H\u00e4user zum Verkauf in Marbella<\/a><\/li>\n<li><a href=\"\/verkaufen\/marbella\/wohnungen\">Appartements zum Verkauf in Marbella<\/a><\/li>\n<li><a href=\"\/313-marbella-rentals-holiday\">Ferienwohnungen in Marbella<\/a><\/li>\n<li><a href=\"\/340-monthly-rental-marbella\">Mietwohnungen auf Monatsbasis in Marbella<\/a><\/li>\n<\/ul>\n\t\t\t<\/div>\n\t\t\t\t\t<div class=\"col mb-5\">\n\t\t\t\t<p><strong>Are you already an owner?<\/strong><\/p>\n<ul class=\"list-unstyled lh-lg mb-0\">\n<li><a href=\"\/563-10-steps-on-how-to-sell-your-house\">10 Schritte, wie man sein Haus verkauft<\/a><\/li>\n<li><a href=\"\/576-advertise-your-home-with-homewatch\">Ver\u00f6ffentlichen Sie Ihr Zuhause mit Homewatch<\/a><\/li>\n<li><a href=\"\/564-free-real-estate-appraisals\">Kostenlose Immobilienbewertung<\/a><\/li>\n<li><a href=\"\/583-request-energy-certificates\">Anforderung eines Energiezertifikats<\/a><\/li>\n<li><a href=\"\/455-5-steps-to-present-your-house-for-sale\">5 Schritte, um Ihr Zuhause zum Verkauf vorzubereiten<\/a><\/li>\n<\/ul>\n\t\t\t<\/div>\n\t\t\t<\/div>\n<\/div><\/div>\n","protected":false},"excerpt":{"rendered":"","protected":false},"author":7,"featured_media":4157,"parent":0,"menu_order":3,"comment_status":"closed","ping_status":"closed","template":"template-pages\/page-landing.php","meta":{"_acf_changed":false,"footnotes":""},"class_list":["post-4825","page","type-page","status-publish","has-post-thumbnail","hentry"],"acf":[],"_links":{"self":[{"href":"https:\/\/www.homewatch.es\/de\/wp-json\/wp\/v2\/pages\/4825","targetHints":{"allow":["GET"]}}],"collection":[{"href":"https:\/\/www.homewatch.es\/de\/wp-json\/wp\/v2\/pages"}],"about":[{"href":"https:\/\/www.homewatch.es\/de\/wp-json\/wp\/v2\/types\/page"}],"author":[{"embeddable":true,"href":"https:\/\/www.homewatch.es\/de\/wp-json\/wp\/v2\/users\/7"}],"replies":[{"embeddable":true,"href":"https:\/\/www.homewatch.es\/de\/wp-json\/wp\/v2\/comments?post=4825"}],"version-history":[{"count":0,"href":"https:\/\/www.homewatch.es\/de\/wp-json\/wp\/v2\/pages\/4825\/revisions"}],"wp:featuredmedia":[{"embeddable":true,"href":"https:\/\/www.homewatch.es\/de\/wp-json\/wp\/v2\/media\/4157"}],"wp:attachment":[{"href":"https:\/\/www.homewatch.es\/de\/wp-json\/wp\/v2\/media?parent=4825"}],"curies":[{"name":"wp","href":"https:\/\/api.w.org\/{rel}","templated":true}]}}