{"id":1414,"date":"2020-10-13T08:09:25","date_gmt":"2020-10-13T06:09:25","guid":{"rendered":"https:\/\/www.homewatch.es\/privacy-policy"},"modified":"2024-03-11T12:09:35","modified_gmt":"2024-03-11T11:09:35","slug":"privacy-policy","status":"publish","type":"page","link":"https:\/\/www.homewatch.es\/de\/privacy-policy","title":{"rendered":"Datenschutzbestimmungen"},"content":{"rendered":"<p>Diese Datenschutzrichtlinien wurden zusammengestellt, um denjenigen, die sich Gedanken dar\u00fcber machen, wie ihre \"personenbezogenen Daten\" online verwendet werden, besser zu helfen. Bitte lesen Sie unsere Datenschutzerkl\u00e4rung sorgf\u00e4ltig durch, um sich ein klares Bild davon zu machen, wie wir Ihre Daten erheben, verwenden, sch\u00fctzen und behandeln.<\/p>\n<p><strong>Allgemeine Datenschutzverordnung (\"DSGVO\")<\/strong><\/p>\n<p>Die DSGVO ist ein Gesetz, das die Regeln f\u00fcr kommerzielle E-Mails festlegt, Anforderungen f\u00fcr kommerzielle Nachrichten aufstellt, den Empf\u00e4ngern das Recht gibt, keine E-Mails zu erhalten, und harte Strafen f\u00fcr Verst\u00f6\u00dfe vorsieht. Wir sammeln Ihre E-Mail-Adresse f\u00fcr:<\/p>\n<p>\u00dcbermittlung von Informationen, Beantwortung von Anfragen und\/oder anderen Ersuchen oder Fragen.<br \/>\nVermarktung auf unserer Mailingliste oder weitere Versendung von E-Mails an unsere Kunden, nachdem die urspr\u00fcngliche Transaktion abgeschlossen wurde.<\/p>\n<p><strong>Um die DSGVO einzuhalten, erkl\u00e4ren wir uns mit Folgendem einverstanden:<\/strong><\/p>\n<ul>\n<li>Keine Verwendung von falschen oder irref\u00fchrenden Betreffe oder E-Mail-Adressen<\/li>\n<li>Die Nachricht auf angemessene Weise als Werbung zu identifizieren<\/li>\n<li>Angabe der physische Adresse unseres Gesch\u00e4ftssitzes oder unserer Website an. \u00dcberwachung der E-Mail-Marketingdienste von Drittanbietern auf Einhaltung der Vorschriften, sofern diese genutzt werden. Rasche Beantwortung von Opt-out-\/Abmeldungsanfragen<\/li>\n<li>M\u00f6glichkeit, das Newsletter-Abonnement \u00fcber den Link am Ende jeder E-Mail abzubestellen. Welche pers\u00f6nlichen Daten sammeln wir von den Besuchern unserer Website?<\/li>\n<li>Wenn Sie auf unserer Website Informationen anfordern, werden Sie ggf. aufgefordert, Ihren Namen, Ihre E-Mail-Adresse, Ihre Telefonnummer oder andere Details einzugeben, damit wir Ihnen korrekte Informationen liefern k\u00f6nnen<\/li>\n<\/ul>\n<p><strong>Wann sammeln wir Informationen?<\/strong><\/p>\n<ul>\n<li>Wenn Sie ein Anfrageformular ausf\u00fcllen<\/li>\n<li>Anmeldung f\u00fcr unseren Newsletter<\/li>\n<li>Wenn Sie uns eine E-Mail schicken<\/li>\n<\/ul>\n<p><strong>Wie verwenden wir Ihre Informationen?<\/strong><\/p>\n<p>Wir k\u00f6nnen die Informationen, die wir von Ihnen sammeln, wenn Sie sich registrieren, Informationen anfordern, unseren Newsletter abonnieren, auf eine Umfrage oder Marketingmitteilung antworten, die Website durchsuchen oder andere Funktionen der Website nutzen, auf folgende Weise verwenden:<\/p>\n<ul>\n<li>Um Ihre Erfahrung zu personalisieren und uns zu erm\u00f6glichen, Ihnen die Art von Inhalten und Produktangeboten zu liefern, an denen Sie am meisten interessiert sind<\/li>\n<li>Verbesserung unserer Website, um Ihnen einen besseren Service zu bieten<\/li>\n<li>Zum Versenden regelm\u00e4\u00dfiger E-Mails \u00fcber Ihre Bestellung oder andere Produkte und Dienstleistungen<\/li>\n<li>Nachfassen nach der Korrespondenz (Live-Chat, E-Mail oder Telefonanfragen)<\/li>\n<\/ul>\n<p><strong>Wie sch\u00fctzen wir Ihre Daten?<\/strong><\/p>\n<p>Unsere Website wird regelm\u00e4\u00dfig auf Sicherheitsl\u00fccken und bekannte Schwachstellen gescannt, um Ihren Besuch auf unserer Website so sicher wie m\u00f6glich zu machen. Wir verwenden regelm\u00e4\u00dfig Malware Scanning.<\/p>\n<ul>\n<li>Ihre pers\u00f6nlichen Daten befinden sich in gesicherten Netzwerken und sind nur f\u00fcr eine begrenzte Anzahl von Personen zug\u00e4nglich, die \u00fcber besondere Zugangsrechte zu diesen Systemen verf\u00fcgen und verpflichtet sind, die Daten vertraulich zu behandeln. Dar\u00fcber hinaus werden alle sensiblen Daten und Kreditinformationen, die Sie uns zur Verf\u00fcgung stellen, mit der Secure Socket Layer (SSL)-Technologie verschl\u00fcsselt.<\/li>\n<li>Wir setzen eine Reihe von Sicherheitsma\u00dfnahmen ein, wenn ein Benutzer seine Daten eingibt, \u00fcbermittelt oder darauf zugreift, um die Sicherheit Ihrer pers\u00f6nlichen Daten zu gew\u00e4hrleisten.<\/li>\n<li>Alle Transaktionen werden \u00fcber einen Gateway-Anbieter abgewickelt und werden nicht auf unseren Servern gespeichert oder verarbeitet.<\/li>\n<\/ul>\n<p><strong>Verwenden wir \"Cookies\"?<\/strong><\/p>\n<p>Ja. Cookies sind kleine Dateien, die eine Website oder ihr Dienstanbieter \u00fcber Ihren Webbrowser auf die Festplatte Ihres Computers \u00fcbertr\u00e4gt (sofern Sie dies zulassen), damit die Systeme der Website oder des Dienstanbieters Ihren Browser erkennen und bestimmte Informationen erfassen und speichern k\u00f6nnen.<br \/>\nSo verwenden wir beispielsweise Cookies, um uns an die Artikel in Ihrer Watchlist zu erinnern und diese zu verarbeiten. Sie helfen uns auch, Ihre Pr\u00e4ferenzen auf der Grundlage fr\u00fcherer oder aktueller Website-Aktivit\u00e4ten zu verstehen, damit wir Ihnen bessere Dienstleistungen anbieten k\u00f6nnen. Wir verwenden Cookies auch, um aggregierte Daten \u00fcber den Website-Verkehr und die Interaktion auf der Website zu sammeln, damit wir in Zukunft bessere Website-Erfahrungen und -Tools anbieten k\u00f6nnen.<\/p>\n<p>Wir verwenden Cookies um:<\/p>\n<ul>\n<li>Verstehen und Speichern von Benutzerpr\u00e4ferenzen f\u00fcr zuk\u00fcnftige Besuche<\/li>\n<\/ul>\n<p>Sie k\u00f6nnen w\u00e4hlen, ob Ihr Computer Sie jedes Mal warnen soll, wenn ein Cookie gesendet wird, oder ob Sie alle Cookies deaktivieren wollen. Dies geschieht \u00fcber die Einstellungen Ihres Browsers. Da jeder Browser ein wenig anders ist, sollten Sie im Hilfemen\u00fc Ihres Browsers nachsehen, wie Sie Ihre Cookies richtig einstellen. Wenn Sie Cookies deaktivieren, funktionieren einige der Funktionen, die den Besuch der Website effizienter machen, m\u00f6glicherweise nicht richtig. Dies hat jedoch keinen Einfluss auf die Benutzererfahrung.<\/p>\n<p><strong>Weitergabe an Dritte<\/strong><\/p>\n<p>Wir verkaufen, handeln oder \u00fcbertragen Ihre personenbezogenen Daten NICHT an Dritte.<\/p>\n<p><strong>Links von Dritten<\/strong><\/p>\n<p>Gelegentlich kann es vorkommen, dass wir nach unserem Ermessen Produkte oder Dienstleistungen Dritter auf unserer Website einbinden oder anbieten. Diese Websites Dritter haben separate und unabh\u00e4ngige Datenschutzrichtlinien.<\/p>\n<p>Wir \u00fcbernehmen daher keine Verantwortung oder Haftung f\u00fcr den Inhalt und die Aktivit\u00e4ten dieser verlinkten Websites. Wir sind jedoch bem\u00fcht, die Integrit\u00e4t unserer Website zu sch\u00fctzen und freuen uns \u00fcber jedes Feedback zu diesen Websites.<\/p>\n<p><strong>Google<\/strong><\/p>\n<p>Die Anforderungen von Google an die Werbung lassen sich in den Google-Werbegrunds\u00e4tzen zusammenfassen. Sie wurden aufgestellt, um den Nutzern ein positives Erlebnis zu bieten. ...mehr lesen<\/p>\n<ul>\n<li>Wir verwenden Google Tracking Script auf unserer Website<\/li>\n<\/ul>\n<p>Google, als Drittanbieter, verwendet Cookies, um Anzeigen auf unserer Website zu schalten. Die Verwendung des DART-Cookies durch Google erm\u00f6glicht es, Anzeigen f\u00fcr unsere Nutzer zu schalten, die auf fr\u00fcheren Besuchen auf unserer Website und anderen Websites im Internet basieren.<\/p>\n<p>Die Nutzer k\u00f6nnen die Verwendung des DART-Cookies deaktivieren, indem sie die Datenschutzbestimmungen des Google-Anzeigen- und Content-Netzwerks aufrufen.<\/p>\n<p>Wir haben die folgenden Ma\u00dfnahmen ergriffen:<\/p>\n<ul>\n<li>Wiedervermarktung mit Google AdSense<\/li>\n<li>Google Display-Netzwerk Impression Reporting<\/li>\n<li>Demografische Daten und Interessensberichte<\/li>\n<li>Integration der DoubleClick-Plattform<\/li>\n<\/ul>\n<p>Wir und Drittanbieter wie Google verwenden Cookies von Erstanbietern (z. B. Google Analytics-Cookies) und Cookies von Drittanbietern (z. B. DoubleClick-Cookies) oder andere Identifikatoren von Drittanbietern, um Daten \u00fcber Nutzerinteraktionen mit Anzeigenimpressionen und anderen Anzeigenservicefunktionen im Zusammenhang mit unserer Website zu sammeln.<\/p>\n<p><a href=\"javascript:void(0)\" class=\"csconsentlink\" rel=\"nofollow\">Cookie Settings<\/a><\/p>\n<div class=\"table-responsive\"><script type=\"text\/javascript\" charset=\"UTF-8\"  data-cookiescriptreport=\"report\" src=\"\/\/report.cookie-script.com\/r\/6d0e2259e2ea8b763c3a3ab9892fe5d3.js\"><\/script><\/p>\n<p><strong>Abmelden:<\/strong><\/p>\n<p>Nutzer k\u00f6nnen auf der Seite Google-Anzeigeneinstellungen festlegen, wie Google f\u00fcr Sie wirbt. Alternativ k\u00f6nnen Sie sich auf der Seite der Netzwerkwerbeinitiative abmelden oder das Browser-Add-on Google Analytics Opt Out verwenden.<\/p>\n<p><strong>Schutz der Privatsph\u00e4re im Internet<\/strong><\/p>\n<p>Die Nutzer k\u00f6nnen unsere Website anonym besuchen.<\/p>\n<p>Sobald diese Datenschutzerkl\u00e4rung erstellt ist, werden wir einen Link zu ihr auf unserer Homepage oder zumindest auf der ersten wichtigen Seite nach dem Betreten unserer Website einf\u00fcgen.<\/p>\n<p>Der Link zu unserer Datenschutzrichtlinie enth\u00e4lt das Wort \"Datenschutz\" und kann leicht auf der oben genannten Seite gefunden werden.<\/p>\n<p>Sie werden \u00fcber alle \u00c4nderungen der Datenschutzbestimmungen informiert:<br \/>\n\u2022 Auf unserer Seite zum Datenschutz<\/p>\n<p>Sie k\u00f6nnen Ihre pers\u00f6nlichen Daten \u00e4ndern:<br \/>\n\u2022 Per E-Mail an uns<\/p>\n<p><strong>Wie behandelt unsere Website \"Do Not Track\"-Signale?<\/strong><\/p>\n<p>Wir respektieren \"Do Not Track\"- und \"Do Not Track\"-Signale, platzieren Cookies oder verwenden Werbung, wenn ein \"Do Not Track\"-Browsermechanismus (DNT) vorhanden ist.<\/p>\n<p><strong>Erlaubt unsere Website die Nachverfolgung des Verhaltens von Dritten?<\/strong><\/p>\n<p>Wichtig ist auch, dass wir die \u00dcberwachung des Verhaltens von Dritten nicht zulassen.<\/p>\n<p>Wenn Sie zu irgendeinem Zeitpunkt den Erhalt zuk\u00fcnftiger E-Mails abbestellen m\u00f6chten<br \/>\n\u2022 Befolgen Sie die Anweisungen am Ende jeder Marketing-E-Mail, und wir werden Sie umgehend aus ALLEM Schriftverkehr entfernen.<\/p>\n<p><strong>Kontaktieren Sie uns<\/strong><\/p>\n<p>Sollten Sie Fragen zu dieser Datenschutzrichtlinie haben, wenden Sie sich bitte an uns.<\/p>\n","protected":false},"excerpt":{"rendered":"<p>Diese Datenschutzrichtlinien wurden zusammengestellt, um denjenigen, die sich Gedanken dar\u00fcber machen, wie ihre &#8222;personenbezogenen Daten&#8220; online verwendet werden, besser zu helfen. Bitte lesen Sie unsere Datenschutzerkl\u00e4rung sorgf\u00e4ltig durch, um sich ein klares Bild davon zu machen, wie wir Ihre Daten erheben, verwenden, sch\u00fctzen und behandeln. Allgemeine Datenschutzverordnung (&#8222;DSGVO&#8220;) Die DSGVO ist ein Gesetz, das die&#8230;<\/p>\n","protected":false},"author":2,"featured_media":0,"parent":0,"menu_order":17,"comment_status":"closed","ping_status":"closed","template":"","meta":{"_acf_changed":false,"footnotes":""},"class_list":["post-1414","page","type-page","status-publish","hentry"],"acf":[],"_links":{"self":[{"href":"https:\/\/www.homewatch.es\/de\/wp-json\/wp\/v2\/pages\/1414","targetHints":{"allow":["GET"]}}],"collection":[{"href":"https:\/\/www.homewatch.es\/de\/wp-json\/wp\/v2\/pages"}],"about":[{"href":"https:\/\/www.homewatch.es\/de\/wp-json\/wp\/v2\/types\/page"}],"author":[{"embeddable":true,"href":"https:\/\/www.homewatch.es\/de\/wp-json\/wp\/v2\/users\/2"}],"replies":[{"embeddable":true,"href":"https:\/\/www.homewatch.es\/de\/wp-json\/wp\/v2\/comments?post=1414"}],"version-history":[{"count":0,"href":"https:\/\/www.homewatch.es\/de\/wp-json\/wp\/v2\/pages\/1414\/revisions"}],"wp:attachment":[{"href":"https:\/\/www.homewatch.es\/de\/wp-json\/wp\/v2\/media?parent=1414"}],"curies":[{"name":"wp","href":"https:\/\/api.w.org\/{rel}","templated":true}]}}