{"id":1405,"date":"2021-06-28T11:58:50","date_gmt":"2021-06-28T09:58:50","guid":{"rendered":"https:\/\/www.homewatch.es\/conditions-holiday-rental"},"modified":"2023-03-07T15:33:17","modified_gmt":"2023-03-07T14:33:17","slug":"conditions-holiday-rental","status":"publish","type":"page","link":"https:\/\/www.homewatch.es\/de\/conditions-holiday-rental","title":{"rendered":"Bedingungen f\u00fcr die Vermietung"},"content":{"rendered":"<h2>DIENSTLEISTUNGEN<\/h2>\n<p>Der MIETER erkl\u00e4rt, dass er die Beschreibungen der Wohnung gelesen hat und mit dem beschriebenen Zustand und den angebotenen Leistungen der von ihm gemieteten Ferienunterkunft einverstanden ist. Der MIETER hat keinen Anspruch auf Leistungen, die nicht in der Anzeige, in der er gemietet hat, aufgef\u00fchrt sind.<\/p>\n<p>&nbsp;<\/p>\n<h2>BELEGUNG<\/h2>\n<p>Die einzigen Personen, die sich w\u00e4hrend der Mietdauer in der Wohnung aufhalten d\u00fcrfen, sind die Personen, die \u00fcber die Willkommens-App registriert sind. Die H\u00f6chstbelegung ist diejenige, die in der Anzeige angegeben ist und mit der der Mieter die Wohnung gemietet hat.<\/p>\n<p>Die Mieter d\u00fcrfen nicht mehr als die angegebene Anzahl von Personen in den R\u00e4umlichkeiten wohnen oder schlafen lassen. Bei der Schl\u00fcssel\u00fcbergabe m\u00fcssen die Unterlagen aller G\u00e4ste vorgelegt werden.<\/p>\n<p>&nbsp;<\/p>\n<h2>CHECK-IN UND CHECK-OUT<\/h2>\n<p>Der Mietvertrag beginnt um 16.00 Uhr an dem oben als Check-in-Datum angegebenen Datum und endet um 11.00 Uhr an dem oben als Check-out-Datum angegebenen Datum. Der MIETER verpflichtet sich, uns \u00fcber das System seine ungef\u00e4hre Ankunftszeit mindestens 24 Stunden im Voraus mitzuteilen. Am Tag der Ankunft wird der MIETER HOMEWATCH eine Stunde vor der Ankunft die genaue Zeit best\u00e4tigen. Homewatch wird den MIETER an der Unterkunft in Empfang nehmen und ihm alle notwendigen Anweisungen geben.<\/p>\n<p>Unerl\u00e4sslich f\u00fcr den Zutritt: Um die Unterkunft zu betreten, ist es unerl\u00e4sslich, einen amtlichen Ausweis f\u00fcr jede Person mitzubringen und auch wenn Sie die Reservierung mit einer Kreditkarte bezahlt haben, ist es unerl\u00e4sslich, dass die Person, die mit der Karte bezahlt hat, zum Zeitpunkt des Einlasses anwesend ist und die physische Kreditkarte zusammen mit Ihrem Ausweisdokument hat. Falls die Karte nicht \u00fcberpr\u00fcft werden kann, wird der Betrag, der mit der nicht anwesenden Karte bezahlt wurde, zur\u00fcckerstattet und der MIETER muss den gesamten Mietbetrag in bar oder mit einer anderen Kreditkarte bezahlen.<\/p>\n<p>Homewatch erhebt eine Geb\u00fchr von 30 \u20ac f\u00fcr die Kreditkartenkosten und der MIETER hat kein Recht auf Entsch\u00e4digung oder Erm\u00e4\u00dfigung f\u00fcr zus\u00e4tzliche Kosten von seiner Bank f\u00fcr die R\u00fcckgabe und die neue Zahlung. Der Check-in in die Unterkunft ist von 16:00 bis 21:00 Uhr m\u00f6glich. F\u00fcr Eintrittskarten zwischen 21:00 und 00:00 Uhr wird ein Aufpreis von 50 \u20ac erhoben. Der Eintritt ab 00:00 Uhr kostet zus\u00e4tzlich 100 \u20ac. Die maximale Einlasszeit ist um 02:00 Uhr.<\/p>\n<p>Die maximale Abfahrtszeit von der Unterkunft ist um 11:00 Uhr. Jede Stunde Versp\u00e4tung, die nicht schriftlich von HOMEWATCH best\u00e4tigt wurde, wird mit \u20ac 50 pro Stunde berechnet und von der Kaution abgerechnet.<\/p>\n<p>&nbsp;<\/p>\n<h2>MIETE<\/h2>\n<p>Der f\u00fcr den Mietvertrag vereinbarte Gesamtpreis ist der bei der Reservierung angegebene Betrag und muss im Voraus bezahlt werden.<\/p>\n<p>Der MIETER zahlt zum Zeitpunkt der Buchung 50 % der Kosten f\u00fcr die Reservierung (einschlie\u00dflich Kaution und Reinigung) und den Restbetrag (die anderen 50 %) 4 Wochen vor der Ankunft.<\/p>\n<p>HOMEWATCH wird sich mit dem MIETER in Verbindung setzen, um ihn \u00fcber die Nichtbezahlung seiner Reservierung zu informieren. Wenn der MIETER die Zahlung nicht innerhalb von 48 Stunden nach der ersten Benachrichtigung vornimmt, wird die Reservierung automatisch storniert. Sollten bereits Zahlungen geleistet worden sein, werden diese nicht erstattet.<\/p>\n<p>&nbsp;<\/p>\n<h2>KAUTION<\/h2>\n<p>Die Kaution wird f\u00fcr eventuelle Sch\u00e4den an der Wohnung und den darin befindlichen M\u00f6beln und Accessoires sowie f\u00fcr unbezahlte Rechnungen des MIETERS einbehalten. Wenn Homewatch nichts von der Kaution einbehalten muss, erfolgt die R\u00fcckzahlung der Schadenkaution (Kaution) bis zu 7 Tage nach Abreise (Homewatch ist nicht verantwortlich f\u00fcr die Zeit, die die Bank f\u00fcr die R\u00fcckzahlung ben\u00f6tigt).<\/p>\n<p>Wenn die Wohnung besch\u00e4digt wird, hat Homewatch bis zur einer Woche nach Aufenthalt Zeit, um den Schaden zu bewerten und den MIETER \u00fcber die Reparatur- oder Ersatzkosten zu informieren, die dem MIETER in Rechnung gestellt werden. Wenn der MIETER die Kaution per Bank\u00fcberweisung gezahlt hat, ist er daf\u00fcr verantwortlich, seine Bankverbindung mitzuteilen, an die er die R\u00fcckgabe durch HOMEWATCH vornehmen m\u00f6chte. Homewatch wird die Kaution innerhalb von 7 Tagen nach dem Aufenthalt zur\u00fcckzahlen. HOMEWATCH verf\u00fcgt \u00fcber eine zus\u00e4tzliche Frist von 48 Stunden, um die \u00dcberweisung ab dem Zeitpunkt des Erhalts der Bankdaten vorzunehmen.<\/p>\n<p>Jegliche Sch\u00e4den am Geb\u00e4ude, die durch Vers\u00e4umnisse oder Fahrl\u00e4ssigkeit verursacht wurden, werden vom Eigent\u00fcmer, der f\u00fcr die verursachende Person verantwortlich ist, auf Kosten des Mieters repariert.<\/p>\n<p>&nbsp;<\/p>\n<h2>ARBEITEN<\/h2>\n<p>Ohne vorherige schriftliche Genehmigung des Eigent\u00fcmers oder des Bevollm\u00e4chtigten ist es dem MIETER unter keinen Umst\u00e4nden gestattet, Arbeiten jeglicher Art am Geb\u00e4ude vorzunehmen. Die genehmigten Arbeiten, die vom Mieter durchgef\u00fchrt werden, verbleiben nach Ablauf dieses Vertrages zugunsten des Objekts und der Mieter hat keinen Anspruch auf irgendeine Art von Forderung oder Entsch\u00e4digung. Im Falle von nicht genehmigten Arbeiten ist der Mieter verpflichtet, alles in seinem urspr\u00fcnglichen Zustand zur\u00fcckzuf\u00fchren und alle Kosten daf\u00fcr werden vom Mieter getragen.<\/p>\n<p>&nbsp;<\/p>\n<h2>NUTZUNG DER UNTERKUNFT<\/h2>\n<p>Der MIETER darf nicht zulassen, dass die Unterkunft f\u00fcr Versteigerungen oder sittenwidrige Zwecke genutzt wird, und er darf keine Handlungen oder Dinge dulden oder zulassen, die f\u00fcr den Eigent\u00fcmer oder einen Bewohner eines angrenzenden oder benachbarten Grundst\u00fccks eine Bel\u00e4stigung oder ein \u00c4rgernis darstellen k\u00f6nnten. Der Mieter darf auch keine kommerziellen Einrichtungen installieren oder eine kommerzielle oder berufliche T\u00e4tigkeit aus\u00fcben. Es ist strengstens untersagt, in der Unterkunft Partys zu veranstalten oder zu rauchen. Die Nichteinhaltung dieser Klausel f\u00fchrt zur sofortigen Beendigung des Vertrages ohne Anspruch auf Entsch\u00e4digung oder R\u00fcckzahlung der Miete und zum Verfall der gesamten Kaution.<\/p>\n<p>&nbsp;<\/p>\n<h2>ZUSTAND DER IMMOBILIE<\/h2>\n<p>Die Unterkunft wird unentgeltlich und unbewohnt vermietet. Der MIETER kennt und akzeptiert die Fl\u00e4che, die Umst\u00e4nde, die Nutzung, die Eigenschaften und die gemeinsamen und privaten Dienstleistungen der Ferienunterkunft und erkl\u00e4rt, das Inventar, die Gegenstand dieses Vertrages sind, in einwandfreiem Zustand f\u00fcr die oben beschriebene Nutzung zu erhalten. Der MIETER verpflichtet sich, die Unterkunft bei Vertragsende im gleichen Zustand zur\u00fcckzugeben. Etwaige Br\u00fcche oder offensichtliche M\u00e4ngel m\u00fcssen Homewatch zu Beginn des Mietvertrages \u00fcber den Kundenbereich mit Beweisfotos mitgeteilt werden.<\/p>\n<p>&nbsp;<\/p>\n<h2>UNTERVERMIETUNG<\/h2>\n<p>In keinem Fall ist es dem MIETER erlaubt, die Immobilie ganz oder teilweise unterzuvermieten, zu \u00fcbertragen oder zus\u00e4tzliche Personen in die Immobilie zu bringen, ohne die vorherige ausdr\u00fcckliche schriftliche Zustimmung von HOMEWATCH.<\/p>\n<p>&nbsp;<\/p>\n<h2>ZUTRITT<\/h2>\n<p>Der MIETER verpflichtet sich, HOMEWATCH den Zugang zum Objekt oder den Zugang zu Dritten zu erm\u00f6glichen, um Sch\u00e4den zu beheben oder wenn dies aufgrund h\u00f6herer Gewalt notwendig ist. HOMEWATCH verpflichtet sich, dies vorher schriftlich \u00fcber den Kundenbereich mitzuteilen.<\/p>\n<p>&nbsp;<\/p>\n<h2>HAUSTIERE<\/h2>\n<p>Der Tourist verpflichtet sich, keine Tiere ohne besondere schriftliche Genehmigung auf das Grundst\u00fcck mitzubringen. Wenn Sie Ihre Haustiere mitbringen, m\u00fcssen Sie uns die Rasse und das Gewicht Ihrer Haustiere mitteilen. Es ist strengstens verboten, dass Haustiere auf die M\u00f6bel klettern und\/oder im Schwimmbad schwimmen. Der MIETER verpflichtet sich, den Kot t\u00e4glich aus dem Garten zu entfernen (falls das Objekt \u00fcber einen solchen verf\u00fcgt) und ihn vor der Abreise sauber zu hinterlassen. Zus\u00e4tzliche Reinigungskosten bei Nichteinhaltung dieser Klausel werden mit der Kaution verrechnet und k\u00f6nnen bis zum vollst\u00e4ndigen Verlust der Kaution f\u00fchren.<\/p>\n<p>&nbsp;<\/p>\n<h2>SICHERHEIT<\/h2>\n<p>Der MIETER verpflichtet sich, die Wohnung nicht unbewohnt zu lassen, ohne alle T\u00fcren, Fenster und sonstigen Zug\u00e4nge zur Wohnung zu verriegeln und zu sichern, und au\u00dferdem, falls vorhanden, beim Verlassen der Wohnung immer die Alarmanlage zu bet\u00e4tigen. HOMEWATCH und\/oder der Vermieter sind nicht verantwortlich f\u00fcr den Verlust von pers\u00f6nlichen Gegenst\u00e4nden des Mieters, dieser Vertrag beinhaltet keine Art von Versicherung f\u00fcr den Verlust oder Diebstahl von Gegenst\u00e4nden des Mieters.<\/p>\n<p>Im Falle eines Diebstahls:<\/p>\n<p>Wenn die Wohnung nicht ordnungsgem\u00e4\u00df verschlossen und die Alarmanlage (falls vorhanden) nicht eingeschaltet war, deckt der Vermieter mit der Kaution alle Sch\u00e4den, die durch den Diebstahl an der Wohnung entstanden sind.<\/p>\n<h2><\/h2>\n<h2>SCHL\u00dcSSEL<\/h2>\n<p>Bei Beendigung des Mietverh\u00e4ltnisses muss der Mieter die Wohnungsschl\u00fcssel auf dem Tisch liegen lassen und beim Verlassen der Wohnung alle T\u00fcren und Fenster schlie\u00dfen. F\u00fcr Wohnungen mit einem Schlafzimmer gibt es einen Schl\u00fcssel, f\u00fcr Wohnungen mit zwei oder mehr Schlafzimmern zwei Schl\u00fcssel. Au\u00dferdem steht Ihnen pro Garage eine Fernbedienung zur Verf\u00fcgung. Verlust von Schl\u00fcsseln nach Ihrem Aufenthalt:<\/p>\n<p>Der Verlust eines Schl\u00fcssels ohne Fernbedienung f\u00fcr die Garage wird mit 20 \u20ac pro Schl\u00fcssel am Schl\u00fcsselbund berechnet. Der Verlust einer Fernbedienung, eines Magneten oder einer Parkkarte wird mit 60 \u20ac berechnet. HOMEWATCH wird den MIETER maximal 24 Stunden nach seiner Abreise \u00fcber das Fehlen eines Schl\u00fcssels benachrichtigen und der entsprechende Betrag wird von der Kaution abgezogen. Schl\u00fcssel, die w\u00e4hrend des Aufenthaltes in der Unterkunft vergessen wurden:<\/p>\n<p>Wenn der MIETER w\u00e4hrend der Gesch\u00e4ftszeiten die Schl\u00fcssel in der Wohnung vergisst und diese nicht betreten kann, wird HOMEWATCH diese mit dem Serviceschl\u00fcssel \u00f6ffnen. Dieser Service kostet \u20ac 30.<\/p>\n<p>Sollte der MIETER die Schl\u00fcssel nach den Gesch\u00e4ftszeiten vergessen, muss der MIETER die Kosten des Schl\u00fcsseldienstes f\u00fcr die Wiederbeschaffung der Schl\u00fcssel und ggf. den Austausch des Schlosses bezahlen.<\/p>\n<p>&nbsp;<\/p>\n<h2>WIDERRUFSBELEHRUNG<\/h2>\n<p>Im Falle einer Stornierung der Buchung durch HOMEWATCH sind wir verpflichtet, den vollen Betrag, den der MIETER bis zu diesem Zeitpunkt bezahlt hat, zu erstatten. Dar\u00fcber hinaus wird HOMEWATCH alle Anstrengungen unternehmen, um den MIETER in eine Unterkunft mit gleichen oder \u00e4hnlichen Eigenschaften zu versetzen.<\/p>\n<p>Stornierung durch den MIETER:<\/p>\n<p>Vom MIETER geleistete Mietzahlungen sind nicht erstattungsf\u00e4hig.<\/p>\n<p>Wenn der MIETER seine Reservierung mindestens einunddrei\u00dfig (31) Tage vor der Ankunft schriftlich storniert, betr\u00e4gt die Stornogeb\u00fchr 50 % des Gesamtbetrags der Mietreservierung.<\/p>\n<p>Wenn der MIETER weniger als einunddrei\u00dfig (31) Tage vor der Ankunft storniert, betr\u00e4gt die Stornogeb\u00fchr 100 % des gesamten Mietbetrags der Reservierung.<\/p>\n<p>Wenn der MIETER die Buchung vor der Ankunft in der Unterkunft storniert, werden die Kaution und die Reinigungsgeb\u00fchr immer zur\u00fcckerstattet.<\/p>\n<p>Wenn der MIETER w\u00e4hrend des Aufenthalts storniert, werden die Miet- und Reinigungskosten nicht zur\u00fcckerstattet, und die Kaution wird nach den entsprechenden Kontrollen zur\u00fcckerstattet.<\/p>\n","protected":false},"excerpt":{"rendered":"<p>DIENSTLEISTUNGEN Der MIETER erkl\u00e4rt, dass er die Beschreibungen der Wohnung gelesen hat und mit dem beschriebenen Zustand und den angebotenen Leistungen der von ihm gemieteten Ferienunterkunft einverstanden ist. Der MIETER hat keinen Anspruch auf Leistungen, die nicht in der Anzeige, in der er gemietet hat, aufgef\u00fchrt sind. &nbsp; BELEGUNG Die einzigen Personen, die sich w\u00e4hrend&#8230;<\/p>\n","protected":false},"author":1,"featured_media":0,"parent":0,"menu_order":9,"comment_status":"closed","ping_status":"closed","template":"","meta":{"_acf_changed":false,"footnotes":""},"class_list":["post-1405","page","type-page","status-publish","hentry"],"acf":[],"_links":{"self":[{"href":"https:\/\/www.homewatch.es\/de\/wp-json\/wp\/v2\/pages\/1405","targetHints":{"allow":["GET"]}}],"collection":[{"href":"https:\/\/www.homewatch.es\/de\/wp-json\/wp\/v2\/pages"}],"about":[{"href":"https:\/\/www.homewatch.es\/de\/wp-json\/wp\/v2\/types\/page"}],"author":[{"embeddable":true,"href":"https:\/\/www.homewatch.es\/de\/wp-json\/wp\/v2\/users\/1"}],"replies":[{"embeddable":true,"href":"https:\/\/www.homewatch.es\/de\/wp-json\/wp\/v2\/comments?post=1405"}],"version-history":[{"count":0,"href":"https:\/\/www.homewatch.es\/de\/wp-json\/wp\/v2\/pages\/1405\/revisions"}],"wp:attachment":[{"href":"https:\/\/www.homewatch.es\/de\/wp-json\/wp\/v2\/media?parent=1405"}],"curies":[{"name":"wp","href":"https:\/\/api.w.org\/{rel}","templated":true}]}}