{"id":1400,"date":"2020-10-19T13:47:45","date_gmt":"2020-10-19T11:47:45","guid":{"rendered":"https:\/\/www.homewatch.es\/contact"},"modified":"2024-02-13T12:34:48","modified_gmt":"2024-02-13T11:34:48","slug":"contact","status":"publish","type":"page","link":"https:\/\/www.homewatch.es\/de\/contact","title":{"rendered":"Kontaktieren Sie Homewatch"},"content":{"rendered":"\n<p><br>Suchen Sie ein neues Zuhause? Unsere erfahrenen Makler sind bereit, Sie durch jeden Schritt des Prozesses zu f\u00fchren und sicherzustellen, dass Sie eine Immobilie finden, die nicht nur Ihren Bed\u00fcrfnissen entspricht, sondern auch Ihre Erwartungen \u00fcbertrifft. Von gem\u00fctlichen Starterh\u00e4usern bis hin zu luxuri\u00f6sen Anwesen haben wir ein vielf\u00e4ltiges Portfolio, das jedem Geschmack und Lebensstil gerecht wird.<\/p>\n\n\n<section class=\"hero position-relative max-width mt-6 wp-block-acf-contactform\">\n\t\t\t<div class=\"row align-items-center gx-0 gx-lg-6\">\n\t\t\t<div class=\"col-lg-6\">\n\t\t\t<div class=\"author\">\n\t<div class=\"d-flex align-items-center mb-3\">\n\t\t<picture><source width=\"100\" height=\"100\" srcset=\"https:\/\/media.inmobalia.com\/imgV1\/B8vEv5Xh_V3s1deXc4xxDIQzD0777g_go_0dQsVMXBhbC6mGhKvi4Fv0xVXHCLrVdNIZbeHn~4oFggiZx~256uRPBzyVAN4ZBZK3Tqz8b8Q_0TOlocOp6zkxmOllnxcsC_9JTdQHWkOk9U7E4uSXsVdV_x0guw--.jpg 100w,https:\/\/media.inmobalia.com\/imgV1\/B8vEv5Xh_h23871nDThv9vSw~6WJs6EA1mYe9HqXxieTshCMAk5d2lm0JPWs~AItUJXBzBu9O1h32t_TuZHAn9GG2c2aRGrsYzbPKE6uPpbfKKtbvOcXLqLHtV~zacgertMA5b76ZaQBvoIaXR~aSCxy7hdEJA--.jpg 200w\" type=\"image\/webp\"><img loading=\"lazy\" decoding=\"async\" class=\"rounded-circle me-3\" loading=\"lazy\" width=\"100\" height=\"100\" src=\"https:\/\/media.inmobalia.com\/imgV1\/B8vEv5Xh_V3s1deXc4xm_27gkPKmCcEBmlRXUep9~9dLUBS7eDo6xVJVE~Q0xPq6tBJpozU2wC3XAmaA3cBgFvxMohYd0acyk~1bW0BDRES2fkYqETVawYfvPymjnJVvQ3wLBDjM.jpg\"><\/picture>\t\t<p class=\"mb-0\">\n\t\t\t<a class=\"text-black\" href=\"https:\/\/www.homewatch.es\/de\/immobilienmakler\/vivienne-thoennessen\">\n\t\t\t\t<strong class=\"d-block mb-1\">Vivienne Thoennessen<\/strong>\n\t\t\t<\/a>\n\t\t\tMitbegr\u00fcnder & CEO\t\t<\/p>\n\t<\/div>\n\t\t<p>\n\t\t<small>Vivienne Th\u00f6nnessen ist die CEO von Homewatch, spezialisiert auf Ferienvermietungen, Verk\u00e4ufe und Investitionen. Als dreisprachige F\u00fchrungskraft ist sie dem Streben nach Exzellenz und Innovation auf dem Immobilienmarkt verpflichtet.<\/small>\n\t<\/p>\n\t<\/div>\n\t\t\t<\/div>\n\t\t\t<div class=\"col-lg-6\">\n\t\t\t<script src=\"https:\/\/www.google.com\/recaptcha\/api.js?render=6LeWOaYZAAAAAGZM7q40J51QMau9I_gs19mp9lZJ&hl=de\" ><\/script>\n<form id=\"block_6f2efea50a22ed1e709a19ad4d42332a\" class=\"w-100 mt-3 needs-validation\" data-contact=\"block_6f2efea50a22ed1e709a19ad4d42332a\" action=\"localhost\" method=\"POST\" novalidate>\n\t<span id=\"block_6f2efea50a22ed1e709a19ad4d42332a-result\" data-redirect=\"\/erfolg\" data-stext=\"source\" data-source=\"contact\"><\/span>\n\t<input type=\"hidden\" name=\"success\" value=\"\/success\"\/>\n\t<input type=\"hidden\" name=\"agency\" value=\"404\"\/>\n\t<input type=\"hidden\" name=\"source\" value=\"https:\/\/www.homewatch.es\/de\/wp-json\/wp\/v2\/pages\/1400\"\/>\n\t<input type=\"hidden\" name=\"subject\" value=\"Contact<web>\" \/>\n\t<input type=\"hidden\" name=\"dry\" value=\"0\">\n\t<input name=\"mail_options\" value=\"CharSet=UTF-8\" type=\"hidden\">\n\t<input type=\"hidden\" name=\"action\" value=\"contact\">\n\t<div class=\"form-group mb-2\">\n\t\t<input name=\"name\" type=\"text\" class=\"form-control\" autocomplete=\"off\" placeholder=\"Name\" required data-error=\"Name erforderlich\">\n\t<\/div>\n\t<div class=\"form-group mb-2\">\n\t\t<input name=\"phone\" type=\"tel\" class=\"form-control\" autocomplete=\"off\" placeholder=\"Telefon\" data-error=\"Telefonnummern m\u00fcssen zwischen 8 und 20 Ziffern haben\">\n\t<\/div>\n\t<div class=\"form-group mb-2\">\n\t\t<input name=\"email\" type=\"email\" class=\"form-control\" autocomplete=\"off\" placeholder=\"E-Mail\" required data-error=\"E-Mail erforderlich\">\n\t<\/div>\n\t<div class=\"form-group mb-2\">\n\t\t\t\t\t<textarea name=\"comment\" class=\"form-control\" rows=\"6\" placeholder=\"\"><\/textarea>\n\t\t\t<\/div>\n\t<div class=\"form-group form-check mb-2\">\n\t\t<input type=\"checkbox\" class= \"form-check-input\" id=\"block_6f2efea50a22ed1e709a19ad4d42332a-customCheck1\" name=\"privacy_policy\" required data-error=\"Pflichtfeld\">\n\t\t<label class=\"mb-0 form-check-label\" for=\"block_6f2efea50a22ed1e709a19ad4d42332a-customCheck1\">Ich akzeptiere das <a href=\"https:\/\/www.homewatch.es\/privacy-policy\">datenschutzerkl\u00e4rung<\/a><\/label>\n\t<\/div>\n\t<div class=\"form-group form-check mb-2\">\n\t\t<input type=\"checkbox\" class=\"form-check-input\" id=\"block_6f2efea50a22ed1e709a19ad4d42332a-customCheck2\" name=\"commercial_information\"> \n\t\t<label class=\"form-check-label\" for=\"block_6f2efea50a22ed1e709a19ad4d42332a-customCheck2\">Ich bin damit einverstanden, Informationen per E-Mail zu erhalten<\/label>\n\t<\/div>\n\t<button data-ids=\"block_6f2efea50a22ed1e709a19ad4d42332a\" data-lang=\"de\" data-sitekey=\"6LeWOaYZAAAAAGZM7q40J51QMau9I_gs19mp9lZJ\" class=\"btn btn-outline-primary btn-sm text-uppercase ml-auto g-recaptcha\" name=\"Submit\" type=\"submit\">Senden<\/button>\n<\/form>\n\t\t\t<\/div>\n\t\t<\/div>\n\t<\/section>\n\n\n\n\n\n\n\n<section class=\"portfolio-list position-relative d-flex flex-column align-items-start mt-7 d-none wp-block-inmoba-inmportfolio\">\n\t<span id=\"contactPortfolio\" style=\"top:-100px\" class=\"position-absolute\"><\/span>\n\t<h2 class=\"mb-2\">Ihre gespeicherte Liste<\/h2>\n\t<div class=\"w-100 row row-cols-1 row-cols-md-2 row-cols-xl-4 gy-4 mt-2\" id=\"prop-list\" data-lang=\"de\"><\/div>\n    <button class=\"btn btn-outline-primary btn-sm mt-3\" id=\"reset-portfolio\">Liste l\u00f6schen<\/button>\n<\/section>\n\n\n\n\n\n<h2 class=\"wp-block-heading mt-6\"><br>Mehr Informationen<\/h2>\n\n\n\n<p>Calle Nuestra Se\u00f1ora de Gracia 2,<br>Etage 1, T\u00fcr 7<br>29601 Marbella<\/p>\n\n\n\n<p><a href=\"tel:+34952839409\">+34 952 839 409<\/a><br><a href=\"mailto:oficina@homewatch.es\">oficina@homewatch.es<\/a><\/p>\n\n\n\n<p><strong>\u00d6ffnungszeiten<\/strong><br>Montag 10:00 \u2013 18:00<br>Dienstag 10:00 \u2013 18:00<br>Mittwoch 10:00 \u2013 18:00<br>Donnerstag 10:00 \u2013 18:00<br>Freitag 10:00 \u2013 18:00<br>Samstag 10:00 \u2013 12:00<br>Sonntag Geschlossen<\/p>\n","protected":false},"excerpt":{"rendered":"<p>Suchen Sie ein neues Zuhause? Unsere erfahrenen Makler sind bereit, Sie durch jeden Schritt des Prozesses zu f\u00fchren und sicherzustellen, dass Sie eine Immobilie finden, die nicht nur Ihren Bed\u00fcrfnissen entspricht, sondern auch Ihre Erwartungen \u00fcbertrifft. Von gem\u00fctlichen Starterh\u00e4usern bis hin zu luxuri\u00f6sen Anwesen haben wir ein vielf\u00e4ltiges Portfolio, das jedem Geschmack und Lebensstil gerecht&#8230;<\/p>\n","protected":false},"author":2,"featured_media":0,"parent":0,"menu_order":6,"comment_status":"closed","ping_status":"closed","template":"","meta":{"_acf_changed":false,"footnotes":""},"class_list":["post-1400","page","type-page","status-publish","hentry"],"acf":[],"_links":{"self":[{"href":"https:\/\/www.homewatch.es\/de\/wp-json\/wp\/v2\/pages\/1400","targetHints":{"allow":["GET"]}}],"collection":[{"href":"https:\/\/www.homewatch.es\/de\/wp-json\/wp\/v2\/pages"}],"about":[{"href":"https:\/\/www.homewatch.es\/de\/wp-json\/wp\/v2\/types\/page"}],"author":[{"embeddable":true,"href":"https:\/\/www.homewatch.es\/de\/wp-json\/wp\/v2\/users\/2"}],"replies":[{"embeddable":true,"href":"https:\/\/www.homewatch.es\/de\/wp-json\/wp\/v2\/comments?post=1400"}],"version-history":[{"count":0,"href":"https:\/\/www.homewatch.es\/de\/wp-json\/wp\/v2\/pages\/1400\/revisions"}],"wp:attachment":[{"href":"https:\/\/www.homewatch.es\/de\/wp-json\/wp\/v2\/media?parent=1400"}],"curies":[{"name":"wp","href":"https:\/\/api.w.org\/{rel}","templated":true}]}}