{"id":1395,"date":"2020-10-19T13:47:26","date_gmt":"2020-10-19T11:47:26","guid":{"rendered":"https:\/\/www.homewatch.es\/about-us"},"modified":"2025-10-21T17:58:38","modified_gmt":"2025-10-21T15:58:38","slug":"ueber-uns","status":"publish","type":"page","link":"https:\/\/www.homewatch.es\/de\/ueber-uns","title":{"rendered":"\u00dcber uns"},"content":{"rendered":"\n<section class=\"wp-block-inmoba-maincontent row align-items-center justify-content-center pt-5 pt-lg-6 mx-auto\"><div class=\"col-xxl-8 mb-0\"><h1 class=\"text-center\"> \u00dcber uns<\/h1><div class=\"two-columns-text\">\n\t<p>Homewatch ist ein Familienunternehmen, das dank der Leidenschaft und Hingabe, die seine Gr\u00fcnder Thoennessen seit mehr als 20 Jahren investiert haben, gewachsen ist und sich an der Spitze des Immobilienmarktes in Marbella und an der Costa del Sol positioniert hat.<\/p>\n<p>Unsere lange und angesehene Laufbahn im Immobilienbereich wurde durch die Jahre der Erfahrung, die wir sch\u00e4tzen, das Vertrauen, das wir vermitteln, und das au\u00dfergew\u00f6hnliche Wissen, das wir \u00fcber die Gegend haben, gegeben, was uns zu gro\u00dfen Erfolgen gef\u00fchrt und uns einen gro\u00dfartigen Ruf in der Immobilienbranche eingebracht hat.<\/p>\n<p>Unsere Werte und unsere Philosophie der Anstrengung, Leidenschaft, Empathie und Transparenz wurden an alle Fachleute des Unternehmens weitergegeben, wodurch ein hochqualifiziertes und erfahrenes Team entstanden ist, das sich dadurch auszeichnet, von Anfang bis Ende allen unseren K\u00e4ufern, Investoren, Eigent\u00fcmern und Mitarbeitern zu helfen und einen personalisierten Service zu bieten.<\/p>\n<p>Wir h\u00f6ren auf alle Ihre Anfragen und widmen die notwendige Aufmerksamkeit, damit Ihre Erwartungen erf\u00fcllt werden, denn was f\u00fcr uns z\u00e4hlt, sind Sie.<\/p>\n<p>&nbsp;<\/p>\n<p>&nbsp;<\/p>\n<\/div>\n<\/div><\/section>\n\n\n\n<section class=\"wp-block-inmoba-inmfullwidthcontent\"><section class=\"container-xxl mt-6\">\n\t<div class=\"row row-cols-1 row-cols-sm-2 row-cols-md-3 row-cols-lg-5 justify-content-center\">\n\t\t\t\t<figure class=\"col position-relative mb-3 mb-lg-4\">\n\t\t\t<figure class=\"ratio ratio-3x4\">\n\t\t\t\t<picture><source width=\"334\" height=\"459\" srcset=\"https:\/\/media.inmobalia.com\/imgV1\/B8vEv5Xh_5LUCieSgTSYvZARiyPvaEzBfND84IPhALqOoZGEEwkb3nSBM074aJQBIX5qLSrfKk4YhVlOGK84cwgxaqENtUaz9Qtg~0bYk5evTlkoAVJuOF17qdqazTvoJaTrTmfXcFpZwXvrkH6aY78MoR_XAQ--.jpg 334w\" type=\"image\/webp\"><img fetchpriority=\"high\" decoding=\"async\" class=\"image-fit\" width=\"334\" height=\"459\" src=\"https:\/\/media.inmobalia.com\/imgV1\/B8vEv5Xh_5LUCieSgTSPinP4fW9fI9Ck9uLS1Ug4B2TzSTxI2an9NtsvYx3V27WLzGWsnFoGlQwvqn9rM8mTH0hcEX1F1ONgl48Dox9mD5SSyYdqeo_WoWtbNiWzQi5ck2lLhz9m.jpg\"><\/picture>\t\t\t<\/figure>\n\t\t\t<figcaption class=\"d-flex flex-column mt-3\">\n\t\t\t\t<h3 class=\"h5 mb-1\"><a href=\"https:\/\/www.homewatch.es\/de\/immobilienmakler\/vivienne-thoennessen\" class=\"stretched-link text-decoration-none\">Vivienne Thoennessen<\/a><\/h3>\n\t\t\t\t<p>Mitbegr\u00fcnder & CEO<\/p>\n\t\t\t<\/figcaption>\n\t\t<\/figure>\n\t\t\t\t<figure class=\"col position-relative mb-3 mb-lg-4\">\n\t\t\t<figure class=\"ratio ratio-3x4\">\n\t\t\t\t<picture><source width=\"334\" height=\"459\" srcset=\"https:\/\/media.inmobalia.com\/imgV1\/B8vEv5Xh_5LUCieSgTSYvZARiyPvaEzBfND84IPhALqOoZGEEwkb3nSBM074aJQBIX5qLSrfKk4YhVlOGK84cwgxaqENtUaz9Qtg~0bYk5evTlkoAVJuOF17pJ5bzev7dj22MdwYnb4D1YkGVhWCtvbTNaazABQEEMNUzQ--.jpg 334w\" type=\"image\/webp\"><img decoding=\"async\" class=\"image-fit\" width=\"334\" height=\"459\" src=\"https:\/\/media.inmobalia.com\/imgV1\/B8vEv5Xh_5LUCieSgTSPinP4fW9fI9Ck9uLS1Ug4B2TzSTxI2an9NtsvYx3V27WLzGWsnFoGlQwvqn9rM8mTH0hcEX1F1ONgl48O_shtwHKC1wogSXEM7yaiswe_C1RscZbvBfPvtUfjgyOH.jpg\"><\/picture>\t\t\t<\/figure>\n\t\t\t<figcaption class=\"d-flex flex-column mt-3\">\n\t\t\t\t<h3 class=\"h5 mb-1\"><a href=\"https:\/\/www.homewatch.es\/de\/immobilienmakler\/felicitas-thoennessen\" class=\"stretched-link text-decoration-none\">Felicitas Thoennessen<\/a><\/h3>\n\t\t\t\t<p>Mitbegr\u00fcnder & COO<\/p>\n\t\t\t<\/figcaption>\n\t\t<\/figure>\n\t\t\t\t<figure class=\"col position-relative mb-3 mb-lg-4\">\n\t\t\t<figure class=\"ratio ratio-3x4\">\n\t\t\t\t<picture><source width=\"334\" height=\"459\" srcset=\"https:\/\/media.inmobalia.com\/imgV1\/B8vEv5Xh_5LUCieSgTSYvZARiyPvaEzBfND84IPhALqOoZGEEwkb3nSBM074aJQBIX5qLSrfKk4YhVlOGK84cwgxaqENtUaz9Qtg~0bYk5evTlkoAVJuOF17qdqazTvoJaTrTmfXcFpZwXvszrIb8ou_NhhYDS0-.jpg 334w\" type=\"image\/webp\"><img decoding=\"async\" class=\"image-fit\" width=\"334\" height=\"459\" src=\"https:\/\/media.inmobalia.com\/imgV1\/B8vEv5Xh_5LUCieSgTSPinP4fW9fI9Ck9uLS1Ug4B2TzSTxI2an9NtsvYx3V27WLzGWsnFoGlQwvqn9rM8mTH0hcEX1F1ONgl48Dox9mD5SSyYdqeo_WoWtbNiJYZZDgw082dHTO8Q--.jpg\"><\/picture>\t\t\t<\/figure>\n\t\t\t<figcaption class=\"d-flex flex-column mt-3\">\n\t\t\t\t<h3 class=\"h5 mb-1\"><a href=\"https:\/\/www.homewatch.es\/de\/immobilienmakler\/jose-carlos-odonell\" class=\"stretched-link text-decoration-none\">Jose Carlos O&#8217;Donnell<\/a><\/h3>\n\t\t\t\t<p>Entwicklung von Strategien<\/p>\n\t\t\t<\/figcaption>\n\t\t<\/figure>\n\t\t\t\t<figure class=\"col position-relative mb-3 mb-lg-4\">\n\t\t\t<figure class=\"ratio ratio-3x4\">\n\t\t\t\t<picture><source width=\"334\" height=\"459\" srcset=\"https:\/\/media.inmobalia.com\/imgV1\/B8vEv5Xh_5LUCieSgTSYvZARiyPvaEzBfND84IPhALqOoZGEEwkb3nSBM074aJQBIX5qLSrfKk4YhVlOGK84cwgxaqENtUaz9Qtg~0bYk5evTlkoAVJuOF17qdqazTvoJaTrPPq0Oso~RfHrzg2nVHw9aA--.jpg 334w\" type=\"image\/webp\"><img loading=\"lazy\" decoding=\"async\" class=\"image-fit\" width=\"334\" height=\"459\" src=\"https:\/\/media.inmobalia.com\/imgV1\/B8vEv5Xh_5LUCieSgTSPinP4fW9fI9Ck9uLS1Ug4B2TzSTxI2an9NtsvYx3V27WLzGWsnFoGlQwvqn9rM8mTH0hcEX1F1ONgl48Dox9mD5SSyYcY6HTlmWehEOlZFBjyZbyB.jpg\"><\/picture>\t\t\t<\/figure>\n\t\t\t<figcaption class=\"d-flex flex-column mt-3\">\n\t\t\t\t<h3 class=\"h5 mb-1\"><a href=\"https:\/\/www.homewatch.es\/de\/immobilienmakler\/encarnacion-luque\" class=\"stretched-link text-decoration-none\">Encarnaci\u00f3n Luque<\/a><\/h3>\n\t\t\t\t<p>Objektmanagerin<\/p>\n\t\t\t<\/figcaption>\n\t\t<\/figure>\n\t\t\t\t<figure class=\"col position-relative mb-3 mb-lg-4\">\n\t\t\t<figure class=\"ratio ratio-3x4\">\n\t\t\t\t<picture><source width=\"334\" height=\"459\" srcset=\"https:\/\/media.inmobalia.com\/imgV1\/B8vEv5Xh_5LUCieSgTSYvZARiyPvaEzBfND84IPhALqOoZGEEwkb3nSBM074aJQBIX5qLSrfKk4YhVlOGK84cwgxaqENtUaz9Qtg~0bYk5evTlkoAVJuOF4mxfqTmZ0_E3aDBPu7vXoPJmPFSgUKXoklQu4~nAdFRljU~w--.jpg 334w\" type=\"image\/webp\"><img loading=\"lazy\" decoding=\"async\" class=\"image-fit\" width=\"334\" height=\"459\" src=\"https:\/\/media.inmobalia.com\/imgV1\/B8vEv5Xh_5LUCieSgTSPinP4fW9fI9Ck9uLS1Ug4B2TzSTxI2an9NtsvYx3V27WLzGWsnFoGlQwvqn9rM8mTH0hcEX1F1ONglOw69D4s52spO_JTfgMnHqCwZeCBQYTGpvqJuiki8SyL3HAk.jpg\"><\/picture>\t\t\t<\/figure>\n\t\t\t<figcaption class=\"d-flex flex-column mt-3\">\n\t\t\t\t<h3 class=\"h5 mb-1\"><a href=\"https:\/\/www.homewatch.es\/de\/immobilienmakler\/sandra-kamocsai\" class=\"stretched-link text-decoration-none\">Cristina Moreno<\/a><\/h3>\n\t\t\t\t<p>Leiter der Buchhaltung<\/p>\n\t\t\t<\/figcaption>\n\t\t<\/figure>\n\t\t\t\t<figure class=\"col position-relative mb-3 mb-lg-4\">\n\t\t\t<figure class=\"ratio ratio-3x4\">\n\t\t\t\t\t\t\t<\/figure>\n\t\t\t<figcaption class=\"d-flex flex-column mt-3\">\n\t\t\t\t<h3 class=\"h5 mb-1\"><a href=\"https:\/\/www.homewatch.es\/de\/ueber-uns\" class=\"stretched-link text-decoration-none\">\u00dcber uns<\/a><\/h3>\n\t\t\t\t<p><\/p>\n\t\t\t<\/figcaption>\n\t\t<\/figure>\n\t\t\t\t<figure class=\"col position-relative mb-3 mb-lg-4\">\n\t\t\t<figure class=\"ratio ratio-3x4\">\n\t\t\t\t\t\t\t<\/figure>\n\t\t\t<figcaption class=\"d-flex flex-column mt-3\">\n\t\t\t\t<h3 class=\"h5 mb-1\"><a href=\"https:\/\/www.homewatch.es\/de\/ueber-uns\" class=\"stretched-link text-decoration-none\">\u00dcber uns<\/a><\/h3>\n\t\t\t\t<p><\/p>\n\t\t\t<\/figcaption>\n\t\t<\/figure>\n\t\t\t\t<figure class=\"col position-relative mb-3 mb-lg-4\">\n\t\t\t<figure class=\"ratio ratio-3x4\">\n\t\t\t\t\t\t\t<\/figure>\n\t\t\t<figcaption class=\"d-flex flex-column mt-3\">\n\t\t\t\t<h3 class=\"h5 mb-1\"><a href=\"https:\/\/www.homewatch.es\/de\/ueber-uns\" class=\"stretched-link text-decoration-none\">\u00dcber uns<\/a><\/h3>\n\t\t\t\t<p><\/p>\n\t\t\t<\/figcaption>\n\t\t<\/figure>\n\t\t\t\t<figure class=\"col position-relative mb-3 mb-lg-4\">\n\t\t\t<figure class=\"ratio ratio-3x4\">\n\t\t\t\t\t\t\t<\/figure>\n\t\t\t<figcaption class=\"d-flex flex-column mt-3\">\n\t\t\t\t<h3 class=\"h5 mb-1\"><a href=\"https:\/\/www.homewatch.es\/de\/ueber-uns\" class=\"stretched-link text-decoration-none\">\u00dcber uns<\/a><\/h3>\n\t\t\t\t<p><\/p>\n\t\t\t<\/figcaption>\n\t\t<\/figure>\n\t\t\t\t<figure class=\"col position-relative mb-3 mb-lg-4\">\n\t\t\t<figure class=\"ratio ratio-3x4\">\n\t\t\t\t<picture><source width=\"334\" height=\"459\" srcset=\"https:\/\/media.inmobalia.com\/imgV1\/B8vEv5Xh_5LUCieSgTSYvZARiyPvaEzBfND84IPhALqOoZGEEwkb3nSBM074aJQBIX5qLSrfKk4YhVlOGK84cwgxaqENtUaz9Qtg~0bYk5evTlkoAVJuOF17p_J1PnHVF0u4L0yDTWyt8FgigRcjxU1Quwj1DQ--.jpg 334w\" type=\"image\/webp\"><img loading=\"lazy\" decoding=\"async\" class=\"image-fit\" width=\"334\" height=\"459\" src=\"https:\/\/media.inmobalia.com\/imgV1\/B8vEv5Xh_5LUCieSgTSPinP4fW9fI9Ck9uLS1Ug4B2TzSTxI2an9NtsvYx3V27WLzGWsnFoGlQwvqn9rM8mTH0hcEX1F1ONgl48Nr4XzKp8dLFKL40xZ1wsp5xIk1lGP6uUIdFhi.jpg\"><\/picture>\t\t\t<\/figure>\n\t\t\t<figcaption class=\"d-flex flex-column mt-3\">\n\t\t\t\t<h3 class=\"h5 mb-1\"><a href=\"https:\/\/www.homewatch.es\/de\/immobilienmakler\/patricia-garcia-2\" class=\"stretched-link text-decoration-none\">Pedro S\u00e1nchez<\/a><\/h3>\n\t\t\t\t<p>Instandhaltungsmanager<\/p>\n\t\t\t<\/figcaption>\n\t\t<\/figure>\n\t\t\t\t<figure class=\"col position-relative mb-3 mb-lg-4\">\n\t\t\t<figure class=\"ratio ratio-3x4\">\n\t\t\t\t<picture><source width=\"334\" height=\"459\" srcset=\"https:\/\/media.inmobalia.com\/imgV1\/B8vEv5Xh_5LUCieSgTSYvZARiyPvaEzBfND84IPhALqOoZGEEwkb3nSBM074aJQBIX5qLSrfKk4YhVlOGK84cwgxaqENtUaz9Qtg~0bYk5evTlkoAVNYVwBVwIQiexC0WHNMU4QJpEhX~N7X.jpg 334w\" type=\"image\/webp\"><img loading=\"lazy\" decoding=\"async\" class=\"image-fit\" width=\"334\" height=\"459\" src=\"https:\/\/media.inmobalia.com\/imgV1\/B8vEv5Xh_5LUCieSgTSPinP4fW9fI9Ck9uLS1Ug4B2TzSTxI2an9NtsvYx3V27WLzGWsnFoGlQwvqn9rM8mTH0hcEX1F1ZRnl_d3EhriH88KoQud9su6x1zWw8k-.jpg\"><\/picture>\t\t\t<\/figure>\n\t\t\t<figcaption class=\"d-flex flex-column mt-3\">\n\t\t\t\t<h3 class=\"h5 mb-1\"><a href=\"https:\/\/www.homewatch.es\/de\/immobilienmakler\/manuel-picon\" class=\"stretched-link text-decoration-none\">Manuel Pic\u00f3n<\/a><\/h3>\n\t\t\t\t<p>Spezialist f\u00fcr Verwaltung und Buchhaltung<\/p>\n\t\t\t<\/figcaption>\n\t\t<\/figure>\n\t\t\t\t<figure class=\"col position-relative mb-3 mb-lg-4\">\n\t\t\t<figure class=\"ratio ratio-3x4\">\n\t\t\t\t\t\t\t<\/figure>\n\t\t\t<figcaption class=\"d-flex flex-column mt-3\">\n\t\t\t\t<h3 class=\"h5 mb-1\"><a href=\"https:\/\/www.homewatch.es\/de\/ueber-uns\" class=\"stretched-link text-decoration-none\">\u00dcber uns<\/a><\/h3>\n\t\t\t\t<p><\/p>\n\t\t\t<\/figcaption>\n\t\t<\/figure>\n\t\t\t\t<figure class=\"col position-relative mb-3 mb-lg-4\">\n\t\t\t<figure class=\"ratio ratio-3x4\">\n\t\t\t\t<picture><source width=\"334\" height=\"459\" srcset=\"https:\/\/media.inmobalia.com\/imgV1\/B8vEv5Xh_5LUCieSgTSYvZARiyPvaEzBfND84IPhALqOoZGEEwkb3nSBM074aJQBIX5qLSrfKk4YhVlOGK84cwgxaqENtUaz9Qtg~0bYk5evTlkoAVNYVwLL~fz2QF9AGn9RsLP2rF1GJMPID_3Z1Ek3VJfS.jpeg 334w\" type=\"image\/webp\"><img loading=\"lazy\" decoding=\"async\" class=\"image-fit\" width=\"334\" height=\"459\" src=\"https:\/\/media.inmobalia.com\/imgV1\/B8vEv5Xh_5LUCieSgTSPinP4fW9fI9Ck9uLS1Ug4B2TzSTxI2an9NtsvYx3V27WLzGWsnFoGlQwvqn9rM8mTH0hcEX1F1ZRnle9BQ~AFiG~oD1NVAZEEKwDAXEfyhW5Mr~dmP20-.jpeg\"><\/picture>\t\t\t<\/figure>\n\t\t\t<figcaption class=\"d-flex flex-column mt-3\">\n\t\t\t\t<h3 class=\"h5 mb-1\"><a href=\"https:\/\/www.homewatch.es\/de\/immobilienmakler\/fatima-montero\" class=\"stretched-link text-decoration-none\">F\u00e1tima Montero<\/a><\/h3>\n\t\t\t\t<p>Marketing- und Verwaltungsassistentin<\/p>\n\t\t\t<\/figcaption>\n\t\t<\/figure>\n\t\t\t\t<figure class=\"col position-relative mb-3 mb-lg-4\">\n\t\t\t<figure class=\"ratio ratio-3x4\">\n\t\t\t\t<picture><source width=\"334\" height=\"459\" srcset=\"https:\/\/media.inmobalia.com\/imgV1\/B8vEv5Xh_5LUCieSgTSYvZARiyPvaEzBfND84IPhALqOoZGEEwkb3nSBM074aJQBIX5qLSrfKk4YhVlOGK84cwgxaqENtUaz9Qtg~0bYk5evTlkoAVNYVwMpRtmftQHlh6VvyLsulfJh.jpg 334w\" type=\"image\/webp\"><img loading=\"lazy\" decoding=\"async\" class=\"image-fit\" width=\"334\" height=\"459\" src=\"https:\/\/media.inmobalia.com\/imgV1\/B8vEv5Xh_5LUCieSgTSPinP4fW9fI9Ck9uLS1Ug4B2TzSTxI2an9NtsvYx3V27WLzGWsnFoGlQwvqn9rM8mTH0hcEX1F1ZRnlNPybUfHHQVvChrn9ndLfYY-.jpg\"><\/picture>\t\t\t<\/figure>\n\t\t\t<figcaption class=\"d-flex flex-column mt-3\">\n\t\t\t\t<h3 class=\"h5 mb-1\"><a href=\"https:\/\/www.homewatch.es\/de\/immobilienmakler\/yessica-martinez\" class=\"stretched-link text-decoration-none\">Y\u00e9ssica Mart\u00ednez<\/a><\/h3>\n\t\t\t\t<p>Verwaltung und operative koordination<br \/>\r\n<br \/>\r\n<br \/>\r\n<br \/>\r\n<br \/>\r\n<br \/>\r\n<br \/>\r\n<br \/>\r\n<\/p>\n\t\t\t<\/figcaption>\n\t\t<\/figure>\n\t\t\t<\/div>\t\t\n<\/section>\n\n\n<section class=\"hero position-relative mt-5 mt-lg-7 mt-xxl-10 wp-block-acf-herobox\">\n\t<div class=\"container-fluid max-width\">\n\t\t<div class=\"row align-items-center flex-row-reverse\">\n\t\t\t<div class=\"fadeElem col-lg-6 mb-4 mb-lg-0\">\n\t\t\t\t<figure class=\"ratio ratio-16x9\">\n\t\t\t\t\t<picture><source width=\"868\" height=\"488\" srcset=\"https:\/\/media.inmobalia.com\/imgV1\/B8vEv5Xh8DS9rnERuBEA9cCG6HyaDpGtazXt7GVmSD96uwsZF76O2oJFN4Dq5E6Kg4yW1NM2TCktg1JD0_Y8FXh8PkazxOfT9cRoTA07EGjFKTTXjov3EWY4AUZ0OFn7CBDdKv4Vs38hGEHOisaQig--.jpg 868w\" type=\"image\/webp\"><img loading=\"lazy\" decoding=\"async\" class=\"image-fit w-100 h-100\" width=\"868\" height=\"488\" src=\"https:\/\/media.inmobalia.com\/imgV1\/B8vEv5Xh8DS9rnERuBEXSoCsxmDHOjWb~TDUXqMu3izUBUQ9H1I9FiiIxqj5kf2r80LYnK_quhcLPnbvDsFq~ZANrSTeOaUhWZPLHXiU8YZ6hZNex5dTcDREzui0X2Fv.jpg\"><\/picture>\t\t\t\t<\/figure>\n\t\t\t<\/div>\n\t\t\t<div class=\"col-lg-6 px-xxl-7\">\n\t\t\t\t\t\t\t\t<h2>\n\t\t\t\t\tDienstleistungen f\u00fcr Eigent\u00fcmer\t\t\t\t<\/h2>\n\t\t\t\t\t\t\t\t<p>Wer sind f\u00fchrende Spezialisten im Immobilienmanagement, die sich um alles k\u00fcmmern, von den b\u00fcrokratischen Prozessen und der Immobilienverwaltung bis zur Auswahl der Mieter, Wartung und Reinigung des Hauses, ohne dass Sie sich um etwas k\u00fcmmern m\u00fcssen. Entdecken Sie alles, was wir anbieten.<\/p>\n\t\t\t\t<ul class=\"list-unstyled d-flex gap-4 mt-4 mt-lg-5\">\n\t\t\t\t\t\t\t\t\t\t<li>\n\t\t\t\t\t\t<a href=\"https:\/\/www.homewatch.es\/de\/dienstleistungen\/diensleistungen-fur-eigentumer\" class=\"btn btn-inm stretched-link\">\n\t\t\t\t\t\t\tMehr Informationen\t\t\t\t\t\t<\/a>\n\t\t\t\t\t<\/li>\n\t\t\t\t\t\t\t\t\t<\/ul>\n\t\t\t\t\t\t\t<\/div>\n\t\t<\/div>\n\t<\/div>\n<\/section>\n\n\n<section class=\"hero position-relative mt-5 mt-lg-7 mt-xxl-10 wp-block-acf-herobox\">\n\t<div class=\"container-fluid max-width\">\n\t\t<div class=\"row align-items-center flex-row-reverse\">\n\t\t\t<div class=\"fadeElem col-lg-6 mb-4 mb-lg-0\">\n\t\t\t\t<figure class=\"ratio ratio-16x9\">\n\t\t\t\t\t<picture><source width=\"868\" height=\"488\" srcset=\"https:\/\/media.inmobalia.com\/imgV1\/B8vEv5Xh8DS9rnERuBEA9cCG6HyaDpGtazXt7GVmSD96uwsZF76O2oJFN4Dq5E6Kg4yW1NM2TCktg1JD0_Y8FXh8PkazxOfT9cRoTA07EGjFKTTXjov3EWY4NllYvO_kDgLQlQ4lU5t9JYOi5eMyyOeaXecGKypDaB~s.jpg 868w\" type=\"image\/webp\"><img loading=\"lazy\" decoding=\"async\" class=\"image-fit w-100 h-100\" width=\"868\" height=\"488\" src=\"https:\/\/media.inmobalia.com\/imgV1\/B8vEv5Xh8DS9rnERuBEXSoCsxmDHOjWb~TDUXqMu3izUBUQ9H1I9FiiIxqj5kf2r80LYnK_quhcLPnbvDsFq~ZANrSTeOaUhWZP8rsBkDyUEwmZT3_6zIqs6uli3k0i8UKEoy4UGKlubkfQ-.jpg\"><\/picture>\t\t\t\t<\/figure>\n\t\t\t<\/div>\n\t\t\t<div class=\"col-lg-6 px-xxl-7\">\n\t\t\t\t\t\t\t\t<h2>\n\t\t\t\t\tDienstleistungen f\u00fcr Mieter\t\t\t\t<\/h2>\n\t\t\t\t\t\t\t\t<p>Mit gro\u00dfer Hingabe und Sorgfalt bieten wir unseren Kunden die beste Auswahl an Immobilien und k\u00fcmmern uns um jedes noch so kleine Detail, damit unsere G\u00e4ste sorgf\u00e4ltig betreut werden. Wir sind stolz darauf, einen ausgezeichneten und personalisierten Service zu bieten. Ihr Gl\u00fcck ist unser Gl\u00fcck.<\/p>\n\t\t\t\t<ul class=\"list-unstyled d-flex gap-4 mt-4 mt-lg-5\">\n\t\t\t\t\t\t\t\t\t\t<li>\n\t\t\t\t\t\t<a href=\"https:\/\/www.homewatch.es\/de\/dienstleistungen\/mieter\" class=\"btn btn-inm stretched-link\">\n\t\t\t\t\t\t\tMehr Informationen\t\t\t\t\t\t<\/a>\n\t\t\t\t\t<\/li>\n\t\t\t\t\t\t\t\t\t<\/ul>\n\t\t\t\t\t\t\t<\/div>\n\t\t<\/div>\n\t<\/div>\n<\/section>\n\n\n<section class=\"container-fluid max-width d-flex flex-column align-items-start align-items-lg-center mt-5 mt-lg-7 mt-xxl-10\">\n\t\t<div class=\"col-xl-6 mb-4 mb-lg-5\">\n\t\t<h2 class=\"h1 text-md-center mb-4\">News and articles<\/h2>\t<\/div>\n\t\t<div class=\"row w-100 row-cols-1 row-cols-md-2 row-cols-xxl-4\">\n\t\t\t\t<article class=\"col blog-item gy-4\">\n\t\t\t<div class=\"position-relative h-100 d-flex flex-column\">\n\t\t\t\t<picture class=\"ratio ratio-1x1\"><source width=\"868\" height=\"488\" srcset=\"https:\/\/media.inmobalia.com\/imgV1\/B8vEv5Xh8DS9rnERuBEA9cCG6HyaDpGtazXt7GVmSD96uwsZF76O2oJFN4Dq5E6Kg4yW1NM2TCktg1JD0_Y8FXh8PkazxOfT9cRoTA07EGjFKTTXjo1vzviw2u_aGZ2UaQ7Vpw--.jpg 868w\" type=\"image\/webp\"><img loading=\"lazy\" decoding=\"async\" class=\"image-fit\" alt=\"Cabopino\" width=\"868\" height=\"488\" src=\"https:\/\/media.inmobalia.com\/imgV1\/B8vEv5Xh8DS9rnERuBEXSoCsxmDHOjWb~TDUXqMu3izUBUQ9H1I9FiiIxqj5kf2r80LYnK_quhcLPnbvDsFq~ZANrSTeP5bNUE5LIHoVSPXE7PSi.jpg\"><\/picture>\t\t\t\t<div class=\"blog-item__text h-100 d-flex flex-column mt-4\">\n\t\t\t\t\t<h3 class=\"h6 blog-item-title mb-3\">\n\t\t\t\t\t\t<a class=\"stretched-link text-black\" href=\"https:\/\/www.homewatch.es\/de\/6957-cabopino-un-paraiso-natural-en-marbella\">Cabopino, ein au\u00dfergew\u00f6hnliches Naturparadies in Marbella<\/a>\n\t\t\t\t\t<\/h3>\n\t\t\t\t\t\t\t\t\t\t<span class=\"btn btn-link align-self-start fw-bold p-0\">Mehr lesen<\/span>\n\t\t\t\t<\/div>\n\t\t\t<\/div>\n\t\t<\/article>\n\t\t\t\t<article class=\"col blog-item gy-4\">\n\t\t\t<div class=\"position-relative h-100 d-flex flex-column\">\n\t\t\t\t<picture class=\"ratio ratio-1x1\"><source width=\"868\" height=\"488\" srcset=\"https:\/\/media.inmobalia.com\/imgV1\/B8vEv5Xh8DS9rnERuBEA9cCG6HyaDpGtazXt7GVmSD96uwsZF76O2oJFN4Dq5E6Kg4yW1NM2TCktg1JD0_Y8FXh8PkazxOfT9cRoTA07EGjFKTTXjo1vzvn_wavR4AjUCKiLgQ--.png 868w\" type=\"image\/webp\"><img loading=\"lazy\" decoding=\"async\" class=\"image-fit\" width=\"868\" height=\"488\" src=\"https:\/\/media.inmobalia.com\/imgV1\/B8vEv5Xh8DS9rnERuBEA9cCG7NDYXkwUOOGQoqjCU9qryamW1RSk~g4oZYxSA9SsRM2jSFmtPk5ATSZNeQ2SUohtR6i~horAPPmcl8O3pYmwXqZScSrJynTnFsXr.png\"><\/picture>\t\t\t\t<div class=\"blog-item__text h-100 d-flex flex-column mt-4\">\n\t\t\t\t\t<h3 class=\"h6 blog-item-title mb-3\">\n\t\t\t\t\t\t<a class=\"stretched-link text-black\" href=\"https:\/\/www.homewatch.es\/de\/6910-investieren-an-der-costa-del-sol\">Die besten regionen f\u00fcr immobilien investieren an der Costa del Sol: Ihr leitfaden f\u00fcr<\/a>\n\t\t\t\t\t<\/h3>\n\t\t\t\t\t\t\t\t\t\t<span class=\"btn btn-link align-self-start fw-bold p-0\">Mehr lesen<\/span>\n\t\t\t\t<\/div>\n\t\t\t<\/div>\n\t\t<\/article>\n\t\t\t\t<article class=\"col blog-item gy-4\">\n\t\t\t<div class=\"position-relative h-100 d-flex flex-column\">\n\t\t\t\t<picture class=\"ratio ratio-1x1\"><source width=\"868\" height=\"488\" srcset=\"https:\/\/media.inmobalia.com\/imgV1\/B8vEv5Xh8DS9rnERuBEA9cCG6HyaDpGtazXt7GVmSD96uwsZF76O2oJFN4Dq5E6Kg4yW1NM2TCktg1JD0_Y8FXh8PkazxOfT9cRoTA07EGjFKTTXjo1vzvn_lRRMV3TE.png 868w\" type=\"image\/webp\"><img loading=\"lazy\" decoding=\"async\" class=\"image-fit\" width=\"868\" height=\"488\" src=\"https:\/\/media.inmobalia.com\/imgV1\/B8vEv5Xh8DS9rnERuBEA9cCG7NDYXkwUOOGQoqjCU9qryamW1RSk~g4oZYxSA9SsRM2jSFmtPk5ATSZNeQ2SUohtR6i~horAPPmcl8O3pYmwXqYG4M8EQJo-.png\"><\/picture>\t\t\t\t<div class=\"blog-item__text h-100 d-flex flex-column mt-4\">\n\t\t\t\t\t<h3 class=\"h6 blog-item-title mb-3\">\n\t\t\t\t\t\t<a class=\"stretched-link text-black\" href=\"https:\/\/www.homewatch.es\/de\/6884-digitale-nomaden-in-spanien\">Digitale nomaden in Spanien: leben, arbeiten und genie\u00dfen an der Costa del Sol<\/a>\n\t\t\t\t\t<\/h3>\n\t\t\t\t\t\t\t\t\t\t<span class=\"btn btn-link align-self-start fw-bold p-0\">Mehr lesen<\/span>\n\t\t\t\t<\/div>\n\t\t\t<\/div>\n\t\t<\/article>\n\t\t\t\t<article class=\"col blog-item gy-4\">\n\t\t\t<div class=\"position-relative h-100 d-flex flex-column\">\n\t\t\t\t<picture class=\"ratio ratio-1x1\"><source width=\"868\" height=\"488\" srcset=\"https:\/\/media.inmobalia.com\/imgV1\/B8vEv5Xh8DS9rnERuBEA9cCG6HyaDpGtazXt7GVmSD96uwsZF76O2oJFN4Dq5E6Kg4yW1NM2TCktg1JD0_Y8FXh8PkazxOfT9cRoTA07EGjFKTTXjo1vzvn_l7Mnpow_.png 868w\" type=\"image\/webp\"><img loading=\"lazy\" decoding=\"async\" class=\"image-fit\" width=\"868\" height=\"488\" src=\"https:\/\/media.inmobalia.com\/imgV1\/B8vEv5Xh8DS9rnERuBEA9cCG7NDYXkwUOOGQoqjCU9qryamW1RSk~g4oZYxSA9SsRM2jSFmtPk5ATSZNeQ2SUohtR6i~horAPPmcl8O3pYmwXqYEdJoAIlw-.png\"><\/picture>\t\t\t\t<div class=\"blog-item__text h-100 d-flex flex-column mt-4\">\n\t\t\t\t\t<h3 class=\"h6 blog-item-title mb-3\">\n\t\t\t\t\t\t<a class=\"stretched-link text-black\" href=\"https:\/\/www.homewatch.es\/de\/6854-verkaufen-oder-vermieten\">Verkaufen oder vermieten? Eine Immobilie an der Costa del Sol optimal nutzen<\/a>\n\t\t\t\t\t<\/h3>\n\t\t\t\t\t\t\t\t\t\t<span class=\"btn btn-link align-self-start fw-bold p-0\">Mehr lesen<\/span>\n\t\t\t\t<\/div>\n\t\t\t<\/div>\n\t\t<\/article>\n\t\t\t<\/div>\n\t\t<a class=\"btn btn-inm mt-4 mt-lg-5\" href=\"https:\/\/www.homewatch.es\/de\/blog\">Lesen Sie unseren Blog<\/a>\n\t<\/section>\n<\/section>\n","protected":false},"excerpt":{"rendered":"","protected":false},"author":2,"featured_media":4524,"parent":0,"menu_order":5,"comment_status":"closed","ping_status":"closed","template":"template-pages\/page-landing.php","meta":{"_acf_changed":false,"footnotes":""},"class_list":["post-1395","page","type-page","status-publish","has-post-thumbnail","hentry"],"acf":[],"_links":{"self":[{"href":"https:\/\/www.homewatch.es\/de\/wp-json\/wp\/v2\/pages\/1395","targetHints":{"allow":["GET"]}}],"collection":[{"href":"https:\/\/www.homewatch.es\/de\/wp-json\/wp\/v2\/pages"}],"about":[{"href":"https:\/\/www.homewatch.es\/de\/wp-json\/wp\/v2\/types\/page"}],"author":[{"embeddable":true,"href":"https:\/\/www.homewatch.es\/de\/wp-json\/wp\/v2\/users\/2"}],"replies":[{"embeddable":true,"href":"https:\/\/www.homewatch.es\/de\/wp-json\/wp\/v2\/comments?post=1395"}],"version-history":[{"count":0,"href":"https:\/\/www.homewatch.es\/de\/wp-json\/wp\/v2\/pages\/1395\/revisions"}],"wp:featuredmedia":[{"embeddable":true,"href":"https:\/\/www.homewatch.es\/de\/wp-json\/wp\/v2\/media\/4524"}],"wp:attachment":[{"href":"https:\/\/www.homewatch.es\/de\/wp-json\/wp\/v2\/media?parent=1395"}],"curies":[{"name":"wp","href":"https:\/\/api.w.org\/{rel}","templated":true}]}}